{"id":27435,"date":"2024-04-27T09:50:20","date_gmt":"2024-04-27T09:50:20","guid":{"rendered":"https:\/\/jxgchocolate.com\/?post_type=product&#038;p=27435"},"modified":"2024-11-11T03:58:45","modified_gmt":"2024-11-11T03:58:45","slug":"wholesale-popping-candy-chocolate","status":"publish","type":"product","link":"https:\/\/jxgchocolate.com\/fr\/produit\/wholesale-popping-candy-chocolate\/","title":{"rendered":"Gros bonbons p\u00e9tillants au chocolat avec ar\u00f4me de cola"},"content":{"rendered":"<div class=\"wp-block-columns is-layout-flex wp-container-core-columns-is-layout-9d6595d7 wp-block-columns-is-layout-flex\">\n<div class=\"wp-block-column is-vertically-aligned-center is-layout-flow wp-block-column-is-layout-flow\">\n<h3 class=\"wp-block-heading\">Premium Wholesale Popping Candy Chocolate Caract\u00e9ristiques :<\/h3>\n\n\n\n<ol class=\"wp-block-list\">\n<li><strong>Chocolat sucr\u00e9 et cola rafra\u00eechissant :<\/strong> Appr\u00e9ciez la fusion des saveurs dans notre chocolat \u00e0 \u00e9clater en gros avec un ar\u00f4me de cola qui rendra chaque bouch\u00e9e d\u00e9licieuse.<\/li>\n\n\n\n<li><strong>Sensation d'\u00e9clatement et de craquement :<\/strong> Le plaisir et l'excitation des bonbons \u00e0 \u00e9clater qui cr\u00e9pitent et \u00e9clatent dans la bouche, ajoutent une toute nouvelle couche de plaisir \u00e0 notre chocolat \u00e0 \u00e9clater en vrac.<\/li>\n\n\n\n<li><strong>Option de collation polyvalente : <\/strong>Appropri\u00e9 pour le grignotage sur le pouce ou le partage avec des amis, notre chocolat \u00e0 \u00e9clater en gros est tout aussi attrayant comme option de grignotage ou lors de f\u00eates et d'\u00e9v\u00e9nements \u00e0 th\u00e8me, de diverses fa\u00e7ons.<\/li>\n\n\n\n<li><strong>Populaire et tendance : <\/strong>Nos bonbons \u00e0 \u00e9clater en vrac au chocolat et au cola sont des friandises populaires et \u00e0 la mode que tout le monde aime, des enfants aux adultes. Il s'agit donc d'un article indispensable pour les d\u00e9taillants, les organisateurs d'\u00e9v\u00e9nements et les entreprises qui cherchent \u00e0 proposer \u00e0 leurs clients des options uniques et excitantes en mati\u00e8re d'en-cas.<\/li>\n<\/ol>\n<\/div>\n\n\n\n<div class=\"wp-block-column is-layout-flow wp-block-column-is-layout-flow\">\n<figure class=\"wp-block-image size-full\"><img fetchpriority=\"high\" decoding=\"async\" width=\"750\" height=\"750\" src=\"https:\/\/jxgchocolate.com\/wp-content\/uploads\/2024\/04\/wholesale-popping-candy-chocolate-3.webp\" alt=\"grossiste-bonbons-chocolat-3\" class=\"wp-image-27438\" srcset=\"https:\/\/jxgchocolate.com\/wp-content\/uploads\/2024\/04\/wholesale-popping-candy-chocolate-3.webp 750w, https:\/\/jxgchocolate.com\/wp-content\/uploads\/2024\/04\/wholesale-popping-candy-chocolate-3-300x300.webp 300w, https:\/\/jxgchocolate.com\/wp-content\/uploads\/2024\/04\/wholesale-popping-candy-chocolate-3-150x150.webp 150w, https:\/\/jxgchocolate.com\/wp-content\/uploads\/2024\/04\/wholesale-popping-candy-chocolate-3-430x430.webp 430w, https:\/\/jxgchocolate.com\/wp-content\/uploads\/2024\/04\/wholesale-popping-candy-chocolate-3-700x700.webp 700w\" sizes=\"(max-width: 750px) 100vw, 750px\" \/><\/figure>\n<\/div>\n<\/div>","protected":false},"excerpt":{"rendered":"<p>Notre chocolat \u00e0 \u00e9clater en gros au go\u00fbt de cola, qui \u00e9clate et craque, offre une grande fusion de saveurs qui plaira \u00e0 tous les clients. Gr\u00e2ce \u00e0 sa capacit\u00e9 d'utilisation multiple et \u00e0 son acceptation favorable, il est parfait pour les entreprises qui souhaitent vendre une exp\u00e9rience de grignotage m\u00e9morable.<\/p>\n<table style=\"border-collapse: collapse; width: 275.02pt;\" border=\"0\" width=\"275\" cellspacing=\"0\" cellpadding=\"0\">\n<tbody>\n<tr style=\"height: 17.60pt;\">\n<td class=\"et3\" style=\"height: 17.60pt; width: 108.35pt;\" width=\"108\" height=\"17\">Fabricant<\/td>\n<td class=\"et3\" style=\"width: 167.10pt;\" width=\"167\">Le fruit de la chance<\/td>\n<\/tr>\n<tr style=\"height: 17.60pt;\">\n<td class=\"et3\" style=\"height: 17.60pt;\" height=\"17\">MOD\u00c8LE NO.<\/td>\n<td class=\"et3\">JXG17<\/td>\n<\/tr>\n<tr style=\"height: 17.60pt;\">\n<td class=\"et3\" style=\"height: 17.60pt;\" height=\"17\">Type<\/td>\n<td class=\"et3\">Bonbons \u00e0 \u00e9clater Chocolat<\/td>\n<\/tr>\n<tr style=\"height: 17.60pt;\">\n<td class=\"et3\" style=\"height: 17.60pt;\" height=\"17\">Emballage<\/td>\n<td class=\"et3\">Emballage de la bo\u00eete<\/td>\n<\/tr>\n<tr style=\"height: 17.60pt;\">\n<td class=\"et3\" style=\"height: 17.60pt;\" height=\"17\">Sp\u00e9cifications<\/td>\n<td class=\"et3\">20 sacs*12 bo\u00eetes<\/td>\n<\/tr>\n<tr style=\"height: 17.60pt;\">\n<td class=\"et3\" style=\"height: 17.60pt;\" height=\"17\">Taille du carton<\/td>\n<td class=\"et3\">61,5*27*17,5 cm<\/td>\n<\/tr>\n<tr style=\"height: 17.60pt;\">\n<td class=\"et3\" style=\"height: 17.60pt;\" height=\"17\">N.W \/SET<\/td>\n<td class=\"et3\">12g*20sacs*12bo\u00eetes<\/td>\n<\/tr>\n<tr style=\"height: 17.60pt;\">\n<td class=\"et3\" style=\"height: 17.60pt;\" height=\"17\">Couleur<\/td>\n<td class=\"et3\">Rouge<\/td>\n<\/tr>\n<tr style=\"height: 17.60pt;\">\n<td class=\"et3\" style=\"height: 17.60pt;\" height=\"17\">MOQ<\/td>\n<td class=\"et3\">500 cartons<\/td>\n<\/tr>\n<tr style=\"height: 17.60pt;\">\n<td class=\"et3\" style=\"height: 17.60pt;\" height=\"17\">Personnalisation<\/td>\n<td class=\"et3\">Emballage\/LOGO<\/td>\n<\/tr>\n<\/tbody>\n<\/table>","protected":false},"featured_media":27437,"comment_status":"closed","ping_status":"closed","template":"","meta":[],"product_cat":[76],"product_tag":[],"class_list":{"0":"post-27435","1":"product","2":"type-product","3":"status-publish","4":"has-post-thumbnail","6":"product_cat-wholesale-popping-candy-chocolate","8":"first","9":"instock","10":"shipping-taxable","11":"product-type-simple"},"_links":{"self":[{"href":"https:\/\/jxgchocolate.com\/fr\/wp-json\/wp\/v2\/product\/27435","targetHints":{"allow":["GET"]}}],"collection":[{"href":"https:\/\/jxgchocolate.com\/fr\/wp-json\/wp\/v2\/product"}],"about":[{"href":"https:\/\/jxgchocolate.com\/fr\/wp-json\/wp\/v2\/types\/product"}],"replies":[{"embeddable":true,"href":"https:\/\/jxgchocolate.com\/fr\/wp-json\/wp\/v2\/comments?post=27435"}],"version-history":[{"count":0,"href":"https:\/\/jxgchocolate.com\/fr\/wp-json\/wp\/v2\/product\/27435\/revisions"}],"wp:featuredmedia":[{"embeddable":true,"href":"https:\/\/jxgchocolate.com\/fr\/wp-json\/wp\/v2\/media\/27437"}],"wp:attachment":[{"href":"https:\/\/jxgchocolate.com\/fr\/wp-json\/wp\/v2\/media?parent=27435"}],"wp:term":[{"taxonomy":"product_cat","embeddable":true,"href":"https:\/\/jxgchocolate.com\/fr\/wp-json\/wp\/v2\/product_cat?post=27435"},{"taxonomy":"product_tag","embeddable":true,"href":"https:\/\/jxgchocolate.com\/fr\/wp-json\/wp\/v2\/product_tag?post=27435"}],"curies":[{"name":"wp","href":"https:\/\/api.w.org\/{rel}","templated":true}]}}