{"id":27441,"date":"2024-04-27T10:02:50","date_gmt":"2024-04-27T10:02:50","guid":{"rendered":"https:\/\/jxgchocolate.com\/?post_type=product&#038;p=27441"},"modified":"2025-03-08T02:43:48","modified_gmt":"2025-03-08T02:43:48","slug":"wholesale-chocolate-popping-candy","status":"publish","type":"product","link":"https:\/\/jxgchocolate.com\/fr\/produit\/wholesale-chocolate-popping-candy\/","title":{"rendered":"Savoureux bonbons au chocolat \u00e0 \u00e9clater en gros dans un emballage personnalis\u00e9"},"content":{"rendered":"<div class=\"wp-block-columns is-layout-flex wp-container-core-columns-is-layout-9d6595d7 wp-block-columns-is-layout-flex\">\n<div class=\"wp-block-column is-vertically-aligned-center is-layout-flow wp-block-column-is-layout-flow\">\n<h3 class=\"wp-block-heading\">Bonbons \u00e0 \u00e9clater au chocolat de premi\u00e8re qualit\u00e9 en gros Caract\u00e9ristiques :<\/h3>\n\n\n\n<ul class=\"wp-block-list\">\n<li><strong>Combinaison de saveurs irr\u00e9sistible :<\/strong>Savourez la richesse et l'onctuosit\u00e9 du chocolat tout en faisant \u00e9clater les bonbons. Cette sensation app\u00e9tissante qu'offre la vente en gros de bonbons au chocolat fera certainement revenir les clients en masse.<\/li>\n\n\n\n<li><strong>Texture amusante et excitante :<\/strong> Texture : Nos bonbons au chocolat \u00e0 \u00e9clater en vrac ajoutent un niveau d'excitation suppl\u00e9mentaire \u00e0 la bont\u00e9 chocolat\u00e9e, apportant le plaisir des bonbons \u00e0 \u00e9clater dans la bouche avec chaque craquement et chaque \u00e9clatement.<\/li>\n\n\n\n<li><strong>Emballage en vrac pour plus de commodit\u00e9 : <\/strong>Nos bonbons \u00e0 \u00e9clater au chocolat sont vendus en gros dans des emballages pratiques, qui conviennent parfaitement aux d\u00e9taillants, aux organisateurs d'\u00e9v\u00e9nements et aux entreprises qui recherchent de grandes quantit\u00e9s de cette friandise populaire pour r\u00e9pondre \u00e0 la demande de leurs clients.<\/li>\n\n\n\n<li><strong>Choix de collations populaires : <\/strong>Les bonbons \u00e0 \u00e9clater au chocolat en vrac sont tr\u00e8s appr\u00e9ci\u00e9s des personnes de tous \u00e2ges. Pour toute entreprise, il est important d'\u00eatre \u00e0 la disposition des clients lorsqu'ils ont besoin d'un choix d'en-cas uniques et excitants.<\/li>\n<\/ul>\n<\/div>\n\n\n\n<div class=\"wp-block-column is-layout-flow wp-block-column-is-layout-flow\">\n<figure class=\"wp-block-image size-full\"><img fetchpriority=\"high\" decoding=\"async\" width=\"568\" height=\"568\" src=\"https:\/\/jxgchocolate.com\/wp-content\/uploads\/2024\/04\/29c3788d0b874d25daa266923e2d6649.png\" alt=\"grossiste-chocolat-popping-candy-4\" class=\"wp-image-27446\" srcset=\"https:\/\/jxgchocolate.com\/wp-content\/uploads\/2024\/04\/29c3788d0b874d25daa266923e2d6649.png 568w, https:\/\/jxgchocolate.com\/wp-content\/uploads\/2024\/04\/29c3788d0b874d25daa266923e2d6649-300x300.png 300w, https:\/\/jxgchocolate.com\/wp-content\/uploads\/2024\/04\/29c3788d0b874d25daa266923e2d6649-150x150.png 150w, https:\/\/jxgchocolate.com\/wp-content\/uploads\/2024\/04\/29c3788d0b874d25daa266923e2d6649-430x430.png 430w\" sizes=\"(max-width: 568px) 100vw, 568px\" \/><\/figure>\n<\/div>\n<\/div>","protected":false},"excerpt":{"rendered":"<p>Bienvenue \u00e0 l'achat <span class=\"___SText_anxqe-kmt_\" data-ui-name=\"Link.Text\">des bonbons en chocolat. <\/span>Nos d\u00e9licieux bonbons \u00e0 \u00e9clater au chocolat sont accompagn\u00e9s d'une combinaison de saveurs irr\u00e9sistibles et de sensations d'\u00e9clatement amusantes qui sont certainement d\u00e9licieuses. En raison de sa nature tr\u00e8s utilis\u00e9e par les gens de bien des fa\u00e7ons, ce sera un choix id\u00e9al pour les entreprises qui veulent offrir des collations m\u00e9morables \u00e0 leurs clients.<\/p>\n<table style=\"border-collapse: collapse; width: 275.02pt;\" border=\"0\" width=\"275\" cellspacing=\"0\" cellpadding=\"0\">\n<tbody>\n<tr style=\"height: 17.60pt;\">\n<td class=\"et3\" style=\"height: 17.60pt; width: 108.35pt;\" width=\"108\" height=\"17\">Fabricant<\/td>\n<td class=\"et3\" style=\"width: 167.10pt;\" width=\"167\">Le fruit de la chance<\/td>\n<\/tr>\n<tr style=\"height: 17.60pt;\">\n<td class=\"et3\" style=\"height: 17.60pt;\" height=\"17\">MOD\u00c8LE NO.<\/td>\n<td class=\"et3\">JXG18<\/td>\n<\/tr>\n<tr style=\"height: 17.60pt;\">\n<td class=\"et3\" style=\"height: 17.60pt;\" height=\"17\">Type<\/td>\n<td class=\"et3\">Bonbons \u00e0 \u00e9clater Chocolat<\/td>\n<\/tr>\n<tr style=\"height: 17.60pt;\">\n<td class=\"et3\" style=\"height: 17.60pt;\" height=\"17\">Emballage<\/td>\n<td class=\"et3\">Emballage de la bo\u00eete<\/td>\n<\/tr>\n<tr style=\"height: 17.60pt;\">\n<td class=\"et3\" style=\"height: 17.60pt;\" height=\"17\">Sp\u00e9cifications<\/td>\n<td class=\"et3\">20 sacs*12 bo\u00eetes<\/td>\n<\/tr>\n<tr style=\"height: 17.60pt;\">\n<td class=\"et3\" style=\"height: 17.60pt;\" height=\"17\">Taille du carton<\/td>\n<td class=\"et3\">61,5*27*17,5 cm<\/td>\n<\/tr>\n<tr style=\"height: 17.60pt;\">\n<td class=\"et3\" style=\"height: 17.60pt;\" height=\"17\">N.W \/SET<\/td>\n<td class=\"et3\">12g*20sacs*12bo\u00eetes<\/td>\n<\/tr>\n<tr style=\"height: 17.60pt;\">\n<td class=\"et3\" style=\"height: 17.60pt;\" height=\"17\">Couleur<\/td>\n<td class=\"et3\">Sombre<\/td>\n<\/tr>\n<tr style=\"height: 17.60pt;\">\n<td class=\"et3\" style=\"height: 17.60pt;\" height=\"17\">MOQ<\/td>\n<td class=\"et3\">500 cartons<\/td>\n<\/tr>\n<tr style=\"height: 17.60pt;\">\n<td class=\"et3\" style=\"height: 17.60pt;\" height=\"17\">Personnalisation<\/td>\n<td class=\"et3\">Emballage\/LOGO<\/td>\n<\/tr>\n<\/tbody>\n<\/table>","protected":false},"featured_media":27443,"comment_status":"closed","ping_status":"closed","template":"","meta":[],"product_cat":[76],"product_tag":[],"class_list":{"0":"post-27441","1":"product","2":"type-product","3":"status-publish","4":"has-post-thumbnail","6":"product_cat-wholesale-popping-candy-chocolate","8":"first","9":"instock","10":"shipping-taxable","11":"product-type-simple"},"_links":{"self":[{"href":"https:\/\/jxgchocolate.com\/fr\/wp-json\/wp\/v2\/product\/27441","targetHints":{"allow":["GET"]}}],"collection":[{"href":"https:\/\/jxgchocolate.com\/fr\/wp-json\/wp\/v2\/product"}],"about":[{"href":"https:\/\/jxgchocolate.com\/fr\/wp-json\/wp\/v2\/types\/product"}],"replies":[{"embeddable":true,"href":"https:\/\/jxgchocolate.com\/fr\/wp-json\/wp\/v2\/comments?post=27441"}],"version-history":[{"count":4,"href":"https:\/\/jxgchocolate.com\/fr\/wp-json\/wp\/v2\/product\/27441\/revisions"}],"predecessor-version":[{"id":29590,"href":"https:\/\/jxgchocolate.com\/fr\/wp-json\/wp\/v2\/product\/27441\/revisions\/29590"}],"wp:featuredmedia":[{"embeddable":true,"href":"https:\/\/jxgchocolate.com\/fr\/wp-json\/wp\/v2\/media\/27443"}],"wp:attachment":[{"href":"https:\/\/jxgchocolate.com\/fr\/wp-json\/wp\/v2\/media?parent=27441"}],"wp:term":[{"taxonomy":"product_cat","embeddable":true,"href":"https:\/\/jxgchocolate.com\/fr\/wp-json\/wp\/v2\/product_cat?post=27441"},{"taxonomy":"product_tag","embeddable":true,"href":"https:\/\/jxgchocolate.com\/fr\/wp-json\/wp\/v2\/product_tag?post=27441"}],"curies":[{"name":"wp","href":"https:\/\/api.w.org\/{rel}","templated":true}]}}