{"id":27449,"date":"2024-04-27T10:12:12","date_gmt":"2024-04-27T10:12:12","guid":{"rendered":"https:\/\/jxgchocolate.com\/?post_type=product&#038;p=27449"},"modified":"2025-03-08T06:15:10","modified_gmt":"2025-03-08T06:15:10","slug":"wholesale-gummy-chocolate-candy","status":"publish","type":"product","link":"https:\/\/jxgchocolate.com\/fr\/produit\/wholesale-gummy-chocolate-candy\/","title":{"rendered":"Gummy Choco en gros, Gummies au chocolat \u00e0 saveur personnalis\u00e9e"},"content":{"rendered":"<div class=\"wp-block-columns is-layout-flex wp-container-core-columns-is-layout-9d6595d7 wp-block-columns-is-layout-flex\">\n<div class=\"wp-block-column is-vertically-aligned-center is-layout-flow wp-block-column-is-layout-flow\">\n<h3 class=\"wp-block-heading\">Premium Wholesale Gummy Choco Caract\u00e9ristiques :<\/h3>\n\n\n\n<ul class=\"wp-block-list\">\n<li><strong>Vari\u00e9t\u00e9 de saveurs excitante :<\/strong> L'une des meilleures raisons pour lesquelles il est si difficile de r\u00e9sister \u00e0 nos bonbons g\u00e9lifi\u00e9s en gros est la myriade de saveurs d\u00e9licieusement fruit\u00e9es qui ont quelque chose \u00e0 offrir \u00e0 tous les go\u00fbts.<\/li>\n\n\n\n<li><strong>Moelleux et chocolat\u00e9 : <\/strong>Savourez un m\u00e9lange de bonbons g\u00e9lifi\u00e9s moelleux et d'enrobage chocolat\u00e9 lisse dans chaque morceau de nos bonbons g\u00e9lifi\u00e9s enrob\u00e9s de chocolat en vrac, combinant une texture et un go\u00fbt d\u00e9licieux en une seule bouch\u00e9e.<\/li>\n\n\n\n<li><strong>Populaire et adapt\u00e9 aux enfants : <\/strong>Nos bonbons g\u00e9lifi\u00e9s au chocolat font partie des friandises pr\u00e9f\u00e9r\u00e9es des enfants et des adultes. Il est donc consid\u00e9r\u00e9 comme un en-cas incontournable pour les f\u00eates, les c\u00e9l\u00e9brations et le grignotage.<\/li>\n\n\n\n<li><strong>Parfait pour la revente : <\/strong>Ce chewing-gum enrob\u00e9 de chocolat est conditionn\u00e9 en vrac dans un sachet facile \u00e0 manipuler, id\u00e9al pour la revente ou le partage. Il repr\u00e9sente une valeur ajout\u00e9e pour les d\u00e9taillants, les organisateurs de f\u00eates et les entreprises qui souhaitent offrir une s\u00e9lection de d\u00e9licieuses friandises \u00e0 leurs clients ou \u00e0 leurs invit\u00e9s.<\/li>\n<\/ul>\n<\/div>\n\n\n\n<div class=\"wp-block-column is-layout-flow wp-block-column-is-layout-flow\">\n<figure class=\"wp-block-image size-full\"><img fetchpriority=\"high\" decoding=\"async\" width=\"750\" height=\"750\" src=\"https:\/\/jxgchocolate.com\/wp-content\/uploads\/2024\/04\/gummy-choco-wholesale-gummy-chocolate-candies-1.webp\" alt=\"bonbons gommeux-choco en gros-bonbons gommeux-chocolat-1\" class=\"wp-image-27450\" srcset=\"https:\/\/jxgchocolate.com\/wp-content\/uploads\/2024\/04\/gummy-choco-wholesale-gummy-chocolate-candies-1.webp 750w, https:\/\/jxgchocolate.com\/wp-content\/uploads\/2024\/04\/gummy-choco-wholesale-gummy-chocolate-candies-1-300x300.webp 300w, https:\/\/jxgchocolate.com\/wp-content\/uploads\/2024\/04\/gummy-choco-wholesale-gummy-chocolate-candies-1-150x150.webp 150w, https:\/\/jxgchocolate.com\/wp-content\/uploads\/2024\/04\/gummy-choco-wholesale-gummy-chocolate-candies-1-430x430.webp 430w, https:\/\/jxgchocolate.com\/wp-content\/uploads\/2024\/04\/gummy-choco-wholesale-gummy-chocolate-candies-1-700x700.webp 700w\" sizes=\"(max-width: 750px) 100vw, 750px\" \/><\/figure>\n<\/div>\n<\/div>","protected":false},"excerpt":{"rendered":"<p>Bienvenue pour acheter des bonbons g\u00e9lifi\u00e9s enrob\u00e9s de chocolat en gros. Nos bonbons gommeux au chocolat en gros pr\u00e9sentent une grande vari\u00e9t\u00e9 de saveurs qui plairont certainement \u00e0 tous les go\u00fbts. En raison de la facilit\u00e9, de la polyvalence et de la popularit\u00e9 qui caract\u00e9risent ce snack, il sera id\u00e9al pour les entreprises qui souhaitent offrir \u00e0 leurs clients ou invit\u00e9s une exp\u00e9rience de grignotage vraiment d\u00e9licieuse et attrayante.<\/p>\n<table style=\"border-collapse: collapse; width: 275.02pt;\" border=\"0\" width=\"275\" cellspacing=\"0\" cellpadding=\"0\">\n<tbody>\n<tr style=\"height: 17.60pt;\">\n<td class=\"et3\" style=\"height: 17.60pt; width: 108.35pt;\" width=\"108\" height=\"17\">Fabricant<\/td>\n<td class=\"et3\" style=\"width: 167.10pt;\" width=\"167\">Le fruit de la chance<\/td>\n<\/tr>\n<tr style=\"height: 17.60pt;\">\n<td class=\"et3\" style=\"height: 17.60pt;\" height=\"17\">MOD\u00c8LE NO.<\/td>\n<td class=\"et3\">JXG16<\/td>\n<\/tr>\n<tr style=\"height: 17.60pt;\">\n<td class=\"et3\" style=\"height: 17.60pt;\" height=\"17\">Type<\/td>\n<td class=\"et3\">Bonbons gommeux au chocolat<\/td>\n<\/tr>\n<tr style=\"height: 17.60pt;\">\n<td class=\"et3\" style=\"height: 17.60pt;\" height=\"17\">Emballage<\/td>\n<td class=\"et3\">Emballage de la bo\u00eete<\/td>\n<\/tr>\n<tr style=\"height: 17.60pt;\">\n<td class=\"et3\" style=\"height: 17.60pt;\" height=\"17\">Sp\u00e9cifications<\/td>\n<td class=\"et3\">20 sacs*12 bo\u00eetes<\/td>\n<\/tr>\n<tr style=\"height: 17.60pt;\">\n<td class=\"et3\" style=\"height: 17.60pt;\" height=\"17\">Taille du carton<\/td>\n<td class=\"et3\">45,5*33*37,5 cm<\/td>\n<\/tr>\n<tr style=\"height: 17.60pt;\">\n<td class=\"et3\" style=\"height: 17.60pt;\" height=\"17\">N.W \/SET<\/td>\n<td class=\"et3\">14g\uff087pcs\uff0920bags*12boxes<\/td>\n<\/tr>\n<tr style=\"height: 17.60pt;\">\n<td class=\"et3\" style=\"height: 17.60pt;\" height=\"17\">Couleur<\/td>\n<td class=\"et3\">Sombre<\/td>\n<\/tr>\n<tr style=\"height: 17.60pt;\">\n<td class=\"et3\" style=\"height: 17.60pt;\" height=\"17\">MOQ<\/td>\n<td class=\"et3\">500 cartons<\/td>\n<\/tr>\n<tr style=\"height: 17.60pt;\">\n<td class=\"et3\" style=\"height: 17.60pt;\" height=\"17\">Personnalisation<\/td>\n<td class=\"et3\">Emballage\/LOGO<\/td>\n<\/tr>\n<\/tbody>\n<\/table>","protected":false},"featured_media":27455,"comment_status":"closed","ping_status":"closed","template":"","meta":[],"product_cat":[75],"product_tag":[],"class_list":{"0":"post-27449","1":"product","2":"type-product","3":"status-publish","4":"has-post-thumbnail","6":"product_cat-wholesale-gummy-chocolate","8":"first","9":"instock","10":"shipping-taxable","11":"product-type-simple"},"_links":{"self":[{"href":"https:\/\/jxgchocolate.com\/fr\/wp-json\/wp\/v2\/product\/27449","targetHints":{"allow":["GET"]}}],"collection":[{"href":"https:\/\/jxgchocolate.com\/fr\/wp-json\/wp\/v2\/product"}],"about":[{"href":"https:\/\/jxgchocolate.com\/fr\/wp-json\/wp\/v2\/types\/product"}],"replies":[{"embeddable":true,"href":"https:\/\/jxgchocolate.com\/fr\/wp-json\/wp\/v2\/comments?post=27449"}],"version-history":[{"count":0,"href":"https:\/\/jxgchocolate.com\/fr\/wp-json\/wp\/v2\/product\/27449\/revisions"}],"wp:featuredmedia":[{"embeddable":true,"href":"https:\/\/jxgchocolate.com\/fr\/wp-json\/wp\/v2\/media\/27455"}],"wp:attachment":[{"href":"https:\/\/jxgchocolate.com\/fr\/wp-json\/wp\/v2\/media?parent=27449"}],"wp:term":[{"taxonomy":"product_cat","embeddable":true,"href":"https:\/\/jxgchocolate.com\/fr\/wp-json\/wp\/v2\/product_cat?post=27449"},{"taxonomy":"product_tag","embeddable":true,"href":"https:\/\/jxgchocolate.com\/fr\/wp-json\/wp\/v2\/product_tag?post=27449"}],"curies":[{"name":"wp","href":"https:\/\/api.w.org\/{rel}","templated":true}]}}