{"id":27459,"date":"2024-04-27T10:22:42","date_gmt":"2024-04-27T10:22:42","guid":{"rendered":"https:\/\/jxgchocolate.com\/?post_type=product&#038;p=27459"},"modified":"2024-11-11T06:44:24","modified_gmt":"2024-11-11T06:44:24","slug":"wholesale-chili-peanuts-with-tangerine-peel","status":"publish","type":"product","link":"https:\/\/jxgchocolate.com\/fr\/produit\/wholesale-chili-peanuts-with-tangerine-peel\/","title":{"rendered":"Cacahu\u00e8tes au chili de gros avec \u00e9corce de mandarine"},"content":{"rendered":"<div class=\"wp-block-columns is-layout-flex wp-container-core-columns-is-layout-9d6595d7 wp-block-columns-is-layout-flex\">\n<div class=\"wp-block-column is-vertically-aligned-center is-layout-flow wp-block-column-is-layout-flow\">\n<h3 class=\"wp-block-heading\">Premium Wholesale Chili Peanuts Caract\u00e9ristiques :<\/h3>\n\n\n\n<ol class=\"wp-block-list\">\n<li><strong>Combinaison unique de saveurs : <\/strong>Nos cacahu\u00e8tes au chili en gros avec \u00e9corce de mandarine ont quelque chose d'in\u00e9gal\u00e9 sur le march\u00e9, o\u00f9 le piquant br\u00fblant du chili est mari\u00e9 \u00e0 une explosion de zeste d'agrumes provenant de l'\u00e9corce de mandarine, cr\u00e9ant une surcharge sensorielle incomparable par rapport aux autres en-cas habituels.<\/li>\n\n\n\n<li><strong>\u00c9pic\u00e9 et piquant : <\/strong>Bien \u00e9quilibr\u00e9es entre le piquant du chili et la saveur unique de l'\u00e9corce de mandarine, nos cacahu\u00e8tes \u00e9pic\u00e9es en vrac cr\u00e9ent une sensation dans la bouche qui ne demande qu'\u00e0 exploser de saveur et \u00e0 persister en arri\u00e8re-go\u00fbt.<\/li>\n\n\n\n<li><strong>Ingr\u00e9dients de haute qualit\u00e9 :<\/strong> Fabriqu\u00e9es \u00e0 partir de cacahu\u00e8tes de qualit\u00e9 sup\u00e9rieure et d'\u00e9corces de mandarines, chacune de nos cacahu\u00e8tes au chili en gros est soigneusement \u00e9labor\u00e9e pour garantir un go\u00fbt et une fra\u00eecheur irr\u00e9prochables, afin de satisfaire le client \u00e0 chaque bouch\u00e9e.<\/li>\n\n\n\n<li><strong>Id\u00e9al pour la revente :<\/strong> L'emballage en vrac pratique de nos cacahu\u00e8tes \u00e9pic\u00e9es en vrac avec \u00e9corce de mandarine les rend id\u00e9ales pour la revente dans les magasins de d\u00e9tail, les magasins sp\u00e9cialis\u00e9s et les boutiques en ligne.<\/li>\n<\/ol>\n<\/div>\n\n\n\n<div class=\"wp-block-column is-layout-flow wp-block-column-is-layout-flow\">\n<figure class=\"wp-block-image size-full\"><img fetchpriority=\"high\" decoding=\"async\" width=\"750\" height=\"750\" src=\"https:\/\/jxgchocolate.com\/wp-content\/uploads\/2024\/06\/wholesale-snacks-wholesale-cracker-peanuts_\u526f\u672c.webp\" alt=\"fabricant de snacks - vente en gros de cacahu\u00e8tes \u00e0 la cr\u00e8me - vente en gros de snacks - vente en gros de cacahu\u00e8tes au chili avec \u00e9corce de mandarine\" class=\"wp-image-28382\" srcset=\"https:\/\/jxgchocolate.com\/wp-content\/uploads\/2024\/06\/wholesale-snacks-wholesale-cracker-peanuts_\u526f\u672c.webp 750w, https:\/\/jxgchocolate.com\/wp-content\/uploads\/2024\/06\/wholesale-snacks-wholesale-cracker-peanuts_\u526f\u672c-300x300.webp 300w, https:\/\/jxgchocolate.com\/wp-content\/uploads\/2024\/06\/wholesale-snacks-wholesale-cracker-peanuts_\u526f\u672c-150x150.webp 150w, https:\/\/jxgchocolate.com\/wp-content\/uploads\/2024\/06\/wholesale-snacks-wholesale-cracker-peanuts_\u526f\u672c-430x430.webp 430w, https:\/\/jxgchocolate.com\/wp-content\/uploads\/2024\/06\/wholesale-snacks-wholesale-cracker-peanuts_\u526f\u672c-700x700.webp 700w\" sizes=\"(max-width: 750px) 100vw, 750px\" \/><\/figure>\n<\/div>\n<\/div>","protected":false},"excerpt":{"rendered":"<p>Bienvenue \u00e0 l'achat de cacahu\u00e8tes \u00e9pic\u00e9es en vrac. Nos cacahu\u00e8tes au chili en gros avec \u00e9corce de mandarine sont une option d'en-cas unique et savoureuse dans laquelle la chaleur du chili est combin\u00e9e au go\u00fbt aigre de l'\u00e9corce de mandarine. Pr\u00e9par\u00e9 avec des ingr\u00e9dients de haute qualit\u00e9, polyvalent et dot\u00e9 d'un profil de saveur distinctif, ce produit devrait se vendre tr\u00e8s rapidement aupr\u00e8s des clients \u00e0 la recherche d'une option audacieuse et m\u00e9morable pour satisfaire leurs besoins de grignotage.<\/p>\n<table style=\"border-collapse: collapse; width: 275.02pt;\" border=\"0\" width=\"275\" cellspacing=\"0\" cellpadding=\"0\">\n<tbody>\n<tr style=\"height: 17.60pt;\">\n<td class=\"et3\" style=\"height: 17.60pt; width: 108.35pt;\" width=\"108\" height=\"17\">Fabricant<\/td>\n<td class=\"et3\" style=\"width: 167.10pt;\" width=\"167\">Le fruit de la chance<\/td>\n<\/tr>\n<tr style=\"height: 17.60pt;\">\n<td class=\"et3\" style=\"height: 17.60pt;\" height=\"17\">MOD\u00c8LE NO.<\/td>\n<td class=\"et3\">JXG19<\/td>\n<\/tr>\n<tr style=\"height: 17.60pt;\">\n<td class=\"et3\" style=\"height: 17.60pt;\" height=\"17\">Type<\/td>\n<td class=\"et3\">Cacahu\u00e8tes grill\u00e9es<\/td>\n<\/tr>\n<tr style=\"height: 17.60pt;\">\n<td class=\"et3\" style=\"height: 17.60pt;\" height=\"17\">Emballage<\/td>\n<td class=\"et3\">Emballage de la bo\u00eete<\/td>\n<\/tr>\n<tr style=\"height: 17.60pt;\">\n<td class=\"et3\" style=\"height: 17.60pt;\" height=\"17\">Sp\u00e9cifications<\/td>\n<td class=\"et3\">20 sacs*12 bo\u00eetes<\/td>\n<\/tr>\n<tr style=\"height: 17.60pt;\">\n<td class=\"et3\" style=\"height: 17.60pt;\" height=\"17\">Taille du carton<\/td>\n<td class=\"et3\">46*36.5*35 cm<\/td>\n<\/tr>\n<tr style=\"height: 17.60pt;\">\n<td class=\"et3\" style=\"height: 17.60pt;\" height=\"17\">N.W \/SET<\/td>\n<td class=\"et3\">28g*20sacs*12bo\u00eetes<\/td>\n<\/tr>\n<tr style=\"height: 17.60pt;\">\n<td class=\"et3\" style=\"height: 17.60pt;\" height=\"17\">Couleur<\/td>\n<td class=\"et3\">\/<\/td>\n<\/tr>\n<tr style=\"height: 17.60pt;\">\n<td class=\"et3\" style=\"height: 17.60pt;\" height=\"17\">MOQ<\/td>\n<td class=\"et3\">500 cartons<\/td>\n<\/tr>\n<tr style=\"height: 17.60pt;\">\n<td class=\"et3\" style=\"height: 17.60pt;\" height=\"17\">Personnalisation<\/td>\n<td class=\"et3\">Emballage\/LOGO<\/td>\n<\/tr>\n<\/tbody>\n<\/table>","protected":false},"featured_media":28423,"comment_status":"closed","ping_status":"closed","template":"","meta":[],"product_cat":[77],"product_tag":[],"class_list":{"0":"post-27459","1":"product","2":"type-product","3":"status-publish","4":"has-post-thumbnail","6":"product_cat-wholesale-roasted-peanuts","8":"first","9":"instock","10":"shipping-taxable","11":"product-type-simple"},"_links":{"self":[{"href":"https:\/\/jxgchocolate.com\/fr\/wp-json\/wp\/v2\/product\/27459","targetHints":{"allow":["GET"]}}],"collection":[{"href":"https:\/\/jxgchocolate.com\/fr\/wp-json\/wp\/v2\/product"}],"about":[{"href":"https:\/\/jxgchocolate.com\/fr\/wp-json\/wp\/v2\/types\/product"}],"replies":[{"embeddable":true,"href":"https:\/\/jxgchocolate.com\/fr\/wp-json\/wp\/v2\/comments?post=27459"}],"version-history":[{"count":0,"href":"https:\/\/jxgchocolate.com\/fr\/wp-json\/wp\/v2\/product\/27459\/revisions"}],"wp:featuredmedia":[{"embeddable":true,"href":"https:\/\/jxgchocolate.com\/fr\/wp-json\/wp\/v2\/media\/28423"}],"wp:attachment":[{"href":"https:\/\/jxgchocolate.com\/fr\/wp-json\/wp\/v2\/media?parent=27459"}],"wp:term":[{"taxonomy":"product_cat","embeddable":true,"href":"https:\/\/jxgchocolate.com\/fr\/wp-json\/wp\/v2\/product_cat?post=27459"},{"taxonomy":"product_tag","embeddable":true,"href":"https:\/\/jxgchocolate.com\/fr\/wp-json\/wp\/v2\/product_tag?post=27459"}],"curies":[{"name":"wp","href":"https:\/\/api.w.org\/{rel}","templated":true}]}}