{"id":28312,"date":"2024-06-21T09:48:20","date_gmt":"2024-06-21T09:48:20","guid":{"rendered":"https:\/\/jxgchocolate.com\/?post_type=product&#038;p=28312"},"modified":"2025-03-08T05:54:55","modified_gmt":"2025-03-08T05:54:55","slug":"chocolate-gummy-candy-wholesale","status":"publish","type":"product","link":"https:\/\/jxgchocolate.com\/fr\/produit\/chocolate-gummy-candy-wholesale\/","title":{"rendered":"Bonbons g\u00e9lifi\u00e9s au chocolat en vrac, bonbons g\u00e9lifi\u00e9s \u00e0 la fraise en gros"},"content":{"rendered":"<div class=\"wp-block-columns is-layout-flex wp-container-core-columns-is-layout-9d6595d7 wp-block-columns-is-layout-flex\">\n<div class=\"wp-block-column is-vertically-aligned-center is-layout-flow wp-block-column-is-layout-flow\">\n<h3 class=\"wp-block-heading\">Premium Chocolate Gummy Candy Wholesale Caract\u00e9ristiques :<\/h3>\n\n\n\n<ul class=\"wp-block-list\">\n<li><strong>Une combinaison unique :<\/strong> Nos bonbons g\u00e9lifi\u00e9s au chocolat en gros sont un nouveau m\u00e9lange de chocolat et de bonbons g\u00e9lifi\u00e9s, cr\u00e9ant une exp\u00e9rience gustative in\u00e9gal\u00e9e et r\u00e9pondant \u00e0 la demande des consommateurs en mati\u00e8re de desserts originaux.<\/li>\n\n\n\n<li><strong>Riche go\u00fbt de fraise : <\/strong>Nos bonbons gommeux au chocolat en vrac utilisent un ar\u00f4me naturel de fraise qui donne un riche ar\u00f4me de fruit de fraise m\u00e9lang\u00e9 \u00e0 la douceur du chocolat.<\/li>\n\n\n\n<li><strong>Ingr\u00e9dients de haute qualit\u00e9 : <\/strong>Les ingr\u00e9dients utilis\u00e9s pour fabriquer les bonbons au chocolat ou les bonbons g\u00e9lifi\u00e9s sont de haute qualit\u00e9, de sorte qu'\u00e0 chaque bouch\u00e9e de nos bonbons g\u00e9lifi\u00e9s au chocolat en gros, ils apportent une charge de d\u00e9lice et de sant\u00e9 pour attirer le c\u0153ur des consommateurs.<\/li>\n\n\n\n<li><strong>Service de personnalisation en gros : <\/strong>Nos bonbons de chocolat g\u00e9lifi\u00e9s en vrac peuvent \u00eatre produits sur mesure et emball\u00e9s de diff\u00e9rentes mani\u00e8res en fonction des march\u00e9s et des besoins des clients, afin d'aider les commer\u00e7ants \u00e0 augmenter leurs ventes.<\/li>\n<\/ul>\n<\/div>\n\n\n\n<div class=\"wp-block-column is-layout-flow wp-block-column-is-layout-flow\">\n<figure class=\"wp-block-image size-full\"><img fetchpriority=\"high\" decoding=\"async\" width=\"750\" height=\"750\" src=\"https:\/\/jxgchocolate.com\/wp-content\/uploads\/2024\/04\/wholesale-snacks-wholesale-gummy-choco-wholesale-gummy-chocolate-candies.webp\" alt=\"grossiste-snacks-wholesale-gummy-choco-wholesale-gummy-chocolate-bonbons-chocolat-gummy-candy-wholesale\" class=\"wp-image-27284\" srcset=\"https:\/\/jxgchocolate.com\/wp-content\/uploads\/2024\/04\/wholesale-snacks-wholesale-gummy-choco-wholesale-gummy-chocolate-candies.webp 750w, https:\/\/jxgchocolate.com\/wp-content\/uploads\/2024\/04\/wholesale-snacks-wholesale-gummy-choco-wholesale-gummy-chocolate-candies-300x300.webp 300w, https:\/\/jxgchocolate.com\/wp-content\/uploads\/2024\/04\/wholesale-snacks-wholesale-gummy-choco-wholesale-gummy-chocolate-candies-150x150.webp 150w, https:\/\/jxgchocolate.com\/wp-content\/uploads\/2024\/04\/wholesale-snacks-wholesale-gummy-choco-wholesale-gummy-chocolate-candies-430x430.webp 430w, https:\/\/jxgchocolate.com\/wp-content\/uploads\/2024\/04\/wholesale-snacks-wholesale-gummy-choco-wholesale-gummy-chocolate-candies-700x700.webp 700w\" sizes=\"(max-width: 750px) 100vw, 750px\" \/><\/figure>\n<\/div>\n<\/div>\n\n\n\n<p><\/p>","protected":false},"excerpt":{"rendered":"<p>Bienvenue \u00e0 l'achat de chocolat g\u00e9lifi\u00e9 en vrac. Nos d\u00e9licieux bonbons gommeux au chocolat en gros combinent des extraits de gomme richement aromatis\u00e9e \u00e0 la fraise avec du chocolat lisse, s\u00e9lectionnent des mati\u00e8res premi\u00e8res de haute qualit\u00e9 et permettent un conditionnement personnalis\u00e9 et diversifi\u00e9 \u00e0 grande \u00e9chelle.<\/p>\n<table style=\"border-collapse: collapse; width: 275.02pt;\" border=\"0\" width=\"275\" cellspacing=\"0\" cellpadding=\"0\">\n<tbody>\n<tr style=\"height: 17.60pt;\">\n<td class=\"et3\" style=\"height: 17.60pt; width: 108.35pt;\" width=\"108\" height=\"17\">Fabricant<\/td>\n<td class=\"et3\" style=\"width: 167.10pt;\" width=\"167\">Le fruit de la chance<\/td>\n<\/tr>\n<tr style=\"height: 17.60pt;\">\n<td class=\"et3\" style=\"height: 17.60pt;\" height=\"17\">MOD\u00c8LE NO.<\/td>\n<td class=\"et3\">JXG16-1<\/td>\n<\/tr>\n<tr style=\"height: 17.60pt;\">\n<td class=\"et3\" style=\"height: 17.60pt;\" height=\"17\">Type<\/td>\n<td class=\"et3\">Bonbons gommeux au chocolat<\/td>\n<\/tr>\n<tr style=\"height: 17.60pt;\">\n<td class=\"et3\" style=\"height: 17.60pt;\" height=\"17\">Emballage<\/td>\n<td class=\"et3\">Emballage de la bo\u00eete<\/td>\n<\/tr>\n<tr style=\"height: 17.60pt;\">\n<td class=\"et3\" style=\"height: 17.60pt;\" height=\"17\">Sp\u00e9cifications<\/td>\n<td class=\"et3\">20 sacs*12 bo\u00eetes<\/td>\n<\/tr>\n<tr style=\"height: 17.60pt;\">\n<td class=\"et3\" style=\"height: 17.60pt;\" height=\"17\">Taille du carton<\/td>\n<td class=\"et3\">45,5*33*37,5 cm<\/td>\n<\/tr>\n<tr style=\"height: 17.60pt;\">\n<td class=\"et3\" style=\"height: 17.60pt;\" height=\"17\">N.W \/SET<\/td>\n<td class=\"et3\">14g\uff087pcs\uff0920bags*12boxes<\/td>\n<\/tr>\n<tr style=\"height: 17.60pt;\">\n<td class=\"et3\" style=\"height: 17.60pt;\" height=\"17\">Couleur<\/td>\n<td class=\"et3\">Sombre<\/td>\n<\/tr>\n<tr style=\"height: 17.60pt;\">\n<td class=\"et3\" style=\"height: 17.60pt;\" height=\"17\">MOQ<\/td>\n<td class=\"et3\">500 cartons<\/td>\n<\/tr>\n<tr style=\"height: 17.60pt;\">\n<td class=\"et3\" style=\"height: 17.60pt;\" height=\"17\">Personnalisation<\/td>\n<td class=\"et3\">Emballage\/LOGO<\/td>\n<\/tr>\n<\/tbody>\n<\/table>","protected":false},"featured_media":27451,"comment_status":"closed","ping_status":"closed","template":"","meta":[],"product_cat":[75],"product_tag":[],"class_list":{"0":"post-28312","1":"product","2":"type-product","3":"status-publish","4":"has-post-thumbnail","6":"product_cat-wholesale-gummy-chocolate","8":"first","9":"instock","10":"shipping-taxable","11":"product-type-simple"},"_links":{"self":[{"href":"https:\/\/jxgchocolate.com\/fr\/wp-json\/wp\/v2\/product\/28312","targetHints":{"allow":["GET"]}}],"collection":[{"href":"https:\/\/jxgchocolate.com\/fr\/wp-json\/wp\/v2\/product"}],"about":[{"href":"https:\/\/jxgchocolate.com\/fr\/wp-json\/wp\/v2\/types\/product"}],"replies":[{"embeddable":true,"href":"https:\/\/jxgchocolate.com\/fr\/wp-json\/wp\/v2\/comments?post=28312"}],"version-history":[{"count":6,"href":"https:\/\/jxgchocolate.com\/fr\/wp-json\/wp\/v2\/product\/28312\/revisions"}],"predecessor-version":[{"id":29619,"href":"https:\/\/jxgchocolate.com\/fr\/wp-json\/wp\/v2\/product\/28312\/revisions\/29619"}],"wp:featuredmedia":[{"embeddable":true,"href":"https:\/\/jxgchocolate.com\/fr\/wp-json\/wp\/v2\/media\/27451"}],"wp:attachment":[{"href":"https:\/\/jxgchocolate.com\/fr\/wp-json\/wp\/v2\/media?parent=28312"}],"wp:term":[{"taxonomy":"product_cat","embeddable":true,"href":"https:\/\/jxgchocolate.com\/fr\/wp-json\/wp\/v2\/product_cat?post=28312"},{"taxonomy":"product_tag","embeddable":true,"href":"https:\/\/jxgchocolate.com\/fr\/wp-json\/wp\/v2\/product_tag?post=28312"}],"curies":[{"name":"wp","href":"https:\/\/api.w.org\/{rel}","templated":true}]}}