{"id":28331,"date":"2024-06-22T01:08:06","date_gmt":"2024-06-22T01:08:06","guid":{"rendered":"https:\/\/jxgchocolate.com\/?post_type=product&#038;p=28331"},"modified":"2024-11-11T06:36:44","modified_gmt":"2024-11-11T06:36:44","slug":"salty-bulk-roasted-peanuts","status":"publish","type":"product","link":"https:\/\/jxgchocolate.com\/fr\/produit\/salty-bulk-roasted-peanuts\/","title":{"rendered":"Cacahu\u00e8tes grill\u00e9es sal\u00e9es en vrac avec emballage personnalisable"},"content":{"rendered":"<div class=\"wp-block-columns is-layout-flex wp-container-core-columns-is-layout-9d6595d7 wp-block-columns-is-layout-flex\">\n<div class=\"wp-block-column is-vertically-aligned-center is-layout-flow wp-block-column-is-layout-flow\">\n<h3 class=\"wp-block-heading\">Cacahu\u00e8tes grill\u00e9es en vrac de premi\u00e8re qualit\u00e9 Caract\u00e9ristiques :<\/h3>\n\n\n\n<ol class=\"wp-block-list\">\n<li><strong>Go\u00fbt riche : <\/strong>La saveur savoureuse de nos cacahu\u00e8tes grill\u00e9es en vrac, qui sont grill\u00e9es \u00e0 la perfection par des experts et l\u00e9g\u00e8rement sal\u00e9es, offre un en-cas savoureux qui rassasie les fringales.<\/li>\n\n\n\n<li><strong>Cacahu\u00e8tes de haute qualit\u00e9 :<\/strong> Elles proviennent de fournisseurs de cacahu\u00e8tes de qualit\u00e9 sup\u00e9rieure, ce qui garantit que nos cacahu\u00e8tes grill\u00e9es en gros seront fra\u00eeches, croquantes et d'un go\u00fbt sup\u00e9rieur \u00e0 chaque bouch\u00e9e.<\/li>\n\n\n\n<li><strong>Avantages pour la sant\u00e9 : <\/strong>Nos cacahu\u00e8tes grill\u00e9es en vrac sont des centrales qui contiennent une quantit\u00e9 parfaite de prot\u00e9ines, de fibres et d'autres nutriments essentiels, ce qui en fait l'une des options de grignotage les plus saines.<\/li>\n\n\n\n<li><strong>Personnalisable Emballage : <\/strong>Lucky Fruit fournit des cacahu\u00e8tes grill\u00e9es en gros, accompagn\u00e9es de diverses solutions d'emballage afin de personnaliser le produit en fonction de votre marque et des exigences du march\u00e9, ce qui rend votre entreprise plus attrayante.<\/li>\n<\/ol>\n<\/div>\n\n\n\n<div class=\"wp-block-column is-layout-flow wp-block-column-is-layout-flow\">\n<figure class=\"wp-block-image size-full\"><img fetchpriority=\"high\" decoding=\"async\" width=\"750\" height=\"750\" src=\"https:\/\/jxgchocolate.com\/wp-content\/uploads\/2024\/06\/bulk-roasted-peanuts-wholesale-roasted-peanuts-in-bulk-4.webp\" alt=\"bulk-roasted-peanuts-wholesale-roasted-peanuts-in-bulk-4\" class=\"wp-image-28335\" srcset=\"https:\/\/jxgchocolate.com\/wp-content\/uploads\/2024\/06\/bulk-roasted-peanuts-wholesale-roasted-peanuts-in-bulk-4.webp 750w, https:\/\/jxgchocolate.com\/wp-content\/uploads\/2024\/06\/bulk-roasted-peanuts-wholesale-roasted-peanuts-in-bulk-4-300x300.webp 300w, https:\/\/jxgchocolate.com\/wp-content\/uploads\/2024\/06\/bulk-roasted-peanuts-wholesale-roasted-peanuts-in-bulk-4-150x150.webp 150w, https:\/\/jxgchocolate.com\/wp-content\/uploads\/2024\/06\/bulk-roasted-peanuts-wholesale-roasted-peanuts-in-bulk-4-430x430.webp 430w, https:\/\/jxgchocolate.com\/wp-content\/uploads\/2024\/06\/bulk-roasted-peanuts-wholesale-roasted-peanuts-in-bulk-4-700x700.webp 700w\" sizes=\"(max-width: 750px) 100vw, 750px\" \/><\/figure>\n<\/div>\n<\/div>","protected":false},"excerpt":{"rendered":"<p>Bienvenue \u00e0 l'achat de cacahu\u00e8tes grill\u00e9es en gros. Nos cacahu\u00e8tes grill\u00e9es sal\u00e9es en vrac offrent un go\u00fbt plein et savoureux avec des cacahu\u00e8tes fra\u00eeches et de haute qualit\u00e9. Elles contiennent beaucoup de prot\u00e9ines et d'autres nutriments vitaux, et sont donc tr\u00e8s saines \u00e0 grignoter. L'emballage \u00e9tant r\u00e9alis\u00e9 \u00e0 la demande, vous pouvez le personnaliser en fonction de votre marque et des exigences de votre march\u00e9 cible, ce qui ajoute une grande valeur \u00e0 votre entreprise.<\/p>\n<table style=\"border-collapse: collapse; width: 275.02pt;\" border=\"0\" width=\"275\" cellspacing=\"0\" cellpadding=\"0\">\n<tbody>\n<tr style=\"height: 17.60pt;\">\n<td class=\"et3\" style=\"height: 17.60pt; width: 108.35pt;\" width=\"108\" height=\"17\">Fabricant<\/td>\n<td class=\"et3\" style=\"width: 167.10pt;\" width=\"167\">Le fruit de la chance<\/td>\n<\/tr>\n<tr style=\"height: 17.60pt;\">\n<td class=\"et3\" style=\"height: 17.60pt;\" height=\"17\">MOD\u00c8LE NO.<\/td>\n<td class=\"et3\">JXG20<\/td>\n<\/tr>\n<tr style=\"height: 17.60pt;\">\n<td class=\"et3\" style=\"height: 17.60pt;\" height=\"17\">Type<\/td>\n<td class=\"et3\">Cacahu\u00e8tes grill\u00e9es<\/td>\n<\/tr>\n<tr style=\"height: 17.60pt;\">\n<td class=\"et3\" style=\"height: 17.60pt;\" height=\"17\">Emballage<\/td>\n<td class=\"et3\">Emballage de la bo\u00eete<\/td>\n<\/tr>\n<tr style=\"height: 17.60pt;\">\n<td class=\"et3\" style=\"height: 17.60pt;\" height=\"17\">Sp\u00e9cifications<\/td>\n<td class=\"et3\">20pcs*24 sacs<\/td>\n<\/tr>\n<tr style=\"height: 17.60pt;\">\n<td class=\"et3\" style=\"height: 17.60pt;\" height=\"17\">Taille du carton<\/td>\n<td class=\"et3\">\n<p class=\"p1\">58*37*36cm<\/p>\n<\/td>\n<\/tr>\n<tr style=\"height: 17.60pt;\">\n<td class=\"et3\" style=\"height: 17.60pt;\" height=\"17\">N.W \/SET<\/td>\n<td class=\"et3\">\n<p class=\"p1\">16g*20pcs*24bags<\/p>\n<\/td>\n<\/tr>\n<tr style=\"height: 17.60pt;\">\n<td class=\"et3\" style=\"height: 17.60pt;\" height=\"17\">Couleur<\/td>\n<td class=\"et3\">\/<\/td>\n<\/tr>\n<tr style=\"height: 17.60pt;\">\n<td class=\"et3\" style=\"height: 17.60pt;\" height=\"17\">MOQ<\/td>\n<td class=\"et3\">500 cartons<\/td>\n<\/tr>\n<tr style=\"height: 17.60pt;\">\n<td class=\"et3\" style=\"height: 17.60pt;\" height=\"17\">Personnalisation<\/td>\n<td class=\"et3\">Emballage\/LOGO<\/td>\n<\/tr>\n<\/tbody>\n<\/table>","protected":false},"featured_media":28426,"comment_status":"closed","ping_status":"closed","template":"","meta":[],"product_cat":[77],"product_tag":[],"class_list":{"0":"post-28331","1":"product","2":"type-product","3":"status-publish","4":"has-post-thumbnail","6":"product_cat-wholesale-roasted-peanuts","8":"first","9":"instock","10":"shipping-taxable","11":"product-type-simple"},"_links":{"self":[{"href":"https:\/\/jxgchocolate.com\/fr\/wp-json\/wp\/v2\/product\/28331","targetHints":{"allow":["GET"]}}],"collection":[{"href":"https:\/\/jxgchocolate.com\/fr\/wp-json\/wp\/v2\/product"}],"about":[{"href":"https:\/\/jxgchocolate.com\/fr\/wp-json\/wp\/v2\/types\/product"}],"replies":[{"embeddable":true,"href":"https:\/\/jxgchocolate.com\/fr\/wp-json\/wp\/v2\/comments?post=28331"}],"version-history":[{"count":0,"href":"https:\/\/jxgchocolate.com\/fr\/wp-json\/wp\/v2\/product\/28331\/revisions"}],"wp:featuredmedia":[{"embeddable":true,"href":"https:\/\/jxgchocolate.com\/fr\/wp-json\/wp\/v2\/media\/28426"}],"wp:attachment":[{"href":"https:\/\/jxgchocolate.com\/fr\/wp-json\/wp\/v2\/media?parent=28331"}],"wp:term":[{"taxonomy":"product_cat","embeddable":true,"href":"https:\/\/jxgchocolate.com\/fr\/wp-json\/wp\/v2\/product_cat?post=28331"},{"taxonomy":"product_tag","embeddable":true,"href":"https:\/\/jxgchocolate.com\/fr\/wp-json\/wp\/v2\/product_tag?post=28331"}],"curies":[{"name":"wp","href":"https:\/\/api.w.org\/{rel}","templated":true}]}}