{"id":28341,"date":"2024-06-22T01:32:53","date_gmt":"2024-06-22T01:32:53","guid":{"rendered":"https:\/\/jxgchocolate.com\/?post_type=product&#038;p=28341"},"modified":"2025-03-08T05:31:46","modified_gmt":"2025-03-08T05:31:46","slug":"chocolate-popping-candy-in-bulk","status":"publish","type":"product","link":"https:\/\/jxgchocolate.com\/fr\/produit\/chocolate-popping-candy-in-bulk\/","title":{"rendered":"Bonbons innovants au chocolat en vrac dans un emballage personnalis\u00e9"},"content":{"rendered":"<div class=\"wp-block-columns is-layout-flex wp-container-core-columns-is-layout-9d6595d7 wp-block-columns-is-layout-flex\">\n<div class=\"wp-block-column is-vertically-aligned-center is-layout-flow wp-block-column-is-layout-flow\">\n<h3 class=\"wp-block-heading\">Bonbons \u00e0 \u00e9clater au chocolat de premi\u00e8re qualit\u00e9 en vrac Caract\u00e9ristiques :<\/h3>\n\n\n\n<ul class=\"wp-block-list\">\n<li><strong>Un go\u00fbt unique : <\/strong>Nos bonbons \u00e0 \u00e9clater au chocolat en gros combinent un riche go\u00fbt de chocolat et la sensation d'\u00e9clatement du bonbon pour cr\u00e9er une exp\u00e9rience de grignotage \u00e0 la fois captivante et \u00e0 la mode.<\/li>\n\n\n\n<li><strong>Ingr\u00e9dients de haute qualit\u00e9 : <\/strong>Notre chocolat \u00e0 \u00e9clater en vrac est fabriqu\u00e9 \u00e0 partir de chocolat de la meilleure qualit\u00e9 et de bonbons \u00e0 \u00e9clater de premi\u00e8re qualit\u00e9 pour offrir une exp\u00e9rience d\u00e9licieuse et satisfaisante \u00e0 chaque bouch\u00e9e.<\/li>\n\n\n\n<li><strong>Appel universel : <\/strong>Ces bonbons \u00e0 \u00e9clater au chocolat en gros sont parfaits pour les f\u00eates, ainsi que pour le grignotage de tous les jours, et ils plaisent aux enfants comme aux adultes.<\/li>\n\n\n\n<li><strong>Choix adaptatifs en vrac : <\/strong>Avec un emballage en vrac personnalisable, notre chocolat \u00e0 \u00e9clater en vrac s'adapte \u00e0 votre marque et aux besoins du march\u00e9, ajoutant ainsi de la valeur \u00e0 la gamme de produits de votre entreprise.<\/li>\n<\/ul>\n<\/div>\n\n\n\n<div class=\"wp-block-column is-layout-flow wp-block-column-is-layout-flow\">\n<figure class=\"wp-block-image size-full\"><img fetchpriority=\"high\" decoding=\"async\" width=\"568\" height=\"568\" src=\"https:\/\/jxgchocolate.com\/wp-content\/uploads\/2024\/04\/29c3788d0b874d25daa266923e2d6649.png\" alt=\"grossiste-chocolat-bonbons en vrac\" class=\"wp-image-27446\" srcset=\"https:\/\/jxgchocolate.com\/wp-content\/uploads\/2024\/04\/29c3788d0b874d25daa266923e2d6649.png 568w, https:\/\/jxgchocolate.com\/wp-content\/uploads\/2024\/04\/29c3788d0b874d25daa266923e2d6649-300x300.png 300w, https:\/\/jxgchocolate.com\/wp-content\/uploads\/2024\/04\/29c3788d0b874d25daa266923e2d6649-150x150.png 150w, https:\/\/jxgchocolate.com\/wp-content\/uploads\/2024\/04\/29c3788d0b874d25daa266923e2d6649-430x430.png 430w\" sizes=\"(max-width: 568px) 100vw, 568px\" \/><\/figure>\n<\/div>\n<\/div>\n\n\n\n<p><\/p>","protected":false},"excerpt":{"rendered":"<p>Bienvenue sur le site d'achat de chocolat \u00e0 \u00e9clater en vrac. Nos chocolats \u00e0 \u00e9clater en gros sont une combinaison exclusive de d\u00e9lices chocolat\u00e9s et d'excitation due aux chocolats \u00e0 \u00e9clater. Fabriqu\u00e9s avec des ingr\u00e9dients de premi\u00e8re qualit\u00e9, ils constituent une exp\u00e9rience de grignotage heureuse et agr\u00e9able. Pour toutes les occasions, avec des emballages en vrac pour r\u00e9pondre \u00e0 vos besoins commerciaux.<\/p>\n<table style=\"border-collapse: collapse; width: 275.02pt;\" border=\"0\" width=\"275\" cellspacing=\"0\" cellpadding=\"0\">\n<tbody>\n<tr style=\"height: 17.60pt;\">\n<td class=\"et3\" style=\"height: 17.60pt; width: 108.35pt;\" width=\"108\" height=\"17\">Fabricant<\/td>\n<td class=\"et3\" style=\"width: 167.10pt;\" width=\"167\">Le fruit de la chance<\/td>\n<\/tr>\n<tr style=\"height: 17.60pt;\">\n<td class=\"et3\" style=\"height: 17.60pt;\" height=\"17\">MOD\u00c8LE NO.<\/td>\n<td class=\"et3\">JXG21<\/td>\n<\/tr>\n<tr style=\"height: 17.60pt;\">\n<td class=\"et3\" style=\"height: 17.60pt;\" height=\"17\">Type<\/td>\n<td class=\"et3\">Bonbons \u00e0 \u00e9clater Chocolat<\/td>\n<\/tr>\n<tr style=\"height: 17.60pt;\">\n<td class=\"et3\" style=\"height: 17.60pt;\" height=\"17\">Emballage<\/td>\n<td class=\"et3\">Emballage de la bo\u00eete<\/td>\n<\/tr>\n<tr style=\"height: 17.60pt;\">\n<td class=\"et3\" style=\"height: 17.60pt;\" height=\"17\">Sp\u00e9cifications<\/td>\n<td class=\"et3\">20 sacs*12 bo\u00eetes<\/td>\n<\/tr>\n<tr style=\"height: 17.60pt;\">\n<td class=\"et3\" style=\"height: 17.60pt;\" height=\"17\">Taille du carton<\/td>\n<td class=\"et3\">47*32. 5*20. 5cm<\/td>\n<\/tr>\n<tr style=\"height: 17.60pt;\">\n<td class=\"et3\" style=\"height: 17.60pt;\" height=\"17\">N.W \/SET<\/td>\n<td class=\"et3\">30g*15bags*6boxes<\/td>\n<\/tr>\n<tr style=\"height: 17.60pt;\">\n<td class=\"et3\" style=\"height: 17.60pt;\" height=\"17\">Couleur<\/td>\n<td class=\"et3\">Sombre<\/td>\n<\/tr>\n<tr style=\"height: 17.60pt;\">\n<td class=\"et3\" style=\"height: 17.60pt;\" height=\"17\">MOQ<\/td>\n<td class=\"et3\">500 cartons<\/td>\n<\/tr>\n<tr style=\"height: 17.60pt;\">\n<td class=\"et3\" style=\"height: 17.60pt;\" height=\"17\">Personnalisation<\/td>\n<td class=\"et3\">Emballage\/LOGO<\/td>\n<\/tr>\n<\/tbody>\n<\/table>","protected":false},"featured_media":28425,"comment_status":"closed","ping_status":"closed","template":"","meta":[],"product_cat":[76],"product_tag":[],"class_list":{"0":"post-28341","1":"product","2":"type-product","3":"status-publish","4":"has-post-thumbnail","6":"product_cat-wholesale-popping-candy-chocolate","8":"first","9":"instock","10":"shipping-taxable","11":"product-type-simple"},"_links":{"self":[{"href":"https:\/\/jxgchocolate.com\/fr\/wp-json\/wp\/v2\/product\/28341","targetHints":{"allow":["GET"]}}],"collection":[{"href":"https:\/\/jxgchocolate.com\/fr\/wp-json\/wp\/v2\/product"}],"about":[{"href":"https:\/\/jxgchocolate.com\/fr\/wp-json\/wp\/v2\/types\/product"}],"replies":[{"embeddable":true,"href":"https:\/\/jxgchocolate.com\/fr\/wp-json\/wp\/v2\/comments?post=28341"}],"version-history":[{"count":4,"href":"https:\/\/jxgchocolate.com\/fr\/wp-json\/wp\/v2\/product\/28341\/revisions"}],"predecessor-version":[{"id":29611,"href":"https:\/\/jxgchocolate.com\/fr\/wp-json\/wp\/v2\/product\/28341\/revisions\/29611"}],"wp:featuredmedia":[{"embeddable":true,"href":"https:\/\/jxgchocolate.com\/fr\/wp-json\/wp\/v2\/media\/28425"}],"wp:attachment":[{"href":"https:\/\/jxgchocolate.com\/fr\/wp-json\/wp\/v2\/media?parent=28341"}],"wp:term":[{"taxonomy":"product_cat","embeddable":true,"href":"https:\/\/jxgchocolate.com\/fr\/wp-json\/wp\/v2\/product_cat?post=28341"},{"taxonomy":"product_tag","embeddable":true,"href":"https:\/\/jxgchocolate.com\/fr\/wp-json\/wp\/v2\/product_tag?post=28341"}],"curies":[{"name":"wp","href":"https:\/\/api.w.org\/{rel}","templated":true}]}}