{"id":28350,"date":"2024-06-22T02:02:36","date_gmt":"2024-06-22T02:02:36","guid":{"rendered":"https:\/\/jxgchocolate.com\/?post_type=product&#038;p=28350"},"modified":"2024-11-02T08:32:34","modified_gmt":"2024-11-02T08:32:34","slug":"milk-chocolate-sunflower-seeds-bulk","status":"publish","type":"product","link":"https:\/\/jxgchocolate.com\/fr\/produit\/milk-chocolate-sunflower-seeds-bulk\/","title":{"rendered":"Graines de tournesol au chocolat au lait en vrac avec emballage personnalis\u00e9"},"content":{"rendered":"<div class=\"wp-block-columns is-layout-flex wp-container-core-columns-is-layout-9d6595d7 wp-block-columns-is-layout-flex\">\n<div class=\"wp-block-column is-layout-flow wp-block-column-is-layout-flow\">\n<h2 class=\"wp-block-heading\">Graines de tournesol au chocolat au lait Premium en vrac Caract\u00e9ristiques :<\/h2>\n\n\n\n<ul class=\"wp-block-list\">\n<li><strong>M\u00e9langer et se m\u00e9langer : <\/strong>La fra\u00eecheur de l'onctuosit\u00e9 du chocolat au lait combin\u00e9e au croquant des graines de tournesol grill\u00e9es, ce vrac de graines de tournesol au chocolat au lait taquine vraiment le go\u00fbt d'une d\u00e9licieuse friandise satisfaisante.<\/li>\n\n\n\n<li><strong>Les meilleurs ingr\u00e9dients :<\/strong> Nos graines de tournesol enrob\u00e9es de chocolat en vrac sont des versions plus fines du chocolat au lait et des graines de tournesol de qualit\u00e9 sup\u00e9rieure.<\/li>\n\n\n\n<li><strong>Une collation saine : <\/strong>Infus\u00e9 de prot\u00e9ines, de fibres et de graisses saines provenant de graines de tournesol, ce vrac de graines de tournesol au chocolat au lait est vraiment une option de grignotage saine.<\/li>\n\n\n\n<li><strong>Emballage en vrac disponible : <\/strong>En plus de l'emballage en vrac, nous pouvons personnaliser nos graines de tournesol enrob\u00e9es de chocolat en fonction de votre marque et des besoins du march\u00e9 afin d'ajouter plus d'attrait \u00e0 votre entreprise.<\/li>\n<\/ul>\n<\/div>\n\n\n\n<div class=\"wp-block-column is-layout-flow wp-block-column-is-layout-flow\">\n<figure class=\"wp-block-image size-full\"><img fetchpriority=\"high\" decoding=\"async\" width=\"4480\" height=\"4649\" src=\"https:\/\/jxgchocolate.com\/wp-content\/uploads\/2024\/06\/milk-chocolate-sunflower-seeds-bulk-1.webp\" alt=\"lait-chocolat-graines de tournesol-vrac-1\" class=\"wp-image-28351\" srcset=\"https:\/\/jxgchocolate.com\/wp-content\/uploads\/2024\/06\/milk-chocolate-sunflower-seeds-bulk-1.webp 4480w, https:\/\/jxgchocolate.com\/wp-content\/uploads\/2024\/06\/milk-chocolate-sunflower-seeds-bulk-1-289x300.webp 289w, https:\/\/jxgchocolate.com\/wp-content\/uploads\/2024\/06\/milk-chocolate-sunflower-seeds-bulk-1-768x797.webp 768w, https:\/\/jxgchocolate.com\/wp-content\/uploads\/2024\/06\/milk-chocolate-sunflower-seeds-bulk-1-430x446.webp 430w, https:\/\/jxgchocolate.com\/wp-content\/uploads\/2024\/06\/milk-chocolate-sunflower-seeds-bulk-1-700x726.webp 700w, https:\/\/jxgchocolate.com\/wp-content\/uploads\/2024\/06\/milk-chocolate-sunflower-seeds-bulk-1-150x156.webp 150w\" sizes=\"(max-width: 4480px) 100vw, 4480px\" \/><\/figure>\n<\/div>\n<\/div>","protected":false},"excerpt":{"rendered":"<p>Achetez des graines de tournesol au chocolat au lait en vrac, un en-cas addictif. Chacun de ces produits contient des ingr\u00e9dients de qualit\u00e9 sup\u00e9rieure, des \u00e9l\u00e9ments nutritifs essentiels et des friandises saines. L'emballage peut \u00eatre personnalis\u00e9 en fonction de votre marque et des besoins du march\u00e9.<\/p>\n<table width=\"275\">\n<tbody>\n<tr>\n<td width=\"108\">Fabricant<\/td>\n<td width=\"167\">Le fruit de la chance<\/td>\n<\/tr>\n<tr>\n<td>MOD\u00c8LE NO.<\/td>\n<td>JXG22<\/td>\n<\/tr>\n<tr>\n<td>Type<\/td>\n<td>Graines de tournesol au chocolat\u00a0<\/td>\n<\/tr>\n<tr>\n<td>Emballage<\/td>\n<td>Emballage des sacs<\/td>\n<\/tr>\n<tr>\n<td>Sp\u00e9cifications<\/td>\n<td>24 sacs<\/td>\n<\/tr>\n<tr>\n<td>Taille du carton<\/td>\n<td>44*29*27,5 cm<\/td>\n<\/tr>\n<tr>\n<td>N.W \/SET<\/td>\n<td>158g*24 sacs<\/td>\n<\/tr>\n<tr>\n<td>Couleur<\/td>\n<td>Blanc<\/td>\n<\/tr>\n<tr>\n<td>MOQ<\/td>\n<td>500 cartons<\/td>\n<\/tr>\n<tr>\n<td>Personnalisation<\/td>\n<td>Emballage\/LOGO<\/td>\n<\/tr>\n<\/tbody>\n<\/table>","protected":false},"featured_media":28429,"comment_status":"closed","ping_status":"closed","template":"","meta":[],"product_cat":[72],"product_tag":[],"class_list":{"0":"post-28350","1":"product","2":"type-product","3":"status-publish","4":"has-post-thumbnail","6":"product_cat-wholesale-chocolate-covered-sunflower-seeds","8":"first","9":"instock","10":"shipping-taxable","11":"product-type-simple"},"_links":{"self":[{"href":"https:\/\/jxgchocolate.com\/fr\/wp-json\/wp\/v2\/product\/28350","targetHints":{"allow":["GET"]}}],"collection":[{"href":"https:\/\/jxgchocolate.com\/fr\/wp-json\/wp\/v2\/product"}],"about":[{"href":"https:\/\/jxgchocolate.com\/fr\/wp-json\/wp\/v2\/types\/product"}],"replies":[{"embeddable":true,"href":"https:\/\/jxgchocolate.com\/fr\/wp-json\/wp\/v2\/comments?post=28350"}],"version-history":[{"count":0,"href":"https:\/\/jxgchocolate.com\/fr\/wp-json\/wp\/v2\/product\/28350\/revisions"}],"wp:featuredmedia":[{"embeddable":true,"href":"https:\/\/jxgchocolate.com\/fr\/wp-json\/wp\/v2\/media\/28429"}],"wp:attachment":[{"href":"https:\/\/jxgchocolate.com\/fr\/wp-json\/wp\/v2\/media?parent=28350"}],"wp:term":[{"taxonomy":"product_cat","embeddable":true,"href":"https:\/\/jxgchocolate.com\/fr\/wp-json\/wp\/v2\/product_cat?post=28350"},{"taxonomy":"product_tag","embeddable":true,"href":"https:\/\/jxgchocolate.com\/fr\/wp-json\/wp\/v2\/product_tag?post=28350"}],"curies":[{"name":"wp","href":"https:\/\/api.w.org\/{rel}","templated":true}]}}