{"id":28357,"date":"2024-06-22T02:12:32","date_gmt":"2024-06-22T02:12:32","guid":{"rendered":"https:\/\/jxgchocolate.com\/?post_type=product&#038;p=28357"},"modified":"2024-11-02T08:42:19","modified_gmt":"2024-11-02T08:42:19","slug":"dark-chocolate-sunflower-seeds-bulk","status":"publish","type":"product","link":"https:\/\/jxgchocolate.com\/fr\/produit\/dark-chocolate-sunflower-seeds-bulk\/","title":{"rendered":"Graines de tournesol au chocolat noir en vrac avec emballage personnalis\u00e9"},"content":{"rendered":"<div class=\"wp-block-columns is-layout-flex wp-container-core-columns-is-layout-9d6595d7 wp-block-columns-is-layout-flex\">\n<div class=\"wp-block-column is-layout-flow wp-block-column-is-layout-flow\">\n<h2 class=\"wp-block-heading\">Graines de tournesol Premium au chocolat noir en vrac Caract\u00e9ristiques :<\/h2>\n\n\n\n<ul class=\"wp-block-list\">\n<li><strong>Saveur riche : <\/strong>La combinaison du go\u00fbt doux du chocolat noir et de la texture croquante des graines de tournesol torr\u00e9fi\u00e9es - que dire ? Ces graines de tournesol en vrac au chocolat noir constituent une g\u00e2terie vraiment sophistiqu\u00e9e et d\u00e9lectable.<\/li>\n\n\n\n<li><strong>Ingr\u00e9dients de haute qualit\u00e9 : <\/strong>Nos graines de tournesol enrob\u00e9es de chocolat en vrac sont une combinaison de chocolat noir de la meilleure qualit\u00e9 et de graines de tournesol de premi\u00e8re qualit\u00e9 pour rendre chaque bouch\u00e9e si d\u00e9lectable et de qualit\u00e9 sup\u00e9rieure.<\/li>\n\n\n\n<li><strong>Option de collation saine :<\/strong> Avec tous les \u00e9l\u00e9ments nutritifs essentiels que sont les prot\u00e9ines, les fibres et les antioxydants de nos graines de tournesol au chocolat noir en vrac, il s'agit vraiment d'un plaisir sain.<\/li>\n\n\n\n<li><strong>Paquet personnalisable : <\/strong>Nous fournissons des graines de tournesol enrob\u00e9es de chocolat en vrac et proposons des options d'emballage flexibles. Il sera tr\u00e8s facile d'adapter vos graines de tournesol enrob\u00e9es de chocolat \u00e0 votre marque et \u00e0 votre march\u00e9 actuel pour faciliter la promotion, ce qui augmentera l'accessibilit\u00e9 de votre produit.<\/li>\n<\/ul>\n<\/div>\n\n\n\n<div class=\"wp-block-column is-layout-flow wp-block-column-is-layout-flow\">\n<figure class=\"wp-block-image size-full\"><img fetchpriority=\"high\" decoding=\"async\" width=\"4480\" height=\"4480\" src=\"https:\/\/jxgchocolate.com\/wp-content\/uploads\/2024\/06\/dark-chocolate-sunflower-seeds-bulk-4.webp\" alt=\"graines de tournesol au chocolat noir en vrac-4\" class=\"wp-image-28361\" srcset=\"https:\/\/jxgchocolate.com\/wp-content\/uploads\/2024\/06\/dark-chocolate-sunflower-seeds-bulk-4.webp 4480w, https:\/\/jxgchocolate.com\/wp-content\/uploads\/2024\/06\/dark-chocolate-sunflower-seeds-bulk-4-300x300.webp 300w, https:\/\/jxgchocolate.com\/wp-content\/uploads\/2024\/06\/dark-chocolate-sunflower-seeds-bulk-4-150x150.webp 150w, https:\/\/jxgchocolate.com\/wp-content\/uploads\/2024\/06\/dark-chocolate-sunflower-seeds-bulk-4-768x768.webp 768w, https:\/\/jxgchocolate.com\/wp-content\/uploads\/2024\/06\/dark-chocolate-sunflower-seeds-bulk-4-430x430.webp 430w, https:\/\/jxgchocolate.com\/wp-content\/uploads\/2024\/06\/dark-chocolate-sunflower-seeds-bulk-4-700x700.webp 700w\" sizes=\"(max-width: 4480px) 100vw, 4480px\" \/><\/figure>\n<\/div>\n<\/div>","protected":false},"excerpt":{"rendered":"<p>Bienvenue sur le site de Lucky Fruit pour l'achat d'en-cas chocolat\u00e9s. Nos graines de tournesol au chocolat noir en vrac combinent le go\u00fbt riche et doux du chocolat noir avec la texture croquante des graines de tournesol grill\u00e9es. Elles sont pr\u00e9par\u00e9es avec une fine s\u00e9lection d'ingr\u00e9dients pour fournir un en-cas sain et plein de nutriments essentiels. Vous pouvez composer le paquet en fonction de vos besoins.<\/p>\n<table width=\"275\">\n<tbody>\n<tr>\n<td width=\"108\">Fabricant<\/td>\n<td width=\"167\">Le fruit de la chance<\/td>\n<\/tr>\n<tr>\n<td>MOD\u00c8LE NO.<\/td>\n<td>JXG23<\/td>\n<\/tr>\n<tr>\n<td>Type<\/td>\n<td>Graines de tournesol au chocolat\u00a0<\/td>\n<\/tr>\n<tr>\n<td>Emballage<\/td>\n<td>Emballage des sacs<\/td>\n<\/tr>\n<tr>\n<td>Sp\u00e9cifications<\/td>\n<td>24 sacs<\/td>\n<\/tr>\n<tr>\n<td>Taille du carton<\/td>\n<td>44*29*27,5 cm<\/td>\n<\/tr>\n<tr>\n<td>N.W \/SET<\/td>\n<td>158g*24 sacs<\/td>\n<\/tr>\n<tr>\n<td>Couleur<\/td>\n<td>Sombre<\/td>\n<\/tr>\n<tr>\n<td>MOQ<\/td>\n<td>500 cartons<\/td>\n<\/tr>\n<tr>\n<td>Personnalisation<\/td>\n<td>Emballage\/LOGO<\/td>\n<\/tr>\n<\/tbody>\n<\/table>","protected":false},"featured_media":28430,"comment_status":"closed","ping_status":"closed","template":"","meta":[],"product_cat":[72],"product_tag":[],"class_list":{"0":"post-28357","1":"product","2":"type-product","3":"status-publish","4":"has-post-thumbnail","6":"product_cat-wholesale-chocolate-covered-sunflower-seeds","8":"first","9":"instock","10":"shipping-taxable","11":"product-type-simple"},"_links":{"self":[{"href":"https:\/\/jxgchocolate.com\/fr\/wp-json\/wp\/v2\/product\/28357","targetHints":{"allow":["GET"]}}],"collection":[{"href":"https:\/\/jxgchocolate.com\/fr\/wp-json\/wp\/v2\/product"}],"about":[{"href":"https:\/\/jxgchocolate.com\/fr\/wp-json\/wp\/v2\/types\/product"}],"replies":[{"embeddable":true,"href":"https:\/\/jxgchocolate.com\/fr\/wp-json\/wp\/v2\/comments?post=28357"}],"version-history":[{"count":0,"href":"https:\/\/jxgchocolate.com\/fr\/wp-json\/wp\/v2\/product\/28357\/revisions"}],"wp:featuredmedia":[{"embeddable":true,"href":"https:\/\/jxgchocolate.com\/fr\/wp-json\/wp\/v2\/media\/28430"}],"wp:attachment":[{"href":"https:\/\/jxgchocolate.com\/fr\/wp-json\/wp\/v2\/media?parent=28357"}],"wp:term":[{"taxonomy":"product_cat","embeddable":true,"href":"https:\/\/jxgchocolate.com\/fr\/wp-json\/wp\/v2\/product_cat?post=28357"},{"taxonomy":"product_tag","embeddable":true,"href":"https:\/\/jxgchocolate.com\/fr\/wp-json\/wp\/v2\/product_tag?post=28357"}],"curies":[{"name":"wp","href":"https:\/\/api.w.org\/{rel}","templated":true}]}}