{"id":28365,"date":"2024-06-22T02:25:03","date_gmt":"2024-06-22T02:25:03","guid":{"rendered":"https:\/\/jxgchocolate.com\/?post_type=product&#038;p=28365"},"modified":"2025-03-08T05:45:57","modified_gmt":"2025-03-08T05:45:57","slug":"bulk-milk-chocolate-covered-peanuts","status":"publish","type":"product","link":"https:\/\/jxgchocolate.com\/fr\/produit\/bulk-milk-chocolate-covered-peanuts\/","title":{"rendered":"Cacahu\u00e8tes enrob\u00e9es de chocolat au lait en vrac emball\u00e9es individuellement"},"content":{"rendered":"<div class=\"wp-block-columns is-layout-flex wp-container-core-columns-is-layout-9d6595d7 wp-block-columns-is-layout-flex\">\n<div class=\"wp-block-column is-layout-flow wp-block-column-is-layout-flow\">\n<h2 class=\"wp-block-heading\">Cacahu\u00e8tes enrob\u00e9es de chocolat au lait en vrac de qualit\u00e9 sup\u00e9rieure Caract\u00e9ristiques :<\/h2>\n\n\n\n<ul class=\"wp-block-list\">\n<li><strong>Saveur riche et intense : <\/strong>Nos cacahu\u00e8tes enrob\u00e9es de chocolat au lait en vrac sont recouvertes d'une couche de chocolat au lait lisse de premi\u00e8re qualit\u00e9. Elles offrent un double go\u00fbt : la douceur du chocolat et la saveur croquante des cacahu\u00e8tes, qui se m\u00e9langent parfaitement dans la bouche.<\/li>\n\n\n\n<li><strong>S\u00e9lectionnez des ingr\u00e9dients de haute qualit\u00e9 : <\/strong>Nous s\u00e9lectionnons les cacahu\u00e8tes les plus fines et les plus fra\u00eeches, puis nous les faisons fondre dans un chocolat au lait lisse et de qualit\u00e9 sup\u00e9rieure pour parfaire la fra\u00eecheur n\u00e9cessaire \u00e0 l'\u00e9quilibre de chaque cacahu\u00e8te enrob\u00e9e de chocolat en vrac \u00e0 double trempage, avec du croquant et une riche saveur de chocolat.<\/li>\n\n\n\n<li><strong>Emballage flexible et personnalis\u00e9 : <\/strong>Pour les cacahu\u00e8tes enrob\u00e9es de chocolat au lait en vrac, nous disposons d'une gamme d'emballages personnalis\u00e9s, tels que des bo\u00eetes-cadeaux, des petits emballages individuels et des emballages en vrac, qui r\u00e9pondent aux diff\u00e9rents besoins des marques et des clients. Qu'il s'agisse d'emballage pour la vente au d\u00e9tail ou de personnalisation de cadeaux pour des occasions sp\u00e9ciales, vous pouvez concevoir un mode d'emballage unique bas\u00e9 sur le positionnement de votre marque et les besoins du march\u00e9.<\/li>\n\n\n\n<li><strong>Approvisionnement en vrac, adapt\u00e9 \u00e0 une vari\u00e9t\u00e9 d'utilisations commerciales : <\/strong>Nos cacahu\u00e8tes enrob\u00e9es de chocolat \u00e0 double trempage en vrac peuvent \u00eatre achet\u00e9es en vrac. Que vous soyez un supermarch\u00e9, une boutique de cadeaux ou un d\u00e9taillant en alimentation, nos produits vous permettront de b\u00e9n\u00e9ficier d'un approvisionnement stable et d'un service efficace, satisfaisant les achats \u00e0 grande \u00e9chelle.<\/li>\n<\/ul>\n<\/div>\n\n\n\n<div class=\"wp-block-column is-layout-flow wp-block-column-is-layout-flow\">\n<figure class=\"wp-block-image size-full\"><img fetchpriority=\"high\" decoding=\"async\" width=\"3873\" height=\"3873\" src=\"https:\/\/jxgchocolate.com\/wp-content\/uploads\/2024\/06\/bulk-milk-chocolate-covered-peanuts-2.webp\" alt=\"bulk-milk-chocolate-covered-peanuts-2\" class=\"wp-image-28367\" srcset=\"https:\/\/jxgchocolate.com\/wp-content\/uploads\/2024\/06\/bulk-milk-chocolate-covered-peanuts-2.webp 3873w, https:\/\/jxgchocolate.com\/wp-content\/uploads\/2024\/06\/bulk-milk-chocolate-covered-peanuts-2-300x300.webp 300w, https:\/\/jxgchocolate.com\/wp-content\/uploads\/2024\/06\/bulk-milk-chocolate-covered-peanuts-2-150x150.webp 150w, https:\/\/jxgchocolate.com\/wp-content\/uploads\/2024\/06\/bulk-milk-chocolate-covered-peanuts-2-768x768.webp 768w, https:\/\/jxgchocolate.com\/wp-content\/uploads\/2024\/06\/bulk-milk-chocolate-covered-peanuts-2-430x430.webp 430w, https:\/\/jxgchocolate.com\/wp-content\/uploads\/2024\/06\/bulk-milk-chocolate-covered-peanuts-2-700x700.webp 700w\" sizes=\"(max-width: 3873px) 100vw, 3873px\" \/><\/figure>\n<\/div>\n<\/div>\n\n\n\n<p><\/p>","protected":false},"excerpt":{"rendered":"<p>Acheter des cacahu\u00e8tes au chocolat en vrac. Nos cacahu\u00e8tes enrob\u00e9es de chocolat au lait en vrac m\u00e9langent parfaitement les cacahu\u00e8tes croustillantes et le chocolat au lait onctueux, pour un double plaisir d\u00e9licieux. L'achat en gros est possible, l'emballage peut \u00eatre personnalis\u00e9, ce qui convient \u00e0 la vente au d\u00e9tail, aux cadeaux, aux achats d'entreprise, vous aidant \u00e0 vous d\u00e9marquer lors de diff\u00e9rentes occasions d'affaires.<\/p>\n<table width=\"275\">\n<tbody>\n<tr>\n<td width=\"108\">Fabricant<\/td>\n<td width=\"167\">Le fruit de la chance<\/td>\n<\/tr>\n<tr>\n<td>MOD\u00c8LE NO.<\/td>\n<td>JXG24<\/td>\n<\/tr>\n<tr>\n<td>Type<\/td>\n<td>Cacahu\u00e8tes au chocolat<\/td>\n<\/tr>\n<tr>\n<td>Emballage<\/td>\n<td>Emballage des sacs<\/td>\n<\/tr>\n<tr>\n<td>Sp\u00e9cifications<\/td>\n<td>24 sacs<\/td>\n<\/tr>\n<tr>\n<td>Taille du carton<\/td>\n<td>44*29*27,5 cm<\/td>\n<\/tr>\n<tr>\n<td>N.W \/SET<\/td>\n<td>158g*24 sacs<\/td>\n<\/tr>\n<tr>\n<td>Couleur<\/td>\n<td>Blanc<\/td>\n<\/tr>\n<tr>\n<td>MOQ<\/td>\n<td>500 cartons<\/td>\n<\/tr>\n<tr>\n<td>Personnalisation<\/td>\n<td>Emballage\/LOGO<\/td>\n<\/tr>\n<\/tbody>\n<\/table>","protected":false},"featured_media":28428,"comment_status":"closed","ping_status":"closed","template":"","meta":[],"product_cat":[73],"product_tag":[],"class_list":{"0":"post-28365","1":"product","2":"type-product","3":"status-publish","4":"has-post-thumbnail","6":"product_cat-wholesale-chocolate-covered-peanuts","8":"first","9":"instock","10":"shipping-taxable","11":"product-type-simple"},"_links":{"self":[{"href":"https:\/\/jxgchocolate.com\/fr\/wp-json\/wp\/v2\/product\/28365","targetHints":{"allow":["GET"]}}],"collection":[{"href":"https:\/\/jxgchocolate.com\/fr\/wp-json\/wp\/v2\/product"}],"about":[{"href":"https:\/\/jxgchocolate.com\/fr\/wp-json\/wp\/v2\/types\/product"}],"replies":[{"embeddable":true,"href":"https:\/\/jxgchocolate.com\/fr\/wp-json\/wp\/v2\/comments?post=28365"}],"version-history":[{"count":0,"href":"https:\/\/jxgchocolate.com\/fr\/wp-json\/wp\/v2\/product\/28365\/revisions"}],"wp:featuredmedia":[{"embeddable":true,"href":"https:\/\/jxgchocolate.com\/fr\/wp-json\/wp\/v2\/media\/28428"}],"wp:attachment":[{"href":"https:\/\/jxgchocolate.com\/fr\/wp-json\/wp\/v2\/media?parent=28365"}],"wp:term":[{"taxonomy":"product_cat","embeddable":true,"href":"https:\/\/jxgchocolate.com\/fr\/wp-json\/wp\/v2\/product_cat?post=28365"},{"taxonomy":"product_tag","embeddable":true,"href":"https:\/\/jxgchocolate.com\/fr\/wp-json\/wp\/v2\/product_tag?post=28365"}],"curies":[{"name":"wp","href":"https:\/\/api.w.org\/{rel}","templated":true}]}}