{"id":28373,"date":"2024-06-22T02:33:36","date_gmt":"2024-06-22T02:33:36","guid":{"rendered":"https:\/\/jxgchocolate.com\/?post_type=product&#038;p=28373"},"modified":"2024-11-09T08:05:27","modified_gmt":"2024-11-09T08:05:27","slug":"wholesale-dark-chocolate-coated-peanuts","status":"publish","type":"product","link":"https:\/\/jxgchocolate.com\/fr\/produit\/wholesale-dark-chocolate-coated-peanuts\/","title":{"rendered":"Cacahu\u00e8tes enrob\u00e9es de chocolat noir en gros avec emballage personnalis\u00e9"},"content":{"rendered":"<div class=\"wp-block-columns is-layout-flex wp-container-core-columns-is-layout-9d6595d7 wp-block-columns-is-layout-flex\">\n<div class=\"wp-block-column is-layout-flow wp-block-column-is-layout-flow\">\n<h2 class=\"wp-block-heading\">Cacahu\u00e8tes enrob\u00e9es de chocolat noir Premium Wholesale Caract\u00e9ristiques :<\/h2>\n\n\n\n<ul class=\"wp-block-list\">\n<li><strong>M\u00e9lange d'ar\u00f4mes complexes :<\/strong> De la richesse de la saveur de notre chocolat noir en gros au croquant des cacahu\u00e8tes grill\u00e9es, ces d\u00e9licieuses cacahu\u00e8tes enrob\u00e9es de chocolat noir en gros cr\u00e9ent les moments de grignotage les plus d\u00e9licieux.<\/li>\n\n\n\n<li><strong>Ingr\u00e9dients de premi\u00e8re qualit\u00e9 :<\/strong> Ces cacahu\u00e8tes enrob\u00e9es de chocolat en vrac sont fabriqu\u00e9es \u00e0 partir de chocolat noir de haute qualit\u00e9 et de cacahu\u00e8tes de premi\u00e8re qualit\u00e9, ce qui permet de conserver une certaine homog\u00e9n\u00e9it\u00e9 dans chaque pi\u00e8ce et d'offrir un go\u00fbt de premi\u00e8re qualit\u00e9 aux consommateurs.<\/li>\n\n\n\n<li><strong>Des en-cas sains :<\/strong> Parmi les options d'en-cas les plus saines, nos cacahu\u00e8tes enrob\u00e9es de chocolat noir en gros sont tr\u00e8s appr\u00e9ci\u00e9es des consommateurs car elles contiennent un enrobage de chocolat noir enrichi de prot\u00e9ines, de fibres et d'antioxydants.<\/li>\n\n\n\n<li><strong>Emballages en vrac et flexibles : <\/strong>Nos cacahu\u00e8tes enrob\u00e9es de chocolat en vrac offrent des options d'emballage personnalis\u00e9es et flexibles qui permettent aux marques de se d\u00e9marquer et de commercialiser leurs produits de diverses mani\u00e8res afin de r\u00e9pondre aux nombreux besoins du march\u00e9.<\/li>\n<\/ul>\n<\/div>\n\n\n\n<div class=\"wp-block-column is-layout-flow wp-block-column-is-layout-flow\">\n<figure class=\"wp-block-image size-full\"><img fetchpriority=\"high\" decoding=\"async\" width=\"4480\" height=\"4480\" src=\"https:\/\/jxgchocolate.com\/wp-content\/uploads\/2024\/06\/wholesale-dark-chocolate-coated-peanuts-2.webp\" alt=\"grossiste-cacahu\u00e8tes enrob\u00e9es de chocolat noir-2\" class=\"wp-image-28375\" srcset=\"https:\/\/jxgchocolate.com\/wp-content\/uploads\/2024\/06\/wholesale-dark-chocolate-coated-peanuts-2.webp 4480w, https:\/\/jxgchocolate.com\/wp-content\/uploads\/2024\/06\/wholesale-dark-chocolate-coated-peanuts-2-300x300.webp 300w, https:\/\/jxgchocolate.com\/wp-content\/uploads\/2024\/06\/wholesale-dark-chocolate-coated-peanuts-2-150x150.webp 150w, https:\/\/jxgchocolate.com\/wp-content\/uploads\/2024\/06\/wholesale-dark-chocolate-coated-peanuts-2-768x768.webp 768w, https:\/\/jxgchocolate.com\/wp-content\/uploads\/2024\/06\/wholesale-dark-chocolate-coated-peanuts-2-430x430.webp 430w, https:\/\/jxgchocolate.com\/wp-content\/uploads\/2024\/06\/wholesale-dark-chocolate-coated-peanuts-2-700x700.webp 700w\" sizes=\"(max-width: 4480px) 100vw, 4480px\" \/><\/figure>\n<\/div>\n<\/div>\n\n\n\n<p><\/p>","protected":false},"excerpt":{"rendered":"<p>Achetez des cacahu\u00e8tes enrob\u00e9es de chocolat en gros. Nos cacahu\u00e8tes enrob\u00e9es de chocolat noir en gros m\u00e9langent le meilleur chocolat noir \u00e0 des cacahu\u00e8tes grill\u00e9es croustillantes pour former un en-cas super sophistiqu\u00e9 mais d\u00e9licieux. Fabriqu\u00e9s \u00e0 partir d'ingr\u00e9dients de qualit\u00e9 sup\u00e9rieure, ces produits sont nutritifs, sains et d\u00e9licieux. Nous pouvons fournir toutes sortes d'emballages personnalis\u00e9s pour r\u00e9pondre \u00e0 vos besoins en mati\u00e8re d'image de marque et de marketing.<\/p>\n<table width=\"275\">\n<tbody>\n<tr>\n<td width=\"108\">Fabricant<\/td>\n<td width=\"167\">Le fruit de la chance<\/td>\n<\/tr>\n<tr>\n<td>MOD\u00c8LE NO.<\/td>\n<td>JXG25<\/td>\n<\/tr>\n<tr>\n<td>Type<\/td>\n<td>Cacahu\u00e8tes au chocolat<\/td>\n<\/tr>\n<tr>\n<td>Emballage<\/td>\n<td>Emballage des sacs<\/td>\n<\/tr>\n<tr>\n<td>Sp\u00e9cifications<\/td>\n<td>24 sacs<\/td>\n<\/tr>\n<tr>\n<td>Taille du carton<\/td>\n<td>44*29*27,5 cm<\/td>\n<\/tr>\n<tr>\n<td>N.W \/SET<\/td>\n<td>158g*24 sacs<\/td>\n<\/tr>\n<tr>\n<td>Couleur<\/td>\n<td>Sombre<\/td>\n<\/tr>\n<tr>\n<td>MOQ<\/td>\n<td>500 cartons<\/td>\n<\/tr>\n<tr>\n<td>Personnalisation<\/td>\n<td>Emballage\/LOGO<\/td>\n<\/tr>\n<\/tbody>\n<\/table>","protected":false},"featured_media":28427,"comment_status":"closed","ping_status":"closed","template":"","meta":[],"product_cat":[73],"product_tag":[],"class_list":{"0":"post-28373","1":"product","2":"type-product","3":"status-publish","4":"has-post-thumbnail","6":"product_cat-wholesale-chocolate-covered-peanuts","8":"first","9":"instock","10":"shipping-taxable","11":"product-type-simple"},"_links":{"self":[{"href":"https:\/\/jxgchocolate.com\/fr\/wp-json\/wp\/v2\/product\/28373","targetHints":{"allow":["GET"]}}],"collection":[{"href":"https:\/\/jxgchocolate.com\/fr\/wp-json\/wp\/v2\/product"}],"about":[{"href":"https:\/\/jxgchocolate.com\/fr\/wp-json\/wp\/v2\/types\/product"}],"replies":[{"embeddable":true,"href":"https:\/\/jxgchocolate.com\/fr\/wp-json\/wp\/v2\/comments?post=28373"}],"version-history":[{"count":0,"href":"https:\/\/jxgchocolate.com\/fr\/wp-json\/wp\/v2\/product\/28373\/revisions"}],"wp:featuredmedia":[{"embeddable":true,"href":"https:\/\/jxgchocolate.com\/fr\/wp-json\/wp\/v2\/media\/28427"}],"wp:attachment":[{"href":"https:\/\/jxgchocolate.com\/fr\/wp-json\/wp\/v2\/media?parent=28373"}],"wp:term":[{"taxonomy":"product_cat","embeddable":true,"href":"https:\/\/jxgchocolate.com\/fr\/wp-json\/wp\/v2\/product_cat?post=28373"},{"taxonomy":"product_tag","embeddable":true,"href":"https:\/\/jxgchocolate.com\/fr\/wp-json\/wp\/v2\/product_tag?post=28373"}],"curies":[{"name":"wp","href":"https:\/\/api.w.org\/{rel}","templated":true}]}}