{"id":28432,"date":"2024-06-29T07:19:36","date_gmt":"2024-06-29T07:19:36","guid":{"rendered":"https:\/\/jxgchocolate.com\/?post_type=product&#038;p=28432"},"modified":"2024-11-02T08:54:54","modified_gmt":"2024-11-02T08:54:54","slug":"bulk-chocolate-covered-sunflower-seeds","status":"publish","type":"product","link":"https:\/\/jxgchocolate.com\/fr\/produit\/bulk-chocolate-covered-sunflower-seeds\/","title":{"rendered":"Graines de tournesol enrob\u00e9es de chocolat en vrac et multicolores"},"content":{"rendered":"<div class=\"wp-block-columns is-layout-flex wp-container-core-columns-is-layout-9d6595d7 wp-block-columns-is-layout-flex\">\n<div class=\"wp-block-column is-layout-flow wp-block-column-is-layout-flow\">\n<h2 class=\"wp-block-heading\">Graines de tournesol enrob\u00e9es de chocolat en vrac de premi\u00e8re qualit\u00e9 Caract\u00e9ristiques :<\/h2>\n\n\n\n<ul class=\"wp-block-list\">\n<li><strong>Vari\u00e9t\u00e9 de couleurs : <\/strong>Des enrobages multicolores assortis et \u00e9blouissants ornent nos graines de tournesol enrob\u00e9es de chocolat en vrac, qui sont agr\u00e9ables \u00e0 l'\u0153il.<\/li>\n\n\n\n<li><strong>Bon go\u00fbt et bon pour la sant\u00e9 :<\/strong> Nos graines de tournesol au chocolat en gros associent des graines de tournesol croquantes \u00e0 un chocolat onctueux - une combinaison savoureuse et b\u00e9n\u00e9fique pour la sant\u00e9.<\/li>\n\n\n\n<li><strong>Un r\u00e9gal parfait :<\/strong> Qu'il s'agisse de f\u00eates, de mariages ou d'\u00e9v\u00e9nements d'entreprise, ces friandises color\u00e9es de graines de tournesol enrob\u00e9es de chocolat en vrac ajoutent de l'amusement et de la festivit\u00e9 \u00e0 tout type de rassemblement.<\/li>\n\n\n\n<li><strong>Paquet de collations personnalis\u00e9 :<\/strong> Il s'agit d'un paquet en vrac de graines de tournesol au chocolat qui vous permettra de ne jamais \u00eatre \u00e0 court, qu'il s'agisse d'entreprises \u00e0 fort volume, de traiteurs, d'\u00e9v\u00e9nements ou de vente en gros.<\/li>\n<\/ul>\n<\/div>\n\n\n\n<div class=\"wp-block-column is-layout-flow wp-block-column-is-layout-flow\">\n<figure class=\"wp-block-image size-full\"><img fetchpriority=\"high\" decoding=\"async\" width=\"1696\" height=\"1696\" src=\"https:\/\/jxgchocolate.com\/wp-content\/uploads\/2024\/06\/bulk-chocolate-covered-sunflower-seeds-3.webp\" alt=\"vrac-graines de tournesol enrob\u00e9es de chocolat-3\" class=\"wp-image-28435\" srcset=\"https:\/\/jxgchocolate.com\/wp-content\/uploads\/2024\/06\/bulk-chocolate-covered-sunflower-seeds-3.webp 1696w, https:\/\/jxgchocolate.com\/wp-content\/uploads\/2024\/06\/bulk-chocolate-covered-sunflower-seeds-3-300x300.webp 300w, https:\/\/jxgchocolate.com\/wp-content\/uploads\/2024\/06\/bulk-chocolate-covered-sunflower-seeds-3-150x150.webp 150w, https:\/\/jxgchocolate.com\/wp-content\/uploads\/2024\/06\/bulk-chocolate-covered-sunflower-seeds-3-768x768.webp 768w, https:\/\/jxgchocolate.com\/wp-content\/uploads\/2024\/06\/bulk-chocolate-covered-sunflower-seeds-3-430x430.webp 430w, https:\/\/jxgchocolate.com\/wp-content\/uploads\/2024\/06\/bulk-chocolate-covered-sunflower-seeds-3-700x700.webp 700w\" sizes=\"(max-width: 1696px) 100vw, 1696px\" \/><\/figure>\n<\/div>\n<\/div>\n\n\n\n<p><\/p>","protected":false},"excerpt":{"rendered":"<p>Achetez en gros des graines de tournesol enrob\u00e9es de chocolat aupr\u00e8s de l'usine. Sucr\u00e9es avec la richesse et l'onctuosit\u00e9 du chocolat, nos graines de tournesol enrob\u00e9es de chocolat en vrac ajoutent une texture croquante gr\u00e2ce aux graines de tournesol grill\u00e9es. Fabriqu\u00e9es \u00e0 partir d'ingr\u00e9dients de haute qualit\u00e9, elles constituent des en-cas sains contenant des nutriments vitaux.<\/p>\n<table width=\"275\">\n<tbody>\n<tr>\n<td width=\"108\">Fabricant<\/td>\n<td width=\"167\">Le fruit de la chance<\/td>\n<\/tr>\n<tr>\n<td>MOD\u00c8LE NO.<\/td>\n<td>JXG26<\/td>\n<\/tr>\n<tr>\n<td>Type<\/td>\n<td>Graines de tournesol au chocolat\u00a0<\/td>\n<\/tr>\n<tr>\n<td>Emballage<\/td>\n<td>Emballage des sacs<\/td>\n<\/tr>\n<tr>\n<td>Sp\u00e9cifications<\/td>\n<td>20 sacs*12 bo\u00eetes<\/td>\n<\/tr>\n<tr>\n<td>Taille du carton<\/td>\n<td>55*23*36cm<\/td>\n<\/tr>\n<tr>\n<td>N.W \/SET<\/td>\n<td>28g*20sacs*12bo\u00eetes<\/td>\n<\/tr>\n<tr>\n<td>Couleur<\/td>\n<td>Multi-couleurs<\/td>\n<\/tr>\n<tr>\n<td>MOQ<\/td>\n<td>500 cartons<\/td>\n<\/tr>\n<tr>\n<td>Personnalisation<\/td>\n<td>Emballage\/LOGO<\/td>\n<\/tr>\n<\/tbody>\n<\/table>","protected":false},"featured_media":28433,"comment_status":"closed","ping_status":"closed","template":"","meta":[],"product_cat":[72],"product_tag":[],"class_list":{"0":"post-28432","1":"product","2":"type-product","3":"status-publish","4":"has-post-thumbnail","6":"product_cat-wholesale-chocolate-covered-sunflower-seeds","8":"first","9":"instock","10":"shipping-taxable","11":"product-type-simple"},"_links":{"self":[{"href":"https:\/\/jxgchocolate.com\/fr\/wp-json\/wp\/v2\/product\/28432","targetHints":{"allow":["GET"]}}],"collection":[{"href":"https:\/\/jxgchocolate.com\/fr\/wp-json\/wp\/v2\/product"}],"about":[{"href":"https:\/\/jxgchocolate.com\/fr\/wp-json\/wp\/v2\/types\/product"}],"replies":[{"embeddable":true,"href":"https:\/\/jxgchocolate.com\/fr\/wp-json\/wp\/v2\/comments?post=28432"}],"version-history":[{"count":0,"href":"https:\/\/jxgchocolate.com\/fr\/wp-json\/wp\/v2\/product\/28432\/revisions"}],"wp:featuredmedia":[{"embeddable":true,"href":"https:\/\/jxgchocolate.com\/fr\/wp-json\/wp\/v2\/media\/28433"}],"wp:attachment":[{"href":"https:\/\/jxgchocolate.com\/fr\/wp-json\/wp\/v2\/media?parent=28432"}],"wp:term":[{"taxonomy":"product_cat","embeddable":true,"href":"https:\/\/jxgchocolate.com\/fr\/wp-json\/wp\/v2\/product_cat?post=28432"},{"taxonomy":"product_tag","embeddable":true,"href":"https:\/\/jxgchocolate.com\/fr\/wp-json\/wp\/v2\/product_tag?post=28432"}],"curies":[{"name":"wp","href":"https:\/\/api.w.org\/{rel}","templated":true}]}}