{"id":28443,"date":"2024-06-29T07:47:26","date_gmt":"2024-06-29T07:47:26","guid":{"rendered":"https:\/\/jxgchocolate.com\/?post_type=product&#038;p=28443"},"modified":"2024-11-11T02:57:16","modified_gmt":"2024-11-11T02:57:16","slug":"chocolate-gummy-wholesale","status":"publish","type":"product","link":"https:\/\/jxgchocolate.com\/fr\/produit\/chocolate-gummy-wholesale\/","title":{"rendered":"Gomme chocolat\u00e9e \u00e0 l'ar\u00f4me de p\u00eache en gros avec emballage en tonneau"},"content":{"rendered":"<div class=\"wp-block-columns is-layout-flex wp-container-core-columns-is-layout-9d6595d7 wp-block-columns-is-layout-flex\">\n<div class=\"wp-block-column is-vertically-aligned-center is-layout-flow wp-block-column-is-layout-flow\">\n<h3 class=\"wp-block-heading\">G\u00e9latine chocolat\u00e9e de premi\u00e8re qualit\u00e9 Caract\u00e9ristiques de la vente en gros :<\/h3>\n\n\n\n<ol class=\"wp-block-list\">\n<li><strong>Combinaison unique de saveurs : <\/strong>Satisfaites la tentation avec la combinaison in\u00e9vitable de la saveur de p\u00eache juteuse et du riche chocolat. Cette gomme chocolat\u00e9e en gros offre quelque chose qu'aucune autre gomme sur le march\u00e9 ne peut offrir.<\/li>\n\n\n\n<li><strong>Emballage attrayant de la barrique : <\/strong>Toutes nos boules de chocolat g\u00e9lifi\u00e9 en gros sont livr\u00e9es dans un emballage pratique et attrayant, pr\u00eat \u00e0 \u00eatre stock\u00e9 facilement et \u00e0 \u00eatre pr\u00e9sent\u00e9 dans n'importe quel environnement de vente au d\u00e9tail.<\/li>\n\n\n\n<li><strong>Bulk Wholesale Options : <\/strong>Parfait pour les entreprises, notre grossiste en bonbons g\u00e9lifi\u00e9s au chocolat s'assure qu'avec une demande aussi \u00e9lev\u00e9e pour ces bonbons, vous pouvez vous approvisionner et le faire \u00e0 un prix avantageux.<\/li>\n\n\n\n<li><strong>Parfait pour toutes les occasions :<\/strong> Parfaites pour des faveurs de f\u00eate, des cadeaux ou une simple g\u00e2terie pour \u00e9gayer la journ\u00e9e de n'importe qui, ces boules de chocolat gommeuses aromatis\u00e9es \u00e0 la p\u00eache conviendront parfaitement \u00e0 toutes les occasions.<\/li>\n<\/ol>\n<\/div>\n\n\n\n<div class=\"wp-block-column is-layout-flow wp-block-column-is-layout-flow\">\n<figure class=\"wp-block-image size-full\"><img fetchpriority=\"high\" decoding=\"async\" width=\"1500\" height=\"1500\" src=\"https:\/\/jxgchocolate.com\/wp-content\/uploads\/2024\/06\/1.webp\" alt=\"saveur p\u00eache-chocolat-gomme en gros-avec-un-emballage-en-baril\" class=\"wp-image-28444\" srcset=\"https:\/\/jxgchocolate.com\/wp-content\/uploads\/2024\/06\/1.webp 1500w, https:\/\/jxgchocolate.com\/wp-content\/uploads\/2024\/06\/1-300x300.webp 300w, https:\/\/jxgchocolate.com\/wp-content\/uploads\/2024\/06\/1-150x150.webp 150w, https:\/\/jxgchocolate.com\/wp-content\/uploads\/2024\/06\/1-768x768.webp 768w, https:\/\/jxgchocolate.com\/wp-content\/uploads\/2024\/06\/1-430x430.webp 430w, https:\/\/jxgchocolate.com\/wp-content\/uploads\/2024\/06\/1-700x700.webp 700w\" sizes=\"(max-width: 1500px) 100vw, 1500px\" \/><\/figure>\n<\/div>\n<\/div>","protected":false},"excerpt":{"rendered":"<p>Bienvenue sur le site de vente en gros de boules de chocolat gommeuses. Nos boules de chocolat gommeuses au go\u00fbt de p\u00eache combinent une p\u00eache juteuse avec un chocolat riche dans un emballage tonneau accrocheur. Id\u00e9ales pour la vente en gros, elles constituent une g\u00e2terie unique, parfaite pour les pr\u00e9sentoirs de vente au d\u00e9tail, les faveurs de f\u00eate et les cadeaux.<\/p>\n<table style=\"border-collapse: collapse; width: 275.02pt;\" border=\"0\" width=\"275\" cellspacing=\"0\" cellpadding=\"0\">\n<tbody>\n<tr style=\"height: 17.60pt;\">\n<td class=\"et3\" style=\"height: 17.60pt; width: 108.35pt;\" width=\"108\" height=\"17\">Fabricant<\/td>\n<td class=\"et3\" style=\"width: 167.10pt;\" width=\"167\">Le fruit de la chance<\/td>\n<\/tr>\n<tr style=\"height: 17.60pt;\">\n<td class=\"et3\" style=\"height: 17.60pt;\" height=\"17\">MOD\u00c8LE NO.<\/td>\n<td class=\"et3\">JXG27<\/td>\n<\/tr>\n<tr style=\"height: 17.60pt;\">\n<td class=\"et3\" style=\"height: 17.60pt;\" height=\"17\">Type<\/td>\n<td class=\"et3\">Bonbons gommeux au chocolat<\/td>\n<\/tr>\n<tr style=\"height: 17.60pt;\">\n<td class=\"et3\" style=\"height: 17.60pt;\" height=\"17\">Emballage<\/td>\n<td class=\"et3\">Emballage des f\u00fbts<\/td>\n<\/tr>\n<tr style=\"height: 17.60pt;\">\n<td class=\"et3\" style=\"height: 17.60pt;\" height=\"17\">Sp\u00e9cifications<\/td>\n<td class=\"et3\">24 bottels<\/td>\n<\/tr>\n<tr style=\"height: 17.60pt;\">\n<td class=\"et3\" style=\"height: 17.60pt;\" height=\"17\">Taille du carton<\/td>\n<td class=\"et3\">43*32.5*35.5cm<\/td>\n<\/tr>\n<tr style=\"height: 17.60pt;\">\n<td class=\"et3\" style=\"height: 17.60pt;\" height=\"17\">N.W \/SET<\/td>\n<td class=\"et3\">180g<\/td>\n<\/tr>\n<tr style=\"height: 17.60pt;\">\n<td class=\"et3\" style=\"height: 17.60pt;\" height=\"17\">Couleur<\/td>\n<td class=\"et3\">Sombre<\/td>\n<\/tr>\n<tr style=\"height: 17.60pt;\">\n<td class=\"et3\" style=\"height: 17.60pt;\" height=\"17\">MOQ<\/td>\n<td class=\"et3\">500 cartons<\/td>\n<\/tr>\n<tr style=\"height: 17.60pt;\">\n<td class=\"et3\" style=\"height: 17.60pt;\" height=\"17\">Personnalisation<\/td>\n<td class=\"et3\">Emballage\/LOGO<\/td>\n<\/tr>\n<\/tbody>\n<\/table>","protected":false},"featured_media":28454,"comment_status":"closed","ping_status":"closed","template":"","meta":[],"product_cat":[75],"product_tag":[],"class_list":{"0":"post-28443","1":"product","2":"type-product","3":"status-publish","4":"has-post-thumbnail","6":"product_cat-wholesale-gummy-chocolate","8":"first","9":"instock","10":"shipping-taxable","11":"product-type-simple"},"_links":{"self":[{"href":"https:\/\/jxgchocolate.com\/fr\/wp-json\/wp\/v2\/product\/28443","targetHints":{"allow":["GET"]}}],"collection":[{"href":"https:\/\/jxgchocolate.com\/fr\/wp-json\/wp\/v2\/product"}],"about":[{"href":"https:\/\/jxgchocolate.com\/fr\/wp-json\/wp\/v2\/types\/product"}],"replies":[{"embeddable":true,"href":"https:\/\/jxgchocolate.com\/fr\/wp-json\/wp\/v2\/comments?post=28443"}],"version-history":[{"count":0,"href":"https:\/\/jxgchocolate.com\/fr\/wp-json\/wp\/v2\/product\/28443\/revisions"}],"wp:featuredmedia":[{"embeddable":true,"href":"https:\/\/jxgchocolate.com\/fr\/wp-json\/wp\/v2\/media\/28454"}],"wp:attachment":[{"href":"https:\/\/jxgchocolate.com\/fr\/wp-json\/wp\/v2\/media?parent=28443"}],"wp:term":[{"taxonomy":"product_cat","embeddable":true,"href":"https:\/\/jxgchocolate.com\/fr\/wp-json\/wp\/v2\/product_cat?post=28443"},{"taxonomy":"product_tag","embeddable":true,"href":"https:\/\/jxgchocolate.com\/fr\/wp-json\/wp\/v2\/product_tag?post=28443"}],"curies":[{"name":"wp","href":"https:\/\/api.w.org\/{rel}","templated":true}]}}