{"id":28464,"date":"2024-06-29T08:17:25","date_gmt":"2024-06-29T08:17:25","guid":{"rendered":"https:\/\/jxgchocolate.com\/?post_type=product&#038;p=28464"},"modified":"2024-11-11T02:46:02","modified_gmt":"2024-11-11T02:46:02","slug":"wholesale-gummy-chocolate-candy-2","status":"publish","type":"product","link":"https:\/\/jxgchocolate.com\/fr\/produit\/wholesale-gummy-chocolate-candy-2\/","title":{"rendered":"Bonbons gommeux au chocolat en gros \u00e0 la fraise avec prix de gros"},"content":{"rendered":"<div class=\"wp-block-columns is-layout-flex wp-container-core-columns-is-layout-9d6595d7 wp-block-columns-is-layout-flex\">\n<div class=\"wp-block-column is-vertically-aligned-center is-layout-flow wp-block-column-is-layout-flow\">\n<h3 class=\"wp-block-heading\">Premium Wholesale Gummy Chocolate Candy Caract\u00e9ristiques :<\/h3>\n\n\n\n<ol class=\"wp-block-list\">\n<li><strong>Combinaison de go\u00fbts :<\/strong> Ce bonbon gommeux au chocolat fonctionne parfaitement en offrant une combinaison sucr\u00e9e d'ar\u00f4me de fraise et de chocolat, cr\u00e9ant ainsi un go\u00fbt particuli\u00e8rement fantastique.<\/li>\n\n\n\n<li><strong>Vente en gros de gros volumes : <\/strong>Ce gummy choco en gros est conditionn\u00e9 en grand volume et est disponible \u00e0 un prix de gros pour tout type d'entreprise ou de grand \u00e9v\u00e9nement qui a besoin de cet article en gros.<\/li>\n\n\n\n<li><strong>Ingr\u00e9dients de haute qualit\u00e9 :<\/strong> Notre grossiste en bonbons de chocolat g\u00e9lifi\u00e9s utilise d'excellents ingr\u00e9dients pour assurer la qualit\u00e9 et le go\u00fbt de chaque bonbon g\u00e9lifi\u00e9.<\/li>\n\n\n\n<li><strong>Polyvalent : <\/strong>Nos gommes choco en gros peuvent r\u00e9pondre aux besoins d'innombrables occasions, qu'il s'agisse de pr\u00e9sentoirs pour la vente au d\u00e9tail, de faveurs pour les f\u00eates ou de friandises quotidiennes.<\/li>\n<\/ol>\n<\/div>\n\n\n\n<div class=\"wp-block-column is-layout-flow wp-block-column-is-layout-flow\">\n<figure class=\"wp-block-image size-full\"><img fetchpriority=\"high\" decoding=\"async\" width=\"1500\" height=\"1500\" src=\"https:\/\/jxgchocolate.com\/wp-content\/uploads\/2024\/06\/6.webp\" alt=\"bonbons au chocolat et \u00e0 la gomme en gros \u00e0 la fraise avec prix de gros\" class=\"wp-image-28449\" srcset=\"https:\/\/jxgchocolate.com\/wp-content\/uploads\/2024\/06\/6.webp 1500w, https:\/\/jxgchocolate.com\/wp-content\/uploads\/2024\/06\/6-300x300.webp 300w, https:\/\/jxgchocolate.com\/wp-content\/uploads\/2024\/06\/6-150x150.webp 150w, https:\/\/jxgchocolate.com\/wp-content\/uploads\/2024\/06\/6-768x768.webp 768w, https:\/\/jxgchocolate.com\/wp-content\/uploads\/2024\/06\/6-430x430.webp 430w, https:\/\/jxgchocolate.com\/wp-content\/uploads\/2024\/06\/6-700x700.webp 700w\" sizes=\"(max-width: 1500px) 100vw, 1500px\" \/><\/figure>\n<\/div>\n<\/div>","protected":false},"excerpt":{"rendered":"<p>Bienvenue sur le site de vente en gros de bonbons g\u00e9lifi\u00e9s au chocolat. Mati\u00e8res premi\u00e8res de haute qualit\u00e9 pour les bonbons de chocolat g\u00e9lifi\u00e9 en gros \u00e0 l'ar\u00f4me de fraise, et leur go\u00fbt unique est appr\u00e9ci\u00e9 par les consommateurs. Prix comp\u00e9titif, polyvalent, pratique et adapt\u00e9 \u00e0 la vente au d\u00e9tail et \u00e0 une vari\u00e9t\u00e9 d'activit\u00e9s.<\/p>\n<table style=\"border-collapse: collapse; width: 275.02pt;\" border=\"0\" width=\"275\" cellspacing=\"0\" cellpadding=\"0\">\n<tbody>\n<tr style=\"height: 17.60pt;\">\n<td class=\"et3\" style=\"height: 17.60pt; width: 108.35pt;\" width=\"108\" height=\"17\">Fabricant<\/td>\n<td class=\"et3\" style=\"width: 167.10pt;\" width=\"167\">Le fruit de la chance<\/td>\n<\/tr>\n<tr style=\"height: 17.60pt;\">\n<td class=\"et3\" style=\"height: 17.60pt;\" height=\"17\">MOD\u00c8LE NO.<\/td>\n<td class=\"et3\">JXG29<\/td>\n<\/tr>\n<tr style=\"height: 17.60pt;\">\n<td class=\"et3\" style=\"height: 17.60pt;\" height=\"17\">Type<\/td>\n<td class=\"et3\">Bonbons gommeux au chocolat<\/td>\n<\/tr>\n<tr style=\"height: 17.60pt;\">\n<td class=\"et3\" style=\"height: 17.60pt;\" height=\"17\">Emballage<\/td>\n<td class=\"et3\">Emballage des f\u00fbts<\/td>\n<\/tr>\n<tr style=\"height: 17.60pt;\">\n<td class=\"et3\" style=\"height: 17.60pt;\" height=\"17\">Sp\u00e9cifications<\/td>\n<td class=\"et3\">24 bottels<\/td>\n<\/tr>\n<tr style=\"height: 17.60pt;\">\n<td class=\"et3\" style=\"height: 17.60pt;\" height=\"17\">Taille du carton<\/td>\n<td class=\"et3\">43*32.5*35.5cm<\/td>\n<\/tr>\n<tr style=\"height: 17.60pt;\">\n<td class=\"et3\" style=\"height: 17.60pt;\" height=\"17\">N.W \/SET<\/td>\n<td class=\"et3\">180g<\/td>\n<\/tr>\n<tr style=\"height: 17.60pt;\">\n<td class=\"et3\" style=\"height: 17.60pt;\" height=\"17\">Couleur<\/td>\n<td class=\"et3\">Sombre<\/td>\n<\/tr>\n<tr style=\"height: 17.60pt;\">\n<td class=\"et3\" style=\"height: 17.60pt;\" height=\"17\">MOQ<\/td>\n<td class=\"et3\">500 cartons<\/td>\n<\/tr>\n<tr style=\"height: 17.60pt;\">\n<td class=\"et3\" style=\"height: 17.60pt;\" height=\"17\">Personnalisation<\/td>\n<td class=\"et3\">Emballage\/LOGO<\/td>\n<\/tr>\n<\/tbody>\n<\/table>","protected":false},"featured_media":28458,"comment_status":"closed","ping_status":"closed","template":"","meta":[],"product_cat":[75],"product_tag":[],"class_list":{"0":"post-28464","1":"product","2":"type-product","3":"status-publish","4":"has-post-thumbnail","6":"product_cat-wholesale-gummy-chocolate","8":"first","9":"instock","10":"shipping-taxable","11":"product-type-simple"},"_links":{"self":[{"href":"https:\/\/jxgchocolate.com\/fr\/wp-json\/wp\/v2\/product\/28464","targetHints":{"allow":["GET"]}}],"collection":[{"href":"https:\/\/jxgchocolate.com\/fr\/wp-json\/wp\/v2\/product"}],"about":[{"href":"https:\/\/jxgchocolate.com\/fr\/wp-json\/wp\/v2\/types\/product"}],"replies":[{"embeddable":true,"href":"https:\/\/jxgchocolate.com\/fr\/wp-json\/wp\/v2\/comments?post=28464"}],"version-history":[{"count":4,"href":"https:\/\/jxgchocolate.com\/fr\/wp-json\/wp\/v2\/product\/28464\/revisions"}],"predecessor-version":[{"id":29102,"href":"https:\/\/jxgchocolate.com\/fr\/wp-json\/wp\/v2\/product\/28464\/revisions\/29102"}],"wp:featuredmedia":[{"embeddable":true,"href":"https:\/\/jxgchocolate.com\/fr\/wp-json\/wp\/v2\/media\/28458"}],"wp:attachment":[{"href":"https:\/\/jxgchocolate.com\/fr\/wp-json\/wp\/v2\/media?parent=28464"}],"wp:term":[{"taxonomy":"product_cat","embeddable":true,"href":"https:\/\/jxgchocolate.com\/fr\/wp-json\/wp\/v2\/product_cat?post=28464"},{"taxonomy":"product_tag","embeddable":true,"href":"https:\/\/jxgchocolate.com\/fr\/wp-json\/wp\/v2\/product_tag?post=28464"}],"curies":[{"name":"wp","href":"https:\/\/api.w.org\/{rel}","templated":true}]}}