{"id":28467,"date":"2024-06-29T08:29:42","date_gmt":"2024-06-29T08:29:42","guid":{"rendered":"https:\/\/jxgchocolate.com\/?post_type=product&#038;p=28467"},"modified":"2024-11-11T02:39:37","modified_gmt":"2024-11-11T02:39:37","slug":"chocolate-gummy-candy-in-bulk","status":"publish","type":"product","link":"https:\/\/jxgchocolate.com\/fr\/produit\/chocolate-gummy-candy-in-bulk\/","title":{"rendered":"Bonbons gommeux au chocolat aromatis\u00e9s au raisin en vrac avec prix d'usine"},"content":{"rendered":"<div class=\"wp-block-columns is-layout-flex wp-container-core-columns-is-layout-9d6595d7 wp-block-columns-is-layout-flex\">\n<div class=\"wp-block-column is-vertically-aligned-center is-layout-flow wp-block-column-is-layout-flow\">\n<h3 class=\"wp-block-heading\">Bonbons gommeux au chocolat de premi\u00e8re qualit\u00e9 en vrac Caract\u00e9ristiques :<\/h3>\n\n\n\n<ol class=\"wp-block-list\">\n<li><strong>Saveur unique de raisin :<\/strong> Ce bonbon gommeux au chocolat en vrac est la combinaison parfaite de l'ar\u00f4me de raisin et du chocolat pour un plaisir gustatif unique et riche.<\/li>\n\n\n\n<li><strong>Formule de haute qualit\u00e9 : <\/strong>Fabriqu\u00e9s \u00e0 partir de mati\u00e8res premi\u00e8res s\u00e9lectionn\u00e9es de haute qualit\u00e9, nous garantissons la haute qualit\u00e9 et le caract\u00e8re d\u00e9licieux de chaque gomme choco en vrac.<\/li>\n\n\n\n<li><strong>Emballage polyvalent : <\/strong>Nos bonbons g\u00e9lifi\u00e9s au chocolat en vrac sont conditionn\u00e9s dans des emballages de grande capacit\u00e9, qui conviennent \u00e0 la vente au d\u00e9tail, aux cadeaux de f\u00eate et aux plaisirs quotidiens pour r\u00e9pondre \u00e0 une vari\u00e9t\u00e9 de besoins.<\/li>\n\n\n\n<li><strong>Prix d'approvisionnement direct de l'usine : <\/strong>Les achats en vrac de gummy choco en vrac permettent de b\u00e9n\u00e9ficier de prix d'approvisionnement direct d'usine, d'une performance \u00e9lev\u00e9e en termes de co\u00fbts et d'avantages concurrentiels pour les commer\u00e7ants.<\/li>\n<\/ol>\n<\/div>\n\n\n\n<div class=\"wp-block-column is-layout-flow wp-block-column-is-layout-flow\">\n<figure class=\"wp-block-image size-full\"><img fetchpriority=\"high\" decoding=\"async\" width=\"1500\" height=\"1500\" src=\"https:\/\/jxgchocolate.com\/wp-content\/uploads\/2024\/06\/8.webp\" alt=\"bonbons au raisin et au chocolat en vrac avec prix factoriel\" class=\"wp-image-28451\" srcset=\"https:\/\/jxgchocolate.com\/wp-content\/uploads\/2024\/06\/8.webp 1500w, https:\/\/jxgchocolate.com\/wp-content\/uploads\/2024\/06\/8-300x300.webp 300w, https:\/\/jxgchocolate.com\/wp-content\/uploads\/2024\/06\/8-150x150.webp 150w, https:\/\/jxgchocolate.com\/wp-content\/uploads\/2024\/06\/8-768x768.webp 768w, https:\/\/jxgchocolate.com\/wp-content\/uploads\/2024\/06\/8-430x430.webp 430w, https:\/\/jxgchocolate.com\/wp-content\/uploads\/2024\/06\/8-700x700.webp 700w\" sizes=\"(max-width: 1500px) 100vw, 1500px\" \/><\/figure>\n<\/div>\n<\/div>","protected":false},"excerpt":{"rendered":"<p>Bienvenue sur le site d'achat de bonbons g\u00e9lifi\u00e9s en vrac. Nos bonbons g\u00e9lifi\u00e9s au chocolat aromatis\u00e9s au raisin en vrac ont un go\u00fbt incomparable et riche gr\u00e2ce \u00e0 la fra\u00eecheur du raisin et \u00e0 la richesse du chocolat, ce qui procure aux consommateurs un plaisir gustatif in\u00e9gal\u00e9. Nous proposons aux commer\u00e7ants des options de vente en gros tr\u00e8s comp\u00e9titives afin de garantir des avantages en termes de co\u00fbts.<\/p>\n<table style=\"border-collapse: collapse; width: 275.02pt;\" border=\"0\" width=\"275\" cellspacing=\"0\" cellpadding=\"0\">\n<tbody>\n<tr style=\"height: 17.60pt;\">\n<td class=\"et3\" style=\"height: 17.60pt; width: 108.35pt;\" width=\"108\" height=\"17\">Fabricant<\/td>\n<td class=\"et3\" style=\"width: 167.10pt;\" width=\"167\">Le fruit de la chance<\/td>\n<\/tr>\n<tr style=\"height: 17.60pt;\">\n<td class=\"et3\" style=\"height: 17.60pt;\" height=\"17\">MOD\u00c8LE NO.<\/td>\n<td class=\"et3\">JXG30<\/td>\n<\/tr>\n<tr style=\"height: 17.60pt;\">\n<td class=\"et3\" style=\"height: 17.60pt;\" height=\"17\">Type<\/td>\n<td class=\"et3\">Bonbons gommeux au chocolat<\/td>\n<\/tr>\n<tr style=\"height: 17.60pt;\">\n<td class=\"et3\" style=\"height: 17.60pt;\" height=\"17\">Emballage<\/td>\n<td class=\"et3\">Emballage des f\u00fbts<\/td>\n<\/tr>\n<tr style=\"height: 17.60pt;\">\n<td class=\"et3\" style=\"height: 17.60pt;\" height=\"17\">Sp\u00e9cifications<\/td>\n<td class=\"et3\">24 bottels<\/td>\n<\/tr>\n<tr style=\"height: 17.60pt;\">\n<td class=\"et3\" style=\"height: 17.60pt;\" height=\"17\">Taille du carton<\/td>\n<td class=\"et3\">43*32.5*35.5cm<\/td>\n<\/tr>\n<tr style=\"height: 17.60pt;\">\n<td class=\"et3\" style=\"height: 17.60pt;\" height=\"17\">N.W \/SET<\/td>\n<td class=\"et3\">180g<\/td>\n<\/tr>\n<tr style=\"height: 17.60pt;\">\n<td class=\"et3\" style=\"height: 17.60pt;\" height=\"17\">Couleur<\/td>\n<td class=\"et3\">Sombre<\/td>\n<\/tr>\n<tr style=\"height: 17.60pt;\">\n<td class=\"et3\" style=\"height: 17.60pt;\" height=\"17\">MOQ<\/td>\n<td class=\"et3\">500 cartons<\/td>\n<\/tr>\n<tr style=\"height: 17.60pt;\">\n<td class=\"et3\" style=\"height: 17.60pt;\" height=\"17\">Personnalisation<\/td>\n<td class=\"et3\">Emballage\/LOGO<\/td>\n<\/tr>\n<\/tbody>\n<\/table>","protected":false},"featured_media":28453,"comment_status":"closed","ping_status":"closed","template":"","meta":[],"product_cat":[75],"product_tag":[],"class_list":{"0":"post-28467","1":"product","2":"type-product","3":"status-publish","4":"has-post-thumbnail","6":"product_cat-wholesale-gummy-chocolate","8":"first","9":"instock","10":"shipping-taxable","11":"product-type-simple"},"_links":{"self":[{"href":"https:\/\/jxgchocolate.com\/fr\/wp-json\/wp\/v2\/product\/28467","targetHints":{"allow":["GET"]}}],"collection":[{"href":"https:\/\/jxgchocolate.com\/fr\/wp-json\/wp\/v2\/product"}],"about":[{"href":"https:\/\/jxgchocolate.com\/fr\/wp-json\/wp\/v2\/types\/product"}],"replies":[{"embeddable":true,"href":"https:\/\/jxgchocolate.com\/fr\/wp-json\/wp\/v2\/comments?post=28467"}],"version-history":[{"count":4,"href":"https:\/\/jxgchocolate.com\/fr\/wp-json\/wp\/v2\/product\/28467\/revisions"}],"predecessor-version":[{"id":29099,"href":"https:\/\/jxgchocolate.com\/fr\/wp-json\/wp\/v2\/product\/28467\/revisions\/29099"}],"wp:featuredmedia":[{"embeddable":true,"href":"https:\/\/jxgchocolate.com\/fr\/wp-json\/wp\/v2\/media\/28453"}],"wp:attachment":[{"href":"https:\/\/jxgchocolate.com\/fr\/wp-json\/wp\/v2\/media?parent=28467"}],"wp:term":[{"taxonomy":"product_cat","embeddable":true,"href":"https:\/\/jxgchocolate.com\/fr\/wp-json\/wp\/v2\/product_cat?post=28467"},{"taxonomy":"product_tag","embeddable":true,"href":"https:\/\/jxgchocolate.com\/fr\/wp-json\/wp\/v2\/product_tag?post=28467"}],"curies":[{"name":"wp","href":"https:\/\/api.w.org\/{rel}","templated":true}]}}