{"id":28470,"date":"2024-06-29T08:40:14","date_gmt":"2024-06-29T08:40:14","guid":{"rendered":"https:\/\/jxgchocolate.com\/?post_type=product&#038;p=28470"},"modified":"2024-11-11T02:34:24","modified_gmt":"2024-11-11T02:34:24","slug":"wholesale-choco-gummies","status":"publish","type":"product","link":"https:\/\/jxgchocolate.com\/fr\/produit\/wholesale-choco-gummies\/","title":{"rendered":"Fruit Wholesale Choco Gummies, Gummy enrob\u00e9s de chocolat en vrac"},"content":{"rendered":"<div class=\"wp-block-columns is-layout-flex wp-container-core-columns-is-layout-9d6595d7 wp-block-columns-is-layout-flex\">\n<div class=\"wp-block-column is-vertically-aligned-center is-layout-flow wp-block-column-is-layout-flow\">\n<h3 class=\"wp-block-heading\">Premium Wholesale Choco Gummies Caract\u00e9ristiques :<\/h3>\n\n\n\n<ol class=\"wp-block-list\">\n<li><strong>Vari\u00e9t\u00e9 d'ar\u00f4mes : <\/strong>Nos choco gummies en gros sont disponibles en quatre parfums de fruits : raisin, raisin vert, fraise et p\u00eache, afin de r\u00e9pondre aux go\u00fbts des diff\u00e9rents consommateurs.<\/li>\n\n\n\n<li><strong>Mati\u00e8res premi\u00e8res de haute qualit\u00e9 :<\/strong> Chacun de nos bonbons g\u00e9lifi\u00e9s enrob\u00e9s de chocolat en vrac est fabriqu\u00e9 \u00e0 partir de mati\u00e8res premi\u00e8res de haute qualit\u00e9 soigneusement s\u00e9lectionn\u00e9es ; ainsi, chaque bonbon peut \u00eatre assur\u00e9 d'\u00eatre de qualit\u00e9 sup\u00e9rieure et d\u00e9licieux pour le meilleur go\u00fbt.<\/li>\n\n\n\n<li><strong>Emballages multiples : <\/strong>Nos gommes de choco en gros peuvent \u00eatre personnalis\u00e9es avec diff\u00e9rentes capacit\u00e9s d'emballage, y compris des sacs, des barils et des bouteilles, pour r\u00e9pondre aux diff\u00e9rents besoins de la vente au d\u00e9tail.<\/li>\n\n\n\n<li><strong>Un rapport co\u00fbt-efficacit\u00e9 \u00e9lev\u00e9 : <\/strong>Approvisionnement direct de l'usine, prix de gros plus comp\u00e9titifs, nos gommes enrob\u00e9es de chocolat en vrac offrent aux marchands des options d'approvisionnement rentables.<\/li>\n<\/ol>\n<\/div>\n\n\n\n<div class=\"wp-block-column is-layout-flow wp-block-column-is-layout-flow\">\n<figure class=\"wp-block-image size-full\"><img fetchpriority=\"high\" decoding=\"async\" width=\"1500\" height=\"1500\" src=\"https:\/\/jxgchocolate.com\/wp-content\/uploads\/2024\/06\/12.webp\" alt=\"factory-direct-wholesale-choco-gummies-in-4-fruit-flavors\" class=\"wp-image-28455\" srcset=\"https:\/\/jxgchocolate.com\/wp-content\/uploads\/2024\/06\/12.webp 1500w, https:\/\/jxgchocolate.com\/wp-content\/uploads\/2024\/06\/12-300x300.webp 300w, https:\/\/jxgchocolate.com\/wp-content\/uploads\/2024\/06\/12-150x150.webp 150w, https:\/\/jxgchocolate.com\/wp-content\/uploads\/2024\/06\/12-768x768.webp 768w, https:\/\/jxgchocolate.com\/wp-content\/uploads\/2024\/06\/12-430x430.webp 430w, https:\/\/jxgchocolate.com\/wp-content\/uploads\/2024\/06\/12-700x700.webp 700w\" sizes=\"(max-width: 1500px) 100vw, 1500px\" \/><\/figure>\n<\/div>\n<\/div>","protected":false},"excerpt":{"rendered":"<p>Bienvenue \u00e0 l'achat de gommes enrob\u00e9es de chocolat en vrac. Nos gommes au chocolat en gros sont disponibles en quatre parfums de fruits, les mati\u00e8res premi\u00e8res s\u00e9lectionn\u00e9es sont de haute qualit\u00e9, l'emballage peut \u00eatre personnalis\u00e9, le produit est rentable et r\u00e9pond aux diff\u00e9rents besoins de la vente au d\u00e9tail.<\/p>\n<table style=\"border-collapse: collapse; width: 275.02pt;\" border=\"0\" width=\"275\" cellspacing=\"0\" cellpadding=\"0\">\n<tbody>\n<tr style=\"height: 17.60pt;\">\n<td class=\"et3\" style=\"height: 17.60pt; width: 108.35pt;\" width=\"108\" height=\"17\">Fabricant<\/td>\n<td class=\"et3\" style=\"width: 167.10pt;\" width=\"167\">Le fruit de la chance<\/td>\n<\/tr>\n<tr style=\"height: 17.60pt;\">\n<td class=\"et3\" style=\"height: 17.60pt;\" height=\"17\">MOD\u00c8LE NO.<\/td>\n<td class=\"et3\">JXG31<\/td>\n<\/tr>\n<tr style=\"height: 17.60pt;\">\n<td class=\"et3\" style=\"height: 17.60pt;\" height=\"17\">Type<\/td>\n<td class=\"et3\">Bonbons gommeux au chocolat<\/td>\n<\/tr>\n<tr style=\"height: 17.60pt;\">\n<td class=\"et3\" style=\"height: 17.60pt;\" height=\"17\">Emballage<\/td>\n<td class=\"et3\">Emballage des f\u00fbts<\/td>\n<\/tr>\n<tr style=\"height: 17.60pt;\">\n<td class=\"et3\" style=\"height: 17.60pt;\" height=\"17\">Sp\u00e9cifications<\/td>\n<td class=\"et3\">24 bottels<\/td>\n<\/tr>\n<tr style=\"height: 17.60pt;\">\n<td class=\"et3\" style=\"height: 17.60pt;\" height=\"17\">Taille du carton<\/td>\n<td class=\"et3\">43*32.5*35.5cm<\/td>\n<\/tr>\n<tr style=\"height: 17.60pt;\">\n<td class=\"et3\" style=\"height: 17.60pt;\" height=\"17\">N.W \/SET<\/td>\n<td class=\"et3\">180g<\/td>\n<\/tr>\n<tr style=\"height: 17.60pt;\">\n<td class=\"et3\" style=\"height: 17.60pt;\" height=\"17\">Couleur<\/td>\n<td class=\"et3\">Sombre<\/td>\n<\/tr>\n<tr style=\"height: 17.60pt;\">\n<td class=\"et3\" style=\"height: 17.60pt;\" height=\"17\">MOQ<\/td>\n<td class=\"et3\">500 cartons<\/td>\n<\/tr>\n<tr style=\"height: 17.60pt;\">\n<td class=\"et3\" style=\"height: 17.60pt;\" height=\"17\">Personnalisation<\/td>\n<td class=\"et3\">Emballage\/LOGO<\/td>\n<\/tr>\n<\/tbody>\n<\/table>","protected":false},"featured_media":28457,"comment_status":"closed","ping_status":"closed","template":"","meta":[],"product_cat":[75],"product_tag":[],"class_list":{"0":"post-28470","1":"product","2":"type-product","3":"status-publish","4":"has-post-thumbnail","6":"product_cat-wholesale-gummy-chocolate","8":"first","9":"instock","10":"shipping-taxable","11":"product-type-simple"},"_links":{"self":[{"href":"https:\/\/jxgchocolate.com\/fr\/wp-json\/wp\/v2\/product\/28470","targetHints":{"allow":["GET"]}}],"collection":[{"href":"https:\/\/jxgchocolate.com\/fr\/wp-json\/wp\/v2\/product"}],"about":[{"href":"https:\/\/jxgchocolate.com\/fr\/wp-json\/wp\/v2\/types\/product"}],"replies":[{"embeddable":true,"href":"https:\/\/jxgchocolate.com\/fr\/wp-json\/wp\/v2\/comments?post=28470"}],"version-history":[{"count":0,"href":"https:\/\/jxgchocolate.com\/fr\/wp-json\/wp\/v2\/product\/28470\/revisions"}],"wp:featuredmedia":[{"embeddable":true,"href":"https:\/\/jxgchocolate.com\/fr\/wp-json\/wp\/v2\/media\/28457"}],"wp:attachment":[{"href":"https:\/\/jxgchocolate.com\/fr\/wp-json\/wp\/v2\/media?parent=28470"}],"wp:term":[{"taxonomy":"product_cat","embeddable":true,"href":"https:\/\/jxgchocolate.com\/fr\/wp-json\/wp\/v2\/product_cat?post=28470"},{"taxonomy":"product_tag","embeddable":true,"href":"https:\/\/jxgchocolate.com\/fr\/wp-json\/wp\/v2\/product_tag?post=28470"}],"curies":[{"name":"wp","href":"https:\/\/api.w.org\/{rel}","templated":true}]}}