{"id":28618,"date":"2024-08-31T03:24:56","date_gmt":"2024-08-31T03:24:56","guid":{"rendered":"https:\/\/jxgchocolate.com\/?post_type=product&#038;p=28618"},"modified":"2024-11-02T08:58:45","modified_gmt":"2024-11-02T08:58:45","slug":"chocolate-coated-sunflower-seeds-bulk","status":"publish","type":"product","link":"https:\/\/jxgchocolate.com\/fr\/produit\/chocolate-coated-sunflower-seeds-bulk\/","title":{"rendered":"Graines de tournesol enrob\u00e9es de chocolat aromatis\u00e9es au sel de mer Vrac"},"content":{"rendered":"<div class=\"wp-block-columns is-layout-flex wp-container-core-columns-is-layout-9d6595d7 wp-block-columns-is-layout-flex\">\n<div class=\"wp-block-column is-layout-flow wp-block-column-is-layout-flow\">\n<h2 class=\"wp-block-heading\">Graines de tournesol enrob\u00e9es de chocolat de premi\u00e8re qualit\u00e9 Caract\u00e9ristiques en vrac :<\/h2>\n\n\n\n<ul class=\"wp-block-list\">\n<li><strong>Saveur unique de sel de mer : <\/strong>Nos graines de tournesol enrob\u00e9es de chocolat et aromatis\u00e9es au sel de mer sont parfaitement combin\u00e9es, l\u00e9g\u00e8rement sucr\u00e9es et sal\u00e9es, apportant une exp\u00e9rience gustative riche, et donc un choix innovant pour les amateurs de snacks.<\/li>\n\n\n\n<li><strong>Ingr\u00e9dient de haute qualit\u00e9 : <\/strong>Ces graines de tournesol au chocolat en gros sont s\u00e9lectionn\u00e9es \u00e0 partir de graines de tournesol de haute qualit\u00e9, associ\u00e9es \u00e0 du chocolat soyeux et \u00e0 du sel de mer naturel. Chaque graine de tournesol est rigoureusement contr\u00f4l\u00e9e et fabriqu\u00e9e avec soin pour offrir une double garantie de go\u00fbt et de qualit\u00e9.<\/li>\n\n\n\n<li><strong>Valeur nutritionnelle et sanitaire : <\/strong>Les graines de tournesol sont riches en vitamine E, en prot\u00e9ines et en graisses saines, le chocolat apporte des antioxydants, le tout assaisonn\u00e9 de sel de mer. Nos graines de tournesol enrob\u00e9es de chocolat en vrac ne sont pas seulement d\u00e9licieuses, elles ont aussi une valeur nutritionnelle tr\u00e8s saine.<\/li>\n\n\n\n<li><strong>Prix de gros : <\/strong>Nous vendons en gros des graines de tournesol au chocolat avec des options d'achat en vrac pour les d\u00e9taillants, les traiteurs et les grands \u00e9v\u00e9nements, garantissant la meilleure qualit\u00e9 de graines de tournesol au chocolat au sel de mer \u00e0 un prix de gros pour de nombreux besoins commerciaux.<\/li>\n<\/ul>\n<\/div>\n\n\n\n<div class=\"wp-block-column is-layout-flow wp-block-column-is-layout-flow\">\n<figure class=\"wp-block-image size-full\"><img fetchpriority=\"high\" decoding=\"async\" width=\"750\" height=\"750\" src=\"https:\/\/jxgchocolate.com\/wp-content\/uploads\/2024\/08\/Sea-Salt-Flavored-Chocolate-Coated-Sunflower-Seeds-Bulk-5.webp\" alt=\"Graines de tournesol enrob\u00e9es de chocolat aromatis\u00e9es au sel de mer Vrac-5\" class=\"wp-image-28673\" srcset=\"https:\/\/jxgchocolate.com\/wp-content\/uploads\/2024\/08\/Sea-Salt-Flavored-Chocolate-Coated-Sunflower-Seeds-Bulk-5.webp 750w, https:\/\/jxgchocolate.com\/wp-content\/uploads\/2024\/08\/Sea-Salt-Flavored-Chocolate-Coated-Sunflower-Seeds-Bulk-5-300x300.webp 300w, https:\/\/jxgchocolate.com\/wp-content\/uploads\/2024\/08\/Sea-Salt-Flavored-Chocolate-Coated-Sunflower-Seeds-Bulk-5-150x150.webp 150w, https:\/\/jxgchocolate.com\/wp-content\/uploads\/2024\/08\/Sea-Salt-Flavored-Chocolate-Coated-Sunflower-Seeds-Bulk-5-12x12.webp 12w, https:\/\/jxgchocolate.com\/wp-content\/uploads\/2024\/08\/Sea-Salt-Flavored-Chocolate-Coated-Sunflower-Seeds-Bulk-5-430x430.webp 430w, https:\/\/jxgchocolate.com\/wp-content\/uploads\/2024\/08\/Sea-Salt-Flavored-Chocolate-Coated-Sunflower-Seeds-Bulk-5-700x700.webp 700w\" sizes=\"(max-width: 750px) 100vw, 750px\" \/><\/figure>\n<\/div>\n<\/div>\n\n\n\n<p><\/p>","protected":false},"excerpt":{"rendered":"<p>Achetez en gros des graines de tournesol enrob\u00e9es de chocolat. Nos graines de tournesol enrob\u00e9es de chocolat aromatis\u00e9es au sel de mer en vrac sont un m\u00e9lange parfait de chocolat sucr\u00e9 et soyeux et d'ar\u00f4me sal\u00e9 de sel de mer. Choisissez des ingr\u00e9dients de qualit\u00e9 sup\u00e9rieure avec des garanties de nutrition et de saveur pour chaque graine de tournesol.<\/p>\n<table width=\"275\">\n<tbody>\n<tr>\n<td width=\"108\">Fabricant<\/td>\n<td width=\"167\">Le fruit de la chance<\/td>\n<\/tr>\n<tr>\n<td>MOD\u00c8LE NO.<\/td>\n<td>JXG37<\/td>\n<\/tr>\n<tr>\n<td>Type<\/td>\n<td>Graines de tournesol au chocolat\u00a0<\/td>\n<\/tr>\n<tr>\n<td>Emballage<\/td>\n<td>Emballage des sacs<\/td>\n<\/tr>\n<tr>\n<td>Sp\u00e9cifications<\/td>\n<td>30 sacs<\/td>\n<\/tr>\n<tr>\n<td>Taille du carton<\/td>\n<td>15*4*22cm<\/td>\n<\/tr>\n<tr>\n<td>N.W \/SET<\/td>\n<td>58g*30 sacs<\/td>\n<\/tr>\n<tr>\n<td>Couleur<\/td>\n<td>En tant qu'image<\/td>\n<\/tr>\n<tr>\n<td>MOQ<\/td>\n<td>500 cartons<\/td>\n<\/tr>\n<tr>\n<td>Personnalisation<\/td>\n<td>Emballage\/LOGO<\/td>\n<\/tr>\n<\/tbody>\n<\/table>","protected":false},"featured_media":28671,"comment_status":"closed","ping_status":"closed","template":"","meta":[],"product_cat":[72],"product_tag":[],"class_list":{"0":"post-28618","1":"product","2":"type-product","3":"status-publish","4":"has-post-thumbnail","6":"product_cat-wholesale-chocolate-covered-sunflower-seeds","8":"first","9":"instock","10":"shipping-taxable","11":"product-type-simple"},"_links":{"self":[{"href":"https:\/\/jxgchocolate.com\/fr\/wp-json\/wp\/v2\/product\/28618","targetHints":{"allow":["GET"]}}],"collection":[{"href":"https:\/\/jxgchocolate.com\/fr\/wp-json\/wp\/v2\/product"}],"about":[{"href":"https:\/\/jxgchocolate.com\/fr\/wp-json\/wp\/v2\/types\/product"}],"replies":[{"embeddable":true,"href":"https:\/\/jxgchocolate.com\/fr\/wp-json\/wp\/v2\/comments?post=28618"}],"version-history":[{"count":0,"href":"https:\/\/jxgchocolate.com\/fr\/wp-json\/wp\/v2\/product\/28618\/revisions"}],"wp:featuredmedia":[{"embeddable":true,"href":"https:\/\/jxgchocolate.com\/fr\/wp-json\/wp\/v2\/media\/28671"}],"wp:attachment":[{"href":"https:\/\/jxgchocolate.com\/fr\/wp-json\/wp\/v2\/media?parent=28618"}],"wp:term":[{"taxonomy":"product_cat","embeddable":true,"href":"https:\/\/jxgchocolate.com\/fr\/wp-json\/wp\/v2\/product_cat?post=28618"},{"taxonomy":"product_tag","embeddable":true,"href":"https:\/\/jxgchocolate.com\/fr\/wp-json\/wp\/v2\/product_tag?post=28618"}],"curies":[{"name":"wp","href":"https:\/\/api.w.org\/{rel}","templated":true}]}}