{"id":28619,"date":"2024-08-31T03:51:34","date_gmt":"2024-08-31T03:51:34","guid":{"rendered":"https:\/\/jxgchocolate.com\/?post_type=product&#038;p=28619"},"modified":"2024-11-02T09:04:26","modified_gmt":"2024-11-02T09:04:26","slug":"multicolor-chocolate-sunflower-seeds-bulk","status":"publish","type":"product","link":"https:\/\/jxgchocolate.com\/fr\/produit\/multicolor-chocolate-sunflower-seeds-bulk\/","title":{"rendered":"Graines de tournesol multicolores au chocolat Bulk, Wholesale Snacks"},"content":{"rendered":"<div class=\"wp-block-columns is-layout-flex wp-container-core-columns-is-layout-9d6595d7 wp-block-columns-is-layout-flex\">\n<div class=\"wp-block-column is-layout-flow wp-block-column-is-layout-flow\">\n<h2 class=\"wp-block-heading\">Graines de tournesol au chocolat de premi\u00e8re qualit\u00e9 en vrac Caract\u00e9ristiques :<\/h2>\n\n\n\n<ul class=\"wp-block-list\">\n<li><strong>Aspect color\u00e9 : <\/strong>Chacune de nos graines de tournesol au chocolat en vrac est envelopp\u00e9e de sucre color\u00e9, ce qui lui conf\u00e8re un aspect attrayant. Elles peuvent \u00eatre utilis\u00e9es pour d\u00e9corer ou embellir diff\u00e9rentes occasions, en ajoutant une atmosph\u00e8re festive.<\/li>\n\n\n\n<li><strong>Savoureux : <\/strong>S\u00e9lectionnez des graines de tournesol de haute qualit\u00e9 dont l'ext\u00e9rieur est recouvert d'un chocolat soyeux et dont le go\u00fbt est riche. Chaque bouch\u00e9e de nos graines de tournesol au chocolat en gros apporte une riche saveur de chocolat et un go\u00fbt croustillant de graines de tournesol.<\/li>\n\n\n\n<li><strong>Des en-cas sains :<\/strong> Nos graines de tournesol au chocolat en vrac sont riches en composants nutritionnels tels que la vitamine E, les prot\u00e9ines et les graisses saines, ce qui en fait une option de grignotage saine et app\u00e9tissante pour la consommation quotidienne.<\/li>\n\n\n\n<li><strong>Remise pour achat en gros : <\/strong>Les d\u00e9taillants, les organisateurs de f\u00eates et les entreprises peuvent acheter en gros nos graines de tournesol au chocolat \u00e0 un prix plus raisonnable pour r\u00e9pondre \u00e0 toutes sortes de besoins.<\/li>\n<\/ul>\n<\/div>\n\n\n\n<div class=\"wp-block-column is-layout-flow wp-block-column-is-layout-flow\">\n<figure class=\"wp-block-image size-full\"><img fetchpriority=\"high\" decoding=\"async\" width=\"770\" height=\"581\" src=\"https:\/\/jxgchocolate.com\/wp-content\/uploads\/2024\/08\/Multi-Color-Chocolate-Sunflower-Seeds-Bulk-Wholesale-Snacks-1.webp\" alt=\"Graines de tournesol multicolores au chocolat Bulk, Wholesale Snacks-1\" class=\"wp-image-28620\" srcset=\"https:\/\/jxgchocolate.com\/wp-content\/uploads\/2024\/08\/Multi-Color-Chocolate-Sunflower-Seeds-Bulk-Wholesale-Snacks-1.webp 770w, https:\/\/jxgchocolate.com\/wp-content\/uploads\/2024\/08\/Multi-Color-Chocolate-Sunflower-Seeds-Bulk-Wholesale-Snacks-1-398x300.webp 398w, https:\/\/jxgchocolate.com\/wp-content\/uploads\/2024\/08\/Multi-Color-Chocolate-Sunflower-Seeds-Bulk-Wholesale-Snacks-1-768x579.webp 768w, https:\/\/jxgchocolate.com\/wp-content\/uploads\/2024\/08\/Multi-Color-Chocolate-Sunflower-Seeds-Bulk-Wholesale-Snacks-1-16x12.webp 16w, https:\/\/jxgchocolate.com\/wp-content\/uploads\/2024\/08\/Multi-Color-Chocolate-Sunflower-Seeds-Bulk-Wholesale-Snacks-1-430x324.webp 430w, https:\/\/jxgchocolate.com\/wp-content\/uploads\/2024\/08\/Multi-Color-Chocolate-Sunflower-Seeds-Bulk-Wholesale-Snacks-1-700x528.webp 700w, https:\/\/jxgchocolate.com\/wp-content\/uploads\/2024\/08\/Multi-Color-Chocolate-Sunflower-Seeds-Bulk-Wholesale-Snacks-1-150x113.webp 150w\" sizes=\"(max-width: 770px) 100vw, 770px\" \/><\/figure>\n<\/div>\n<\/div>","protected":false},"excerpt":{"rendered":"<p>Achetez des graines de tournesol au chocolat en gros aupr\u00e8s de l'usine. Nos graines de tournesol au chocolat en vrac sont d\u00e9licieuses et saines, et leurs couleurs vives leur permettent de convenir \u00e0 diff\u00e9rentes occasions. Chaque graine de tournesol est enrob\u00e9e d'un chocolat soyeux riche en saveurs et en valeur nutritionnelle.<\/p>\n<table width=\"275\">\n<tbody>\n<tr>\n<td width=\"108\">Fabricant<\/td>\n<td width=\"167\">Le fruit de la chance<\/td>\n<\/tr>\n<tr>\n<td>MOD\u00c8LE NO.<\/td>\n<td>JXG32<\/td>\n<\/tr>\n<tr>\n<td>Type<\/td>\n<td>Graines de tournesol au chocolat\u00a0<\/td>\n<\/tr>\n<tr>\n<td>Emballage<\/td>\n<td>Emballage de la bo\u00eete<\/td>\n<\/tr>\n<tr>\n<td>Sp\u00e9cifications<\/td>\n<td>24 bo\u00eetes<\/td>\n<\/tr>\n<tr>\n<td>Taille du carton<\/td>\n<td>16*13*9cm<\/td>\n<\/tr>\n<tr>\n<td>N.W \/SET<\/td>\n<td>24 bo\u00eetes*14g*30Pcs<\/td>\n<\/tr>\n<tr>\n<td>Couleur<\/td>\n<td>En tant qu'image<\/td>\n<\/tr>\n<tr>\n<td>MOQ<\/td>\n<td>500 cartons<\/td>\n<\/tr>\n<tr>\n<td>Personnalisation<\/td>\n<td>Emballage\/LOGO<\/td>\n<\/tr>\n<\/tbody>\n<\/table>","protected":false},"featured_media":28622,"comment_status":"closed","ping_status":"closed","template":"","meta":[],"product_cat":[72],"product_tag":[],"class_list":{"0":"post-28619","1":"product","2":"type-product","3":"status-publish","4":"has-post-thumbnail","6":"product_cat-wholesale-chocolate-covered-sunflower-seeds","8":"first","9":"instock","10":"shipping-taxable","11":"product-type-simple"},"_links":{"self":[{"href":"https:\/\/jxgchocolate.com\/fr\/wp-json\/wp\/v2\/product\/28619","targetHints":{"allow":["GET"]}}],"collection":[{"href":"https:\/\/jxgchocolate.com\/fr\/wp-json\/wp\/v2\/product"}],"about":[{"href":"https:\/\/jxgchocolate.com\/fr\/wp-json\/wp\/v2\/types\/product"}],"replies":[{"embeddable":true,"href":"https:\/\/jxgchocolate.com\/fr\/wp-json\/wp\/v2\/comments?post=28619"}],"version-history":[{"count":0,"href":"https:\/\/jxgchocolate.com\/fr\/wp-json\/wp\/v2\/product\/28619\/revisions"}],"wp:featuredmedia":[{"embeddable":true,"href":"https:\/\/jxgchocolate.com\/fr\/wp-json\/wp\/v2\/media\/28622"}],"wp:attachment":[{"href":"https:\/\/jxgchocolate.com\/fr\/wp-json\/wp\/v2\/media?parent=28619"}],"wp:term":[{"taxonomy":"product_cat","embeddable":true,"href":"https:\/\/jxgchocolate.com\/fr\/wp-json\/wp\/v2\/product_cat?post=28619"},{"taxonomy":"product_tag","embeddable":true,"href":"https:\/\/jxgchocolate.com\/fr\/wp-json\/wp\/v2\/product_tag?post=28619"}],"curies":[{"name":"wp","href":"https:\/\/api.w.org\/{rel}","templated":true}]}}