{"id":28628,"date":"2024-08-31T05:31:05","date_gmt":"2024-08-31T05:31:05","guid":{"rendered":"https:\/\/jxgchocolate.com\/?post_type=product&#038;p=28628"},"modified":"2024-11-02T09:12:38","modified_gmt":"2024-11-02T09:12:38","slug":"bulk-chocolate-sunflower-seeds","status":"publish","type":"product","link":"https:\/\/jxgchocolate.com\/fr\/produit\/bulk-chocolate-sunflower-seeds\/","title":{"rendered":"Graines de tournesol au chocolat en vrac, Snacks au chocolat en gros"},"content":{"rendered":"<div class=\"wp-block-columns is-layout-flex wp-container-core-columns-is-layout-9d6595d7 wp-block-columns-is-layout-flex\">\n<div class=\"wp-block-column is-layout-flow wp-block-column-is-layout-flow\">\n<h2 class=\"wp-block-heading\">Premium Bulk Chocolate Sunflower Seeds Caract\u00e9ristiques :<\/h2>\n\n\n\n<ul class=\"wp-block-list\">\n<li><strong>Saveur riche :<\/strong> Ingr\u00e9dient de haute qualit\u00e9, les graines de tournesol au chocolat en vrac sont fabriqu\u00e9es \u00e0 partir de graines de tournesol de haute qualit\u00e9 et sont tremp\u00e9es dans un chocolat soyeux, ce qui leur conf\u00e8re un go\u00fbt riche et double. La douceur du chocolat et le croquant des graines de tournesol sont parfaitement combin\u00e9s, offrant aux consommateurs un plaisir unique et d\u00e9licieux.<\/li>\n\n\n\n<li><strong>Des en-cas sains :<\/strong> En combinant le plaisir du chocolat avec la valeur des noix, nos graines de tournesol enrob\u00e9es de chocolat peuvent se vanter d'une forte concentration de vitamine E, de magn\u00e9sium, de fibres et de graisses saines. Il s'agit d'un choix d'en-cas \u00e0 la fois d\u00e9licieux et sain pour les clients en qu\u00eate de nutrition et de go\u00fbt.<\/li>\n\n\n\n<li><strong>Un paquet diversifi\u00e9 pour diff\u00e9rents sc\u00e9narios : <\/strong>Pour les graines de tournesol au chocolat en vrac, nous d\u00e9finirons une s\u00e9rie de sp\u00e9cifications d'emballage qui conviendront aux en-cas personnels, aux f\u00eates \u00e0 partager ou aux cadeaux de festival. Elles sont faciles \u00e0 vendre dans les restaurants, les caf\u00e9s, les cin\u00e9mas et autres lieux, r\u00e9pondant ainsi aux diff\u00e9rents besoins du march\u00e9.<\/li>\n\n\n\n<li><strong>Saveur personnalis\u00e9e : <\/strong>Nos graines de tournesol enrob\u00e9es de chocolat en vrac permettent d'obtenir diff\u00e9rents ar\u00f4mes de chocolat selon les besoins, y compris le chocolat noir, le chocolat au lait, etc., et des ar\u00f4mes de graines de tournesol dans diff\u00e9rents parfums pour r\u00e9pondre aux besoins personnalis\u00e9s des marques et des clients et accro\u00eetre la diff\u00e9renciation de la marque.<\/li>\n\n\n\n<li><strong>Fra\u00eecheur \u00e0 long terme : <\/strong>Un emballage scell\u00e9 avanc\u00e9 a \u00e9t\u00e9 utilis\u00e9 pour prolonger la dur\u00e9e de conservation de ces graines de tournesol au chocolat en vrac. Le croquant des graines de tournesol et le riche ar\u00f4me du chocolat restent inchang\u00e9s. Adapt\u00e9 \u00e0 la vente en gros, ce produit est facile \u00e0 stocker et \u00e0 transporter.<\/li>\n<\/ul>\n<\/div>\n\n\n\n<div class=\"wp-block-column is-layout-flow wp-block-column-is-layout-flow\">\n<figure class=\"wp-block-image size-full\"><img fetchpriority=\"high\" decoding=\"async\" width=\"770\" height=\"683\" src=\"https:\/\/jxgchocolate.com\/wp-content\/uploads\/2024\/08\/Bulk-Chocolate-Sunflower-Seeds-Wholesale-Chocolate-Snacks-2.webp\" alt=\"Graines de tournesol au chocolat en vrac, Snacks au chocolat en gros-2\" class=\"wp-image-28630\" srcset=\"https:\/\/jxgchocolate.com\/wp-content\/uploads\/2024\/08\/Bulk-Chocolate-Sunflower-Seeds-Wholesale-Chocolate-Snacks-2.webp 770w, https:\/\/jxgchocolate.com\/wp-content\/uploads\/2024\/08\/Bulk-Chocolate-Sunflower-Seeds-Wholesale-Chocolate-Snacks-2-338x300.webp 338w, https:\/\/jxgchocolate.com\/wp-content\/uploads\/2024\/08\/Bulk-Chocolate-Sunflower-Seeds-Wholesale-Chocolate-Snacks-2-768x681.webp 768w, https:\/\/jxgchocolate.com\/wp-content\/uploads\/2024\/08\/Bulk-Chocolate-Sunflower-Seeds-Wholesale-Chocolate-Snacks-2-14x12.webp 14w, https:\/\/jxgchocolate.com\/wp-content\/uploads\/2024\/08\/Bulk-Chocolate-Sunflower-Seeds-Wholesale-Chocolate-Snacks-2-430x381.webp 430w, https:\/\/jxgchocolate.com\/wp-content\/uploads\/2024\/08\/Bulk-Chocolate-Sunflower-Seeds-Wholesale-Chocolate-Snacks-2-700x621.webp 700w, https:\/\/jxgchocolate.com\/wp-content\/uploads\/2024\/08\/Bulk-Chocolate-Sunflower-Seeds-Wholesale-Chocolate-Snacks-2-150x133.webp 150w\" sizes=\"(max-width: 770px) 100vw, 770px\" \/><\/figure>\n<\/div>\n<\/div>","protected":false},"excerpt":{"rendered":"<p>Achetez des graines de tournesol au chocolat aupr\u00e8s de l'usine. Nos graines de tournesol au chocolat en gros sont croustillantes et sucr\u00e9es, un choix id\u00e9al pour des en-cas sains et d\u00e9licieux. Elles peuvent \u00eatre emball\u00e9es selon diverses sp\u00e9cifications et les saveurs peuvent \u00eatre personnalis\u00e9es. Ce produit est le plus vendu dans de nombreux points de vente.<\/p>\n<table width=\"275\">\n<tbody>\n<tr>\n<td width=\"108\">Fabricant<\/td>\n<td width=\"167\">Le fruit de la chance<\/td>\n<\/tr>\n<tr>\n<td>MOD\u00c8LE NO.<\/td>\n<td>JXG33<\/td>\n<\/tr>\n<tr>\n<td>Type<\/td>\n<td>Graines de tournesol au chocolat\u00a0<\/td>\n<\/tr>\n<tr>\n<td>Emballage<\/td>\n<td>Emballage des sacs<\/td>\n<\/tr>\n<tr>\n<td>Sp\u00e9cifications<\/td>\n<td>50 sacs<\/td>\n<\/tr>\n<tr>\n<td>Taille du carton<\/td>\n<td>14*5*18cm<\/td>\n<\/tr>\n<tr>\n<td>N.W \/SET<\/td>\n<td>60g*50 sachets<\/td>\n<\/tr>\n<tr>\n<td>Couleur<\/td>\n<td>En tant qu'image<\/td>\n<\/tr>\n<tr>\n<td>MOQ<\/td>\n<td>500 cartons<\/td>\n<\/tr>\n<tr>\n<td>Personnalisation<\/td>\n<td>Emballage\/LOGO<\/td>\n<\/tr>\n<\/tbody>\n<\/table>","protected":false},"featured_media":28629,"comment_status":"closed","ping_status":"closed","template":"","meta":[],"product_cat":[72],"product_tag":[],"class_list":{"0":"post-28628","1":"product","2":"type-product","3":"status-publish","4":"has-post-thumbnail","6":"product_cat-wholesale-chocolate-covered-sunflower-seeds","8":"first","9":"instock","10":"shipping-taxable","11":"product-type-simple"},"_links":{"self":[{"href":"https:\/\/jxgchocolate.com\/fr\/wp-json\/wp\/v2\/product\/28628","targetHints":{"allow":["GET"]}}],"collection":[{"href":"https:\/\/jxgchocolate.com\/fr\/wp-json\/wp\/v2\/product"}],"about":[{"href":"https:\/\/jxgchocolate.com\/fr\/wp-json\/wp\/v2\/types\/product"}],"replies":[{"embeddable":true,"href":"https:\/\/jxgchocolate.com\/fr\/wp-json\/wp\/v2\/comments?post=28628"}],"version-history":[{"count":0,"href":"https:\/\/jxgchocolate.com\/fr\/wp-json\/wp\/v2\/product\/28628\/revisions"}],"wp:featuredmedia":[{"embeddable":true,"href":"https:\/\/jxgchocolate.com\/fr\/wp-json\/wp\/v2\/media\/28629"}],"wp:attachment":[{"href":"https:\/\/jxgchocolate.com\/fr\/wp-json\/wp\/v2\/media?parent=28628"}],"wp:term":[{"taxonomy":"product_cat","embeddable":true,"href":"https:\/\/jxgchocolate.com\/fr\/wp-json\/wp\/v2\/product_cat?post=28628"},{"taxonomy":"product_tag","embeddable":true,"href":"https:\/\/jxgchocolate.com\/fr\/wp-json\/wp\/v2\/product_tag?post=28628"}],"curies":[{"name":"wp","href":"https:\/\/api.w.org\/{rel}","templated":true}]}}