{"id":28633,"date":"2024-08-31T05:42:34","date_gmt":"2024-08-31T05:42:34","guid":{"rendered":"https:\/\/jxgchocolate.com\/?post_type=product&#038;p=28633"},"modified":"2024-08-31T06:43:46","modified_gmt":"2024-08-31T06:43:46","slug":"wholesale-chocolate-sunflower-seeds","status":"publish","type":"product","link":"https:\/\/jxgchocolate.com\/fr\/produit\/wholesale-chocolate-sunflower-seeds\/","title":{"rendered":"Fourniture d'usine Graines de tournesol au chocolat en gros en vrac"},"content":{"rendered":"<div class=\"wp-block-columns is-layout-flex wp-container-core-columns-is-layout-9d6595d7 wp-block-columns-is-layout-flex\">\n<div class=\"wp-block-column is-layout-flow wp-block-column-is-layout-flow\">\n<h2 class=\"wp-block-heading\">Premium Wholesale Chocolate Sunflower Seeds Caract\u00e9ristiques :<\/h2>\n\n\n\n<ol class=\"wp-block-list\">\n<li><strong>Fourniture directe par l'usine :<\/strong> Acheter en gros des graines de tournesol au chocolat aupr\u00e8s du fabricant pour garantir une qualit\u00e9 de produit stable et fiable, tout en r\u00e9duisant les co\u00fbts interm\u00e9diaires et en fournissant aux clients des graines de tournesol au chocolat rentables.<\/li>\n\n\n\n<li><strong>Mati\u00e8res premi\u00e8res de haute qualit\u00e9 : <\/strong>Nos graines de tournesol enrob\u00e9es de chocolat en vrac s\u00e9lectionnent des graines de tournesol de haute qualit\u00e9 et du chocolat de haute qualit\u00e9 pour garantir que chaque graine de tournesol a le meilleur go\u00fbt et une riche saveur de chocolat.<\/li>\n\n\n\n<li><strong>Approvisionnement en vrac : <\/strong>Nos graines de tournesol chocolat\u00e9es en gros permettent l'approvisionnement en vrac pour r\u00e9pondre \u00e0 divers besoins commerciaux. Qu'il s'agisse de d\u00e9taillants, de grossistes ou de prestataires de services de restauration, ils peuvent facilement obtenir les stocks n\u00e9cessaires.<\/li>\n\n\n\n<li><strong>Large application : <\/strong>Nos graines de tournesol enrob\u00e9es de chocolat en vrac conviennent \u00e0 la vente au d\u00e9tail de snacks, aux \u00e9v\u00e9nements festifs et \u00e0 la d\u00e9coration de desserts de restauration. Il s'agit d'un choix id\u00e9al pour l'industrie du snacking et de la restauration.<\/li>\n<\/ol>\n<\/div>\n\n\n\n<div class=\"wp-block-column is-layout-flow wp-block-column-is-layout-flow\">\n<figure class=\"wp-block-image size-full\"><img fetchpriority=\"high\" decoding=\"async\" width=\"750\" height=\"750\" src=\"https:\/\/jxgchocolate.com\/wp-content\/uploads\/2024\/08\/Factory-Supply-Wholesale-Chocolate-Sunflower-Seeds-in-Bulk-5.webp\" alt=\"Livraison en gros de graines de tournesol au chocolat en vrac-5\" class=\"wp-image-28652\" srcset=\"https:\/\/jxgchocolate.com\/wp-content\/uploads\/2024\/08\/Factory-Supply-Wholesale-Chocolate-Sunflower-Seeds-in-Bulk-5.webp 750w, https:\/\/jxgchocolate.com\/wp-content\/uploads\/2024\/08\/Factory-Supply-Wholesale-Chocolate-Sunflower-Seeds-in-Bulk-5-300x300.webp 300w, https:\/\/jxgchocolate.com\/wp-content\/uploads\/2024\/08\/Factory-Supply-Wholesale-Chocolate-Sunflower-Seeds-in-Bulk-5-150x150.webp 150w, https:\/\/jxgchocolate.com\/wp-content\/uploads\/2024\/08\/Factory-Supply-Wholesale-Chocolate-Sunflower-Seeds-in-Bulk-5-12x12.webp 12w, https:\/\/jxgchocolate.com\/wp-content\/uploads\/2024\/08\/Factory-Supply-Wholesale-Chocolate-Sunflower-Seeds-in-Bulk-5-430x430.webp 430w, https:\/\/jxgchocolate.com\/wp-content\/uploads\/2024\/08\/Factory-Supply-Wholesale-Chocolate-Sunflower-Seeds-in-Bulk-5-700x700.webp 700w\" sizes=\"(max-width: 750px) 100vw, 750px\" \/><\/figure>\n<\/div>\n<\/div>","protected":false},"excerpt":{"rendered":"<p>Achetez en gros des graines de tournesol au chocolat du fabricant, avec une riche saveur de chocolat et un go\u00fbt croquant. L'approvisionnement en vrac offre aux d\u00e9taillants et aux prestataires de services de restauration des options fiables et de haute qualit\u00e9 pour r\u00e9pondre \u00e0 divers besoins commerciaux.<\/p>\n<table width=\"275\">\n<tbody>\n<tr>\n<td width=\"108\">Fabricant<\/td>\n<td width=\"167\">Le fruit de la chance<\/td>\n<\/tr>\n<tr>\n<td>MOD\u00c8LE NO.<\/td>\n<td>JXG34<\/td>\n<\/tr>\n<tr>\n<td>Type<\/td>\n<td>Graines de tournesol au chocolat\u00a0<\/td>\n<\/tr>\n<tr>\n<td>Emballage<\/td>\n<td>Emballage des sacs<\/td>\n<\/tr>\n<tr>\n<td>Sp\u00e9cifications<\/td>\n<td>12 sacs<\/td>\n<\/tr>\n<tr>\n<td>Taille du carton<\/td>\n<td>18*7*25cm<\/td>\n<\/tr>\n<tr>\n<td>N.W \/SET<\/td>\n<td>1KG*12 sacs<\/td>\n<\/tr>\n<tr>\n<td>Couleur<\/td>\n<td>En tant qu'image<\/td>\n<\/tr>\n<tr>\n<td>MOQ<\/td>\n<td>500 cartons<\/td>\n<\/tr>\n<tr>\n<td>Personnalisation<\/td>\n<td>Emballage\/LOGO<\/td>\n<\/tr>\n<\/tbody>\n<\/table>","protected":false},"featured_media":28649,"comment_status":"closed","ping_status":"closed","template":"","meta":[],"product_cat":[72],"product_tag":[],"class_list":{"0":"post-28633","1":"product","2":"type-product","3":"status-publish","4":"has-post-thumbnail","6":"product_cat-wholesale-chocolate-covered-sunflower-seeds","8":"first","9":"instock","10":"shipping-taxable","11":"product-type-simple"},"_links":{"self":[{"href":"https:\/\/jxgchocolate.com\/fr\/wp-json\/wp\/v2\/product\/28633","targetHints":{"allow":["GET"]}}],"collection":[{"href":"https:\/\/jxgchocolate.com\/fr\/wp-json\/wp\/v2\/product"}],"about":[{"href":"https:\/\/jxgchocolate.com\/fr\/wp-json\/wp\/v2\/types\/product"}],"replies":[{"embeddable":true,"href":"https:\/\/jxgchocolate.com\/fr\/wp-json\/wp\/v2\/comments?post=28633"}],"version-history":[{"count":0,"href":"https:\/\/jxgchocolate.com\/fr\/wp-json\/wp\/v2\/product\/28633\/revisions"}],"wp:featuredmedia":[{"embeddable":true,"href":"https:\/\/jxgchocolate.com\/fr\/wp-json\/wp\/v2\/media\/28649"}],"wp:attachment":[{"href":"https:\/\/jxgchocolate.com\/fr\/wp-json\/wp\/v2\/media?parent=28633"}],"wp:term":[{"taxonomy":"product_cat","embeddable":true,"href":"https:\/\/jxgchocolate.com\/fr\/wp-json\/wp\/v2\/product_cat?post=28633"},{"taxonomy":"product_tag","embeddable":true,"href":"https:\/\/jxgchocolate.com\/fr\/wp-json\/wp\/v2\/product_tag?post=28633"}],"curies":[{"name":"wp","href":"https:\/\/api.w.org\/{rel}","templated":true}]}}