{"id":28641,"date":"2024-08-31T05:54:03","date_gmt":"2024-08-31T05:54:03","guid":{"rendered":"https:\/\/jxgchocolate.com\/?post_type=product&#038;p=28641"},"modified":"2025-03-08T03:43:18","modified_gmt":"2025-03-08T03:43:18","slug":"chocolate-sunflower-seeds-in-bulk","status":"publish","type":"product","link":"https:\/\/jxgchocolate.com\/fr\/produit\/chocolate-sunflower-seeds-in-bulk\/","title":{"rendered":"Acheter des graines de tournesol au chocolat en vrac \u00e0 un prix avantageux"},"content":{"rendered":"<div class=\"wp-block-columns is-layout-flex wp-container-core-columns-is-layout-9d6595d7 wp-block-columns-is-layout-flex\">\n<div class=\"wp-block-column is-layout-flow wp-block-column-is-layout-flow\">\n<h2 class=\"wp-block-heading\">Graines de tournesol au chocolat de premi\u00e8re qualit\u00e9 en vrac Caract\u00e9ristiques :<\/h2>\n\n\n\n<ul class=\"wp-block-list\">\n<li><strong>Saveur riche : <\/strong>Nos graines de tournesol au chocolat en vrac utilisent du chocolat noir de premi\u00e8re qualit\u00e9 pour enrober toutes les graines de tournesol, ce qui leur conf\u00e8re une riche saveur de chocolat et un go\u00fbt riche, parfaits pour les personnes exigeant une saveur de la plus haute qualit\u00e9.<\/li>\n\n\n\n<li><strong>Choix d'une collation saine : <\/strong>Le chocolat noir contient des antioxydants et les graines de tournesol de la vitamine E et de bonnes graisses. Nos graines de tournesol au chocolat en gros ne sont pas seulement d\u00e9licieuses, elles constituent \u00e9galement un choix d'en-cas sain.<\/li>\n\n\n\n<li><strong>Collation polyvalente : <\/strong>Ces graines de tournesol au chocolat en vrac peuvent \u00eatre consomm\u00e9es comme en-cas directement \u00e0 partir du sachet ou peuvent \u00eatre utilis\u00e9es comme garniture pour les desserts tels que les g\u00e2teaux, les biscuits et les cr\u00e8mes glac\u00e9es. C'est un choix d\u00e9licieux pour toutes les occasions.<\/li>\n\n\n\n<li><strong>Offre d'achat en gros : <\/strong>Nos graines de tournesol enrob\u00e9es de chocolat sont id\u00e9ales pour les grossistes, les restaurants et les grandes occasions, afin de garantir l'acc\u00e8s \u00e0 des produits de qualit\u00e9 \u00e0 des prix de gros.<\/li>\n<\/ul>\n<\/div>\n\n\n\n<div class=\"wp-block-column is-layout-flow wp-block-column-is-layout-flow\">\n<figure class=\"wp-block-image size-full\"><img fetchpriority=\"high\" decoding=\"async\" width=\"750\" height=\"750\" src=\"https:\/\/jxgchocolate.com\/wp-content\/uploads\/2024\/08\/Dark-Chocolate-Sunflower-Seeds-in-Bulk-Wholesale-Snacks-6.webp\" alt=\"Graines de tournesol au chocolat noir en vrac, Snacks en gros-6\" class=\"wp-image-28647\" srcset=\"https:\/\/jxgchocolate.com\/wp-content\/uploads\/2024\/08\/Dark-Chocolate-Sunflower-Seeds-in-Bulk-Wholesale-Snacks-6.webp 750w, https:\/\/jxgchocolate.com\/wp-content\/uploads\/2024\/08\/Dark-Chocolate-Sunflower-Seeds-in-Bulk-Wholesale-Snacks-6-300x300.webp 300w, https:\/\/jxgchocolate.com\/wp-content\/uploads\/2024\/08\/Dark-Chocolate-Sunflower-Seeds-in-Bulk-Wholesale-Snacks-6-150x150.webp 150w, https:\/\/jxgchocolate.com\/wp-content\/uploads\/2024\/08\/Dark-Chocolate-Sunflower-Seeds-in-Bulk-Wholesale-Snacks-6-12x12.webp 12w, https:\/\/jxgchocolate.com\/wp-content\/uploads\/2024\/08\/Dark-Chocolate-Sunflower-Seeds-in-Bulk-Wholesale-Snacks-6-430x430.webp 430w, https:\/\/jxgchocolate.com\/wp-content\/uploads\/2024\/08\/Dark-Chocolate-Sunflower-Seeds-in-Bulk-Wholesale-Snacks-6-700x700.webp 700w\" sizes=\"(max-width: 750px) 100vw, 750px\" \/><\/figure>\n<\/div>\n<\/div>\n\n\n\n<p><\/p>","protected":false},"excerpt":{"rendered":"<p>Bienvenue pour commander en gros des graines de tournesol enrob\u00e9es de chocolat. Nos graines de tournesol enrob\u00e9es de chocolat en vrac sont enrob\u00e9es de chocolat noir pur, avec une saveur profonde et une nutrition dense. Elles sont importantes pour servir d'aliments sains ou pour d\u00e9corer des desserts.<\/p>\n<table width=\"275\">\n<tbody>\n<tr>\n<td width=\"108\">Fabricant<\/td>\n<td width=\"167\">Le fruit de la chance<\/td>\n<\/tr>\n<tr>\n<td>MOD\u00c8LE NO.<\/td>\n<td>JXG35<\/td>\n<\/tr>\n<tr>\n<td>Type<\/td>\n<td>Graines de tournesol au chocolat\u00a0<\/td>\n<\/tr>\n<tr>\n<td>Emballage<\/td>\n<td>Emballage des sacs<\/td>\n<\/tr>\n<tr>\n<td>Sp\u00e9cifications<\/td>\n<td>2 sacs<\/td>\n<\/tr>\n<tr>\n<td>Taille du carton<\/td>\n<td>20*31*18cm<\/td>\n<\/tr>\n<tr>\n<td>N.W \/SET<\/td>\n<td>25g*100Pcs*2sacs<\/td>\n<\/tr>\n<tr>\n<td>Couleur<\/td>\n<td>En tant qu'image<\/td>\n<\/tr>\n<tr>\n<td>MOQ<\/td>\n<td>500 cartons<\/td>\n<\/tr>\n<tr>\n<td>Personnalisation<\/td>\n<td>Emballage\/LOGO<\/td>\n<\/tr>\n<\/tbody>\n<\/table>","protected":false},"featured_media":28642,"comment_status":"closed","ping_status":"closed","template":"","meta":[],"product_cat":[72],"product_tag":[],"class_list":{"0":"post-28641","1":"product","2":"type-product","3":"status-publish","4":"has-post-thumbnail","6":"product_cat-wholesale-chocolate-covered-sunflower-seeds","8":"first","9":"instock","10":"shipping-taxable","11":"product-type-simple"},"_links":{"self":[{"href":"https:\/\/jxgchocolate.com\/fr\/wp-json\/wp\/v2\/product\/28641","targetHints":{"allow":["GET"]}}],"collection":[{"href":"https:\/\/jxgchocolate.com\/fr\/wp-json\/wp\/v2\/product"}],"about":[{"href":"https:\/\/jxgchocolate.com\/fr\/wp-json\/wp\/v2\/types\/product"}],"replies":[{"embeddable":true,"href":"https:\/\/jxgchocolate.com\/fr\/wp-json\/wp\/v2\/comments?post=28641"}],"version-history":[{"count":0,"href":"https:\/\/jxgchocolate.com\/fr\/wp-json\/wp\/v2\/product\/28641\/revisions"}],"wp:featuredmedia":[{"embeddable":true,"href":"https:\/\/jxgchocolate.com\/fr\/wp-json\/wp\/v2\/media\/28642"}],"wp:attachment":[{"href":"https:\/\/jxgchocolate.com\/fr\/wp-json\/wp\/v2\/media?parent=28641"}],"wp:term":[{"taxonomy":"product_cat","embeddable":true,"href":"https:\/\/jxgchocolate.com\/fr\/wp-json\/wp\/v2\/product_cat?post=28641"},{"taxonomy":"product_tag","embeddable":true,"href":"https:\/\/jxgchocolate.com\/fr\/wp-json\/wp\/v2\/product_tag?post=28641"}],"curies":[{"name":"wp","href":"https:\/\/api.w.org\/{rel}","templated":true}]}}