{"id":28657,"date":"2024-08-31T06:22:40","date_gmt":"2024-08-31T06:22:40","guid":{"rendered":"https:\/\/jxgchocolate.com\/?post_type=product&#038;p=28657"},"modified":"2024-11-02T09:23:42","modified_gmt":"2024-11-02T09:23:42","slug":"chocolate-sunflower-seeds-wholesale","status":"publish","type":"product","link":"https:\/\/jxgchocolate.com\/fr\/produit\/chocolate-sunflower-seeds-wholesale\/","title":{"rendered":"Sac de graines de tournesol en chocolat Wholesale, Bulk Chocolate Snacks"},"content":{"rendered":"<div class=\"wp-block-columns is-layout-flex wp-container-core-columns-is-layout-9d6595d7 wp-block-columns-is-layout-flex\">\n<div class=\"wp-block-column is-layout-flow wp-block-column-is-layout-flow\">\n<h2 class=\"wp-block-heading\">Premium Chocolate Sunflower Seeds Wholesale Caract\u00e9ristiques :<\/h2>\n\n\n\n<ul class=\"wp-block-list\">\n<li><strong>Emballage pratique : <\/strong>Nos graines de tournesol au chocolat sont emball\u00e9es dans des sacs, ce qui est pratique \u00e0 emporter et \u00e0 stocker. Elles conviennent aux en-cas quotidiens, aux voyages ou simplement aux repas pris sur le chemin du travail ; elles r\u00e9pondront aux exigences des consommateurs \u00e0 tout moment et en tout lieu.<\/li>\n\n\n\n<li><strong>S\u00e9lection d'ingr\u00e9dients de haute qualit\u00e9 : <\/strong>Lors de la fabrication des graines de tournesol au chocolat en gros, le m\u00e9lange de graines de tournesol de haute qualit\u00e9 et de chocolat de haute qualit\u00e9 est pris en compte. Par cons\u00e9quent, chaque graine de tournesol enrob\u00e9e de chocolat en vrac a un go\u00fbt prononc\u00e9 de chocolat et un go\u00fbt croustillant, ce qui permet d'appr\u00e9cier le go\u00fbt avec une grande qualit\u00e9.<\/li>\n\n\n\n<li><strong>Un choix sain et salutaire : <\/strong>Les graines de tournesol sont riches en vitamine E, en prot\u00e9ines et en graisses saines, tandis que le chocolat est plein d'antioxydants. R\u00e9unies dans la perfection et la gourmandise, nos graines de tournesol au chocolat en gros constituent un choix d'en-cas beaucoup plus sain pour le consommateur.<\/li>\n\n\n\n<li><strong>Avantage de l'approvisionnement en gros : <\/strong>Nous fournissons des graines de tournesol enrob\u00e9es de chocolat en vrac, pour les grossistes, les d\u00e9taillants des supermarch\u00e9s et les organisateurs de grands \u00e9v\u00e9nements. Plus vous passez de commandes, plus le prix est avantageux et plus nous pouvons garantir un approvisionnement \u00e0 long terme.<\/li>\n<\/ul>\n<\/div>\n\n\n\n<div class=\"wp-block-column is-layout-flow wp-block-column-is-layout-flow\">\n<figure class=\"wp-block-image size-full\"><img fetchpriority=\"high\" decoding=\"async\" width=\"3648\" height=\"3648\" src=\"https:\/\/jxgchocolate.com\/wp-content\/uploads\/2024\/08\/Bag-Pack-Chocolate-Sunflower-Seeds-Wholesale-Bulk-Snacks-2.webp\" alt=\"Sac de graines de tournesol au chocolat Wholesale, Bulk Snacks-2\" class=\"wp-image-28659\" srcset=\"https:\/\/jxgchocolate.com\/wp-content\/uploads\/2024\/08\/Bag-Pack-Chocolate-Sunflower-Seeds-Wholesale-Bulk-Snacks-2.webp 3648w, https:\/\/jxgchocolate.com\/wp-content\/uploads\/2024\/08\/Bag-Pack-Chocolate-Sunflower-Seeds-Wholesale-Bulk-Snacks-2-300x300.webp 300w, https:\/\/jxgchocolate.com\/wp-content\/uploads\/2024\/08\/Bag-Pack-Chocolate-Sunflower-Seeds-Wholesale-Bulk-Snacks-2-150x150.webp 150w, https:\/\/jxgchocolate.com\/wp-content\/uploads\/2024\/08\/Bag-Pack-Chocolate-Sunflower-Seeds-Wholesale-Bulk-Snacks-2-768x768.webp 768w, https:\/\/jxgchocolate.com\/wp-content\/uploads\/2024\/08\/Bag-Pack-Chocolate-Sunflower-Seeds-Wholesale-Bulk-Snacks-2-12x12.webp 12w, https:\/\/jxgchocolate.com\/wp-content\/uploads\/2024\/08\/Bag-Pack-Chocolate-Sunflower-Seeds-Wholesale-Bulk-Snacks-2-430x430.webp 430w, https:\/\/jxgchocolate.com\/wp-content\/uploads\/2024\/08\/Bag-Pack-Chocolate-Sunflower-Seeds-Wholesale-Bulk-Snacks-2-700x700.webp 700w\" sizes=\"(max-width: 3648px) 100vw, 3648px\" \/><\/figure>\n<\/div>\n<\/div>\n\n\n\n<p><\/p>","protected":false},"excerpt":{"rendered":"<p>Achetez des graines de tournesol enrob\u00e9es de chocolat en vrac aupr\u00e8s de l'usine. Ces graines de tournesol enrob\u00e9es de chocolat en gros ont une forme de sac tr\u00e8s pratique, facile \u00e0 transporter et \u00e0 adapter aux encas quotidiens ou aux voyages. Gr\u00e2ce \u00e0 la s\u00e9lection d'ingr\u00e9dients de haute qualit\u00e9, ils peuvent garantir que chaque morceau a une riche saveur de chocolat et une valeur nutritionnelle.<\/p>\n<table width=\"275\">\n<tbody>\n<tr>\n<td width=\"108\">Fabricant<\/td>\n<td width=\"167\">Le fruit de la chance<\/td>\n<\/tr>\n<tr>\n<td>MOD\u00c8LE NO.<\/td>\n<td>JXG36<\/td>\n<\/tr>\n<tr>\n<td>Type<\/td>\n<td>Graines de tournesol au chocolat\u00a0<\/td>\n<\/tr>\n<tr>\n<td>Emballage<\/td>\n<td>Emballage des sacs<\/td>\n<\/tr>\n<tr>\n<td>Sp\u00e9cifications<\/td>\n<td>24 bo\u00eetes<\/td>\n<\/tr>\n<tr>\n<td>Taille du carton<\/td>\n<td>15*13*9cm<\/td>\n<\/tr>\n<tr>\n<td>N.W \/SET<\/td>\n<td>14g*30Pcs*24bo\u00eetes<\/td>\n<\/tr>\n<tr>\n<td>Couleur<\/td>\n<td>En tant qu'image<\/td>\n<\/tr>\n<tr>\n<td>MOQ<\/td>\n<td>500 cartons<\/td>\n<\/tr>\n<tr>\n<td>Personnalisation<\/td>\n<td>Emballage\/LOGO<\/td>\n<\/tr>\n<\/tbody>\n<\/table>","protected":false},"featured_media":28661,"comment_status":"closed","ping_status":"closed","template":"","meta":[],"product_cat":[72],"product_tag":[],"class_list":{"0":"post-28657","1":"product","2":"type-product","3":"status-publish","4":"has-post-thumbnail","6":"product_cat-wholesale-chocolate-covered-sunflower-seeds","8":"first","9":"instock","10":"shipping-taxable","11":"product-type-simple"},"_links":{"self":[{"href":"https:\/\/jxgchocolate.com\/fr\/wp-json\/wp\/v2\/product\/28657","targetHints":{"allow":["GET"]}}],"collection":[{"href":"https:\/\/jxgchocolate.com\/fr\/wp-json\/wp\/v2\/product"}],"about":[{"href":"https:\/\/jxgchocolate.com\/fr\/wp-json\/wp\/v2\/types\/product"}],"replies":[{"embeddable":true,"href":"https:\/\/jxgchocolate.com\/fr\/wp-json\/wp\/v2\/comments?post=28657"}],"version-history":[{"count":6,"href":"https:\/\/jxgchocolate.com\/fr\/wp-json\/wp\/v2\/product\/28657\/revisions"}],"predecessor-version":[{"id":29030,"href":"https:\/\/jxgchocolate.com\/fr\/wp-json\/wp\/v2\/product\/28657\/revisions\/29030"}],"wp:featuredmedia":[{"embeddable":true,"href":"https:\/\/jxgchocolate.com\/fr\/wp-json\/wp\/v2\/media\/28661"}],"wp:attachment":[{"href":"https:\/\/jxgchocolate.com\/fr\/wp-json\/wp\/v2\/media?parent=28657"}],"wp:term":[{"taxonomy":"product_cat","embeddable":true,"href":"https:\/\/jxgchocolate.com\/fr\/wp-json\/wp\/v2\/product_cat?post=28657"},{"taxonomy":"product_tag","embeddable":true,"href":"https:\/\/jxgchocolate.com\/fr\/wp-json\/wp\/v2\/product_tag?post=28657"}],"curies":[{"name":"wp","href":"https:\/\/api.w.org\/{rel}","templated":true}]}}