{"id":28684,"date":"2024-09-02T01:47:43","date_gmt":"2024-09-02T01:47:43","guid":{"rendered":"https:\/\/jxgchocolate.com\/?post_type=product&#038;p=28684"},"modified":"2025-03-08T06:11:09","modified_gmt":"2025-03-08T06:11:09","slug":"chocolate-peanuts-wholesale","status":"publish","type":"product","link":"https:\/\/jxgchocolate.com\/fr\/produit\/chocolate-peanuts-wholesale\/","title":{"rendered":"Cacahu\u00e8tes en chocolat en vrac Wholesale, Bulk Chocolate Balls"},"content":{"rendered":"<div class=\"wp-block-columns is-layout-flex wp-container-core-columns-is-layout-9d6595d7 wp-block-columns-is-layout-flex\">\n<div class=\"wp-block-column is-layout-flow wp-block-column-is-layout-flow\">\n<h2 class=\"wp-block-heading\">Cacahu\u00e8tes au chocolat de qualit\u00e9 sup\u00e9rieure Caract\u00e9ristiques de la vente en gros :<\/h2>\n\n\n\n<ul class=\"wp-block-list\">\n<li><strong>Facile \u00e0 transporter : <\/strong>Nos cacahu\u00e8tes au chocolat en gros sont emball\u00e9es dans des sacs ind\u00e9pendants, de petite taille et de poids l\u00e9ger, et peuvent \u00eatre consomm\u00e9es \u00e0 tout moment et en tout lieu. Qu'il s'agisse de travail, de voyage, de repos apr\u00e8s un exercice physique ou d'un en-cas sain pour les enfants, elles sont tr\u00e8s pratiques \u00e0 emporter.<\/li>\n\n\n\n<li><strong>D\u00e9licieux et nutritif : <\/strong>Nos cacahu\u00e8tes enrob\u00e9es de chocolat en vrac sont s\u00e9lectionn\u00e9es \u00e0 partir de cacahu\u00e8tes de premi\u00e8re qualit\u00e9, et leur couche ext\u00e9rieure est riche en chocolat onctueux. Chaque bouch\u00e9e est parfaitement croustillante et sucr\u00e9e. La riche saveur du chocolat se m\u00eale au go\u00fbt croquant des cacahu\u00e8tes et taquine les papilles, tout en apportant une bonne dose de prot\u00e9ines et d'\u00e9nergie.<\/li>\n\n\n\n<li><strong>Collations polyvalentes : <\/strong>Nos cacahu\u00e8tes au chocolat en gros peuvent \u00eatre utilis\u00e9es lors de diverses f\u00eates, d'\u00e9v\u00e9nements en plein air et d'autres rassemblements pour stimuler l'\u00e9nergie des personnes qui les entourent et donner plus d'attrait \u00e0 leur d\u00e9sir de sucreries. Elles peuvent \u00e9galement \u00eatre utilis\u00e9es comme ingr\u00e9dients dans des produits de boulangerie pour ajouter de la saveur et du go\u00fbt.<\/li>\n\n\n\n<li><strong>Avantages de la vente en gros : <\/strong>Lucky Fruit fournit des cacahu\u00e8tes enrob\u00e9es de chocolat en gros aux d\u00e9taillants et aux grossistes \u00e0 des prix raisonnables, ce qui r\u00e9pond \u00e0 leur demande. L'utilisation de chocolat et de cacahu\u00e8tes de haute qualit\u00e9 peut offrir une exp\u00e9rience satisfaisante au consommateur.<\/li>\n<\/ul>\n<\/div>\n\n\n\n<div class=\"wp-block-column is-layout-flow wp-block-column-is-layout-flow\">\n<figure class=\"wp-block-image size-full\"><img fetchpriority=\"high\" decoding=\"async\" width=\"750\" height=\"750\" src=\"https:\/\/jxgchocolate.com\/wp-content\/uploads\/2024\/09\/Bag-Pack-Chocolate-Peanuts-Wholesale-Bulk-Chocolate-Snacks-5.webp\" alt=\"Paquet de cacahu\u00e8tes au chocolat Wholesale, Snacks au chocolat en vrac-5\" class=\"wp-image-28691\" srcset=\"https:\/\/jxgchocolate.com\/wp-content\/uploads\/2024\/09\/Bag-Pack-Chocolate-Peanuts-Wholesale-Bulk-Chocolate-Snacks-5.webp 750w, https:\/\/jxgchocolate.com\/wp-content\/uploads\/2024\/09\/Bag-Pack-Chocolate-Peanuts-Wholesale-Bulk-Chocolate-Snacks-5-300x300.webp 300w, https:\/\/jxgchocolate.com\/wp-content\/uploads\/2024\/09\/Bag-Pack-Chocolate-Peanuts-Wholesale-Bulk-Chocolate-Snacks-5-150x150.webp 150w, https:\/\/jxgchocolate.com\/wp-content\/uploads\/2024\/09\/Bag-Pack-Chocolate-Peanuts-Wholesale-Bulk-Chocolate-Snacks-5-12x12.webp 12w, https:\/\/jxgchocolate.com\/wp-content\/uploads\/2024\/09\/Bag-Pack-Chocolate-Peanuts-Wholesale-Bulk-Chocolate-Snacks-5-430x430.webp 430w, https:\/\/jxgchocolate.com\/wp-content\/uploads\/2024\/09\/Bag-Pack-Chocolate-Peanuts-Wholesale-Bulk-Chocolate-Snacks-5-700x700.webp 700w\" sizes=\"(max-width: 750px) 100vw, 750px\" \/><\/figure>\n<\/div>\n<\/div>","protected":false},"excerpt":{"rendered":"<p>Nous vous invitons \u00e0 acheter des cacahu\u00e8tes enrob\u00e9es de chocolat en vrac. Nos cacahu\u00e8tes enrob\u00e9es de chocolat en vrac sont pratiques \u00e0 manger, d\u00e9licieuses, nutritives et peuvent \u00eatre consomm\u00e9es \u00e0 tout moment et en tout lieu. Qu'il s'agisse de travailler, de voyager, de jouer ou simplement de faire la f\u00eate, cet en-cas est parfait pour diverses occasions.<\/p>\n<table style=\"border-collapse: collapse; width: 275.02pt;\" border=\"0\" width=\"275\" cellspacing=\"0\" cellpadding=\"0\">\n<tbody>\n<tr style=\"height: 17.60pt;\">\n<td class=\"et3\" style=\"height: 17.60pt; width: 108.35pt;\" width=\"108\" height=\"17\">Fabricant<\/td>\n<td class=\"et3\" style=\"width: 167.10pt;\" width=\"167\">Le fruit de la chance<\/td>\n<\/tr>\n<tr style=\"height: 17.60pt;\">\n<td class=\"et3\" style=\"height: 17.60pt;\" height=\"17\">MOD\u00c8LE NO.<\/td>\n<td class=\"et3\">JXG38<\/td>\n<\/tr>\n<tr style=\"height: 17.60pt;\">\n<td class=\"et3\" style=\"height: 17.60pt;\" height=\"17\">Type<\/td>\n<td class=\"et3\">Cacahu\u00e8tes au chocolat<\/td>\n<\/tr>\n<tr style=\"height: 17.60pt;\">\n<td class=\"et3\" style=\"height: 17.60pt;\" height=\"17\">Emballage<\/td>\n<td class=\"et3\">Emballage des sacs<\/td>\n<\/tr>\n<tr style=\"height: 17.60pt;\">\n<td class=\"et3\" style=\"height: 17.60pt;\" height=\"17\">Sp\u00e9cifications<\/td>\n<td class=\"et3\">2 sacs<\/td>\n<\/tr>\n<tr style=\"height: 17.60pt;\">\n<td class=\"et3\" style=\"height: 17.60pt;\" height=\"17\">Taille du carton<\/td>\n<td class=\"et3\">19*3*18 cm<\/td>\n<\/tr>\n<tr style=\"height: 17.60pt;\">\n<td class=\"et3\" style=\"height: 17.60pt;\" height=\"17\">N.W \/SET<\/td>\n<td class=\"et3\">25g*100Pcs*2sacs<\/td>\n<\/tr>\n<tr style=\"height: 17.60pt;\">\n<td class=\"et3\" style=\"height: 17.60pt;\" height=\"17\">Couleur<\/td>\n<td class=\"et3\">En tant qu'image<\/td>\n<\/tr>\n<tr style=\"height: 17.60pt;\">\n<td class=\"et3\" style=\"height: 17.60pt;\" height=\"17\">MOQ<\/td>\n<td class=\"et3\">500 cartons<\/td>\n<\/tr>\n<tr style=\"height: 17.60pt;\">\n<td class=\"et3\" style=\"height: 17.60pt;\" height=\"17\">Personnalisation<\/td>\n<td class=\"et3\">Emballage\/LOGO<\/td>\n<\/tr>\n<\/tbody>\n<\/table>","protected":false},"featured_media":28687,"comment_status":"closed","ping_status":"closed","template":"","meta":[],"product_cat":[73],"product_tag":[],"class_list":{"0":"post-28684","1":"product","2":"type-product","3":"status-publish","4":"has-post-thumbnail","6":"product_cat-wholesale-chocolate-covered-peanuts","8":"first","9":"instock","10":"shipping-taxable","11":"product-type-simple"},"_links":{"self":[{"href":"https:\/\/jxgchocolate.com\/fr\/wp-json\/wp\/v2\/product\/28684","targetHints":{"allow":["GET"]}}],"collection":[{"href":"https:\/\/jxgchocolate.com\/fr\/wp-json\/wp\/v2\/product"}],"about":[{"href":"https:\/\/jxgchocolate.com\/fr\/wp-json\/wp\/v2\/types\/product"}],"replies":[{"embeddable":true,"href":"https:\/\/jxgchocolate.com\/fr\/wp-json\/wp\/v2\/comments?post=28684"}],"version-history":[{"count":8,"href":"https:\/\/jxgchocolate.com\/fr\/wp-json\/wp\/v2\/product\/28684\/revisions"}],"predecessor-version":[{"id":29627,"href":"https:\/\/jxgchocolate.com\/fr\/wp-json\/wp\/v2\/product\/28684\/revisions\/29627"}],"wp:featuredmedia":[{"embeddable":true,"href":"https:\/\/jxgchocolate.com\/fr\/wp-json\/wp\/v2\/media\/28687"}],"wp:attachment":[{"href":"https:\/\/jxgchocolate.com\/fr\/wp-json\/wp\/v2\/media?parent=28684"}],"wp:term":[{"taxonomy":"product_cat","embeddable":true,"href":"https:\/\/jxgchocolate.com\/fr\/wp-json\/wp\/v2\/product_cat?post=28684"},{"taxonomy":"product_tag","embeddable":true,"href":"https:\/\/jxgchocolate.com\/fr\/wp-json\/wp\/v2\/product_tag?post=28684"}],"curies":[{"name":"wp","href":"https:\/\/api.w.org\/{rel}","templated":true}]}}