{"id":28694,"date":"2024-09-02T03:01:56","date_gmt":"2024-09-02T03:01:56","guid":{"rendered":"https:\/\/jxgchocolate.com\/?post_type=product&#038;p=28694"},"modified":"2025-03-08T03:03:10","modified_gmt":"2025-03-08T03:03:10","slug":"bulk-chocolate-coated-peanuts","status":"publish","type":"product","link":"https:\/\/jxgchocolate.com\/fr\/produit\/bulk-chocolate-coated-peanuts\/","title":{"rendered":"Cacahu\u00e8tes enrob\u00e9es de chocolat en vrac fournies par l'usine \u00e0 un prix avantageux"},"content":{"rendered":"<div class=\"wp-block-columns is-layout-flex wp-container-core-columns-is-layout-9d6595d7 wp-block-columns-is-layout-flex\">\n<div class=\"wp-block-column is-layout-flow wp-block-column-is-layout-flow\">\n<h2 class=\"wp-block-heading\">Cacahu\u00e8tes enrob\u00e9es de chocolat en vrac de premi\u00e8re qualit\u00e9 Caract\u00e9ristiques :<\/h2>\n\n\n\n<ul class=\"wp-block-list\">\n<li><strong>Approvisionnement en vrac : <\/strong>Nos cacahu\u00e8tes enrob\u00e9es de chocolat en vrac conviennent \u00e0 tous les types de besoins, des grands d\u00e9taillants \u00e0 la restauration. Des achats d'entreprise aux grands \u00e9v\u00e9nements, nous pouvons garantir un approvisionnement r\u00e9gulier.<\/li>\n\n\n\n<li><strong>Enrobage de chocolat de premi\u00e8re qualit\u00e9 : <\/strong>Chacune de nos cacahu\u00e8tes enrob\u00e9es de chocolat est soigneusement s\u00e9lectionn\u00e9e et recouverte du meilleur chocolat afin que chaque bouch\u00e9e soit charg\u00e9e d'un profond go\u00fbt de chocolat. La saveur douce du chocolat se marie bien avec le croquant des cacahu\u00e8tes.<\/li>\n\n\n\n<li><strong>Personnalisation compl\u00e8te : <\/strong>Nous pouvons personnaliser les cacahu\u00e8tes enrob\u00e9es de chocolat en vrac en fonction des besoins du client, qu'il s'agisse de la conception de l'emballage, des types de chocolat ou de l'ar\u00f4me, s'il s'agit d'un cadeau pour un \u00e9v\u00e9nement particulier ou d'un produit personnalis\u00e9 pour l'activation d'une marque.<\/li>\n\n\n\n<li><strong>Sain et d\u00e9licieux :<\/strong> Non seulement d\u00e9licieuses, mais aussi saines et riches en prot\u00e9ines et en nutriments sp\u00e9ciaux pr\u00e9sents dans les cacahu\u00e8tes, nos cacahu\u00e8tes enrob\u00e9es de chocolat en gros sont r\u00e9gul\u00e9es en termes de teneur en sucre et en mati\u00e8res grasses pour constituer un en-cas sain, agr\u00e9able au palais et b\u00e9n\u00e9fique pour la sant\u00e9.<\/li>\n<\/ul>\n<\/div>\n\n\n\n<div class=\"wp-block-column is-layout-flow wp-block-column-is-layout-flow\">\n<figure class=\"wp-block-image size-full\"><img fetchpriority=\"high\" decoding=\"async\" width=\"750\" height=\"750\" src=\"https:\/\/jxgchocolate.com\/wp-content\/uploads\/2024\/09\/Factory-Supply-Bulk-Chocolate-Coated-Peanuts-Custom-Snack-2.webp\" alt=\"Cacahu\u00e8tes enrob\u00e9es de chocolat en vrac fournies par l&#039;usine, Snack-2 sur mesure\" class=\"wp-image-28696\" srcset=\"https:\/\/jxgchocolate.com\/wp-content\/uploads\/2024\/09\/Factory-Supply-Bulk-Chocolate-Coated-Peanuts-Custom-Snack-2.webp 750w, https:\/\/jxgchocolate.com\/wp-content\/uploads\/2024\/09\/Factory-Supply-Bulk-Chocolate-Coated-Peanuts-Custom-Snack-2-300x300.webp 300w, https:\/\/jxgchocolate.com\/wp-content\/uploads\/2024\/09\/Factory-Supply-Bulk-Chocolate-Coated-Peanuts-Custom-Snack-2-150x150.webp 150w, https:\/\/jxgchocolate.com\/wp-content\/uploads\/2024\/09\/Factory-Supply-Bulk-Chocolate-Coated-Peanuts-Custom-Snack-2-12x12.webp 12w, https:\/\/jxgchocolate.com\/wp-content\/uploads\/2024\/09\/Factory-Supply-Bulk-Chocolate-Coated-Peanuts-Custom-Snack-2-430x430.webp 430w, https:\/\/jxgchocolate.com\/wp-content\/uploads\/2024\/09\/Factory-Supply-Bulk-Chocolate-Coated-Peanuts-Custom-Snack-2-700x700.webp 700w\" sizes=\"(max-width: 750px) 100vw, 750px\" \/><\/figure>\n<\/div>\n<\/div>\n\n\n\n<p><\/p>","protected":false},"excerpt":{"rendered":"<p>Bienvenue sur le site d'achat de cacahu\u00e8tes enrob\u00e9es de chocolat. Nos cacahu\u00e8tes enrob\u00e9es de chocolat en vrac sont des cacahu\u00e8tes soigneusement s\u00e9lectionn\u00e9es, et chaque bouch\u00e9e est remplie d'une saveur intense et d'un go\u00fbt unique. Nous proposons une personnalisation pour r\u00e9pondre aux besoins des diff\u00e9rentes marques.<\/p>\n<table style=\"border-collapse: collapse; width: 275.02pt;\" border=\"0\" width=\"275\" cellspacing=\"0\" cellpadding=\"0\">\n<tbody>\n<tr style=\"height: 17.60pt;\">\n<td class=\"et3\" style=\"height: 17.60pt; width: 108.35pt;\" width=\"108\" height=\"17\">Fabricant<\/td>\n<td class=\"et3\" style=\"width: 167.10pt;\" width=\"167\">Le fruit de la chance<\/td>\n<\/tr>\n<tr style=\"height: 17.60pt;\">\n<td class=\"et3\" style=\"height: 17.60pt;\" height=\"17\">MOD\u00c8LE NO.<\/td>\n<td class=\"et3\">JXG39<\/td>\n<\/tr>\n<tr style=\"height: 17.60pt;\">\n<td class=\"et3\" style=\"height: 17.60pt;\" height=\"17\">Type<\/td>\n<td class=\"et3\">Cacahu\u00e8tes au chocolat<\/td>\n<\/tr>\n<tr style=\"height: 17.60pt;\">\n<td class=\"et3\" style=\"height: 17.60pt;\" height=\"17\">Emballage<\/td>\n<td class=\"et3\">Emballage des sacs<\/td>\n<\/tr>\n<tr style=\"height: 17.60pt;\">\n<td class=\"et3\" style=\"height: 17.60pt;\" height=\"17\">Sp\u00e9cifications<\/td>\n<td class=\"et3\">30 sacs<\/td>\n<\/tr>\n<tr style=\"height: 17.60pt;\">\n<td class=\"et3\" style=\"height: 17.60pt;\" height=\"17\">Taille du carton<\/td>\n<td class=\"et3\">15*4*22 cm<\/td>\n<\/tr>\n<tr style=\"height: 17.60pt;\">\n<td class=\"et3\" style=\"height: 17.60pt;\" height=\"17\">N.W \/SET<\/td>\n<td class=\"et3\">58g*30 sacs<\/td>\n<\/tr>\n<tr style=\"height: 17.60pt;\">\n<td class=\"et3\" style=\"height: 17.60pt;\" height=\"17\">Couleur<\/td>\n<td class=\"et3\">En tant qu'image<\/td>\n<\/tr>\n<tr style=\"height: 17.60pt;\">\n<td class=\"et3\" style=\"height: 17.60pt;\" height=\"17\">MOQ<\/td>\n<td class=\"et3\">500 cartons<\/td>\n<\/tr>\n<tr style=\"height: 17.60pt;\">\n<td class=\"et3\" style=\"height: 17.60pt;\" height=\"17\">Personnalisation<\/td>\n<td class=\"et3\">Emballage\/LOGO<\/td>\n<\/tr>\n<\/tbody>\n<\/table>","protected":false},"featured_media":28695,"comment_status":"closed","ping_status":"closed","template":"","meta":[],"product_cat":[73],"product_tag":[],"class_list":{"0":"post-28694","1":"product","2":"type-product","3":"status-publish","4":"has-post-thumbnail","6":"product_cat-wholesale-chocolate-covered-peanuts","8":"first","9":"instock","10":"shipping-taxable","11":"product-type-simple"},"_links":{"self":[{"href":"https:\/\/jxgchocolate.com\/fr\/wp-json\/wp\/v2\/product\/28694","targetHints":{"allow":["GET"]}}],"collection":[{"href":"https:\/\/jxgchocolate.com\/fr\/wp-json\/wp\/v2\/product"}],"about":[{"href":"https:\/\/jxgchocolate.com\/fr\/wp-json\/wp\/v2\/types\/product"}],"replies":[{"embeddable":true,"href":"https:\/\/jxgchocolate.com\/fr\/wp-json\/wp\/v2\/comments?post=28694"}],"version-history":[{"count":4,"href":"https:\/\/jxgchocolate.com\/fr\/wp-json\/wp\/v2\/product\/28694\/revisions"}],"predecessor-version":[{"id":29596,"href":"https:\/\/jxgchocolate.com\/fr\/wp-json\/wp\/v2\/product\/28694\/revisions\/29596"}],"wp:featuredmedia":[{"embeddable":true,"href":"https:\/\/jxgchocolate.com\/fr\/wp-json\/wp\/v2\/media\/28695"}],"wp:attachment":[{"href":"https:\/\/jxgchocolate.com\/fr\/wp-json\/wp\/v2\/media?parent=28694"}],"wp:term":[{"taxonomy":"product_cat","embeddable":true,"href":"https:\/\/jxgchocolate.com\/fr\/wp-json\/wp\/v2\/product_cat?post=28694"},{"taxonomy":"product_tag","embeddable":true,"href":"https:\/\/jxgchocolate.com\/fr\/wp-json\/wp\/v2\/product_tag?post=28694"}],"curies":[{"name":"wp","href":"https:\/\/api.w.org\/{rel}","templated":true}]}}