{"id":28705,"date":"2024-09-02T03:42:59","date_gmt":"2024-09-02T03:42:59","guid":{"rendered":"https:\/\/jxgchocolate.com\/?post_type=product&#038;p=28705"},"modified":"2025-03-08T03:31:54","modified_gmt":"2025-03-08T03:31:54","slug":"chocolate-covered-peanuts-bulk","status":"publish","type":"product","link":"https:\/\/jxgchocolate.com\/fr\/produit\/chocolate-covered-peanuts-bulk\/","title":{"rendered":"Cacahu\u00e8tes enrob\u00e9es de chocolat en vrac, Cacahu\u00e8tes enrob\u00e9es de chocolat en gros"},"content":{"rendered":"<div class=\"wp-block-columns is-layout-flex wp-container-core-columns-is-layout-9d6595d7 wp-block-columns-is-layout-flex\">\n<div class=\"wp-block-column is-layout-flow wp-block-column-is-layout-flow\">\n<h2 class=\"wp-block-heading\">Cacahu\u00e8tes enrob\u00e9es de chocolat de premi\u00e8re qualit\u00e9 Caract\u00e9ristiques en vrac :<\/h2>\n\n\n\n<ul class=\"wp-block-list\">\n<li><strong>Double couche de chocolat :<\/strong> Nos cacahu\u00e8tes enrob\u00e9es de chocolat en vrac sont envelopp\u00e9es de deux couches de chocolat riche, cr\u00e9ant un chocolat plus riche et plus \u00e9pais avec un go\u00fbt encore meilleur \u00e0 chaque bouch\u00e9e. La texture \u00e0 deux couches du chocolat optimise l'ar\u00f4me et la saveur de chaque cacahu\u00e8te.<\/li>\n\n\n\n<li><strong>Ingr\u00e9dients de haute qualit\u00e9 : <\/strong>Nos cacahu\u00e8tes au chocolat en gros sont fabriqu\u00e9es \u00e0 partir d'un meilleur chocolat et de cacahu\u00e8tes de meilleure qualit\u00e9 afin de garantir la haute qualit\u00e9 du produit. Les cacahu\u00e8tes sp\u00e9ciales sont croquantes et dodues, et l'enrobage de chocolat est lisse, de sorte que chaque cacahu\u00e8te au chocolat a un go\u00fbt parfait.<\/li>\n\n\n\n<li><strong>Collations polyvalentes :<\/strong> Ces cacahu\u00e8tes enrob\u00e9es de chocolat en vrac peuvent \u00eatre utilis\u00e9es \u00e0 diff\u00e9rentes occasions, telles que la vie quotidienne, les f\u00eates, les pauses th\u00e9 en entreprise ou comme cadeau de f\u00eate. Qu'il s'agisse d'un en-cas quotidien ou d'une p\u00e2tisserie, ces cacahu\u00e8tes au double chocolat en vrac peuvent constituer une exp\u00e9rience sp\u00e9ciale et d\u00e9licieuse.<\/li>\n\n\n\n<li><strong>Fourniture en gros : <\/strong>Nos cacahu\u00e8tes au chocolat en gros sont parfaites pour les d\u00e9taillants et les distributeurs. Achetez des cacahu\u00e8tes au chocolat de qualit\u00e9 \u00e0 bas prix afin de permettre \u00e0 vos clients de rendre leurs offres de produits plus comp\u00e9titives et de satisfaire les acheteurs.<\/li>\n<\/ul>\n<\/div>\n\n\n\n<div class=\"wp-block-column is-layout-flow wp-block-column-is-layout-flow\">\n<figure class=\"wp-block-image size-full\"><img fetchpriority=\"high\" decoding=\"async\" width=\"750\" height=\"750\" src=\"https:\/\/jxgchocolate.com\/wp-content\/uploads\/2024\/09\/Chocolate-Covered-Peanuts-Bulk-Wholesale-Double-Dipped-Peanuts-6.webp\" alt=\"Cacahu\u00e8tes enrob\u00e9es de chocolat Bulk, Wholesale Double-Dipped Peanuts-6\" class=\"wp-image-28714\" srcset=\"https:\/\/jxgchocolate.com\/wp-content\/uploads\/2024\/09\/Chocolate-Covered-Peanuts-Bulk-Wholesale-Double-Dipped-Peanuts-6.webp 750w, https:\/\/jxgchocolate.com\/wp-content\/uploads\/2024\/09\/Chocolate-Covered-Peanuts-Bulk-Wholesale-Double-Dipped-Peanuts-6-300x300.webp 300w, https:\/\/jxgchocolate.com\/wp-content\/uploads\/2024\/09\/Chocolate-Covered-Peanuts-Bulk-Wholesale-Double-Dipped-Peanuts-6-150x150.webp 150w, https:\/\/jxgchocolate.com\/wp-content\/uploads\/2024\/09\/Chocolate-Covered-Peanuts-Bulk-Wholesale-Double-Dipped-Peanuts-6-12x12.webp 12w, https:\/\/jxgchocolate.com\/wp-content\/uploads\/2024\/09\/Chocolate-Covered-Peanuts-Bulk-Wholesale-Double-Dipped-Peanuts-6-430x430.webp 430w, https:\/\/jxgchocolate.com\/wp-content\/uploads\/2024\/09\/Chocolate-Covered-Peanuts-Bulk-Wholesale-Double-Dipped-Peanuts-6-700x700.webp 700w\" sizes=\"(max-width: 750px) 100vw, 750px\" \/><\/figure>\n<\/div>\n<\/div>","protected":false},"excerpt":{"rendered":"<p>Nous vous invitons \u00e0 acheter en gros des cacahu\u00e8tes enrob\u00e9es de chocolat. Nos cacahu\u00e8tes enrob\u00e9es de chocolat en vrac, avec une composition \u00e0 double couche et des mat\u00e9riaux de qualit\u00e9 sup\u00e9rieure, offrent une saveur de chocolat plus intense et une sensation de cacahu\u00e8te croustillante. Elles sont parfaites pour toutes les occasions et constituent une merveilleuse solution pour les en-cas et la p\u00e2tisserie.<\/p>\n<table style=\"border-collapse: collapse; width: 275.02pt;\" border=\"0\" width=\"275\" cellspacing=\"0\" cellpadding=\"0\">\n<tbody>\n<tr style=\"height: 17.60pt;\">\n<td class=\"et3\" style=\"height: 17.60pt; width: 108.35pt;\" width=\"108\" height=\"17\">Fabricant<\/td>\n<td class=\"et3\" style=\"width: 167.10pt;\" width=\"167\">Le fruit de la chance<\/td>\n<\/tr>\n<tr style=\"height: 17.60pt;\">\n<td class=\"et3\" style=\"height: 17.60pt;\" height=\"17\">MOD\u00c8LE NO.<\/td>\n<td class=\"et3\">JXG40<\/td>\n<\/tr>\n<tr style=\"height: 17.60pt;\">\n<td class=\"et3\" style=\"height: 17.60pt;\" height=\"17\">Type<\/td>\n<td class=\"et3\">Cacahu\u00e8tes au chocolat<\/td>\n<\/tr>\n<tr style=\"height: 17.60pt;\">\n<td class=\"et3\" style=\"height: 17.60pt;\" height=\"17\">Emballage<\/td>\n<td class=\"et3\">Emballage des sacs<\/td>\n<\/tr>\n<tr style=\"height: 17.60pt;\">\n<td class=\"et3\" style=\"height: 17.60pt;\" height=\"17\">Sp\u00e9cifications<\/td>\n<td class=\"et3\">24 bo\u00eetes<\/td>\n<\/tr>\n<tr style=\"height: 17.60pt;\">\n<td class=\"et3\" style=\"height: 17.60pt;\" height=\"17\">Taille du carton<\/td>\n<td class=\"et3\">17*10*16cm<\/td>\n<\/tr>\n<tr style=\"height: 17.60pt;\">\n<td class=\"et3\" style=\"height: 17.60pt;\" height=\"17\">N.W \/SET<\/td>\n<td class=\"et3\">16g*30bags*24boxes<\/td>\n<\/tr>\n<tr style=\"height: 17.60pt;\">\n<td class=\"et3\" style=\"height: 17.60pt;\" height=\"17\">Couleur<\/td>\n<td class=\"et3\">En tant qu'image<\/td>\n<\/tr>\n<tr style=\"height: 17.60pt;\">\n<td class=\"et3\" style=\"height: 17.60pt;\" height=\"17\">MOQ<\/td>\n<td class=\"et3\">500 cartons<\/td>\n<\/tr>\n<tr style=\"height: 17.60pt;\">\n<td class=\"et3\" style=\"height: 17.60pt;\" height=\"17\">Personnalisation<\/td>\n<td class=\"et3\">Emballage\/LOGO<\/td>\n<\/tr>\n<\/tbody>\n<\/table>","protected":false},"featured_media":28709,"comment_status":"closed","ping_status":"closed","template":"","meta":[],"product_cat":[73],"product_tag":[],"class_list":{"0":"post-28705","1":"product","2":"type-product","3":"status-publish","4":"has-post-thumbnail","6":"product_cat-wholesale-chocolate-covered-peanuts","8":"first","9":"instock","10":"shipping-taxable","11":"product-type-simple"},"_links":{"self":[{"href":"https:\/\/jxgchocolate.com\/fr\/wp-json\/wp\/v2\/product\/28705","targetHints":{"allow":["GET"]}}],"collection":[{"href":"https:\/\/jxgchocolate.com\/fr\/wp-json\/wp\/v2\/product"}],"about":[{"href":"https:\/\/jxgchocolate.com\/fr\/wp-json\/wp\/v2\/types\/product"}],"replies":[{"embeddable":true,"href":"https:\/\/jxgchocolate.com\/fr\/wp-json\/wp\/v2\/comments?post=28705"}],"version-history":[{"count":4,"href":"https:\/\/jxgchocolate.com\/fr\/wp-json\/wp\/v2\/product\/28705\/revisions"}],"predecessor-version":[{"id":29599,"href":"https:\/\/jxgchocolate.com\/fr\/wp-json\/wp\/v2\/product\/28705\/revisions\/29599"}],"wp:featuredmedia":[{"embeddable":true,"href":"https:\/\/jxgchocolate.com\/fr\/wp-json\/wp\/v2\/media\/28709"}],"wp:attachment":[{"href":"https:\/\/jxgchocolate.com\/fr\/wp-json\/wp\/v2\/media?parent=28705"}],"wp:term":[{"taxonomy":"product_cat","embeddable":true,"href":"https:\/\/jxgchocolate.com\/fr\/wp-json\/wp\/v2\/product_cat?post=28705"},{"taxonomy":"product_tag","embeddable":true,"href":"https:\/\/jxgchocolate.com\/fr\/wp-json\/wp\/v2\/product_tag?post=28705"}],"curies":[{"name":"wp","href":"https:\/\/api.w.org\/{rel}","templated":true}]}}