{"id":28735,"date":"2024-09-02T09:54:40","date_gmt":"2024-09-02T07:35:00","guid":{"rendered":"https:\/\/jxgchocolate.com\/?post_type=product&#038;p=28735"},"modified":"2024-09-03T01:34:30","modified_gmt":"2024-09-03T01:34:30","slug":"white-chocolate-crispy-balls-wholesale","status":"publish","type":"product","link":"https:\/\/jxgchocolate.com\/fr\/produit\/white-chocolate-crispy-balls-wholesale\/","title":{"rendered":"Boules croustillantes au chocolat blanc en gros, boules croustillantes au yaourt en vrac"},"content":{"rendered":"<div class=\"wp-block-columns is-layout-flex wp-container-core-columns-is-layout-9d6595d7 wp-block-columns-is-layout-flex\">\n<div class=\"wp-block-column is-vertically-aligned-center is-layout-flow wp-block-column-is-layout-flow\">\n<h3 class=\"wp-block-heading\">Boules croustillantes au chocolat blanc de qualit\u00e9 sup\u00e9rieure Caract\u00e9ristiques de gros :<\/h3>\n\n\n\n<ol class=\"wp-block-list\">\n<li><strong>Chocolat blanc moelleux, d\u00e9licat Go\u00fbt :<\/strong> Le chocolat blanc de qualit\u00e9 sup\u00e9rieure s\u00e9lectionn\u00e9 cr\u00e9e une riche saveur de chocolat blanc qui est d\u00e9licate et douce \u00e0 chaque bouch\u00e9e. Gr\u00e2ce \u00e0 leur formule unique, nos boules croustillantes au chocolat de gros fondent rapidement dans la bouche, apportant de riches couches de saveur.<\/li>\n\n\n\n<li><strong>Saveur innovante, plaisir unique :<\/strong> Nos boules croustillantes au chocolat blanc sont fusionn\u00e9es en gros avec un ar\u00f4me de yaourt. Cette nouvelle saveur r\u00e9pond non seulement aux besoins des consommateurs en mati\u00e8re de nouveaut\u00e9, mais elle attire \u00e9galement des clients plus curieux.<\/li>\n\n\n\n<li><strong>Emballage exquis, personnalisation sans souci : <\/strong>Nous fournissons des services professionnels de personnalisation pour nos boules de chocolat croustillantes en gros, qui peuvent \u00eatre personnalis\u00e9es en fonction des besoins de l'emballage exclusif des clients.<\/li>\n\n\n\n<li><strong>Vente en gros, nombreuses remises :<\/strong> Pour les commandes de gros volumes de nos boules de chocolat croustillantes en vrac, nous proposons des prix tr\u00e8s comp\u00e9titifs et des programmes de coop\u00e9ration flexibles. Cela vous permettra d'avoir une exp\u00e9rience de commande efficace et d'\u00eatre rentable.<\/li>\n<\/ol>\n<\/div>\n\n\n\n<div class=\"wp-block-column is-layout-flow wp-block-column-is-layout-flow\">\n<figure class=\"wp-block-image size-full\"><img fetchpriority=\"high\" decoding=\"async\" width=\"750\" height=\"750\" src=\"https:\/\/jxgchocolate.com\/wp-content\/uploads\/2024\/09\/White-Chocolate-Crispy-Balls-Wholesale-1.webp\" alt=\"\" class=\"wp-image-28751\" srcset=\"https:\/\/jxgchocolate.com\/wp-content\/uploads\/2024\/09\/White-Chocolate-Crispy-Balls-Wholesale-1.webp 750w, https:\/\/jxgchocolate.com\/wp-content\/uploads\/2024\/09\/White-Chocolate-Crispy-Balls-Wholesale-1-300x300.webp 300w, https:\/\/jxgchocolate.com\/wp-content\/uploads\/2024\/09\/White-Chocolate-Crispy-Balls-Wholesale-1-150x150.webp 150w, https:\/\/jxgchocolate.com\/wp-content\/uploads\/2024\/09\/White-Chocolate-Crispy-Balls-Wholesale-1-12x12.webp 12w, https:\/\/jxgchocolate.com\/wp-content\/uploads\/2024\/09\/White-Chocolate-Crispy-Balls-Wholesale-1-430x430.webp 430w, https:\/\/jxgchocolate.com\/wp-content\/uploads\/2024\/09\/White-Chocolate-Crispy-Balls-Wholesale-1-700x700.webp 700w\" sizes=\"(max-width: 750px) 100vw, 750px\" \/><\/figure>\n<\/div>\n<\/div>","protected":false},"excerpt":{"rendered":"<p>Nos boules croustillantes au chocolat blanc aromatis\u00e9es au yaourt sont fabriqu\u00e9es avec le meilleur chocolat blanc et du yaourt frais, recouvertes de chocolat blanc lisse \u00e0 l'ext\u00e9rieur et de biscuits croustillants \u00e0 l'int\u00e9rieur, ce qui leur conf\u00e8re un go\u00fbt riche et rafra\u00eechissant. Parfaites pour le go\u00fbter ou pour offrir \u00e0 vos amis et \u00e0 votre famille.<\/p>\n<table style=\"border-collapse: collapse; width: 275.02pt;\" border=\"0\" width=\"275\" cellspacing=\"0\" cellpadding=\"0\">\n<tbody>\n<tr style=\"height: 17.60pt;\">\n<td class=\"et3\" style=\"height: 17.60pt; width: 108.35pt;\" width=\"108\" height=\"17\">Fabricant<\/td>\n<td class=\"et3\" style=\"width: 167.10pt;\" width=\"167\">Le fruit de la chance<\/td>\n<\/tr>\n<tr style=\"height: 17.60pt;\">\n<td class=\"et3\" style=\"height: 17.60pt;\" height=\"17\">MOD\u00c8LE NO.<\/td>\n<td class=\"et3\">JXG43<\/td>\n<\/tr>\n<tr style=\"height: 17.60pt;\">\n<td class=\"et3\" style=\"height: 17.60pt;\" height=\"17\">Type<\/td>\n<td class=\"et3\">Boules de chocolat croustillantes<\/td>\n<\/tr>\n<tr style=\"height: 17.60pt;\">\n<td class=\"et3\" style=\"height: 17.60pt;\" height=\"17\">Emballage<\/td>\n<td class=\"et3\">Emballage de la bo\u00eete<\/td>\n<\/tr>\n<tr style=\"height: 17.60pt;\">\n<td class=\"et3\" style=\"height: 17.60pt;\" height=\"17\">Sp\u00e9cifications<\/td>\n<td class=\"et3\">24 bo\u00eetes<\/td>\n<\/tr>\n<tr style=\"height: 17.60pt;\">\n<td class=\"et3\" style=\"height: 17.60pt;\" height=\"17\">Taille du carton<\/td>\n<td class=\"et3\">20*17*9 cm<\/td>\n<\/tr>\n<tr style=\"height: 17.60pt;\">\n<td class=\"et3\" style=\"height: 17.60pt;\" height=\"17\">N.W \/SET<\/td>\n<td class=\"et3\">12g*40bags*24boxes<\/td>\n<\/tr>\n<tr style=\"height: 17.60pt;\">\n<td class=\"et3\" style=\"height: 17.60pt;\" height=\"17\">Couleur<\/td>\n<td class=\"et3\">En tant qu'image<\/td>\n<\/tr>\n<tr style=\"height: 17.60pt;\">\n<td class=\"et3\" style=\"height: 17.60pt;\" height=\"17\">MOQ<\/td>\n<td class=\"et3\">500 cartons<\/td>\n<\/tr>\n<tr style=\"height: 17.60pt;\">\n<td class=\"et3\" style=\"height: 17.60pt;\" height=\"17\">Personnalisation<\/td>\n<td class=\"et3\">Emballage\/LOGO<\/td>\n<\/tr>\n<\/tbody>\n<\/table>","protected":false},"featured_media":28754,"comment_status":"closed","ping_status":"closed","template":"","meta":[],"product_cat":[74],"product_tag":[],"class_list":{"0":"post-28735","1":"product","2":"type-product","3":"status-publish","4":"has-post-thumbnail","6":"product_cat-wholesale-crunchy-chocolate-balls","8":"first","9":"instock","10":"shipping-taxable","11":"product-type-simple"},"_links":{"self":[{"href":"https:\/\/jxgchocolate.com\/fr\/wp-json\/wp\/v2\/product\/28735","targetHints":{"allow":["GET"]}}],"collection":[{"href":"https:\/\/jxgchocolate.com\/fr\/wp-json\/wp\/v2\/product"}],"about":[{"href":"https:\/\/jxgchocolate.com\/fr\/wp-json\/wp\/v2\/types\/product"}],"replies":[{"embeddable":true,"href":"https:\/\/jxgchocolate.com\/fr\/wp-json\/wp\/v2\/comments?post=28735"}],"version-history":[{"count":0,"href":"https:\/\/jxgchocolate.com\/fr\/wp-json\/wp\/v2\/product\/28735\/revisions"}],"wp:featuredmedia":[{"embeddable":true,"href":"https:\/\/jxgchocolate.com\/fr\/wp-json\/wp\/v2\/media\/28754"}],"wp:attachment":[{"href":"https:\/\/jxgchocolate.com\/fr\/wp-json\/wp\/v2\/media?parent=28735"}],"wp:term":[{"taxonomy":"product_cat","embeddable":true,"href":"https:\/\/jxgchocolate.com\/fr\/wp-json\/wp\/v2\/product_cat?post=28735"},{"taxonomy":"product_tag","embeddable":true,"href":"https:\/\/jxgchocolate.com\/fr\/wp-json\/wp\/v2\/product_tag?post=28735"}],"curies":[{"name":"wp","href":"https:\/\/api.w.org\/{rel}","templated":true}]}}