{"id":28736,"date":"2024-09-02T09:57:28","date_gmt":"2024-09-02T07:35:13","guid":{"rendered":"https:\/\/jxgchocolate.com\/?post_type=product&#038;p=28736"},"modified":"2024-09-03T01:28:00","modified_gmt":"2024-09-03T01:28:00","slug":"factory-supply-chocolate-crisp-balls","status":"publish","type":"product","link":"https:\/\/jxgchocolate.com\/fr\/produit\/factory-supply-chocolate-crisp-balls\/","title":{"rendered":"Fourniture en usine de boules de chocolat croustillantes avec un emballage color\u00e9 et personnalis\u00e9"},"content":{"rendered":"<div class=\"wp-block-columns is-layout-flex wp-container-core-columns-is-layout-9d6595d7 wp-block-columns-is-layout-flex\">\n<div class=\"wp-block-column is-vertically-aligned-center is-layout-flow wp-block-column-is-layout-flow\">\n<h3 class=\"wp-block-heading\">Premium Factory Supply Chocolate Crisp Balls Caract\u00e9ristiques :<\/h3>\n\n\n\n<ol class=\"wp-block-list\">\n<li><strong>Tentation color\u00e9e : <\/strong>Les boules de chocolat croustillant fournies par l'usine Lucky Fruit sont fabriqu\u00e9es avec des colorants naturels pour pr\u00e9senter des couleurs vives, visuellement attrayantes, saines et s\u00fbres.<\/li>\n\n\n\n<li><strong>Saveur unique : <\/strong>Chacune de nos boules de chocolat croustillantes en vrac est soigneusement pr\u00e9par\u00e9e, combinant une vari\u00e9t\u00e9 de go\u00fbts et de saveurs, pour un plaisir des papilles sans pr\u00e9c\u00e9dent.<\/li>\n\n\n\n<li><strong>Emballage personnalis\u00e9 : <\/strong>Nous fournissons des services d'emballage sur mesure pour nos boules de chocolat croustillantes, et nous pouvons imprimer des motifs ou des textes exclusifs selon vos besoins, qu'il s'agisse d'un cadeau d'entreprise ou d'un cadeau personnel, et qui peut montrer un go\u00fbt unique.<\/li>\n\n\n\n<li><strong>Garantie de haute qualit\u00e9 : <\/strong>Nos boules de chocolat croustillantes en vrac respectent strictement les normes internationales de s\u00e9curit\u00e9 alimentaire en mati\u00e8re de production, afin de garantir que les produits ont \u00e9t\u00e9 soumis \u00e0 des tests de qualit\u00e9 rigoureux pour que vous puissiez avoir l'esprit tranquille.<\/li>\n<\/ol>\n<\/div>\n\n\n\n<div class=\"wp-block-column is-layout-flow wp-block-column-is-layout-flow\">\n<figure class=\"wp-block-image size-full\"><img fetchpriority=\"high\" decoding=\"async\" width=\"776\" height=\"770\" src=\"https:\/\/jxgchocolate.com\/wp-content\/uploads\/2024\/09\/Supply-Chocolate-Crisp-Balls-5.webp\" alt=\"Approvisionnement d&#039;usine Boules de chocolat croustillantes 5\" class=\"wp-image-28743\" srcset=\"https:\/\/jxgchocolate.com\/wp-content\/uploads\/2024\/09\/Supply-Chocolate-Crisp-Balls-5.webp 776w, https:\/\/jxgchocolate.com\/wp-content\/uploads\/2024\/09\/Supply-Chocolate-Crisp-Balls-5-302x300.webp 302w, https:\/\/jxgchocolate.com\/wp-content\/uploads\/2024\/09\/Supply-Chocolate-Crisp-Balls-5-150x149.webp 150w, https:\/\/jxgchocolate.com\/wp-content\/uploads\/2024\/09\/Supply-Chocolate-Crisp-Balls-5-768x762.webp 768w, https:\/\/jxgchocolate.com\/wp-content\/uploads\/2024\/09\/Supply-Chocolate-Crisp-Balls-5-12x12.webp 12w, https:\/\/jxgchocolate.com\/wp-content\/uploads\/2024\/09\/Supply-Chocolate-Crisp-Balls-5-430x427.webp 430w, https:\/\/jxgchocolate.com\/wp-content\/uploads\/2024\/09\/Supply-Chocolate-Crisp-Balls-5-700x695.webp 700w\" sizes=\"(max-width: 776px) 100vw, 776px\" \/><\/figure>\n<\/div>\n<\/div>","protected":false},"excerpt":{"rendered":"<p>Nos boules de chocolat croustillantes, s\u00e9lectionn\u00e9es \u00e0 partir d'ingr\u00e9dients de haute qualit\u00e9, sont envelopp\u00e9es d'une couche ext\u00e9rieure de chocolat color\u00e9 avec des biscuits \u00e0 l'int\u00e9rieur. Nous proposons \u00e9galement des services de personnalisation de l'emballage, qui peuvent constituer un cadeau id\u00e9al pour les entreprises ou les f\u00eates de fin d'ann\u00e9e. Bienvenue aux commandes en gros !<\/p>\n<table style=\"border-collapse: collapse; width: 275.02pt;\" border=\"0\" width=\"275\" cellspacing=\"0\" cellpadding=\"0\">\n<tbody>\n<tr style=\"height: 17.60pt;\">\n<td class=\"et3\" style=\"height: 17.60pt; width: 108.35pt;\" width=\"108\" height=\"17\">Fabricant<\/td>\n<td class=\"et3\" style=\"width: 167.10pt;\" width=\"167\">Le fruit de la chance<\/td>\n<\/tr>\n<tr style=\"height: 17.60pt;\">\n<td class=\"et3\" style=\"height: 17.60pt;\" height=\"17\">MOD\u00c8LE NO.<\/td>\n<td class=\"et3\">JXG42<\/td>\n<\/tr>\n<tr style=\"height: 17.60pt;\">\n<td class=\"et3\" style=\"height: 17.60pt;\" height=\"17\">Type<\/td>\n<td class=\"et3\">Boules de chocolat croustillantes<\/td>\n<\/tr>\n<tr style=\"height: 17.60pt;\">\n<td class=\"et3\" style=\"height: 17.60pt;\" height=\"17\">Emballage<\/td>\n<td class=\"et3\">Emballage des sacs<\/td>\n<\/tr>\n<tr style=\"height: 17.60pt;\">\n<td class=\"et3\" style=\"height: 17.60pt;\" height=\"17\">Sp\u00e9cifications<\/td>\n<td class=\"et3\">30 sacs<\/td>\n<\/tr>\n<tr style=\"height: 17.60pt;\">\n<td class=\"et3\" style=\"height: 17.60pt;\" height=\"17\">Taille du carton<\/td>\n<td class=\"et3\">21*10*28 cm<\/td>\n<\/tr>\n<tr style=\"height: 17.60pt;\">\n<td class=\"et3\" style=\"height: 17.60pt;\" height=\"17\">N.W \/SET<\/td>\n<td class=\"et3\">4g*100Pcs*30sacs<\/td>\n<\/tr>\n<tr style=\"height: 17.60pt;\">\n<td class=\"et3\" style=\"height: 17.60pt;\" height=\"17\">Couleur<\/td>\n<td class=\"et3\">En tant qu'image<\/td>\n<\/tr>\n<tr style=\"height: 17.60pt;\">\n<td class=\"et3\" style=\"height: 17.60pt;\" height=\"17\">MOQ<\/td>\n<td class=\"et3\">500 cartons<\/td>\n<\/tr>\n<tr style=\"height: 17.60pt;\">\n<td class=\"et3\" style=\"height: 17.60pt;\" height=\"17\">Personnalisation<\/td>\n<td class=\"et3\">Emballage\/LOGO<\/td>\n<\/tr>\n<\/tbody>\n<\/table>","protected":false},"featured_media":28740,"comment_status":"closed","ping_status":"closed","template":"","meta":[],"product_cat":[74],"product_tag":[],"class_list":{"0":"post-28736","1":"product","2":"type-product","3":"status-publish","4":"has-post-thumbnail","6":"product_cat-wholesale-crunchy-chocolate-balls","8":"first","9":"instock","10":"shipping-taxable","11":"product-type-simple"},"_links":{"self":[{"href":"https:\/\/jxgchocolate.com\/fr\/wp-json\/wp\/v2\/product\/28736","targetHints":{"allow":["GET"]}}],"collection":[{"href":"https:\/\/jxgchocolate.com\/fr\/wp-json\/wp\/v2\/product"}],"about":[{"href":"https:\/\/jxgchocolate.com\/fr\/wp-json\/wp\/v2\/types\/product"}],"replies":[{"embeddable":true,"href":"https:\/\/jxgchocolate.com\/fr\/wp-json\/wp\/v2\/comments?post=28736"}],"version-history":[{"count":0,"href":"https:\/\/jxgchocolate.com\/fr\/wp-json\/wp\/v2\/product\/28736\/revisions"}],"wp:featuredmedia":[{"embeddable":true,"href":"https:\/\/jxgchocolate.com\/fr\/wp-json\/wp\/v2\/media\/28740"}],"wp:attachment":[{"href":"https:\/\/jxgchocolate.com\/fr\/wp-json\/wp\/v2\/media?parent=28736"}],"wp:term":[{"taxonomy":"product_cat","embeddable":true,"href":"https:\/\/jxgchocolate.com\/fr\/wp-json\/wp\/v2\/product_cat?post=28736"},{"taxonomy":"product_tag","embeddable":true,"href":"https:\/\/jxgchocolate.com\/fr\/wp-json\/wp\/v2\/product_tag?post=28736"}],"curies":[{"name":"wp","href":"https:\/\/api.w.org\/{rel}","templated":true}]}}