{"id":28764,"date":"2024-09-04T06:24:14","date_gmt":"2024-09-03T00:53:08","guid":{"rendered":"https:\/\/jxgchocolate.com\/?post_type=product&#038;p=28764"},"modified":"2024-11-11T06:08:41","modified_gmt":"2024-11-11T06:08:41","slug":"wholesale-roasted-peanuts","status":"publish","type":"product","link":"https:\/\/jxgchocolate.com\/fr\/produit\/wholesale-roasted-peanuts\/","title":{"rendered":"Cacahu\u00e8tes grill\u00e9es en gros, cacahu\u00e8tes \u00e0 craquer avec emballage personnalis\u00e9"},"content":{"rendered":"<div class=\"wp-block-columns is-layout-flex wp-container-core-columns-is-layout-9d6595d7 wp-block-columns-is-layout-flex\">\n<div class=\"wp-block-column is-vertically-aligned-center is-layout-flow wp-block-column-is-layout-flow\">\n<h3 class=\"wp-block-heading\">Cacahu\u00e8tes grill\u00e9es en gros de premi\u00e8re qualit\u00e9 Caract\u00e9ristiques :<\/h3>\n\n\n\n<ol class=\"wp-block-list\">\n<li><strong>Arachides de qualit\u00e9 s\u00e9lectionn\u00e9e :<\/strong> Nos arachides grill\u00e9es en gros sont fabriqu\u00e9es \u00e0 partir des meilleurs ingr\u00e9dients de cacahu\u00e8tes, qui sont soigneusement s\u00e9lectionn\u00e9s et grill\u00e9s pour pr\u00e9server l'ar\u00f4me et la saveur naturels d'origine des arachides, vous procurant ainsi un plaisir d\u00e9licieux.<\/li>\n\n\n\n<li><strong>Sains et nutritifs, pauvres en graisses et riches en prot\u00e9ines :<\/strong> Ces cacahu\u00e8tes en gros sont riches en prot\u00e9ines et en vitamines, ce qui en fait un choix d'en-cas sain.<\/li>\n\n\n\n<li><strong>Emballage pratique :<\/strong> Nous fournissons une vari\u00e9t\u00e9 de sp\u00e9cifications d'emballage pour les cacahu\u00e8tes grill\u00e9es en gros, faciles \u00e0 transporter, que ce soit \u00e0 la maison ou \u00e0 l'ext\u00e9rieur, et vous pouvez facilement ouvrir l'aliment instantan\u00e9 pour soulager vos envies.<\/li>\n\n\n\n<li><strong>Personnalisation :<\/strong> Fournir des services d'emballage personnalis\u00e9s pour les cacahu\u00e8tes grill\u00e9es en gros, qui peuvent \u00eatre con\u00e7us en fonction des exigences du client en mati\u00e8re de style d'emballage, et des param\u00e8tres personnalis\u00e9s pour mieux refl\u00e9ter la culture d'entreprise, et am\u00e9liorer l'attractivit\u00e9 de l'entreprise.<\/li>\n<\/ol>\n<\/div>\n\n\n\n<div class=\"wp-block-column is-layout-flow wp-block-column-is-layout-flow\">\n<figure class=\"wp-block-image size-full\"><img fetchpriority=\"high\" decoding=\"async\" width=\"800\" height=\"800\" src=\"https:\/\/jxgchocolate.com\/wp-content\/uploads\/2024\/09\/Wholesale-Roasted-Peanuts-1.webp\" alt=\"Cacahu\u00e8tes grill\u00e9es en gros 1\" class=\"wp-image-28780\" srcset=\"https:\/\/jxgchocolate.com\/wp-content\/uploads\/2024\/09\/Wholesale-Roasted-Peanuts-1.webp 800w, https:\/\/jxgchocolate.com\/wp-content\/uploads\/2024\/09\/Wholesale-Roasted-Peanuts-1-300x300.webp 300w, https:\/\/jxgchocolate.com\/wp-content\/uploads\/2024\/09\/Wholesale-Roasted-Peanuts-1-150x150.webp 150w, https:\/\/jxgchocolate.com\/wp-content\/uploads\/2024\/09\/Wholesale-Roasted-Peanuts-1-768x768.webp 768w, https:\/\/jxgchocolate.com\/wp-content\/uploads\/2024\/09\/Wholesale-Roasted-Peanuts-1-12x12.webp 12w, https:\/\/jxgchocolate.com\/wp-content\/uploads\/2024\/09\/Wholesale-Roasted-Peanuts-1-430x430.webp 430w, https:\/\/jxgchocolate.com\/wp-content\/uploads\/2024\/09\/Wholesale-Roasted-Peanuts-1-700x700.webp 700w\" sizes=\"(max-width: 800px) 100vw, 800px\" \/><\/figure>\n<\/div>\n<\/div>\n\n\n\n<p><\/p>","protected":false},"excerpt":{"rendered":"<p>Bienvenue pour acheter des cacahu\u00e8tes frites en vrac. Nos cacahu\u00e8tes grill\u00e9es en gros sont de haute qualit\u00e9 et b\u00e9n\u00e9ficient d'un service d'emballage personnalis\u00e9. Les cacahu\u00e8tes de premi\u00e8re qualit\u00e9 s\u00e9lectionn\u00e9es sont soigneusement grill\u00e9es pour garantir la saveur de chacune d'entre elles. En outre, nous pouvons fournir une conception d'emballage personnalis\u00e9e en fonction des besoins des entreprises, avec de multiples facettes pour r\u00e9pondre aux besoins des entreprises.<\/p>\n<table style=\"border-collapse: collapse; width: 275.02pt;\" border=\"0\" width=\"275\" cellspacing=\"0\" cellpadding=\"0\">\n<tbody>\n<tr style=\"height: 17.60pt;\">\n<td class=\"et3\" style=\"height: 17.60pt; width: 108.35pt;\" width=\"108\" height=\"17\">Fabricant<\/td>\n<td class=\"et3\" style=\"width: 167.10pt;\" width=\"167\">Le fruit de la chance<\/td>\n<\/tr>\n<tr style=\"height: 17.60pt;\">\n<td class=\"et3\" style=\"height: 17.60pt;\" height=\"17\">MOD\u00c8LE NO.<\/td>\n<td class=\"et3\">JXG44<\/td>\n<\/tr>\n<tr style=\"height: 17.60pt;\">\n<td class=\"et3\" style=\"height: 17.60pt;\" height=\"17\">Type<\/td>\n<td class=\"et3\">Cacahu\u00e8tes grill\u00e9es<\/td>\n<\/tr>\n<tr style=\"height: 17.60pt;\">\n<td class=\"et3\" style=\"height: 17.60pt;\" height=\"17\">Emballage<\/td>\n<td class=\"et3\">Emballage des sacs<\/td>\n<\/tr>\n<tr style=\"height: 17.60pt;\">\n<td class=\"et3\" style=\"height: 17.60pt;\" height=\"17\">Sp\u00e9cifications<\/td>\n<td class=\"et3\">24 sacs<\/td>\n<\/tr>\n<tr style=\"height: 17.60pt;\">\n<td class=\"et3\" style=\"height: 17.60pt;\" height=\"17\">Taille du carton<\/td>\n<td class=\"et3\">20*2*12 cm<\/td>\n<\/tr>\n<tr style=\"height: 17.60pt;\">\n<td class=\"et3\" style=\"height: 17.60pt;\" height=\"17\">N.W \/SET<\/td>\n<td class=\"et3\">20g*20pcs*24bags<\/td>\n<\/tr>\n<tr style=\"height: 17.60pt;\">\n<td class=\"et3\" style=\"height: 17.60pt;\" height=\"17\">Couleur<\/td>\n<td class=\"et3\">En tant qu'image<\/td>\n<\/tr>\n<tr style=\"height: 17.60pt;\">\n<td class=\"et3\" style=\"height: 17.60pt;\" height=\"17\">MOQ<\/td>\n<td class=\"et3\">500 cartons<\/td>\n<\/tr>\n<tr style=\"height: 17.60pt;\">\n<td class=\"et3\" style=\"height: 17.60pt;\" height=\"17\">Personnalisation<\/td>\n<td class=\"et3\">Emballage\/LOGO<\/td>\n<\/tr>\n<\/tbody>\n<\/table>","protected":false},"featured_media":28783,"comment_status":"closed","ping_status":"closed","template":"","meta":[],"product_cat":[77],"product_tag":[],"class_list":{"0":"post-28764","1":"product","2":"type-product","3":"status-publish","4":"has-post-thumbnail","6":"product_cat-wholesale-roasted-peanuts","8":"first","9":"instock","10":"shipping-taxable","11":"product-type-simple"},"_links":{"self":[{"href":"https:\/\/jxgchocolate.com\/fr\/wp-json\/wp\/v2\/product\/28764","targetHints":{"allow":["GET"]}}],"collection":[{"href":"https:\/\/jxgchocolate.com\/fr\/wp-json\/wp\/v2\/product"}],"about":[{"href":"https:\/\/jxgchocolate.com\/fr\/wp-json\/wp\/v2\/types\/product"}],"replies":[{"embeddable":true,"href":"https:\/\/jxgchocolate.com\/fr\/wp-json\/wp\/v2\/comments?post=28764"}],"version-history":[{"count":0,"href":"https:\/\/jxgchocolate.com\/fr\/wp-json\/wp\/v2\/product\/28764\/revisions"}],"wp:featuredmedia":[{"embeddable":true,"href":"https:\/\/jxgchocolate.com\/fr\/wp-json\/wp\/v2\/media\/28783"}],"wp:attachment":[{"href":"https:\/\/jxgchocolate.com\/fr\/wp-json\/wp\/v2\/media?parent=28764"}],"wp:term":[{"taxonomy":"product_cat","embeddable":true,"href":"https:\/\/jxgchocolate.com\/fr\/wp-json\/wp\/v2\/product_cat?post=28764"},{"taxonomy":"product_tag","embeddable":true,"href":"https:\/\/jxgchocolate.com\/fr\/wp-json\/wp\/v2\/product_tag?post=28764"}],"curies":[{"name":"wp","href":"https:\/\/api.w.org\/{rel}","templated":true}]}}