{"id":28786,"date":"2024-09-04T03:24:16","date_gmt":"2024-09-04T01:18:52","guid":{"rendered":"https:\/\/jxgchocolate.com\/?post_type=product&#038;p=28786"},"modified":"2024-09-04T10:29:06","modified_gmt":"2024-09-04T10:29:06","slug":"bulk-sunflower-seeds-chocolate","status":"publish","type":"product","link":"https:\/\/jxgchocolate.com\/fr\/produit\/bulk-sunflower-seeds-chocolate\/","title":{"rendered":"Graines de tournesol en vrac Chocolat avec emballage personnalis\u00e9"},"content":{"rendered":"<div class=\"wp-block-columns is-layout-flex wp-container-core-columns-is-layout-9d6595d7 wp-block-columns-is-layout-flex\">\n<div class=\"wp-block-column is-layout-flow wp-block-column-is-layout-flow\">\n<h2 class=\"wp-block-heading\">Graines de tournesol en vrac de premi\u00e8re qualit\u00e9 Caract\u00e9ristiques du chocolat :<\/h2>\n\n\n\n<ol class=\"wp-block-list\">\n<li><strong>Mati\u00e8res premi\u00e8res de haute qualit\u00e9<\/strong>: Le chocolat aux graines de tournesol en vrac utilise les meilleures graines de tournesol, qui ont \u00e9t\u00e9 rigoureusement s\u00e9lectionn\u00e9es, avec du chocolat de haute qualit\u00e9, qui a \u00e9t\u00e9 soigneusement m\u00e9lang\u00e9 pour rendre chaque graine de tournesol enrob\u00e9e de chocolat croustillante et d\u00e9licieuse, cette combinaison unique rehausse le niveau de go\u00fbt et apporte un riche plaisir gustatif.<\/li>\n\n\n\n<li><strong>Double garantie de go\u00fbt et de sant\u00e9<\/strong>: Nos graines de tournesol enrob\u00e9es de chocolat sont riches en vitamine E et autres nutriments, avec une valeur nutritionnelle \u00e9lev\u00e9e. Combin\u00e9es au chocolat, elles conservent les caract\u00e9ristiques saines des graines de tournesol et augmentent la saveur du chocolat.<\/li>\n\n\n\n<li><strong>Emballage personnalis\u00e9<\/strong>: Les graines de tournesol en vrac en chocolat Pour r\u00e9pondre aux besoins des diff\u00e9rents clients, nous proposons des services complets de personnalisation de l'emballage. De la conception de l'emballage \u00e0 la s\u00e9lection des couleurs, vous pouvez personnaliser l'emballage en fonction de l'image ou du th\u00e8me de votre marque, en ajoutant un \u00e9l\u00e9ment unique de personnalisation de l'entreprise.<\/li>\n\n\n\n<li><strong>Remises de gros et coop\u00e9ration flexible<\/strong>: Vente en gros de graines de tournesol enrob\u00e9es de chocolat pour les clients qui commandent en grandes quantit\u00e9s, nous proposons des prix comp\u00e9titifs et des programmes de coop\u00e9ration flexibles. Profitez de prix avantageux et d'un processus de commande pratique. Maximiser la r\u00e9duction des co\u00fbts et am\u00e9liorer la comp\u00e9titivit\u00e9 des produits sur le march\u00e9.<\/li>\n<\/ol>\n<\/div>\n\n\n\n<div class=\"wp-block-column is-layout-flow wp-block-column-is-layout-flow\">\n<figure class=\"wp-block-image size-full\"><img fetchpriority=\"high\" decoding=\"async\" width=\"750\" height=\"750\" src=\"https:\/\/jxgchocolate.com\/wp-content\/uploads\/2024\/09\/Bulk-Sunflower-Seeds-6.webp\" alt=\"Graines de tournesol en vrac Chocolat avec emballage personnalis\u00e9-6\" class=\"wp-image-28794\" srcset=\"https:\/\/jxgchocolate.com\/wp-content\/uploads\/2024\/09\/Bulk-Sunflower-Seeds-6.webp 750w, https:\/\/jxgchocolate.com\/wp-content\/uploads\/2024\/09\/Bulk-Sunflower-Seeds-6-300x300.webp 300w, https:\/\/jxgchocolate.com\/wp-content\/uploads\/2024\/09\/Bulk-Sunflower-Seeds-6-150x150.webp 150w, https:\/\/jxgchocolate.com\/wp-content\/uploads\/2024\/09\/Bulk-Sunflower-Seeds-6-12x12.webp 12w, https:\/\/jxgchocolate.com\/wp-content\/uploads\/2024\/09\/Bulk-Sunflower-Seeds-6-430x430.webp 430w, https:\/\/jxgchocolate.com\/wp-content\/uploads\/2024\/09\/Bulk-Sunflower-Seeds-6-700x700.webp 700w\" sizes=\"(max-width: 750px) 100vw, 750px\" \/><\/figure>\n<\/div>\n<\/div>","protected":false},"excerpt":{"rendered":"<p>Nos chocolats aux graines de tournesol en vrac sont fabriqu\u00e9s \u00e0 partir d'ingr\u00e9dients s\u00e9lectionn\u00e9s de premi\u00e8re qualit\u00e9, combinant le croquant des graines de tournesol et la richesse du chocolat pour une exp\u00e9rience gustative unique. Nous proposons des services d'emballage personnalis\u00e9s pour r\u00e9pondre aux besoins individuels.<\/p>\n<table style=\"border-collapse: collapse; width: 275.02pt;\" border=\"0\" width=\"275\" cellspacing=\"0\" cellpadding=\"0\">\n<tbody>\n<tr style=\"height: 17.60pt;\">\n<td class=\"et3\" style=\"height: 17.60pt; width: 108.35pt;\" width=\"108\" height=\"17\">Fabricant<\/td>\n<td class=\"et3\" style=\"width: 167.10pt;\" width=\"167\">Le fruit de la chance<\/td>\n<\/tr>\n<tr style=\"height: 17.60pt;\">\n<td class=\"et3\" style=\"height: 17.60pt;\" height=\"17\">MOD\u00c8LE NO.<\/td>\n<td class=\"et3\">JXG45<\/td>\n<\/tr>\n<tr style=\"height: 17.60pt;\">\n<td class=\"et3\" style=\"height: 17.60pt;\" height=\"17\">Type<\/td>\n<td class=\"et3\">Graines de tournesol au chocolat<\/td>\n<\/tr>\n<tr style=\"height: 17.60pt;\">\n<td class=\"et3\" style=\"height: 17.60pt;\" height=\"17\">Emballage<\/td>\n<td class=\"et3\">Emballage des sacs<\/td>\n<\/tr>\n<tr style=\"height: 17.60pt;\">\n<td class=\"et3\" style=\"height: 17.60pt;\" height=\"17\">Sp\u00e9cifications<\/td>\n<td class=\"et3\">10 sacs<\/td>\n<\/tr>\n<tr style=\"height: 17.60pt;\">\n<td class=\"et3\" style=\"height: 17.60pt;\" height=\"17\">Taille du carton<\/td>\n<td class=\"et3\">24*6*18 cm<\/td>\n<\/tr>\n<tr style=\"height: 17.60pt;\">\n<td class=\"et3\" style=\"height: 17.60pt;\" height=\"17\">N.W \/SET<\/td>\n<td class=\"et3\">1kg*10 sacs<\/td>\n<\/tr>\n<tr style=\"height: 17.60pt;\">\n<td class=\"et3\" style=\"height: 17.60pt;\" height=\"17\">Couleur<\/td>\n<td class=\"et3\">En tant qu'image<\/td>\n<\/tr>\n<tr style=\"height: 17.60pt;\">\n<td class=\"et3\" style=\"height: 17.60pt;\" height=\"17\">MOQ<\/td>\n<td class=\"et3\">500 cartons<\/td>\n<\/tr>\n<tr style=\"height: 17.60pt;\">\n<td class=\"et3\" style=\"height: 17.60pt;\" height=\"17\">Personnalisation<\/td>\n<td class=\"et3\">Emballage\/LOGO<\/td>\n<\/tr>\n<\/tbody>\n<\/table>","protected":false},"featured_media":28792,"comment_status":"closed","ping_status":"closed","template":"","meta":[],"product_cat":[72],"product_tag":[],"class_list":{"0":"post-28786","1":"product","2":"type-product","3":"status-publish","4":"has-post-thumbnail","6":"product_cat-wholesale-chocolate-covered-sunflower-seeds","8":"first","9":"instock","10":"shipping-taxable","11":"product-type-simple"},"_links":{"self":[{"href":"https:\/\/jxgchocolate.com\/fr\/wp-json\/wp\/v2\/product\/28786","targetHints":{"allow":["GET"]}}],"collection":[{"href":"https:\/\/jxgchocolate.com\/fr\/wp-json\/wp\/v2\/product"}],"about":[{"href":"https:\/\/jxgchocolate.com\/fr\/wp-json\/wp\/v2\/types\/product"}],"replies":[{"embeddable":true,"href":"https:\/\/jxgchocolate.com\/fr\/wp-json\/wp\/v2\/comments?post=28786"}],"version-history":[{"count":0,"href":"https:\/\/jxgchocolate.com\/fr\/wp-json\/wp\/v2\/product\/28786\/revisions"}],"wp:featuredmedia":[{"embeddable":true,"href":"https:\/\/jxgchocolate.com\/fr\/wp-json\/wp\/v2\/media\/28792"}],"wp:attachment":[{"href":"https:\/\/jxgchocolate.com\/fr\/wp-json\/wp\/v2\/media?parent=28786"}],"wp:term":[{"taxonomy":"product_cat","embeddable":true,"href":"https:\/\/jxgchocolate.com\/fr\/wp-json\/wp\/v2\/product_cat?post=28786"},{"taxonomy":"product_tag","embeddable":true,"href":"https:\/\/jxgchocolate.com\/fr\/wp-json\/wp\/v2\/product_tag?post=28786"}],"curies":[{"name":"wp","href":"https:\/\/api.w.org\/{rel}","templated":true}]}}