{"id":28797,"date":"2024-09-04T09:31:16","date_gmt":"2024-09-04T03:59:25","guid":{"rendered":"https:\/\/jxgchocolate.com\/?post_type=product&#038;p=28797"},"modified":"2025-03-08T05:20:30","modified_gmt":"2025-03-08T05:20:30","slug":"wholesale-white-chocolate-covered-peanuts","status":"publish","type":"product","link":"https:\/\/jxgchocolate.com\/fr\/produit\/wholesale-white-chocolate-covered-peanuts\/","title":{"rendered":"Cacahu\u00e8tes enrob\u00e9es de chocolat blanc en gros avec bacs en plastique"},"content":{"rendered":"<div class=\"wp-block-columns is-layout-flex wp-container-core-columns-is-layout-9d6595d7 wp-block-columns-is-layout-flex\">\n<div class=\"wp-block-column is-layout-flow wp-block-column-is-layout-flow\">\n<h2 class=\"wp-block-heading\">Cacahu\u00e8tes enrob\u00e9es de chocolat blanc Premium Wholesale Caract\u00e9ristiques :<\/h2>\n\n\n\n<ul class=\"wp-block-list\">\n<li><strong>Ingr\u00e9dients s\u00e9lectionn\u00e9s : <\/strong>Nos cacahu\u00e8tes enrob\u00e9es de chocolat blanc sont fabriqu\u00e9es avec le meilleur chocolat blanc et les meilleures cacahu\u00e8tes. Chaque cacahu\u00e8te est soigneusement s\u00e9lectionn\u00e9e pour \u00eatre croquante et pleine, tandis que l'enrobage de chocolat blanc est cr\u00e9meux et riche, une combinaison rare qui donne de la profondeur et enrichit l'exp\u00e9rience gustative.<\/li>\n\n\n\n<li><strong>Sains et nutritifs : <\/strong>Nos cacahu\u00e8tes au chocolat blanc en gros sont riches en prot\u00e9ines, en vitamine E et en min\u00e9raux. Associ\u00e9es au chocolat blanc, elles conservent non seulement la valeur nutritionnelle des cacahu\u00e8tes, mais capturent \u00e9galement l'esprit du chocolat. Cette double garantie de sant\u00e9 et de go\u00fbt fait de cet article un favori pour tous les \u00e2ges.<\/li>\n\n\n\n<li><strong>Emballages personnalis\u00e9s et sur mesure : <\/strong>Nous proposons en gros des cacahu\u00e8tes enrob\u00e9es de chocolat blanc avec un emballage personnalis\u00e9 qui peut \u00eatre adapt\u00e9 aux besoins sp\u00e9cifiques de nos clients. Veillez \u00e0 ce que chaque portion exprime vos propres id\u00e9es.<\/li>\n\n\n\n<li><strong>Remises en gros : <\/strong>Nos cacahu\u00e8tes au chocolat blanc en gros sont propos\u00e9es \u00e0 des prix comp\u00e9titifs et personnalisables. Vous pouvez b\u00e9n\u00e9ficier de tarifs pr\u00e9f\u00e9rentiels et d'un processus de commande pratique en tant que d\u00e9taillant, distributeur ou acheteur d'entreprise. Nous vous aidons \u00e0 maintenir des co\u00fbts bas et \u00e0 rendre vos produits plus comp\u00e9titifs sur le march\u00e9.<\/li>\n<\/ul>\n<\/div>\n\n\n\n<div class=\"wp-block-column is-layout-flow wp-block-column-is-layout-flow\">\n<figure class=\"wp-block-image size-full\"><img fetchpriority=\"high\" decoding=\"async\" width=\"750\" height=\"750\" src=\"https:\/\/jxgchocolate.com\/wp-content\/uploads\/2024\/09\/wholesale-white-chocolate-covered-peanuts-4.webp\" alt=\"Cacahu\u00e8tes enrob\u00e9es de chocolat blanc en gros 4\" class=\"wp-image-28811\" srcset=\"https:\/\/jxgchocolate.com\/wp-content\/uploads\/2024\/09\/wholesale-white-chocolate-covered-peanuts-4.webp 750w, https:\/\/jxgchocolate.com\/wp-content\/uploads\/2024\/09\/wholesale-white-chocolate-covered-peanuts-4-300x300.webp 300w, https:\/\/jxgchocolate.com\/wp-content\/uploads\/2024\/09\/wholesale-white-chocolate-covered-peanuts-4-150x150.webp 150w, https:\/\/jxgchocolate.com\/wp-content\/uploads\/2024\/09\/wholesale-white-chocolate-covered-peanuts-4-12x12.webp 12w, https:\/\/jxgchocolate.com\/wp-content\/uploads\/2024\/09\/wholesale-white-chocolate-covered-peanuts-4-430x430.webp 430w, https:\/\/jxgchocolate.com\/wp-content\/uploads\/2024\/09\/wholesale-white-chocolate-covered-peanuts-4-700x700.webp 700w\" sizes=\"(max-width: 750px) 100vw, 750px\" \/><\/figure>\n<\/div>\n<\/div>\n\n\n\n<p><\/p>","protected":false},"excerpt":{"rendered":"<p>Bienvenue sur le march\u00e9 des bonbons au chocolat blanc. Nos cacahu\u00e8tes enrob\u00e9es de chocolat blanc en gros sont fabriqu\u00e9es \u00e0 partir de mat\u00e9riaux de haute qualit\u00e9, combinant des cacahu\u00e8tes avec du chocolat blanc pour un go\u00fbt \u00e9trange. Et le style personnalis\u00e9 en fait une s\u00e9lection id\u00e9ale d'aliments \u00e0 grignoter.<\/p>\n<table style=\"border-collapse: collapse; width: 275.02pt;\" border=\"0\" width=\"275\" cellspacing=\"0\" cellpadding=\"0\">\n<tbody>\n<tr style=\"height: 17.60pt;\">\n<td class=\"et3\" style=\"height: 17.60pt; width: 108.35pt;\" width=\"108\" height=\"17\">Fabricant<\/td>\n<td class=\"et3\" style=\"width: 167.10pt;\" width=\"167\">Le fruit de la chance<\/td>\n<\/tr>\n<tr style=\"height: 17.60pt;\">\n<td class=\"et3\" style=\"height: 17.60pt;\" height=\"17\">MOD\u00c8LE NO.<\/td>\n<td class=\"et3\">JXG46<\/td>\n<\/tr>\n<tr style=\"height: 17.60pt;\">\n<td class=\"et3\" style=\"height: 17.60pt;\" height=\"17\">Type<\/td>\n<td class=\"et3\">Cacahu\u00e8tes au chocolat<\/td>\n<\/tr>\n<tr style=\"height: 17.60pt;\">\n<td class=\"et3\" style=\"height: 17.60pt;\" height=\"17\">Emballage<\/td>\n<td class=\"et3\">Emballage de la bo\u00eete<\/td>\n<\/tr>\n<tr style=\"height: 17.60pt;\">\n<td class=\"et3\" style=\"height: 17.60pt;\" height=\"17\">Sp\u00e9cifications<\/td>\n<td class=\"et3\">12 bo\u00eetes<\/td>\n<\/tr>\n<tr style=\"height: 17.60pt;\">\n<td class=\"et3\" style=\"height: 17.60pt;\" height=\"17\">Taille du carton<\/td>\n<td class=\"et3\">19,5*15*10,5 cm<\/td>\n<\/tr>\n<tr style=\"height: 17.60pt;\">\n<td class=\"et3\" style=\"height: 17.60pt;\" height=\"17\">N.W \/SET<\/td>\n<td class=\"et3\">400g*12 bo\u00eetes<\/td>\n<\/tr>\n<tr style=\"height: 17.60pt;\">\n<td class=\"et3\" style=\"height: 17.60pt;\" height=\"17\">Couleur<\/td>\n<td class=\"et3\">En tant qu'image<\/td>\n<\/tr>\n<tr style=\"height: 17.60pt;\">\n<td class=\"et3\" style=\"height: 17.60pt;\" height=\"17\">MOQ<\/td>\n<td class=\"et3\">500 cartons<\/td>\n<\/tr>\n<tr style=\"height: 17.60pt;\">\n<td class=\"et3\" style=\"height: 17.60pt;\" height=\"17\">Personnalisation<\/td>\n<td class=\"et3\">Emballage\/LOGO<\/td>\n<\/tr>\n<\/tbody>\n<\/table>","protected":false},"featured_media":28808,"comment_status":"closed","ping_status":"closed","template":"","meta":[],"product_cat":[73],"product_tag":[],"class_list":{"0":"post-28797","1":"product","2":"type-product","3":"status-publish","4":"has-post-thumbnail","6":"product_cat-wholesale-chocolate-covered-peanuts","8":"first","9":"instock","10":"shipping-taxable","11":"product-type-simple"},"_links":{"self":[{"href":"https:\/\/jxgchocolate.com\/fr\/wp-json\/wp\/v2\/product\/28797","targetHints":{"allow":["GET"]}}],"collection":[{"href":"https:\/\/jxgchocolate.com\/fr\/wp-json\/wp\/v2\/product"}],"about":[{"href":"https:\/\/jxgchocolate.com\/fr\/wp-json\/wp\/v2\/types\/product"}],"replies":[{"embeddable":true,"href":"https:\/\/jxgchocolate.com\/fr\/wp-json\/wp\/v2\/comments?post=28797"}],"version-history":[{"count":0,"href":"https:\/\/jxgchocolate.com\/fr\/wp-json\/wp\/v2\/product\/28797\/revisions"}],"wp:featuredmedia":[{"embeddable":true,"href":"https:\/\/jxgchocolate.com\/fr\/wp-json\/wp\/v2\/media\/28808"}],"wp:attachment":[{"href":"https:\/\/jxgchocolate.com\/fr\/wp-json\/wp\/v2\/media?parent=28797"}],"wp:term":[{"taxonomy":"product_cat","embeddable":true,"href":"https:\/\/jxgchocolate.com\/fr\/wp-json\/wp\/v2\/product_cat?post=28797"},{"taxonomy":"product_tag","embeddable":true,"href":"https:\/\/jxgchocolate.com\/fr\/wp-json\/wp\/v2\/product_tag?post=28797"}],"curies":[{"name":"wp","href":"https:\/\/api.w.org\/{rel}","templated":true}]}}