{"id":28819,"date":"2024-09-06T01:05:13","date_gmt":"2024-09-06T01:05:13","guid":{"rendered":"https:\/\/jxgchocolate.com\/?post_type=product&#038;p=28819"},"modified":"2024-11-09T07:36:49","modified_gmt":"2024-11-09T07:36:49","slug":"supply-dark-chocolate-covered-peanuts","status":"publish","type":"product","link":"https:\/\/jxgchocolate.com\/fr\/produit\/supply-dark-chocolate-covered-peanuts\/","title":{"rendered":"Cacahu\u00e8tes enrob\u00e9es de chocolat noir avec sachet Factory Supply"},"content":{"rendered":"<div class=\"wp-block-columns is-layout-flex wp-container-core-columns-is-layout-9d6595d7 wp-block-columns-is-layout-flex\">\n<div class=\"wp-block-column is-layout-flow wp-block-column-is-layout-flow\">\n<h2 class=\"wp-block-heading\">Cacahu\u00e8tes enrob\u00e9es de chocolat noir Premium Supply Caract\u00e9ristiques :<\/h2>\n\n\n\n<ul class=\"wp-block-list\">\n<li><strong>Premier mat\u00e9riel s\u00e9lectionn\u00e9 :<\/strong> Notre usine fournit des cacahu\u00e8tes enrob\u00e9es de chocolat noir en vrac en s\u00e9lectionnant soigneusement des cacahu\u00e8tes de qualit\u00e9 sup\u00e9rieure et du chocolat noir de haute qualit\u00e9. L'amande de cacahu\u00e8te croustillante est envelopp\u00e9e dans un riche chocolat noir, apportant une exp\u00e9rience gustative \u00e0 plusieurs niveaux.<\/li>\n\n\n\n<li><strong>Plus sain et plus nutritif :<\/strong> Le chocolat noir contient beaucoup d'antioxydants, tandis que les cacahu\u00e8tes sont une source de prot\u00e9ines v\u00e9g\u00e9tales de haute qualit\u00e9. Ces cacahu\u00e8tes enrob\u00e9es de chocolat en vrac m\u00e9langent les deux, c'est sain, d\u00e9licieux - un choix id\u00e9al pour reconstituer des en-cas de haute qualit\u00e9.<\/li>\n\n\n\n<li><strong>Emballage pratique, facile \u00e0 manger : <\/strong>Nous proposons un emballage pratique pour nos cacahu\u00e8tes enrob\u00e9es de chocolat noir, faciles \u00e0 transporter et \u00e0 partager. Qu'il s'agisse d'activit\u00e9s de plein air, de sieste au bureau ou de loisirs \u00e0 la maison, vous pouvez facilement les d\u00e9guster. L'emballage scell\u00e9 permet \u00e9galement de conserver la fra\u00eecheur des aliments.<\/li>\n\n\n\n<li><strong>Emballage flexible et personnalis\u00e9 : <\/strong>Nous fournissons des emballages de diverses sp\u00e9cifications pour les cacahu\u00e8tes enrob\u00e9es de chocolat noir en vrac et proposons \u00e9galement des services d'emballage personnalis\u00e9s. Des options flexibles et vari\u00e9es vous permettent de choisir librement en fonction de l'occasion.<\/li>\n<\/ul>\n<\/div>\n\n\n\n<div class=\"wp-block-column is-layout-flow wp-block-column-is-layout-flow\">\n<figure class=\"wp-block-image size-full\"><img fetchpriority=\"high\" decoding=\"async\" width=\"750\" height=\"750\" src=\"https:\/\/jxgchocolate.com\/wp-content\/uploads\/2024\/09\/Supply-Dark-Chocolate-Covered-Peanuts-6.webp\" alt=\"Cacahu\u00e8tes enrob\u00e9es de chocolat noir 6\" class=\"wp-image-28827\" srcset=\"https:\/\/jxgchocolate.com\/wp-content\/uploads\/2024\/09\/Supply-Dark-Chocolate-Covered-Peanuts-6.webp 750w, https:\/\/jxgchocolate.com\/wp-content\/uploads\/2024\/09\/Supply-Dark-Chocolate-Covered-Peanuts-6-300x300.webp 300w, https:\/\/jxgchocolate.com\/wp-content\/uploads\/2024\/09\/Supply-Dark-Chocolate-Covered-Peanuts-6-150x150.webp 150w, https:\/\/jxgchocolate.com\/wp-content\/uploads\/2024\/09\/Supply-Dark-Chocolate-Covered-Peanuts-6-12x12.webp 12w, https:\/\/jxgchocolate.com\/wp-content\/uploads\/2024\/09\/Supply-Dark-Chocolate-Covered-Peanuts-6-430x430.webp 430w, https:\/\/jxgchocolate.com\/wp-content\/uploads\/2024\/09\/Supply-Dark-Chocolate-Covered-Peanuts-6-700x700.webp 700w\" sizes=\"(max-width: 750px) 100vw, 750px\" \/><\/figure>\n<\/div>\n<\/div>","protected":false},"excerpt":{"rendered":"<p>Nous vous invitons \u00e0 acheter des cacahu\u00e8tes enrob\u00e9es de chocolat en vrac. Nous fournissons des cacahu\u00e8tes enrob\u00e9es de chocolat noir directement depuis notre usine, qui m\u00e9langent parfaitement le chocolat noir de haute qualit\u00e9 et les cacahu\u00e8tes croustillantes pour offrir une exp\u00e9rience unique et d\u00e9licieuse. Le sac est pratique, il conserve la fra\u00eecheur et vous permet de profiter de la sant\u00e9 et de la gourmandise \u00e0 tout moment.<\/p>\n<table style=\"border-collapse: collapse; width: 275.02pt;\" border=\"0\" width=\"275\" cellspacing=\"0\" cellpadding=\"0\">\n<tbody>\n<tr style=\"height: 17.60pt;\">\n<td class=\"et3\" style=\"height: 17.60pt; width: 108.35pt;\" width=\"108\" height=\"17\">Fabricant<\/td>\n<td class=\"et3\" style=\"width: 167.10pt;\" width=\"167\">Le fruit de la chance<\/td>\n<\/tr>\n<tr style=\"height: 17.60pt;\">\n<td class=\"et3\" style=\"height: 17.60pt;\" height=\"17\">MOD\u00c8LE NO.<\/td>\n<td class=\"et3\">JXG47<\/td>\n<\/tr>\n<tr style=\"height: 17.60pt;\">\n<td class=\"et3\" style=\"height: 17.60pt;\" height=\"17\">Type<\/td>\n<td class=\"et3\">Cacahu\u00e8tes au chocolat<\/td>\n<\/tr>\n<tr style=\"height: 17.60pt;\">\n<td class=\"et3\" style=\"height: 17.60pt;\" height=\"17\">Emballage<\/td>\n<td class=\"et3\">Emballage des sacs<\/td>\n<\/tr>\n<tr style=\"height: 17.60pt;\">\n<td class=\"et3\" style=\"height: 17.60pt;\" height=\"17\">Sp\u00e9cifications<\/td>\n<td class=\"et3\">15 sacs<\/td>\n<\/tr>\n<tr style=\"height: 17.60pt;\">\n<td class=\"et3\" style=\"height: 17.60pt;\" height=\"17\">Taille du carton<\/td>\n<td class=\"et3\">27*8*24cm<\/td>\n<\/tr>\n<tr style=\"height: 17.60pt;\">\n<td class=\"et3\" style=\"height: 17.60pt;\" height=\"17\">N.W \/SET<\/td>\n<td class=\"et3\">6g*100Pcs*15sacs<\/td>\n<\/tr>\n<tr style=\"height: 17.60pt;\">\n<td class=\"et3\" style=\"height: 17.60pt;\" height=\"17\">Couleur<\/td>\n<td class=\"et3\">En tant qu'image<\/td>\n<\/tr>\n<tr style=\"height: 17.60pt;\">\n<td class=\"et3\" style=\"height: 17.60pt;\" height=\"17\">MOQ<\/td>\n<td class=\"et3\">500 cartons<\/td>\n<\/tr>\n<tr style=\"height: 17.60pt;\">\n<td class=\"et3\" style=\"height: 17.60pt;\" height=\"17\">Personnalisation<\/td>\n<td class=\"et3\">Emballage\/LOGO<\/td>\n<\/tr>\n<\/tbody>\n<\/table>","protected":false},"featured_media":28823,"comment_status":"closed","ping_status":"closed","template":"","meta":[],"product_cat":[73],"product_tag":[],"class_list":{"0":"post-28819","1":"product","2":"type-product","3":"status-publish","4":"has-post-thumbnail","6":"product_cat-wholesale-chocolate-covered-peanuts","8":"first","9":"instock","10":"shipping-taxable","11":"product-type-simple"},"_links":{"self":[{"href":"https:\/\/jxgchocolate.com\/fr\/wp-json\/wp\/v2\/product\/28819","targetHints":{"allow":["GET"]}}],"collection":[{"href":"https:\/\/jxgchocolate.com\/fr\/wp-json\/wp\/v2\/product"}],"about":[{"href":"https:\/\/jxgchocolate.com\/fr\/wp-json\/wp\/v2\/types\/product"}],"replies":[{"embeddable":true,"href":"https:\/\/jxgchocolate.com\/fr\/wp-json\/wp\/v2\/comments?post=28819"}],"version-history":[{"count":8,"href":"https:\/\/jxgchocolate.com\/fr\/wp-json\/wp\/v2\/product\/28819\/revisions"}],"predecessor-version":[{"id":29067,"href":"https:\/\/jxgchocolate.com\/fr\/wp-json\/wp\/v2\/product\/28819\/revisions\/29067"}],"wp:featuredmedia":[{"embeddable":true,"href":"https:\/\/jxgchocolate.com\/fr\/wp-json\/wp\/v2\/media\/28823"}],"wp:attachment":[{"href":"https:\/\/jxgchocolate.com\/fr\/wp-json\/wp\/v2\/media?parent=28819"}],"wp:term":[{"taxonomy":"product_cat","embeddable":true,"href":"https:\/\/jxgchocolate.com\/fr\/wp-json\/wp\/v2\/product_cat?post=28819"},{"taxonomy":"product_tag","embeddable":true,"href":"https:\/\/jxgchocolate.com\/fr\/wp-json\/wp\/v2\/product_tag?post=28819"}],"curies":[{"name":"wp","href":"https:\/\/api.w.org\/{rel}","templated":true}]}}