{"id":28830,"date":"2024-09-06T08:13:44","date_gmt":"2024-09-06T08:13:44","guid":{"rendered":"https:\/\/jxgchocolate.com\/?post_type=product&#038;p=28830"},"modified":"2025-03-08T04:11:29","modified_gmt":"2025-03-08T04:11:29","slug":"crunchy-chocolate-balls-in-bulk","status":"publish","type":"product","link":"https:\/\/jxgchocolate.com\/fr\/produit\/crunchy-chocolate-balls-in-bulk\/","title":{"rendered":"Boules de chocolat croustillantes en vrac, Petits paquets de boules de chocolat en gros"},"content":{"rendered":"<div class=\"wp-block-columns is-layout-flex wp-container-core-columns-is-layout-9d6595d7 wp-block-columns-is-layout-flex\">\n<div class=\"wp-block-column is-vertically-aligned-center is-layout-flow wp-block-column-is-layout-flow\">\n<h3 class=\"wp-block-heading\">Boules de chocolat croustillantes de qualit\u00e9 sup\u00e9rieure en vrac Caract\u00e9ristiques :<\/h3>\n\n\n\n<ul class=\"wp-block-list\">\n<li><strong>Go\u00fbt ultime, double plaisir :<\/strong> Chaque boule de chocolat croustillante en vrac est un succ\u00e8s culinaire, le riche chocolat ext\u00e9rieur et les biscuits croustillants int\u00e9rieurs \u00e9tant combin\u00e9s avec succ\u00e8s pour former une double sensation jamais exp\u00e9riment\u00e9e auparavant. Ce m\u00e9lange unique est imbattable.<\/li>\n\n\n\n<li><strong>Contr\u00f4le de qualit\u00e9 strict, sain et sans souci : <\/strong>Nos boules de chocolat croustillantes en gros, de l'achat des mati\u00e8res premi\u00e8res \u00e0 la production et au traitement, chaque lien suit strictement les normes de l'industrie et les proc\u00e9dures de contr\u00f4le de la qualit\u00e9. Nous s\u00e9lectionnons des mati\u00e8res premi\u00e8res de haute qualit\u00e9 pour le chocolat afin de garantir un produit riche et d\u00e9licieux, sans ajouter d'ingr\u00e9dients toxiques, afin de garantir la sant\u00e9 des aliments, pour que vous puissiez manger en toute confiance.<\/li>\n\n\n\n<li><strong>Personnalisation : <\/strong>Nous proposons une gamme compl\u00e8te de services de personnalisation individualis\u00e9s pour les boules de chocolat croustillantes et volumineuses qui peuvent \u00eatre personnalis\u00e9es en fonction de vos besoins. C'est le choix id\u00e9al pour la pr\u00e9sentation de la culture de marque de votre organisation.<\/li>\n\n\n\n<li><strong>Achat en gros, nombreuses remises : <\/strong>Nous fournissons des stocks suffisants et des solutions de commande flexibles pour les boules de chocolat croustillantes en vrac afin de garantir que vous puissiez r\u00e9pondre \u00e0 des demandes importantes de la mani\u00e8re la plus \u00e9conomique possible tout en b\u00e9n\u00e9ficiant des avantages en termes de co\u00fbts apport\u00e9s par l'approvisionnement en vrac.<\/li>\n<\/ul>\n<\/div>\n\n\n\n<div class=\"wp-block-column is-layout-flow wp-block-column-is-layout-flow\">\n<figure class=\"wp-block-image size-full\"><img fetchpriority=\"high\" decoding=\"async\" width=\"640\" height=\"640\" src=\"https:\/\/jxgchocolate.com\/wp-content\/uploads\/2024\/09\/Crunchy-Chocolate-Balls-In-Bulk-6.webp\" alt=\"Boules de chocolat croustillantes en vrac 6\" class=\"wp-image-28838\" srcset=\"https:\/\/jxgchocolate.com\/wp-content\/uploads\/2024\/09\/Crunchy-Chocolate-Balls-In-Bulk-6.webp 640w, https:\/\/jxgchocolate.com\/wp-content\/uploads\/2024\/09\/Crunchy-Chocolate-Balls-In-Bulk-6-300x300.webp 300w, https:\/\/jxgchocolate.com\/wp-content\/uploads\/2024\/09\/Crunchy-Chocolate-Balls-In-Bulk-6-150x150.webp 150w, https:\/\/jxgchocolate.com\/wp-content\/uploads\/2024\/09\/Crunchy-Chocolate-Balls-In-Bulk-6-12x12.webp 12w, https:\/\/jxgchocolate.com\/wp-content\/uploads\/2024\/09\/Crunchy-Chocolate-Balls-In-Bulk-6-430x430.webp 430w\" sizes=\"(max-width: 640px) 100vw, 640px\" \/><\/figure>\n<\/div>\n<\/div>\n\n\n\n<p><\/p>","protected":false},"excerpt":{"rendered":"<p>Bienvenue sur le site d'achat en gros de boules de chocolat croustillantes. Nos boules de chocolat croustillantes en vrac sont produites avec des mat\u00e9riaux de haute qualit\u00e9, un centre de biscuit croustillant et un chocolat riche, offrant une exp\u00e9rience gustative unique. Les services d'emballage personnalis\u00e9s r\u00e9pondent \u00e0 vos besoins personnels, et les remises en gros vous permettent de b\u00e9n\u00e9ficier d'une plus grande commodit\u00e9.<\/p>\n<table style=\"border-collapse: collapse; width: 275.02pt;\" border=\"0\" width=\"275\" cellspacing=\"0\" cellpadding=\"0\">\n<tbody>\n<tr style=\"height: 17.60pt;\">\n<td class=\"et3\" style=\"height: 17.60pt; width: 108.35pt;\" width=\"108\" height=\"17\">Fabricant<\/td>\n<td class=\"et3\" style=\"width: 167.10pt;\" width=\"167\">Le fruit de la chance<\/td>\n<\/tr>\n<tr style=\"height: 17.60pt;\">\n<td class=\"et3\" style=\"height: 17.60pt;\" height=\"17\">MOD\u00c8LE NO.<\/td>\n<td class=\"et3\">JXG48<\/td>\n<\/tr>\n<tr style=\"height: 17.60pt;\">\n<td class=\"et3\" style=\"height: 17.60pt;\" height=\"17\">Type<\/td>\n<td class=\"et3\">Boules de chocolat croustillantes<\/td>\n<\/tr>\n<tr style=\"height: 17.60pt;\">\n<td class=\"et3\" style=\"height: 17.60pt;\" height=\"17\">Emballage<\/td>\n<td class=\"et3\">Emballage des sacs<\/td>\n<\/tr>\n<tr style=\"height: 17.60pt;\">\n<td class=\"et3\" style=\"height: 17.60pt;\" height=\"17\">Sp\u00e9cifications<\/td>\n<td class=\"et3\">30 sacs<\/td>\n<\/tr>\n<tr style=\"height: 17.60pt;\">\n<td class=\"et3\" style=\"height: 17.60pt;\" height=\"17\">Taille du carton<\/td>\n<td class=\"et3\">31*8*25 cm<\/td>\n<\/tr>\n<tr style=\"height: 17.60pt;\">\n<td class=\"et3\" style=\"height: 17.60pt;\" height=\"17\">N.W \/SET<\/td>\n<td class=\"et3\">3.50g*72Pcs*30sacs<\/td>\n<\/tr>\n<tr style=\"height: 17.60pt;\">\n<td class=\"et3\" style=\"height: 17.60pt;\" height=\"17\">Couleur<\/td>\n<td class=\"et3\">En tant qu'image<\/td>\n<\/tr>\n<tr style=\"height: 17.60pt;\">\n<td class=\"et3\" style=\"height: 17.60pt;\" height=\"17\">MOQ<\/td>\n<td class=\"et3\">500 cartons<\/td>\n<\/tr>\n<tr style=\"height: 17.60pt;\">\n<td class=\"et3\" style=\"height: 17.60pt;\" height=\"17\">Personnalisation<\/td>\n<td class=\"et3\">Emballage\/LOGO<\/td>\n<\/tr>\n<\/tbody>\n<\/table>","protected":false},"featured_media":28834,"comment_status":"closed","ping_status":"closed","template":"","meta":[],"product_cat":[74],"product_tag":[],"class_list":{"0":"post-28830","1":"product","2":"type-product","3":"status-publish","4":"has-post-thumbnail","6":"product_cat-wholesale-crunchy-chocolate-balls","8":"first","9":"instock","10":"shipping-taxable","11":"product-type-simple"},"_links":{"self":[{"href":"https:\/\/jxgchocolate.com\/fr\/wp-json\/wp\/v2\/product\/28830","targetHints":{"allow":["GET"]}}],"collection":[{"href":"https:\/\/jxgchocolate.com\/fr\/wp-json\/wp\/v2\/product"}],"about":[{"href":"https:\/\/jxgchocolate.com\/fr\/wp-json\/wp\/v2\/types\/product"}],"replies":[{"embeddable":true,"href":"https:\/\/jxgchocolate.com\/fr\/wp-json\/wp\/v2\/comments?post=28830"}],"version-history":[{"count":10,"href":"https:\/\/jxgchocolate.com\/fr\/wp-json\/wp\/v2\/product\/28830\/revisions"}],"predecessor-version":[{"id":29605,"href":"https:\/\/jxgchocolate.com\/fr\/wp-json\/wp\/v2\/product\/28830\/revisions\/29605"}],"wp:featuredmedia":[{"embeddable":true,"href":"https:\/\/jxgchocolate.com\/fr\/wp-json\/wp\/v2\/media\/28834"}],"wp:attachment":[{"href":"https:\/\/jxgchocolate.com\/fr\/wp-json\/wp\/v2\/media?parent=28830"}],"wp:term":[{"taxonomy":"product_cat","embeddable":true,"href":"https:\/\/jxgchocolate.com\/fr\/wp-json\/wp\/v2\/product_cat?post=28830"},{"taxonomy":"product_tag","embeddable":true,"href":"https:\/\/jxgchocolate.com\/fr\/wp-json\/wp\/v2\/product_tag?post=28830"}],"curies":[{"name":"wp","href":"https:\/\/api.w.org\/{rel}","templated":true}]}}