{"id":28845,"date":"2024-09-07T01:19:54","date_gmt":"2024-09-07T01:19:54","guid":{"rendered":"https:\/\/jxgchocolate.com\/?post_type=product&#038;p=28845"},"modified":"2025-03-08T02:53:20","modified_gmt":"2025-03-08T02:53:20","slug":"crunchy-chocolate-balls-wholesale","status":"publish","type":"product","link":"https:\/\/jxgchocolate.com\/fr\/produit\/crunchy-chocolate-balls-wholesale\/","title":{"rendered":"Boules de chocolat chaud croustillantes Wholesale, Boules de chocolat croustillantes multi-saveurs"},"content":{"rendered":"<div class=\"wp-block-columns is-layout-flex wp-container-core-columns-is-layout-9d6595d7 wp-block-columns-is-layout-flex\">\n<div class=\"wp-block-column is-vertically-aligned-center is-layout-flow wp-block-column-is-layout-flow\">\n<h3 class=\"wp-block-heading\">Boules de chocolat croustillantes de qualit\u00e9 sup\u00e9rieure Caract\u00e9ristiques de la vente en gros :<\/h3>\n\n\n\n<ul class=\"wp-block-list\">\n<li><strong>Saveur unique \u00e0 plusieurs niveaux : <\/strong>Cette boule de chocolat croustillante vendue en gros utilise un processus innovant. L'ext\u00e9rieur est constitu\u00e9 de chocolat riche et l'int\u00e9rieur de biscuits croustillants. Le m\u00e9lange de ces saveurs uniques offre aux consommateurs une exp\u00e9rience gustative \u00e0 plusieurs niveaux et un en-cas m\u00e9morable.<\/li>\n\n\n\n<li><strong>Mat\u00e9riaux s\u00e9lectionn\u00e9s pour garantir la qualit\u00e9 : <\/strong>Nous nous en tenons \u00e0 l'utilisation de mati\u00e8res premi\u00e8res de haute qualit\u00e9 pour la fabrication en gros de boules de choco croustillantes. Gr\u00e2ce \u00e0 une s\u00e9lection et \u00e0 un contr\u00f4le stricts des mati\u00e8res premi\u00e8res, nous garantissons le haut niveau de qualit\u00e9 des boules de chocolat. Il s'agit d'une r\u00e9ponse positive \u00e0 la nourriture saine et d'une raison importante pour les ventes \u00e9lev\u00e9es du produit.<\/li>\n\n\n\n<li><strong>Service d'emballage personnalis\u00e9 : <\/strong>Pour r\u00e9pondre aux besoins des diff\u00e9rents acheteurs b2b de boules de chocolat croustillantes en gros, nous fournissons des emballages personnalis\u00e9s pour am\u00e9liorer l'image de la marque.<\/li>\n\n\n\n<li><strong>Commande en gros, prix pr\u00e9f\u00e9rentiels : <\/strong>En tant que fabricant ayant une riche exp\u00e9rience dans la vente en gros de boules de chocolat croquant, nous pouvons contr\u00f4ler efficacement les co\u00fbts de production et maximiser la rentabilit\u00e9. Cela vous permet d'obtenir des produits rentables. Sur le march\u00e9 des produits similaires, choisir de coop\u00e9rer avec nous, c'est choisir un partenaire de cha\u00eene d'approvisionnement stable, fiable et comp\u00e9titif.<\/li>\n<\/ul>\n<\/div>\n\n\n\n<div class=\"wp-block-column is-layout-flow wp-block-column-is-layout-flow\">\n<figure class=\"wp-block-image size-full\"><img fetchpriority=\"high\" decoding=\"async\" width=\"640\" height=\"640\" src=\"https:\/\/jxgchocolate.com\/wp-content\/uploads\/2024\/09\/Crunchy-Chocolate-Balls-Wholesale-1.webp\" alt=\"Boules de chocolat croustillantes Wholesale 1\" class=\"wp-image-28849\" srcset=\"https:\/\/jxgchocolate.com\/wp-content\/uploads\/2024\/09\/Crunchy-Chocolate-Balls-Wholesale-1.webp 640w, https:\/\/jxgchocolate.com\/wp-content\/uploads\/2024\/09\/Crunchy-Chocolate-Balls-Wholesale-1-300x300.webp 300w, https:\/\/jxgchocolate.com\/wp-content\/uploads\/2024\/09\/Crunchy-Chocolate-Balls-Wholesale-1-150x150.webp 150w, https:\/\/jxgchocolate.com\/wp-content\/uploads\/2024\/09\/Crunchy-Chocolate-Balls-Wholesale-1-12x12.webp 12w, https:\/\/jxgchocolate.com\/wp-content\/uploads\/2024\/09\/Crunchy-Chocolate-Balls-Wholesale-1-430x430.webp 430w\" sizes=\"(max-width: 640px) 100vw, 640px\" \/><\/figure>\n<\/div>\n<\/div>\n\n\n\n<p><\/p>","protected":false},"excerpt":{"rendered":"<p>Nous vous invitons \u00e0 acheter en gros des boules de chocolat croustillantes. Nos boules de chocolat croustillantes s\u00e9lectionn\u00e9es en gros ont un ext\u00e9rieur lisse et un int\u00e9rieur croustillant, leur go\u00fbt riche est inoubliable. Nous fournissons un service de personnalisation, un approvisionnement en usine et une assurance qualit\u00e9.<\/p>\n<table style=\"border-collapse: collapse; width: 275.02pt;\" border=\"0\" width=\"275\" cellspacing=\"0\" cellpadding=\"0\">\n<tbody>\n<tr style=\"height: 17.60pt;\">\n<td class=\"et3\" style=\"height: 17.60pt; width: 108.35pt;\" width=\"108\" height=\"17\">Fabricant<\/td>\n<td class=\"et3\" style=\"width: 167.10pt;\" width=\"167\">Le fruit de la chance<\/td>\n<\/tr>\n<tr style=\"height: 17.60pt;\">\n<td class=\"et3\" style=\"height: 17.60pt;\" height=\"17\">MOD\u00c8LE NO.<\/td>\n<td class=\"et3\">JXG49<\/td>\n<\/tr>\n<tr style=\"height: 17.60pt;\">\n<td class=\"et3\" style=\"height: 17.60pt;\" height=\"17\">Type<\/td>\n<td class=\"et3\">Boules de chocolat croustillantes<\/td>\n<\/tr>\n<tr style=\"height: 17.60pt;\">\n<td class=\"et3\" style=\"height: 17.60pt;\" height=\"17\">Emballage<\/td>\n<td class=\"et3\">Emballage de la bo\u00eete<\/td>\n<\/tr>\n<tr style=\"height: 17.60pt;\">\n<td class=\"et3\" style=\"height: 17.60pt;\" height=\"17\">Sp\u00e9cifications<\/td>\n<td class=\"et3\">20 bo\u00eetes<\/td>\n<\/tr>\n<tr style=\"height: 17.60pt;\">\n<td class=\"et3\" style=\"height: 17.60pt;\" height=\"17\">Taille du carton<\/td>\n<td class=\"et3\">16*9*15 cm<\/td>\n<\/tr>\n<tr style=\"height: 17.60pt;\">\n<td class=\"et3\" style=\"height: 17.60pt;\" height=\"17\">N.W \/SET<\/td>\n<td class=\"et3\">15g*30bags*20boxes<\/td>\n<\/tr>\n<tr style=\"height: 17.60pt;\">\n<td class=\"et3\" style=\"height: 17.60pt;\" height=\"17\">Couleur<\/td>\n<td class=\"et3\">En tant qu'image<\/td>\n<\/tr>\n<tr style=\"height: 17.60pt;\">\n<td class=\"et3\" style=\"height: 17.60pt;\" height=\"17\">MOQ<\/td>\n<td class=\"et3\">500 cartons<\/td>\n<\/tr>\n<tr style=\"height: 17.60pt;\">\n<td class=\"et3\" style=\"height: 17.60pt;\" height=\"17\">Personnalisation<\/td>\n<td class=\"et3\">Emballage\/LOGO<\/td>\n<\/tr>\n<\/tbody>\n<\/table>","protected":false},"featured_media":28849,"comment_status":"closed","ping_status":"closed","template":"","meta":[],"product_cat":[74],"product_tag":[],"class_list":{"0":"post-28845","1":"product","2":"type-product","3":"status-publish","4":"has-post-thumbnail","6":"product_cat-wholesale-crunchy-chocolate-balls","8":"first","9":"instock","10":"shipping-taxable","11":"product-type-simple"},"_links":{"self":[{"href":"https:\/\/jxgchocolate.com\/fr\/wp-json\/wp\/v2\/product\/28845","targetHints":{"allow":["GET"]}}],"collection":[{"href":"https:\/\/jxgchocolate.com\/fr\/wp-json\/wp\/v2\/product"}],"about":[{"href":"https:\/\/jxgchocolate.com\/fr\/wp-json\/wp\/v2\/types\/product"}],"replies":[{"embeddable":true,"href":"https:\/\/jxgchocolate.com\/fr\/wp-json\/wp\/v2\/comments?post=28845"}],"version-history":[{"count":0,"href":"https:\/\/jxgchocolate.com\/fr\/wp-json\/wp\/v2\/product\/28845\/revisions"}],"wp:featuredmedia":[{"embeddable":true,"href":"https:\/\/jxgchocolate.com\/fr\/wp-json\/wp\/v2\/media\/28849"}],"wp:attachment":[{"href":"https:\/\/jxgchocolate.com\/fr\/wp-json\/wp\/v2\/media?parent=28845"}],"wp:term":[{"taxonomy":"product_cat","embeddable":true,"href":"https:\/\/jxgchocolate.com\/fr\/wp-json\/wp\/v2\/product_cat?post=28845"},{"taxonomy":"product_tag","embeddable":true,"href":"https:\/\/jxgchocolate.com\/fr\/wp-json\/wp\/v2\/product_tag?post=28845"}],"curies":[{"name":"wp","href":"https:\/\/api.w.org\/{rel}","templated":true}]}}