{"id":28857,"date":"2024-09-07T02:56:39","date_gmt":"2024-09-07T02:20:50","guid":{"rendered":"https:\/\/jxgchocolate.com\/?post_type=product&#038;p=28857"},"modified":"2025-03-08T05:42:01","modified_gmt":"2025-03-08T05:42:01","slug":"tasty-chocolate-covered-peanuts-supply","status":"publish","type":"product","link":"https:\/\/jxgchocolate.com\/fr\/produit\/tasty-chocolate-covered-peanuts-supply\/","title":{"rendered":"Cacahu\u00e8tes enrob\u00e9es de chocolat en vrac Prix d'usine direct"},"content":{"rendered":"<div class=\"wp-block-columns is-layout-flex wp-container-core-columns-is-layout-9d6595d7 wp-block-columns-is-layout-flex\">\n<div class=\"wp-block-column is-layout-flow wp-block-column-is-layout-flow\">\n<h2 class=\"wp-block-heading\">Cacahu\u00e8tes enrob\u00e9es de chocolat de premi\u00e8re qualit\u00e9 Caract\u00e9ristiques de l'offre :<\/h2>\n\n\n\n<ul class=\"wp-block-list\">\n<li><strong>La combinaison parfaite entre le chocolat et les cacahu\u00e8tes : <\/strong>Notre offre de cacahu\u00e8tes enrob\u00e9es de chocolat en vrac \u00e0 prix direct combine de mani\u00e8re optimale la fine harmonie du sucr\u00e9 et du sal\u00e9. En tant qu'en-cas pour la vie quotidienne ou distribu\u00e9es lors d'une f\u00eate, elles peuvent apporter aux consommateurs une exp\u00e9rience d\u00e9licieuse inoubliable.<\/li>\n\n\n\n<li><strong>Conception de bo\u00eetes haut de gamme, emballage personnalis\u00e9 : <\/strong>Ces cacahu\u00e8tes au chocolat noir en gros sont emball\u00e9es dans des bo\u00eetes exquises pour prot\u00e9ger les aliments contre les dommages. En outre, des services de personnalisation de l'emballage sont fournis pour r\u00e9pondre aux besoins des entreprises dans tous les domaines.<\/li>\n\n\n\n<li><strong>Alimentation saine, assurance qualit\u00e9 : <\/strong>Le processus de production des cacahu\u00e8tes enrob\u00e9es de chocolat en vrac est strictement conforme aux normes de s\u00e9curit\u00e9 afin de garantir que chaque cacahu\u00e8te enrob\u00e9e de chocolat soit saine et d\u00e9licieuse. C'est \u00e9galement le facteur cl\u00e9 qui rend ce produit populaire sur le march\u00e9.<\/li>\n\n\n\n<li><strong>Un prix abordable et un rapport co\u00fbt-efficacit\u00e9 \u00e9lev\u00e9 : <\/strong>Nos cacahu\u00e8tes au chocolat noir en gros peuvent minimiser les co\u00fbts d'achat de votre entreprise. Nos prix de gros ont un avantage concurrentiel sur le march\u00e9.<\/li>\n<\/ul>\n<\/div>\n\n\n\n<div class=\"wp-block-column is-layout-flow wp-block-column-is-layout-flow\">\n<figure class=\"wp-block-image size-full\"><img fetchpriority=\"high\" decoding=\"async\" width=\"770\" height=\"697\" src=\"https:\/\/jxgchocolate.com\/wp-content\/uploads\/2024\/09\/Chocolate-Covered-Peanuts-Supply-2.webp\" alt=\"Cacahu\u00e8tes enrob\u00e9es de chocolat Offre 2\" class=\"wp-image-28862\" srcset=\"https:\/\/jxgchocolate.com\/wp-content\/uploads\/2024\/09\/Chocolate-Covered-Peanuts-Supply-2.webp 770w, https:\/\/jxgchocolate.com\/wp-content\/uploads\/2024\/09\/Chocolate-Covered-Peanuts-Supply-2-331x300.webp 331w, https:\/\/jxgchocolate.com\/wp-content\/uploads\/2024\/09\/Chocolate-Covered-Peanuts-Supply-2-768x695.webp 768w, https:\/\/jxgchocolate.com\/wp-content\/uploads\/2024\/09\/Chocolate-Covered-Peanuts-Supply-2-13x12.webp 13w, https:\/\/jxgchocolate.com\/wp-content\/uploads\/2024\/09\/Chocolate-Covered-Peanuts-Supply-2-430x389.webp 430w, https:\/\/jxgchocolate.com\/wp-content\/uploads\/2024\/09\/Chocolate-Covered-Peanuts-Supply-2-700x634.webp 700w, https:\/\/jxgchocolate.com\/wp-content\/uploads\/2024\/09\/Chocolate-Covered-Peanuts-Supply-2-150x136.webp 150w\" sizes=\"(max-width: 770px) 100vw, 770px\" \/><\/figure>\n<\/div>\n<\/div>\n\n\n\n<p><\/p>","protected":false},"excerpt":{"rendered":"<p>Nous vous invitons \u00e0 acheter en gros des cacahu\u00e8tes au chocolat noir. Nos savoureuses cacahu\u00e8tes enrob\u00e9es de chocolat en vrac sont un m\u00e9lange parfait de cacahu\u00e8tes et de chocolat, offrant une double exp\u00e9rience gustative. Avec un design de bo\u00eete haut de gamme et un contr\u00f4le de qualit\u00e9 strict, c'est le premier choix pour des snacks sains et d\u00e9licieux.<\/p>\n<table style=\"border-collapse: collapse; width: 275.02pt;\" border=\"0\" width=\"275\" cellspacing=\"0\" cellpadding=\"0\">\n<tbody>\n<tr style=\"height: 17.60pt;\">\n<td class=\"et3\" style=\"height: 17.60pt; width: 108.35pt;\" width=\"108\" height=\"17\">Fabricant<\/td>\n<td class=\"et3\" style=\"width: 167.10pt;\" width=\"167\">Le fruit de la chance<\/td>\n<\/tr>\n<tr style=\"height: 17.60pt;\">\n<td class=\"et3\" style=\"height: 17.60pt;\" height=\"17\">MOD\u00c8LE NO.<\/td>\n<td class=\"et3\">JXG50<\/td>\n<\/tr>\n<tr style=\"height: 17.60pt;\">\n<td class=\"et3\" style=\"height: 17.60pt;\" height=\"17\">Type<\/td>\n<td class=\"et3\">Cacahu\u00e8tes au chocolat<\/td>\n<\/tr>\n<tr style=\"height: 17.60pt;\">\n<td class=\"et3\" style=\"height: 17.60pt;\" height=\"17\">Emballage<\/td>\n<td class=\"et3\">Emballage de la bo\u00eete<\/td>\n<\/tr>\n<tr style=\"height: 17.60pt;\">\n<td class=\"et3\" style=\"height: 17.60pt;\" height=\"17\">Sp\u00e9cifications<\/td>\n<td class=\"et3\">12 bo\u00eetes<\/td>\n<\/tr>\n<tr style=\"height: 17.60pt;\">\n<td class=\"et3\" style=\"height: 17.60pt;\" height=\"17\">Taille du carton<\/td>\n<td class=\"et3\">15*10*18 cm<\/td>\n<\/tr>\n<tr style=\"height: 17.60pt;\">\n<td class=\"et3\" style=\"height: 17.60pt;\" height=\"17\">N.W \/SET<\/td>\n<td class=\"et3\">26g*24Pcs*12bo\u00eetes<\/td>\n<\/tr>\n<tr style=\"height: 17.60pt;\">\n<td class=\"et3\" style=\"height: 17.60pt;\" height=\"17\">Couleur<\/td>\n<td class=\"et3\">En tant qu'image<\/td>\n<\/tr>\n<tr style=\"height: 17.60pt;\">\n<td class=\"et3\" style=\"height: 17.60pt;\" height=\"17\">MOQ<\/td>\n<td class=\"et3\">500 cartons<\/td>\n<\/tr>\n<tr style=\"height: 17.60pt;\">\n<td class=\"et3\" style=\"height: 17.60pt;\" height=\"17\">Personnalisation<\/td>\n<td class=\"et3\">Emballage\/LOGO<\/td>\n<\/tr>\n<\/tbody>\n<\/table>","protected":false},"featured_media":28863,"comment_status":"closed","ping_status":"closed","template":"","meta":[],"product_cat":[73],"product_tag":[],"class_list":{"0":"post-28857","1":"product","2":"type-product","3":"status-publish","4":"has-post-thumbnail","6":"product_cat-wholesale-chocolate-covered-peanuts","8":"first","9":"instock","10":"shipping-taxable","11":"product-type-simple"},"_links":{"self":[{"href":"https:\/\/jxgchocolate.com\/fr\/wp-json\/wp\/v2\/product\/28857","targetHints":{"allow":["GET"]}}],"collection":[{"href":"https:\/\/jxgchocolate.com\/fr\/wp-json\/wp\/v2\/product"}],"about":[{"href":"https:\/\/jxgchocolate.com\/fr\/wp-json\/wp\/v2\/types\/product"}],"replies":[{"embeddable":true,"href":"https:\/\/jxgchocolate.com\/fr\/wp-json\/wp\/v2\/comments?post=28857"}],"version-history":[{"count":0,"href":"https:\/\/jxgchocolate.com\/fr\/wp-json\/wp\/v2\/product\/28857\/revisions"}],"wp:featuredmedia":[{"embeddable":true,"href":"https:\/\/jxgchocolate.com\/fr\/wp-json\/wp\/v2\/media\/28863"}],"wp:attachment":[{"href":"https:\/\/jxgchocolate.com\/fr\/wp-json\/wp\/v2\/media?parent=28857"}],"wp:term":[{"taxonomy":"product_cat","embeddable":true,"href":"https:\/\/jxgchocolate.com\/fr\/wp-json\/wp\/v2\/product_cat?post=28857"},{"taxonomy":"product_tag","embeddable":true,"href":"https:\/\/jxgchocolate.com\/fr\/wp-json\/wp\/v2\/product_tag?post=28857"}],"curies":[{"name":"wp","href":"https:\/\/api.w.org\/{rel}","templated":true}]}}