{"id":28923,"date":"2024-09-28T10:03:03","date_gmt":"2024-09-28T10:03:03","guid":{"rendered":"https:\/\/jxgchocolate.com\/?post_type=product&#038;p=28923"},"modified":"2025-03-08T06:04:26","modified_gmt":"2025-03-08T06:04:26","slug":"mini-sunflower-seeds-chocolate-wholesale","status":"publish","type":"product","link":"https:\/\/jxgchocolate.com\/fr\/produit\/mini-sunflower-seeds-chocolate-wholesale\/","title":{"rendered":"Mini Graines de Tournesol Chocolat en Gros avec Prix Comp\u00e9titif"},"content":{"rendered":"<div class=\"wp-block-columns is-layout-flex wp-container-core-columns-is-layout-9d6595d7 wp-block-columns-is-layout-flex\">\n<div class=\"wp-block-column is-layout-flow wp-block-column-is-layout-flow\">\n<h2 class=\"wp-block-heading\">Mini graines de tournesol Premium Chocolate Wholesale Caract\u00e9ristiques :<\/h2>\n\n\n\n<ul class=\"wp-block-list\">\n<li><strong>Plus de portabilit\u00e9 :<\/strong> De petite taille, ce mini chocolat de gros aux graines de tournesol est portable et peut \u00eatre consomm\u00e9 partout et \u00e0 tout moment, ce qui en fait une option parfaite \u00e0 transporter dans un sac \u00e0 main ou une poche.<\/li>\n\n\n\n<li><strong>Saveur unique :<\/strong> Notre chocolat de gros aux graines de tournesol est une combinaison parfaite de la richesse du chocolat et du croquant des graines de tournesol pour produire une saveur unique dans le meilleur m\u00e9lange des deux.<\/li>\n\n\n\n<li><strong>Contr\u00f4ler la taille des portions : <\/strong>Gr\u00e2ce \u00e0 la taille modeste de chaque chocolat, nos mini graines de tournesol en gros permettent aux clients de contr\u00f4ler la taille de leurs portions et de ne pas consommer trop de calories \u00e0 la fois.<\/li>\n\n\n\n<li><strong>Vari\u00e9t\u00e9 de saveurs multiples : <\/strong>Notre grossiste en chocolat aux graines de tournesol propose plusieurs saveurs vari\u00e9es sur le march\u00e9 pour satisfaire les diff\u00e9rents int\u00e9r\u00eats des clients, tels que le chocolat au lait, le chocolat noir, le chocolat blanc, etc.<\/li>\n<\/ul>\n<\/div>\n\n\n\n<div class=\"wp-block-column is-layout-flow wp-block-column-is-layout-flow\">\n<figure class=\"wp-block-image size-full\"><img fetchpriority=\"high\" decoding=\"async\" width=\"1800\" height=\"1500\" src=\"https:\/\/jxgchocolate.com\/wp-content\/uploads\/2024\/09\/Competitive-Price-Mini-Sunflower-Seeds-Chocolate-Wholesale-Suppliers1.webp\" alt=\"Prix comp\u00e9titif Mini graines de tournesol chocolat\u00e9es Wholesale-1\" class=\"wp-image-28928\" srcset=\"https:\/\/jxgchocolate.com\/wp-content\/uploads\/2024\/09\/Competitive-Price-Mini-Sunflower-Seeds-Chocolate-Wholesale-Suppliers1.webp 1800w, https:\/\/jxgchocolate.com\/wp-content\/uploads\/2024\/09\/Competitive-Price-Mini-Sunflower-Seeds-Chocolate-Wholesale-Suppliers1-360x300.webp 360w, https:\/\/jxgchocolate.com\/wp-content\/uploads\/2024\/09\/Competitive-Price-Mini-Sunflower-Seeds-Chocolate-Wholesale-Suppliers1-768x640.webp 768w, https:\/\/jxgchocolate.com\/wp-content\/uploads\/2024\/09\/Competitive-Price-Mini-Sunflower-Seeds-Chocolate-Wholesale-Suppliers1-14x12.webp 14w, https:\/\/jxgchocolate.com\/wp-content\/uploads\/2024\/09\/Competitive-Price-Mini-Sunflower-Seeds-Chocolate-Wholesale-Suppliers1-430x358.webp 430w, https:\/\/jxgchocolate.com\/wp-content\/uploads\/2024\/09\/Competitive-Price-Mini-Sunflower-Seeds-Chocolate-Wholesale-Suppliers1-700x583.webp 700w, https:\/\/jxgchocolate.com\/wp-content\/uploads\/2024\/09\/Competitive-Price-Mini-Sunflower-Seeds-Chocolate-Wholesale-Suppliers1-150x125.webp 150w\" sizes=\"(max-width: 1800px) 100vw, 1800px\" \/><\/figure>\n<\/div>\n<\/div>\n\n\n\n<p><\/p>","protected":false},"excerpt":{"rendered":"<p>Bienvenue sur le site de vente en gros de chocolat aux graines de tournesol. Nos mini graines de tournesol au chocolat en gros ont un noyau de graines de tournesol croustillantes et sont enrob\u00e9es de chocolat onctueux. Il a un go\u00fbt fort et est sucr\u00e9 sans \u00eatre collant. Il est appr\u00e9ci\u00e9 par les clients de tous \u00e2ges. Utilisant des mati\u00e8res premi\u00e8res de haute qualit\u00e9, il convient aux magasins de snacks, aux supermarch\u00e9s et \u00e0 d'autres grossistes.<\/p>\n<table width=\"275\">\n<tbody>\n<tr>\n<td width=\"108\">Fabricant<\/td>\n<td width=\"167\">Le fruit de la chance<\/td>\n<\/tr>\n<tr>\n<td>MOD\u00c8LE NO.<\/td>\n<td>JXG40<\/td>\n<\/tr>\n<tr>\n<td>Type<\/td>\n<td>Graines de tournesol au chocolat\u00a0<\/td>\n<\/tr>\n<tr>\n<td>Emballage<\/td>\n<td>Emballage des sacs<\/td>\n<\/tr>\n<tr>\n<td>Sp\u00e9cifications<\/td>\n<td>20 petits sacs<\/td>\n<\/tr>\n<tr>\n<td>Taille du carton<\/td>\n<td>53*33*37.5cm<\/td>\n<\/tr>\n<tr>\n<td>N.W \/SET<\/td>\n<td>23g*20Pcs*12sacs<\/td>\n<\/tr>\n<tr>\n<td>Couleur<\/td>\n<td>En tant qu'image<\/td>\n<\/tr>\n<tr>\n<td>MOQ<\/td>\n<td>500 cartons<\/td>\n<\/tr>\n<tr>\n<td>Personnalisation<\/td>\n<td>Emballage\/LOGO<\/td>\n<\/tr>\n<\/tbody>\n<\/table>","protected":false},"featured_media":28929,"comment_status":"closed","ping_status":"closed","template":"","meta":[],"product_cat":[72],"product_tag":[],"class_list":{"0":"post-28923","1":"product","2":"type-product","3":"status-publish","4":"has-post-thumbnail","6":"product_cat-wholesale-chocolate-covered-sunflower-seeds","8":"first","9":"instock","10":"shipping-taxable","11":"product-type-simple"},"_links":{"self":[{"href":"https:\/\/jxgchocolate.com\/fr\/wp-json\/wp\/v2\/product\/28923","targetHints":{"allow":["GET"]}}],"collection":[{"href":"https:\/\/jxgchocolate.com\/fr\/wp-json\/wp\/v2\/product"}],"about":[{"href":"https:\/\/jxgchocolate.com\/fr\/wp-json\/wp\/v2\/types\/product"}],"replies":[{"embeddable":true,"href":"https:\/\/jxgchocolate.com\/fr\/wp-json\/wp\/v2\/comments?post=28923"}],"version-history":[{"count":0,"href":"https:\/\/jxgchocolate.com\/fr\/wp-json\/wp\/v2\/product\/28923\/revisions"}],"wp:featuredmedia":[{"embeddable":true,"href":"https:\/\/jxgchocolate.com\/fr\/wp-json\/wp\/v2\/media\/28929"}],"wp:attachment":[{"href":"https:\/\/jxgchocolate.com\/fr\/wp-json\/wp\/v2\/media?parent=28923"}],"wp:term":[{"taxonomy":"product_cat","embeddable":true,"href":"https:\/\/jxgchocolate.com\/fr\/wp-json\/wp\/v2\/product_cat?post=28923"},{"taxonomy":"product_tag","embeddable":true,"href":"https:\/\/jxgchocolate.com\/fr\/wp-json\/wp\/v2\/product_tag?post=28923"}],"curies":[{"name":"wp","href":"https:\/\/api.w.org\/{rel}","templated":true}]}}