{"id":28932,"date":"2024-09-28T10:18:58","date_gmt":"2024-09-28T10:18:58","guid":{"rendered":"https:\/\/jxgchocolate.com\/?post_type=product&#038;p=28932"},"modified":"2025-03-08T06:07:08","modified_gmt":"2025-03-08T06:07:08","slug":"milk-tea-chocolate-sunflower-seeds-bulk","status":"publish","type":"product","link":"https:\/\/jxgchocolate.com\/fr\/produit\/milk-tea-chocolate-sunflower-seeds-bulk\/","title":{"rendered":"Milk Tea Chocolate Sunflower Seeds Bulk At Attractive Price (Graines de tournesol au lait et au chocolat en vrac \u00e0 un prix attractif)"},"content":{"rendered":"<div class=\"wp-block-columns is-layout-flex wp-container-core-columns-is-layout-9d6595d7 wp-block-columns-is-layout-flex\">\n<div class=\"wp-block-column is-layout-flow wp-block-column-is-layout-flow\">\n<h2 class=\"wp-block-heading\">Premium Milk Tea Chocolate Sunflower Seeds Bulk Caract\u00e9ristiques :<\/h2>\n\n\n\n<ul class=\"wp-block-list\">\n<li><strong>Longue dur\u00e9e de conservation : <\/strong>Nos graines de tournesol en vrac au chocolat au th\u00e9 au lait ont un go\u00fbt parfum\u00e9 et croustillant, avec des particules dodues. Son processus de production unique garantit une dur\u00e9e de conservation allant jusqu'\u00e0 10 mois.<\/li>\n\n\n\n<li><strong>Bon mode d'emballage : <\/strong>Le petit emballage ind\u00e9pendant permet de conserver efficacement le go\u00fbt et la saveur d'origine des graines de tournesol enrob\u00e9es de chocolat. Le contenu net de 23 grammes est plus appropri\u00e9 pour chaque ouverture et d\u00e9gustation, sucr\u00e9 mais non gras, fondant dans la bouche et le c\u0153ur.<\/li>\n\n\n\n<li><strong>Combinaison unique :<\/strong> Notre chocolat au lait et graines de tournesol en vrac \u00e0 l'ar\u00f4me de th\u00e9 Yashi Dangcong associe les \u00e9l\u00e9ments du th\u00e9 oriental au chocolat occidental, cr\u00e9ant ainsi une myst\u00e9rieuse combinaison de richesse, de douceur et de fra\u00eecheur. Il s'agit d'un th\u00e9 chinois qui peut \u00eatre m\u00e2ch\u00e9 et mang\u00e9.<\/li>\n\n\n\n<li><strong>Saveur particuli\u00e8re : <\/strong>Ces graines de tournesol enrob\u00e9es de chocolat de gros \u00e0 l'ar\u00f4me de th\u00e9 Yashi Dancong, que l'on m\u00e2che, incarnent la saveur chinoise du chocolat. Il est l\u00e9ger, sucr\u00e9 et agr\u00e9able, avec un ar\u00f4me de th\u00e9 l\u00e9g\u00e8rement enivrant qui efface difficilement le sentiment chinois.<\/li>\n<\/ul>\n<\/div>\n\n\n\n<div class=\"wp-block-column is-layout-flow wp-block-column-is-layout-flow\">\n<figure class=\"wp-block-image size-full\"><img fetchpriority=\"high\" decoding=\"async\" width=\"1800\" height=\"1500\" src=\"https:\/\/jxgchocolate.com\/wp-content\/uploads\/2024\/09\/Bulk-Chocolate-Covered-Sunflower-Seeds-with-Yashi-Dancong-Tea-Flavor3.webp\" alt=\"Graines de tournesol au chocolat au lait et au th\u00e9 en vrac avec ar\u00f4me de th\u00e9-3\" class=\"wp-image-28936\" srcset=\"https:\/\/jxgchocolate.com\/wp-content\/uploads\/2024\/09\/Bulk-Chocolate-Covered-Sunflower-Seeds-with-Yashi-Dancong-Tea-Flavor3.webp 1800w, https:\/\/jxgchocolate.com\/wp-content\/uploads\/2024\/09\/Bulk-Chocolate-Covered-Sunflower-Seeds-with-Yashi-Dancong-Tea-Flavor3-360x300.webp 360w, https:\/\/jxgchocolate.com\/wp-content\/uploads\/2024\/09\/Bulk-Chocolate-Covered-Sunflower-Seeds-with-Yashi-Dancong-Tea-Flavor3-768x640.webp 768w, https:\/\/jxgchocolate.com\/wp-content\/uploads\/2024\/09\/Bulk-Chocolate-Covered-Sunflower-Seeds-with-Yashi-Dancong-Tea-Flavor3-14x12.webp 14w, https:\/\/jxgchocolate.com\/wp-content\/uploads\/2024\/09\/Bulk-Chocolate-Covered-Sunflower-Seeds-with-Yashi-Dancong-Tea-Flavor3-430x358.webp 430w, https:\/\/jxgchocolate.com\/wp-content\/uploads\/2024\/09\/Bulk-Chocolate-Covered-Sunflower-Seeds-with-Yashi-Dancong-Tea-Flavor3-700x583.webp 700w, https:\/\/jxgchocolate.com\/wp-content\/uploads\/2024\/09\/Bulk-Chocolate-Covered-Sunflower-Seeds-with-Yashi-Dancong-Tea-Flavor3-150x125.webp 150w\" sizes=\"(max-width: 1800px) 100vw, 1800px\" \/><\/figure>\n<\/div>\n<\/div>\n\n\n\n<p><\/p>","protected":false},"excerpt":{"rendered":"<p>Bienvenue sur le site d'achat en gros de graines de tournesol au chocolat. Ces graines de tournesol au chocolat au th\u00e9 au lait en vrac associent un chocolat de haute qualit\u00e9 \u00e0 la saveur unique du th\u00e9 chinois. Les graines de tournesol croustillantes sont envelopp\u00e9es dans un chocolat soyeux et m\u00e9lang\u00e9es \u00e0 un l\u00e9ger ar\u00f4me de th\u00e9, ce qui donne une exp\u00e9rience gustative \u00e0 plusieurs niveaux. Il s'agit d'un choix innovant et unique d'en-cas au chocolat.<\/p>\n<table width=\"275\">\n<tbody>\n<tr>\n<td width=\"108\">Fabricant<\/td>\n<td width=\"167\">Le fruit de la chance<\/td>\n<\/tr>\n<tr>\n<td>MOD\u00c8LE NO.<\/td>\n<td>JXG341<\/td>\n<\/tr>\n<tr>\n<td>Type<\/td>\n<td>Graines de tournesol au chocolat<\/td>\n<\/tr>\n<tr>\n<td>Emballage<\/td>\n<td>Emballage des sacs<\/td>\n<\/tr>\n<tr>\n<td>Sp\u00e9cifications<\/td>\n<td>20 sacs<\/td>\n<\/tr>\n<tr>\n<td>Taille du carton<\/td>\n<td>53*33*37.5cm<\/td>\n<\/tr>\n<tr>\n<td>N.W \/SET<\/td>\n<td>23g*20Pcs*12sacs<\/td>\n<\/tr>\n<tr>\n<td>Couleur<\/td>\n<td>En tant qu'image<\/td>\n<\/tr>\n<tr>\n<td>MOQ<\/td>\n<td>500 cartons<\/td>\n<\/tr>\n<tr>\n<td>Personnalisation<\/td>\n<td>Emballage\/LOGO<\/td>\n<\/tr>\n<\/tbody>\n<\/table>","protected":false},"featured_media":28935,"comment_status":"closed","ping_status":"closed","template":"","meta":[],"product_cat":[72],"product_tag":[],"class_list":{"0":"post-28932","1":"product","2":"type-product","3":"status-publish","4":"has-post-thumbnail","6":"product_cat-wholesale-chocolate-covered-sunflower-seeds","8":"first","9":"instock","10":"shipping-taxable","11":"product-type-simple"},"_links":{"self":[{"href":"https:\/\/jxgchocolate.com\/fr\/wp-json\/wp\/v2\/product\/28932","targetHints":{"allow":["GET"]}}],"collection":[{"href":"https:\/\/jxgchocolate.com\/fr\/wp-json\/wp\/v2\/product"}],"about":[{"href":"https:\/\/jxgchocolate.com\/fr\/wp-json\/wp\/v2\/types\/product"}],"replies":[{"embeddable":true,"href":"https:\/\/jxgchocolate.com\/fr\/wp-json\/wp\/v2\/comments?post=28932"}],"version-history":[{"count":0,"href":"https:\/\/jxgchocolate.com\/fr\/wp-json\/wp\/v2\/product\/28932\/revisions"}],"wp:featuredmedia":[{"embeddable":true,"href":"https:\/\/jxgchocolate.com\/fr\/wp-json\/wp\/v2\/media\/28935"}],"wp:attachment":[{"href":"https:\/\/jxgchocolate.com\/fr\/wp-json\/wp\/v2\/media?parent=28932"}],"wp:term":[{"taxonomy":"product_cat","embeddable":true,"href":"https:\/\/jxgchocolate.com\/fr\/wp-json\/wp\/v2\/product_cat?post=28932"},{"taxonomy":"product_tag","embeddable":true,"href":"https:\/\/jxgchocolate.com\/fr\/wp-json\/wp\/v2\/product_tag?post=28932"}],"curies":[{"name":"wp","href":"https:\/\/api.w.org\/{rel}","templated":true}]}}