{"id":28957,"date":"2024-10-12T08:43:02","date_gmt":"2024-10-12T08:43:02","guid":{"rendered":"https:\/\/jxgchocolate.com\/?post_type=product&#038;p=28957"},"modified":"2025-03-08T06:33:37","modified_gmt":"2025-03-08T06:33:37","slug":"wholesale-chocolate-coated-sunflower-seeds","status":"publish","type":"product","link":"https:\/\/jxgchocolate.com\/fr\/produit\/wholesale-chocolate-coated-sunflower-seeds\/","title":{"rendered":"Graines de tournesol enrob\u00e9es de chocolat en gros \u00e0 un prix avantageux"},"content":{"rendered":"<div class=\"wp-block-columns is-layout-flex wp-container-core-columns-is-layout-9d6595d7 wp-block-columns-is-layout-flex\">\n<div class=\"wp-block-column is-layout-flow wp-block-column-is-layout-flow\">\n<h2 class=\"wp-block-heading\">Graines de tournesol enrob\u00e9es de chocolat Premium Wholesale Caract\u00e9ristiques :<\/h2>\n\n\n\n<ul class=\"wp-block-list\">\n<li><strong>Un go\u00fbt unique : <\/strong>Nos graines de tournesol enrob\u00e9es de chocolat combinent la douceur du chocolat et le croquant des graines de tournesol, cr\u00e9ant ainsi une exp\u00e9rience gustative unique gr\u00e2ce \u00e0 la fusion parfaite de ces deux ingr\u00e9dients.<\/li>\n\n\n\n<li><strong>Diverses options de saveurs : <\/strong>Il peut y avoir plusieurs saveurs de chocolat de gros aux graines de tournesol sur le march\u00e9, comme le chocolat au lait, le chocolat noir, le chocolat blanc, etc. pour r\u00e9pondre aux pr\u00e9f\u00e9rences gustatives des diff\u00e9rents consommateurs.<\/li>\n\n\n\n<li><strong>Le rapport co\u00fbt-efficacit\u00e9 : <\/strong>Par rapport \u00e0 d'autres produits chocolat\u00e9s, nos graines de tournesol enrob\u00e9es de chocolat sont plus abordables et constituent l'un des choix d'en-cas les plus rentables.<\/li>\n\n\n\n<li><strong>Conception de l'emballage : <\/strong>Notre chocolat aux graines de tournesol en gros adopte un emballage ind\u00e9pendant exquis, qui est non seulement pratique pour l'hygi\u00e8ne, mais qui augmente \u00e9galement les attributs de cadeau du produit, convenant aux cadeaux de vacances ou aux petits cadeaux quotidiens.<\/li>\n<\/ul>\n<\/div>\n\n\n\n<div class=\"wp-block-column is-layout-flow wp-block-column-is-layout-flow\">\n<figure class=\"wp-block-image size-full\"><img fetchpriority=\"high\" decoding=\"async\" width=\"1800\" height=\"1500\" src=\"https:\/\/jxgchocolate.com\/wp-content\/uploads\/2024\/10\/Wholesale-Chocolate-Covered-Sunflower-Seeds-Bulk-With-Box-Packaging2.webp\" alt=\"Graines de tournesol enrob\u00e9es de chocolat en gros dans une bo\u00eete (paquet de 2)\" class=\"wp-image-28961\" srcset=\"https:\/\/jxgchocolate.com\/wp-content\/uploads\/2024\/10\/Wholesale-Chocolate-Covered-Sunflower-Seeds-Bulk-With-Box-Packaging2.webp 1800w, https:\/\/jxgchocolate.com\/wp-content\/uploads\/2024\/10\/Wholesale-Chocolate-Covered-Sunflower-Seeds-Bulk-With-Box-Packaging2-360x300.webp 360w, https:\/\/jxgchocolate.com\/wp-content\/uploads\/2024\/10\/Wholesale-Chocolate-Covered-Sunflower-Seeds-Bulk-With-Box-Packaging2-768x640.webp 768w, https:\/\/jxgchocolate.com\/wp-content\/uploads\/2024\/10\/Wholesale-Chocolate-Covered-Sunflower-Seeds-Bulk-With-Box-Packaging2-14x12.webp 14w, https:\/\/jxgchocolate.com\/wp-content\/uploads\/2024\/10\/Wholesale-Chocolate-Covered-Sunflower-Seeds-Bulk-With-Box-Packaging2-430x358.webp 430w, https:\/\/jxgchocolate.com\/wp-content\/uploads\/2024\/10\/Wholesale-Chocolate-Covered-Sunflower-Seeds-Bulk-With-Box-Packaging2-700x583.webp 700w, https:\/\/jxgchocolate.com\/wp-content\/uploads\/2024\/10\/Wholesale-Chocolate-Covered-Sunflower-Seeds-Bulk-With-Box-Packaging2-150x125.webp 150w\" sizes=\"(max-width: 1800px) 100vw, 1800px\" \/><\/figure>\n<\/div>\n<\/div>","protected":false},"excerpt":{"rendered":"<p>Nous vous invitons \u00e0 acheter en gros des graines de tournesol enrob\u00e9es de chocolat. Nos graines de tournesol enrob\u00e9es de chocolat en vrac ont un petit emballage ind\u00e9pendant, ce qui est mieux pour le stockage et plus facile pour le partage. C'est un excellent cadeau pour les parents et les amis.<\/p>\n<table style=\"height: 329px;\" width=\"271\">\n<tbody>\n<tr>\n<td width=\"108\">Fabricant<\/td>\n<td width=\"167\">Le fruit de la chance<\/td>\n<\/tr>\n<tr>\n<td>MOD\u00c8LE NO.<\/td>\n<td>JXG342<\/td>\n<\/tr>\n<tr>\n<td>Type<\/td>\n<td>Graines de tournesol au chocolat<\/td>\n<\/tr>\n<tr>\n<td>Emballage<\/td>\n<td>Emballage des sacs<\/td>\n<\/tr>\n<tr>\n<td>Sp\u00e9cifications<\/td>\n<td>20 sacs<\/td>\n<\/tr>\n<tr>\n<td>Taille du carton<\/td>\n<td>58*35.5*37.5cm<\/td>\n<\/tr>\n<tr>\n<td>N.W \/SET<\/td>\n<td>23g*20Pcs*12sacs<\/td>\n<\/tr>\n<tr>\n<td>Couleur<\/td>\n<td>En tant qu'image<\/td>\n<\/tr>\n<tr>\n<td>MOQ<\/td>\n<td>500 cartons<\/td>\n<\/tr>\n<tr>\n<td>Personnalisation<\/td>\n<td>Emballage\/LOGO<\/td>\n<\/tr>\n<\/tbody>\n<\/table>","protected":false},"featured_media":28960,"comment_status":"closed","ping_status":"closed","template":"","meta":[],"product_cat":[72],"product_tag":[],"class_list":{"0":"post-28957","1":"product","2":"type-product","3":"status-publish","4":"has-post-thumbnail","6":"product_cat-wholesale-chocolate-covered-sunflower-seeds","8":"first","9":"instock","10":"shipping-taxable","11":"product-type-simple"},"_links":{"self":[{"href":"https:\/\/jxgchocolate.com\/fr\/wp-json\/wp\/v2\/product\/28957","targetHints":{"allow":["GET"]}}],"collection":[{"href":"https:\/\/jxgchocolate.com\/fr\/wp-json\/wp\/v2\/product"}],"about":[{"href":"https:\/\/jxgchocolate.com\/fr\/wp-json\/wp\/v2\/types\/product"}],"replies":[{"embeddable":true,"href":"https:\/\/jxgchocolate.com\/fr\/wp-json\/wp\/v2\/comments?post=28957"}],"version-history":[{"count":0,"href":"https:\/\/jxgchocolate.com\/fr\/wp-json\/wp\/v2\/product\/28957\/revisions"}],"wp:featuredmedia":[{"embeddable":true,"href":"https:\/\/jxgchocolate.com\/fr\/wp-json\/wp\/v2\/media\/28960"}],"wp:attachment":[{"href":"https:\/\/jxgchocolate.com\/fr\/wp-json\/wp\/v2\/media?parent=28957"}],"wp:term":[{"taxonomy":"product_cat","embeddable":true,"href":"https:\/\/jxgchocolate.com\/fr\/wp-json\/wp\/v2\/product_cat?post=28957"},{"taxonomy":"product_tag","embeddable":true,"href":"https:\/\/jxgchocolate.com\/fr\/wp-json\/wp\/v2\/product_tag?post=28957"}],"curies":[{"name":"wp","href":"https:\/\/api.w.org\/{rel}","templated":true}]}}