{"id":29043,"date":"2024-11-09T06:55:04","date_gmt":"2024-11-09T06:55:04","guid":{"rendered":"https:\/\/jxgchocolate.com\/?post_type=product&#038;p=29043"},"modified":"2024-11-09T06:55:06","modified_gmt":"2024-11-09T06:55:06","slug":"wholesale-chocolate-bars","status":"publish","type":"product","link":"https:\/\/jxgchocolate.com\/fr\/produit\/wholesale-chocolate-bars\/","title":{"rendered":"Barres de chocolat en gros avec emballage personnalis\u00e9"},"content":{"rendered":"<div class=\"wp-block-columns is-layout-flex wp-container-core-columns-is-layout-9d6595d7 wp-block-columns-is-layout-flex\">\n<div class=\"wp-block-column is-layout-flow wp-block-column-is-layout-flow\">\n<h2 class=\"wp-block-heading\">Barres de chocolat en gros de premi\u00e8re qualit\u00e9 Caract\u00e9ristiques :<\/h2>\n\n\n\n<ul class=\"wp-block-list\">\n<li><strong>B\u00e9n\u00e9fique pour la sant\u00e9 :<\/strong> Le chocolat noir contient de la th\u00e9obromine et du sucre qui peuvent d\u00e9clencher l'\u00e9mission de dopamine par le cerveau, ce qui peut procurer des sensations de plaisir et un soulagement du stress et de l'anxi\u00e9t\u00e9. En outre, il r\u00e9duit la pression art\u00e9rielle et am\u00e9liore la circulation sanguine, r\u00e9duisant ainsi les maladies cardiovasculaires s'il est consomm\u00e9 avec mod\u00e9ration avec nos tablettes de chocolat en gros.<\/li>\n\n\n\n<li><strong>Un go\u00fbt et une saveur uniques :<\/strong> On dit que le chocolat noir contient une amertume unique et une texture douce. Nos tablettes de chocolat noir en vrac procurent une sensation exaltante lorsqu'elles se dissolvent dans la bouche.<\/li>\n\n\n\n<li><strong>Emballage exquis et \u00e9cologique :<\/strong> Un design artistique unique est adopt\u00e9 pour convenir aux cadeaux et \u00e0 l'usage personnel. Ces tablettes de chocolat en gros sont emball\u00e9es dans une bo\u00eete en plastique, conform\u00e9ment au concept de d\u00e9veloppement durable. Une fois le chocolat termin\u00e9, la bo\u00eete ext\u00e9rieure peut \u00eatre utilis\u00e9e pour le stockage.<\/li>\n\n\n\n<li><strong>Applications multiples : <\/strong>Nos tablettes de chocolat noir en vrac conviennent comme en-cas quotidien, seules ou accompagn\u00e9es de caf\u00e9 ou de th\u00e9. Les plaques de chocolat noir de haute qualit\u00e9 sont un choix id\u00e9al pour la p\u00e2tisserie et peuvent \u00eatre utilis\u00e9es pour pr\u00e9parer des g\u00e2teaux, des brownies, des biscuits, etc. Emballage exquis, les plaques de chocolat noir de haute qualit\u00e9 sont un excellent choix de cadeau pour divers festivals et anniversaires.<\/li>\n<\/ul>\n<\/div>\n\n\n\n<div class=\"wp-block-column is-layout-flow wp-block-column-is-layout-flow\">\n<figure class=\"wp-block-image size-full\"><img fetchpriority=\"high\" decoding=\"async\" width=\"2000\" height=\"2000\" src=\"https:\/\/jxgchocolate.com\/wp-content\/uploads\/2024\/11\/Wholesales-Custom-Chocolate-Bars-With-Customized-Design-And-Pacakaging3.webp\" alt=\"Barres de chocolat en gros avec design personnalis\u00e9 Emballage-3\" class=\"wp-image-29046\" srcset=\"https:\/\/jxgchocolate.com\/wp-content\/uploads\/2024\/11\/Wholesales-Custom-Chocolate-Bars-With-Customized-Design-And-Pacakaging3.webp 2000w, https:\/\/jxgchocolate.com\/wp-content\/uploads\/2024\/11\/Wholesales-Custom-Chocolate-Bars-With-Customized-Design-And-Pacakaging3-300x300.webp 300w, https:\/\/jxgchocolate.com\/wp-content\/uploads\/2024\/11\/Wholesales-Custom-Chocolate-Bars-With-Customized-Design-And-Pacakaging3-150x150.webp 150w, https:\/\/jxgchocolate.com\/wp-content\/uploads\/2024\/11\/Wholesales-Custom-Chocolate-Bars-With-Customized-Design-And-Pacakaging3-768x768.webp 768w, https:\/\/jxgchocolate.com\/wp-content\/uploads\/2024\/11\/Wholesales-Custom-Chocolate-Bars-With-Customized-Design-And-Pacakaging3-12x12.webp 12w, https:\/\/jxgchocolate.com\/wp-content\/uploads\/2024\/11\/Wholesales-Custom-Chocolate-Bars-With-Customized-Design-And-Pacakaging3-430x430.webp 430w, https:\/\/jxgchocolate.com\/wp-content\/uploads\/2024\/11\/Wholesales-Custom-Chocolate-Bars-With-Customized-Design-And-Pacakaging3-700x700.webp 700w\" sizes=\"(max-width: 2000px) 100vw, 2000px\" \/><\/figure>\n<\/div>\n<\/div>\n\n\n\n<p><\/p>","protected":false},"excerpt":{"rendered":"<p>Bienvenue sur le site d'achat en gros de tablettes de chocolat. Nos tablettes de chocolat noir en vrac, en raison de leur saveur particuli\u00e8re et de leurs bienfaits pour la sant\u00e9, sont devenues le premier choix de nombreux amateurs de chocolat et de sant\u00e9. La section du chocolat noir r\u00e9pond \u00e0 la recherche de d\u00e9lices des consommateurs et offre une double garantie en mati\u00e8re de sant\u00e9 et de qualit\u00e9. Le chocolat noir est un tr\u00e8s bon choix, que ce soit pour la consommation quotidienne, comme ingr\u00e9dient pour la p\u00e2tisserie ou comme excellent cadeau.<\/p>\n<table width=\"423\">\n<tbody>\n<tr>\n<td width=\"166\">Fabricant<\/td>\n<td width=\"257\">Le fruit de la chance<\/td>\n<\/tr>\n<tr>\n<td>MOD\u00c8LE NO.<\/td>\n<td>JXG48<\/td>\n<\/tr>\n<tr>\n<td>Type<\/td>\n<td>Barres chocolat\u00e9es<\/td>\n<\/tr>\n<tr>\n<td>Emballage<\/td>\n<td>Emballage de la bo\u00eete<\/td>\n<\/tr>\n<tr>\n<td>Sp\u00e9cifications<\/td>\n<td>10 pi\u00e8ces*12 bo\u00eetes<\/td>\n<\/tr>\n<tr>\n<td>Taille du carton<\/td>\n<td>41*21*27.5cm<\/td>\n<\/tr>\n<tr>\n<td>N.W \/SET<\/td>\n<td>43g*10 pi\u00e8ces<\/td>\n<\/tr>\n<tr>\n<td>Couleur<\/td>\n<td>En tant qu'image<\/td>\n<\/tr>\n<tr>\n<td>MOQ<\/td>\n<td>500 cartons<\/td>\n<\/tr>\n<tr>\n<td>Personnalisation<\/td>\n<td>Emballage\/LOGO<\/td>\n<\/tr>\n<\/tbody>\n<\/table>","protected":false},"featured_media":29044,"comment_status":"closed","ping_status":"closed","template":"","meta":[],"product_cat":[91],"product_tag":[],"class_list":{"0":"post-29043","1":"product","2":"type-product","3":"status-publish","4":"has-post-thumbnail","6":"product_cat-bulk-chocolate-bars","8":"first","9":"instock","10":"shipping-taxable","11":"product-type-simple"},"_links":{"self":[{"href":"https:\/\/jxgchocolate.com\/fr\/wp-json\/wp\/v2\/product\/29043","targetHints":{"allow":["GET"]}}],"collection":[{"href":"https:\/\/jxgchocolate.com\/fr\/wp-json\/wp\/v2\/product"}],"about":[{"href":"https:\/\/jxgchocolate.com\/fr\/wp-json\/wp\/v2\/types\/product"}],"replies":[{"embeddable":true,"href":"https:\/\/jxgchocolate.com\/fr\/wp-json\/wp\/v2\/comments?post=29043"}],"version-history":[{"count":0,"href":"https:\/\/jxgchocolate.com\/fr\/wp-json\/wp\/v2\/product\/29043\/revisions"}],"wp:featuredmedia":[{"embeddable":true,"href":"https:\/\/jxgchocolate.com\/fr\/wp-json\/wp\/v2\/media\/29044"}],"wp:attachment":[{"href":"https:\/\/jxgchocolate.com\/fr\/wp-json\/wp\/v2\/media?parent=29043"}],"wp:term":[{"taxonomy":"product_cat","embeddable":true,"href":"https:\/\/jxgchocolate.com\/fr\/wp-json\/wp\/v2\/product_cat?post=29043"},{"taxonomy":"product_tag","embeddable":true,"href":"https:\/\/jxgchocolate.com\/fr\/wp-json\/wp\/v2\/product_tag?post=29043"}],"curies":[{"name":"wp","href":"https:\/\/api.w.org\/{rel}","templated":true}]}}