{"id":29048,"date":"2024-11-09T06:29:52","date_gmt":"2024-11-09T06:29:52","guid":{"rendered":"https:\/\/jxgchocolate.com\/?post_type=product&#038;p=29048"},"modified":"2024-11-18T01:59:30","modified_gmt":"2024-11-18T01:59:30","slug":"bulk-chocolate-bars","status":"publish","type":"product","link":"https:\/\/jxgchocolate.com\/fr\/produit\/bulk-chocolate-bars\/","title":{"rendered":"Grosses barres de chocolat en vrac avec miettes de biscuits croustillants"},"content":{"rendered":"<div class=\"wp-block-columns is-layout-flex wp-container-core-columns-is-layout-9d6595d7 wp-block-columns-is-layout-flex\">\n<div class=\"wp-block-column is-layout-flow wp-block-column-is-layout-flow\">\n<h2 class=\"wp-block-heading\">Barres de chocolat en vrac de qualit\u00e9 sup\u00e9rieure Caract\u00e9ristiques :<\/h2>\n\n\n\n<ul class=\"wp-block-list\">\n<li><strong>Combinaison unique de saveurs : <\/strong>Ces barres de chocolat en vrac sont une combinaison parfaite de biscuits et de chocolat. Le craquement des biscuits associ\u00e9 \u00e0 l'onctuosit\u00e9 du chocolat procure une sensation gustative diff\u00e9rente.<\/li>\n\n\n\n<li><strong>Des choix diversifi\u00e9s : <\/strong>Il existe diff\u00e9rents parfums de chocolat sur le march\u00e9, tels que le chocolat au lait, le chocolat noir, le chocolat blanc, etc. Nos tablettes de chocolat en gros peuvent \u00eatre personnalis\u00e9es et r\u00e9pondre aux pr\u00e9f\u00e9rences des diff\u00e9rents consommateurs.<\/li>\n\n\n\n<li><strong>Des modes d'alimentation cr\u00e9atifs : <\/strong>Essayez de le m\u00e9langer \u00e0 d'autres boissons, comme le caf\u00e9, le th\u00e9 ou le chocolat chaud, pour varier les plaisirs. Hachez nos barres de chocolat en vrac et incorporez les morceaux dans des recettes de p\u00e2tisserie (biscuits, g\u00e2teaux ou pain) pour ajouter de la texture et de la saveur.<\/li>\n\n\n\n<li><strong>Riche en nutriments : <\/strong>Nos tablettes de chocolat en gros, qui contiennent des biscuits et du chocolat, contiennent des nutriments ajout\u00e9s comme des \u0153ufs, du beurre, de la farine, etc. qui peuvent fournir l'\u00e9nergie et les nutriments dont le corps humain a besoin.<\/li>\n<\/ul>\n<\/div>\n\n\n\n<div class=\"wp-block-column is-layout-flow wp-block-column-is-layout-flow\">\n<figure class=\"wp-block-image size-full\"><img fetchpriority=\"high\" decoding=\"async\" width=\"2000\" height=\"2000\" src=\"https:\/\/jxgchocolate.com\/wp-content\/uploads\/2024\/11\/Wholesales-Bulk-Chocolate-Bars-With-Crispy-Cookies-Sandwich3.jpg\" alt=\"Grosses barres de chocolat en vrac avec biscuits croustillants Sandwich-3\" class=\"wp-image-29054\" srcset=\"https:\/\/jxgchocolate.com\/wp-content\/uploads\/2024\/11\/Wholesales-Bulk-Chocolate-Bars-With-Crispy-Cookies-Sandwich3.jpg 2000w, https:\/\/jxgchocolate.com\/wp-content\/uploads\/2024\/11\/Wholesales-Bulk-Chocolate-Bars-With-Crispy-Cookies-Sandwich3-300x300.jpg 300w, https:\/\/jxgchocolate.com\/wp-content\/uploads\/2024\/11\/Wholesales-Bulk-Chocolate-Bars-With-Crispy-Cookies-Sandwich3-150x150.jpg 150w, https:\/\/jxgchocolate.com\/wp-content\/uploads\/2024\/11\/Wholesales-Bulk-Chocolate-Bars-With-Crispy-Cookies-Sandwich3-768x768.jpg 768w, https:\/\/jxgchocolate.com\/wp-content\/uploads\/2024\/11\/Wholesales-Bulk-Chocolate-Bars-With-Crispy-Cookies-Sandwich3-12x12.jpg 12w, https:\/\/jxgchocolate.com\/wp-content\/uploads\/2024\/11\/Wholesales-Bulk-Chocolate-Bars-With-Crispy-Cookies-Sandwich3-430x430.jpg 430w, https:\/\/jxgchocolate.com\/wp-content\/uploads\/2024\/11\/Wholesales-Bulk-Chocolate-Bars-With-Crispy-Cookies-Sandwich3-700x700.jpg 700w\" sizes=\"(max-width: 2000px) 100vw, 2000px\" \/><\/figure>\n<\/div>\n<\/div>\n\n\n\n<p><\/p>","protected":false},"excerpt":{"rendered":"<p>Bienvenue sur le site d'achat de barres chocolat\u00e9es en gros. Nos barres chocolat\u00e9es en gros sont des en-cas uniques qui combinent biscuits et chocolat. Les barres chocolat\u00e9es en vrac satisfont non seulement les consommateurs en qu\u00eate de d\u00e9lices, mais elles offrent \u00e9galement un choix vari\u00e9 et des exp\u00e9riences de haute qualit\u00e9. Qu'il s'agisse d'un en-cas quotidien, d'un ingr\u00e9dient de p\u00e2tisserie ou d'un beau cadeau, la section des biscuits au chocolat est un excellent choix.<\/p>\n<table width=\"423\">\n<tbody>\n<tr>\n<td width=\"166\">Fabricant<\/td>\n<td width=\"257\">Le fruit de la chance<\/td>\n<\/tr>\n<tr>\n<td>MOD\u00c8LE NO.<\/td>\n<td>JXG49<\/td>\n<\/tr>\n<tr>\n<td>Type<\/td>\n<td>Barres chocolat\u00e9es<\/td>\n<\/tr>\n<tr>\n<td>Emballage<\/td>\n<td>Emballage de la bo\u00eete<\/td>\n<\/tr>\n<tr>\n<td>Sp\u00e9cifications<\/td>\n<td>10 pi\u00e8ces*12 bo\u00eetes<\/td>\n<\/tr>\n<tr>\n<td>Taille du carton<\/td>\n<td>41*21*27.5cm<\/td>\n<\/tr>\n<tr>\n<td>N.W \/SET<\/td>\n<td>43g*10 pi\u00e8ces<\/td>\n<\/tr>\n<tr>\n<td>Couleur<\/td>\n<td>En tant qu'image<\/td>\n<\/tr>\n<tr>\n<td>MOQ<\/td>\n<td>500 cartons<\/td>\n<\/tr>\n<tr>\n<td>Personnalisation<\/td>\n<td>Emballage\/LOGO<\/td>\n<\/tr>\n<\/tbody>\n<\/table>","protected":false},"featured_media":29052,"comment_status":"closed","ping_status":"closed","template":"","meta":[],"product_cat":[91],"product_tag":[],"class_list":{"0":"post-29048","1":"product","2":"type-product","3":"status-publish","4":"has-post-thumbnail","6":"product_cat-bulk-chocolate-bars","8":"first","9":"instock","10":"shipping-taxable","11":"product-type-simple"},"_links":{"self":[{"href":"https:\/\/jxgchocolate.com\/fr\/wp-json\/wp\/v2\/product\/29048","targetHints":{"allow":["GET"]}}],"collection":[{"href":"https:\/\/jxgchocolate.com\/fr\/wp-json\/wp\/v2\/product"}],"about":[{"href":"https:\/\/jxgchocolate.com\/fr\/wp-json\/wp\/v2\/types\/product"}],"replies":[{"embeddable":true,"href":"https:\/\/jxgchocolate.com\/fr\/wp-json\/wp\/v2\/comments?post=29048"}],"version-history":[{"count":0,"href":"https:\/\/jxgchocolate.com\/fr\/wp-json\/wp\/v2\/product\/29048\/revisions"}],"wp:featuredmedia":[{"embeddable":true,"href":"https:\/\/jxgchocolate.com\/fr\/wp-json\/wp\/v2\/media\/29052"}],"wp:attachment":[{"href":"https:\/\/jxgchocolate.com\/fr\/wp-json\/wp\/v2\/media?parent=29048"}],"wp:term":[{"taxonomy":"product_cat","embeddable":true,"href":"https:\/\/jxgchocolate.com\/fr\/wp-json\/wp\/v2\/product_cat?post=29048"},{"taxonomy":"product_tag","embeddable":true,"href":"https:\/\/jxgchocolate.com\/fr\/wp-json\/wp\/v2\/product_tag?post=29048"}],"curies":[{"name":"wp","href":"https:\/\/api.w.org\/{rel}","templated":true}]}}