{"id":29140,"date":"2024-11-16T02:17:43","date_gmt":"2024-11-16T02:17:43","guid":{"rendered":"https:\/\/jxgchocolate.com\/?post_type=product&#038;p=29140"},"modified":"2024-11-16T09:02:39","modified_gmt":"2024-11-16T09:02:39","slug":"chocolate-bars-wholesale","status":"publish","type":"product","link":"https:\/\/jxgchocolate.com\/fr\/produit\/chocolate-bars-wholesale\/","title":{"rendered":"Barres de chocolat \u00e0 l'ar\u00f4me de th\u00e9 en gros avec miettes de biscuits (Chine)"},"content":{"rendered":"<div class=\"wp-block-columns is-layout-flex wp-container-core-columns-is-layout-9d6595d7 wp-block-columns-is-layout-flex\">\n<div class=\"wp-block-column is-layout-flow wp-block-column-is-layout-flow\">\n<h2 class=\"wp-block-heading\">Barres de chocolat Premium Wholesale Caract\u00e9ristiques :<\/h2>\n\n\n\n<div class=\"wp-block-columns is-layout-flex wp-container-core-columns-is-layout-9d6595d7 wp-block-columns-is-layout-flex\">\n<div class=\"wp-block-column is-layout-flow wp-block-column-is-layout-flow\">\n<p><strong>H\u00e9ritage de la culture traditionnelle chinoise du th\u00e9 : <\/strong>Le th\u00e9 Yashi Dancong est l'un des th\u00e9s traditionnels chinois les plus c\u00e9l\u00e8bres, dot\u00e9 d'un profond h\u00e9ritage culturel. L'int\u00e9gration de ce th\u00e9 dans le chocolat fait de nos tablettes de chocolat en gros non seulement une innovation en mati\u00e8re d'ingr\u00e9dients, mais aussi un h\u00e9ritage culturel et une promotion.<\/p>\n\n\n\n<p><strong>Unique par la combinaison des saveurs : <\/strong>Le th\u00e9 Yashi Dancong est un type de th\u00e9 oolong \u00e0 l'ar\u00f4me floral et fruit\u00e9 unique. L'ar\u00f4me \u00e9pais et durable de nos barres chocolat\u00e9es en vrac m\u00e9lang\u00e9 \u00e0 la douceur du chocolat et des biscuits croustillants cr\u00e9e une exp\u00e9rience gustative totalement nouvelle. La sensation en bouche des biscuits croustillants et fondants, combin\u00e9e au parfum du th\u00e9 Yashi Dancong et \u00e0 l'onctuosit\u00e9 du chocolat, cr\u00e9e un go\u00fbt riche et complexe, avec un arri\u00e8re-go\u00fbt interminable.<\/p>\n\n\n\n<p><strong>Un savoir-faire et une production exquis : <\/strong>Apr\u00e8s d'innombrables tentatives du d\u00e9partement R&amp;D, le rapport entre le th\u00e9 et le chocolat a \u00e9t\u00e9 soigneusement ajust\u00e9 au cours du processus de production afin d'obtenir le meilleur \u00e9quilibre gustatif, nos barres de chocolat en gros n'\u00e9tant ni trop am\u00e8res ni trop sucr\u00e9es.<\/p>\n\n\n\n<p><strong>Sc\u00e9narios largement applicables : <\/strong>La combinaison de biscuits, de th\u00e9 Yashi Dancong et de chocolat a un go\u00fbt unique. Nos barres de chocolat en vrac conviennent comme en-cas de loisir pour satisfaire les papilles gustatives des consommateurs. L'emballage exquis et les saveurs uniques font des biscuits, du th\u00e9 Yashi Dancong et du chocolat un excellent cadeau pour la famille et les amis, transmettant leurs sentiments tout en partageant de d\u00e9licieux mets.<\/p>\n<\/div>\n\n\n\n<div class=\"wp-block-column is-layout-flow wp-block-column-is-layout-flow\">\n<figure class=\"wp-block-image size-full\"><img fetchpriority=\"high\" decoding=\"async\" width=\"2000\" height=\"2000\" src=\"https:\/\/jxgchocolate.com\/wp-content\/uploads\/2024\/11\/Bulk-Custom-Chocolate-Bars-With-Storage-Box-Packaging3.webp\" alt=\"Barres de chocolat \u00e0 l&#039;ar\u00f4me de th\u00e9 de Chine avec miettes de biscuits-1\" class=\"wp-image-29143\" srcset=\"https:\/\/jxgchocolate.com\/wp-content\/uploads\/2024\/11\/Bulk-Custom-Chocolate-Bars-With-Storage-Box-Packaging3.webp 2000w, https:\/\/jxgchocolate.com\/wp-content\/uploads\/2024\/11\/Bulk-Custom-Chocolate-Bars-With-Storage-Box-Packaging3-300x300.webp 300w, https:\/\/jxgchocolate.com\/wp-content\/uploads\/2024\/11\/Bulk-Custom-Chocolate-Bars-With-Storage-Box-Packaging3-150x150.webp 150w, https:\/\/jxgchocolate.com\/wp-content\/uploads\/2024\/11\/Bulk-Custom-Chocolate-Bars-With-Storage-Box-Packaging3-768x768.webp 768w, https:\/\/jxgchocolate.com\/wp-content\/uploads\/2024\/11\/Bulk-Custom-Chocolate-Bars-With-Storage-Box-Packaging3-12x12.webp 12w, https:\/\/jxgchocolate.com\/wp-content\/uploads\/2024\/11\/Bulk-Custom-Chocolate-Bars-With-Storage-Box-Packaging3-430x430.webp 430w, https:\/\/jxgchocolate.com\/wp-content\/uploads\/2024\/11\/Bulk-Custom-Chocolate-Bars-With-Storage-Box-Packaging3-700x700.webp 700w\" sizes=\"(max-width: 2000px) 100vw, 2000px\" \/><\/figure>\n<\/div>\n<\/div>\n<\/div>\n<\/div>\n\n\n\n<p><\/p>","protected":false},"excerpt":{"rendered":"<p>Bienvenue sur le site d'achat en gros de barres chocolat\u00e9es. Nos barres chocolat\u00e9es au go\u00fbt de th\u00e9 en gros sont un produit innovant qui associe parfaitement la culture traditionnelle du th\u00e9 \u00e0 l'artisanat moderne du chocolat. Cet en-cas unique n'a pas seulement un go\u00fbt unique, mais pr\u00e9sente \u00e9galement des avantages significatifs en termes de sant\u00e9 et de valeur culturelle. Elles conviennent aux consommateurs qui recherchent la qualit\u00e9 de vie et qui aiment essayer de nouvelles choses. Qu'il s'agisse d'un en-cas quotidien, d'un ingr\u00e9dient de p\u00e2tisserie ou d'un beau cadeau, les biscuits et le chocolat aromatis\u00e9 au th\u00e9 Yashi Dancong sont un bon choix.<\/p>\n<table width=\"423\">\n<tbody>\n<tr>\n<td width=\"166\">Fabricant<\/td>\n<td width=\"257\">Le fruit de la chance<\/td>\n<\/tr>\n<tr>\n<td>MOD\u00c8LE NO.<\/td>\n<td>JXG49<\/td>\n<\/tr>\n<tr>\n<td>Type<\/td>\n<td>Barres chocolat\u00e9es<\/td>\n<\/tr>\n<tr>\n<td>Emballage<\/td>\n<td>Emballage de la bo\u00eete<\/td>\n<\/tr>\n<tr>\n<td>Sp\u00e9cifications<\/td>\n<td>10 pi\u00e8ces*12 bo\u00eetes<\/td>\n<\/tr>\n<tr>\n<td>Taille du carton<\/td>\n<td>41*21*27.5cm<\/td>\n<\/tr>\n<tr>\n<td>N.W \/SET<\/td>\n<td>43g*10 pi\u00e8ces<\/td>\n<\/tr>\n<tr>\n<td>Couleur<\/td>\n<td>En tant qu'image<\/td>\n<\/tr>\n<tr>\n<td>MOQ<\/td>\n<td>500 cartons<\/td>\n<\/tr>\n<tr>\n<td>Personnalisation<\/td>\n<td>Emballage\/LOGO<\/td>\n<\/tr>\n<\/tbody>\n<\/table>","protected":false},"featured_media":29141,"comment_status":"closed","ping_status":"closed","template":"","meta":[],"product_cat":[91],"product_tag":[],"class_list":{"0":"post-29140","1":"product","2":"type-product","3":"status-publish","4":"has-post-thumbnail","6":"product_cat-bulk-chocolate-bars","8":"first","9":"instock","10":"shipping-taxable","11":"product-type-simple"},"_links":{"self":[{"href":"https:\/\/jxgchocolate.com\/fr\/wp-json\/wp\/v2\/product\/29140","targetHints":{"allow":["GET"]}}],"collection":[{"href":"https:\/\/jxgchocolate.com\/fr\/wp-json\/wp\/v2\/product"}],"about":[{"href":"https:\/\/jxgchocolate.com\/fr\/wp-json\/wp\/v2\/types\/product"}],"replies":[{"embeddable":true,"href":"https:\/\/jxgchocolate.com\/fr\/wp-json\/wp\/v2\/comments?post=29140"}],"version-history":[{"count":0,"href":"https:\/\/jxgchocolate.com\/fr\/wp-json\/wp\/v2\/product\/29140\/revisions"}],"wp:featuredmedia":[{"embeddable":true,"href":"https:\/\/jxgchocolate.com\/fr\/wp-json\/wp\/v2\/media\/29141"}],"wp:attachment":[{"href":"https:\/\/jxgchocolate.com\/fr\/wp-json\/wp\/v2\/media?parent=29140"}],"wp:term":[{"taxonomy":"product_cat","embeddable":true,"href":"https:\/\/jxgchocolate.com\/fr\/wp-json\/wp\/v2\/product_cat?post=29140"},{"taxonomy":"product_tag","embeddable":true,"href":"https:\/\/jxgchocolate.com\/fr\/wp-json\/wp\/v2\/product_tag?post=29140"}],"curies":[{"name":"wp","href":"https:\/\/api.w.org\/{rel}","templated":true}]}}