{"id":29146,"date":"2024-11-18T01:42:55","date_gmt":"2024-11-18T01:42:55","guid":{"rendered":"https:\/\/jxgchocolate.com\/?post_type=product&#038;p=29146"},"modified":"2024-11-18T01:57:52","modified_gmt":"2024-11-18T01:57:52","slug":"chocolate-bars-in-bulk","status":"publish","type":"product","link":"https:\/\/jxgchocolate.com\/fr\/produit\/chocolate-bars-in-bulk\/","title":{"rendered":"Barres de chocolat aromatis\u00e9es au th\u00e9 en vrac avec bo\u00eete d'emballage"},"content":{"rendered":"<div class=\"wp-block-columns is-layout-flex wp-container-core-columns-is-layout-9d6595d7 wp-block-columns-is-layout-flex\">\n<div class=\"wp-block-column is-layout-flow wp-block-column-is-layout-flow\">\n<h2 class=\"wp-block-heading\">Barres de chocolat de qualit\u00e9 sup\u00e9rieure en vrac Caract\u00e9ristiques :<\/h2>\n\n\n\n<p><strong>Combinaison innovante :<\/strong> Le th\u00e9 Yashi Dancong est l'un des th\u00e9s traditionnellement c\u00e9l\u00e8bres en Chine, et il poss\u00e8de un profond h\u00e9ritage culturel. L'int\u00e9gration de ce th\u00e9 dans le chocolat est une innovation en mati\u00e8re d'ingr\u00e9dients, d'h\u00e9ritage culturel et de promotion.<\/p>\n\n\n\n<p><strong>La sant\u00e9 et la gourmandise cohabitent : <\/strong>Le th\u00e9 Yashi Dancong contient de riches antioxydants tels que les flavanols, qui contribuent \u00e0 am\u00e9liorer l'immunit\u00e9 et \u00e0 favoriser la digestion. Nos tablettes de chocolat en gros combinent le th\u00e9 et les antioxydants dans le chocolat noir, ce qui renforce encore la valeur du produit pour la sant\u00e9.<\/p>\n\n\n\n<p><strong>Convient \u00e0 de multiples occasions : <\/strong>Les barres chocolat\u00e9es Yashi Dancong aromatis\u00e9es au th\u00e9 en vrac conviennent comme en-cas quotidien, consomm\u00e9es seules ou accompagn\u00e9es d'un caf\u00e9 ou d'un th\u00e9. Elles conviennent au bureau, \u00e0 la maison ou aux activit\u00e9s de plein air. Les barres de chocolat Yashi Dancong de haute qualit\u00e9 en gros sont un choix id\u00e9al pour la p\u00e2tisserie et peuvent \u00eatre utilis\u00e9es pour faire des g\u00e2teaux, des biscuits ou du pain, en ajoutant une saveur unique.<\/p>\n\n\n\n<p><strong>Groupe de consommateurs clair : <\/strong>Les consommateurs qui aiment essayer diff\u00e9rents types de th\u00e9 et de culture du th\u00e9 appr\u00e9cieront particuli\u00e8rement ces barres de chocolat en gros qui combinent l'ar\u00f4me du th\u00e9. Elles peuvent \u00eatre offertes \u00e0 des amis, des membres de la famille ou des partenaires, en particulier \u00e0 ceux qui ont des go\u00fbts culturels et culinaires uniques.<\/p>\n<\/div>\n\n\n\n<div class=\"wp-block-column is-layout-flow wp-block-column-is-layout-flow\">\n<figure class=\"wp-block-image size-full\"><img fetchpriority=\"high\" decoding=\"async\" width=\"2000\" height=\"2000\" src=\"https:\/\/jxgchocolate.com\/wp-content\/uploads\/2024\/11\/Newest-Wholesales-Chocolate-Bars-In-Bulk-With-Tea-Flavor3.webp\" alt=\"Derni\u00e8res barres chocolat\u00e9es aromatis\u00e9es au th\u00e9 en vrac avec bo\u00eete - 3\" class=\"wp-image-29155\" srcset=\"https:\/\/jxgchocolate.com\/wp-content\/uploads\/2024\/11\/Newest-Wholesales-Chocolate-Bars-In-Bulk-With-Tea-Flavor3.webp 2000w, https:\/\/jxgchocolate.com\/wp-content\/uploads\/2024\/11\/Newest-Wholesales-Chocolate-Bars-In-Bulk-With-Tea-Flavor3-300x300.webp 300w, https:\/\/jxgchocolate.com\/wp-content\/uploads\/2024\/11\/Newest-Wholesales-Chocolate-Bars-In-Bulk-With-Tea-Flavor3-150x150.webp 150w, https:\/\/jxgchocolate.com\/wp-content\/uploads\/2024\/11\/Newest-Wholesales-Chocolate-Bars-In-Bulk-With-Tea-Flavor3-768x768.webp 768w, https:\/\/jxgchocolate.com\/wp-content\/uploads\/2024\/11\/Newest-Wholesales-Chocolate-Bars-In-Bulk-With-Tea-Flavor3-12x12.webp 12w, https:\/\/jxgchocolate.com\/wp-content\/uploads\/2024\/11\/Newest-Wholesales-Chocolate-Bars-In-Bulk-With-Tea-Flavor3-430x430.webp 430w, https:\/\/jxgchocolate.com\/wp-content\/uploads\/2024\/11\/Newest-Wholesales-Chocolate-Bars-In-Bulk-With-Tea-Flavor3-700x700.webp 700w\" sizes=\"(max-width: 2000px) 100vw, 2000px\" \/><\/figure>\n<\/div>\n<\/div>","protected":false},"excerpt":{"rendered":"<p>Bienvenue sur le site d'achat en vrac de barres chocolat\u00e9es. Nos tablettes de chocolat au th\u00e9 de Chine en vrac ne sont pas seulement un d\u00e9licieux en-cas, mais aussi une transmission culturelle et \u00e9motionnelle, adapt\u00e9e aux consommateurs qui recherchent la qualit\u00e9 de vie et aiment essayer de nouvelles choses. Qu'il s'agisse d'un en-cas quotidien, d'un ingr\u00e9dient de p\u00e2tisserie ou d'un beau cadeau, nos barres de chocolat aromatis\u00e9es au th\u00e9 en vrac sont un excellent choix.<\/p>\n<table width=\"423\">\n<tbody>\n<tr>\n<td width=\"166\">Fabricant<\/td>\n<td width=\"257\">Le fruit de la chance<\/td>\n<\/tr>\n<tr>\n<td>MOD\u00c8LE NO.<\/td>\n<td>JXG50<\/td>\n<\/tr>\n<tr>\n<td>Type<\/td>\n<td>Barres chocolat\u00e9es<\/td>\n<\/tr>\n<tr>\n<td>Emballage<\/td>\n<td>Emballage de la bo\u00eete<\/td>\n<\/tr>\n<tr>\n<td>Sp\u00e9cifications<\/td>\n<td>10 pi\u00e8ces*12 bo\u00eetes<\/td>\n<\/tr>\n<tr>\n<td>Taille du carton<\/td>\n<td>41*21*27.5cm<\/td>\n<\/tr>\n<tr>\n<td>N.W \/SET<\/td>\n<td>43g*10 pi\u00e8ces<\/td>\n<\/tr>\n<tr>\n<td>Couleur<\/td>\n<td>En tant qu'image<\/td>\n<\/tr>\n<tr>\n<td>MOQ<\/td>\n<td>500 cartons<\/td>\n<\/tr>\n<tr>\n<td>Personnalisation<\/td>\n<td>Emballage\/LOGO<\/td>\n<\/tr>\n<\/tbody>\n<\/table>","protected":false},"featured_media":29153,"comment_status":"closed","ping_status":"closed","template":"","meta":[],"product_cat":[91],"product_tag":[],"class_list":{"0":"post-29146","1":"product","2":"type-product","3":"status-publish","4":"has-post-thumbnail","6":"product_cat-bulk-chocolate-bars","8":"first","9":"instock","10":"shipping-taxable","11":"product-type-simple"},"_links":{"self":[{"href":"https:\/\/jxgchocolate.com\/fr\/wp-json\/wp\/v2\/product\/29146","targetHints":{"allow":["GET"]}}],"collection":[{"href":"https:\/\/jxgchocolate.com\/fr\/wp-json\/wp\/v2\/product"}],"about":[{"href":"https:\/\/jxgchocolate.com\/fr\/wp-json\/wp\/v2\/types\/product"}],"replies":[{"embeddable":true,"href":"https:\/\/jxgchocolate.com\/fr\/wp-json\/wp\/v2\/comments?post=29146"}],"version-history":[{"count":6,"href":"https:\/\/jxgchocolate.com\/fr\/wp-json\/wp\/v2\/product\/29146\/revisions"}],"predecessor-version":[{"id":29170,"href":"https:\/\/jxgchocolate.com\/fr\/wp-json\/wp\/v2\/product\/29146\/revisions\/29170"}],"wp:featuredmedia":[{"embeddable":true,"href":"https:\/\/jxgchocolate.com\/fr\/wp-json\/wp\/v2\/media\/29153"}],"wp:attachment":[{"href":"https:\/\/jxgchocolate.com\/fr\/wp-json\/wp\/v2\/media?parent=29146"}],"wp:term":[{"taxonomy":"product_cat","embeddable":true,"href":"https:\/\/jxgchocolate.com\/fr\/wp-json\/wp\/v2\/product_cat?post=29146"},{"taxonomy":"product_tag","embeddable":true,"href":"https:\/\/jxgchocolate.com\/fr\/wp-json\/wp\/v2\/product_tag?post=29146"}],"curies":[{"name":"wp","href":"https:\/\/api.w.org\/{rel}","templated":true}]}}