{"id":29159,"date":"2024-11-18T01:57:11","date_gmt":"2024-11-18T01:57:11","guid":{"rendered":"https:\/\/jxgchocolate.com\/?post_type=product&#038;p=29159"},"modified":"2024-11-18T01:57:13","modified_gmt":"2024-11-18T01:57:13","slug":"chocolate-bars-bulk","status":"publish","type":"product","link":"https:\/\/jxgchocolate.com\/fr\/produit\/chocolate-bars-bulk\/","title":{"rendered":"Achat en vrac de barres de chocolat en vrac, barres de chocolat aux ar\u00f4mes personnalis\u00e9s"},"content":{"rendered":"<div class=\"wp-block-columns is-layout-flex wp-container-core-columns-is-layout-9d6595d7 wp-block-columns-is-layout-flex\">\n<div class=\"wp-block-column is-layout-flow wp-block-column-is-layout-flow\">\n<h2 class=\"wp-block-heading\">Barres de chocolat de qualit\u00e9 sup\u00e9rieure Caract\u00e9ristiques en vrac :<\/h2>\n\n\n\n<ul class=\"wp-block-list\">\n<li><strong>Des saveurs vari\u00e9es :<\/strong> Les multiples saveurs de nos barres chocolat\u00e9es en vrac peuvent r\u00e9pondre aux pr\u00e9f\u00e9rences des diff\u00e9rents consommateurs, du riche chocolat noir classique aux saveurs uniques telles que le chocolat noir aux biscuits, le chocolat au th\u00e9 Yashi Dancong et le chocolat au th\u00e9 Yashi Dancong aux biscuits. Nous pouvons \u00e9galement accepter des saveurs personnalis\u00e9es de la part de nos clients.<\/li>\n\n\n\n<li><strong>Go\u00fbt \u00e0 plusieurs niveaux : <\/strong>Les diff\u00e9rentes saveurs de ces barres de chocolat en gros ont leurs propres caract\u00e9ristiques gustatives : certaines sont soyeuses et d\u00e9licates, d'autres ont une texture granuleuse et d'autres encore ont une texture croustillante semblable \u00e0 celle d'un biscuit, ce qui permet de r\u00e9pondre \u00e0 diff\u00e9rents besoins gustatifs. Notre chocolat unique au go\u00fbt de th\u00e9 Yashi Dancong, ces saveurs innovantes peuvent attirer l'attention des consommateurs et augmenter leur d\u00e9sir d'achat.<\/li>\n\n\n\n<li><strong>S\u00e9lection des mati\u00e8res premi\u00e8res, belle ex\u00e9cution : <\/strong>Nos barres chocolat\u00e9es en vrac utilisent des mati\u00e8res premi\u00e8res de haute qualit\u00e9, des f\u00e8ves de cacao de haute qualit\u00e9, des biscuits sp\u00e9cialement formul\u00e9s, etc. En adoptant des techniques de production avanc\u00e9es et des formulations uniques, nous donnons au chocolat un go\u00fbt onctueux et riche, avec un effet de superposition distinctif qui procure aux consommateurs de bonnes bouch\u00e9es.<\/li>\n\n\n\n<li><strong>Emballage et design exquis : <\/strong>Nos tablettes de chocolat en gros sont g\u00e9n\u00e9ralement emball\u00e9es de mani\u00e8re exquise, refl\u00e9tant la diversit\u00e9 et le caract\u00e8re unique du produit. En g\u00e9n\u00e9ral, l'emballage illustre les caract\u00e9ristiques gustatives de chaque saveur dans les moindres d\u00e9tails afin de renforcer l'attrait du produit. Nous utilisons des mat\u00e9riaux \u00e9cologiques tels que le papier recyclable et le plastique biod\u00e9gradable pour nos emballages, ce qui est conforme au concept de d\u00e9veloppement durable.<\/li>\n<\/ul>\n<\/div>\n\n\n\n<div class=\"wp-block-column is-layout-flow wp-block-column-is-layout-flow\">\n<figure class=\"wp-block-image size-full\"><img fetchpriority=\"high\" decoding=\"async\" width=\"2000\" height=\"2000\" src=\"https:\/\/jxgchocolate.com\/wp-content\/uploads\/2024\/11\/Wholesales-Series-Chocolate-Bars-Custom-With-Different-New-Flavors2.webp\" alt=\"Bulk Buy Chocolate Bars Bulk, Barres de chocolat aux ar\u00f4mes personnalis\u00e9s-2\" class=\"wp-image-29161\" srcset=\"https:\/\/jxgchocolate.com\/wp-content\/uploads\/2024\/11\/Wholesales-Series-Chocolate-Bars-Custom-With-Different-New-Flavors2.webp 2000w, https:\/\/jxgchocolate.com\/wp-content\/uploads\/2024\/11\/Wholesales-Series-Chocolate-Bars-Custom-With-Different-New-Flavors2-300x300.webp 300w, https:\/\/jxgchocolate.com\/wp-content\/uploads\/2024\/11\/Wholesales-Series-Chocolate-Bars-Custom-With-Different-New-Flavors2-150x150.webp 150w, https:\/\/jxgchocolate.com\/wp-content\/uploads\/2024\/11\/Wholesales-Series-Chocolate-Bars-Custom-With-Different-New-Flavors2-768x768.webp 768w, https:\/\/jxgchocolate.com\/wp-content\/uploads\/2024\/11\/Wholesales-Series-Chocolate-Bars-Custom-With-Different-New-Flavors2-12x12.webp 12w, https:\/\/jxgchocolate.com\/wp-content\/uploads\/2024\/11\/Wholesales-Series-Chocolate-Bars-Custom-With-Different-New-Flavors2-430x430.webp 430w, https:\/\/jxgchocolate.com\/wp-content\/uploads\/2024\/11\/Wholesales-Series-Chocolate-Bars-Custom-With-Different-New-Flavors2-700x700.webp 700w\" sizes=\"(max-width: 2000px) 100vw, 2000px\" \/><\/figure>\n<\/div>\n<\/div>\n\n\n\n<p><\/p>","protected":false},"excerpt":{"rendered":"<p>Bienvenue sur le site d'achat de barres chocolat\u00e9es en vrac. La vari\u00e9t\u00e9 des saveurs de nos tablettes de chocolat en vrac ne satisfait pas seulement la recherche de d\u00e9lices des consommateurs, mais offre \u00e9galement des choix divers et des exp\u00e9riences de haute qualit\u00e9. Qu'il s'agisse d'un en-cas quotidien, d'un ingr\u00e9dient de p\u00e2tisserie ou d'un beau cadeau, la section des barres chocolat\u00e9es multi-saveurs en gros en vrac est un excellent choix.<\/p>\n<table width=\"423\">\n<tbody>\n<tr>\n<td width=\"166\">Fabricant<\/td>\n<td width=\"257\">Le fruit de la chance<\/td>\n<\/tr>\n<tr>\n<td>MOD\u00c8LE NO.<\/td>\n<td>JXG51<\/td>\n<\/tr>\n<tr>\n<td>Type<\/td>\n<td>Barres chocolat\u00e9es<\/td>\n<\/tr>\n<tr>\n<td>Emballage<\/td>\n<td>Emballage de la bo\u00eete<\/td>\n<\/tr>\n<tr>\n<td>Sp\u00e9cifications<\/td>\n<td>10 pi\u00e8ces*12 bo\u00eetes<\/td>\n<\/tr>\n<tr>\n<td>Taille du carton<\/td>\n<td>41*21*27.5cm<\/td>\n<\/tr>\n<tr>\n<td>N.W \/SET<\/td>\n<td>43g*10 pi\u00e8ces<\/td>\n<\/tr>\n<tr>\n<td>Couleur<\/td>\n<td>En tant qu'image<\/td>\n<\/tr>\n<tr>\n<td>MOQ<\/td>\n<td>500 cartons<\/td>\n<\/tr>\n<tr>\n<td>Personnalisation<\/td>\n<td>Emballage\/LOGO<\/td>\n<\/tr>\n<\/tbody>\n<\/table>","protected":false},"featured_media":29162,"comment_status":"closed","ping_status":"closed","template":"","meta":[],"product_cat":[91],"product_tag":[],"class_list":{"0":"post-29159","1":"product","2":"type-product","3":"status-publish","4":"has-post-thumbnail","6":"product_cat-bulk-chocolate-bars","8":"first","9":"instock","10":"shipping-taxable","11":"product-type-simple"},"_links":{"self":[{"href":"https:\/\/jxgchocolate.com\/fr\/wp-json\/wp\/v2\/product\/29159","targetHints":{"allow":["GET"]}}],"collection":[{"href":"https:\/\/jxgchocolate.com\/fr\/wp-json\/wp\/v2\/product"}],"about":[{"href":"https:\/\/jxgchocolate.com\/fr\/wp-json\/wp\/v2\/types\/product"}],"replies":[{"embeddable":true,"href":"https:\/\/jxgchocolate.com\/fr\/wp-json\/wp\/v2\/comments?post=29159"}],"version-history":[{"count":0,"href":"https:\/\/jxgchocolate.com\/fr\/wp-json\/wp\/v2\/product\/29159\/revisions"}],"wp:featuredmedia":[{"embeddable":true,"href":"https:\/\/jxgchocolate.com\/fr\/wp-json\/wp\/v2\/media\/29162"}],"wp:attachment":[{"href":"https:\/\/jxgchocolate.com\/fr\/wp-json\/wp\/v2\/media?parent=29159"}],"wp:term":[{"taxonomy":"product_cat","embeddable":true,"href":"https:\/\/jxgchocolate.com\/fr\/wp-json\/wp\/v2\/product_cat?post=29159"},{"taxonomy":"product_tag","embeddable":true,"href":"https:\/\/jxgchocolate.com\/fr\/wp-json\/wp\/v2\/product_tag?post=29159"}],"curies":[{"name":"wp","href":"https:\/\/api.w.org\/{rel}","templated":true}]}}