{"id":29184,"date":"2024-11-23T01:19:17","date_gmt":"2024-11-23T01:19:17","guid":{"rendered":"https:\/\/jxgchocolate.com\/?post_type=product&#038;p=29184"},"modified":"2024-11-23T01:19:19","modified_gmt":"2024-11-23T01:19:19","slug":"bulk-chocolate-bars-wholesale","status":"publish","type":"product","link":"https:\/\/jxgchocolate.com\/fr\/produit\/bulk-chocolate-bars-wholesale\/","title":{"rendered":"Barres de chocolat en vrac avec quatre nouveaux parfums"},"content":{"rendered":"<div class=\"wp-block-columns is-layout-flex wp-container-core-columns-is-layout-9d6595d7 wp-block-columns-is-layout-flex\">\n<div class=\"wp-block-column is-layout-flow wp-block-column-is-layout-flow\">\n<h2 class=\"wp-block-heading\">Premium Bulk Chocolate Bars Wholesale Caract\u00e9ristiques :<\/h2>\n\n\n\n<ul class=\"wp-block-list\">\n<li><strong>Interpr\u00e9tation innovante de saveurs classiques : <\/strong>La fusion parfaite de cacao de haute qualit\u00e9 et de feuilles de th\u00e9 locales apporte un go\u00fbt soyeux et d\u00e9licat, revitalisant la barre de chocolat classique en vrac. Le riche ar\u00f4me du th\u00e9 se m\u00eale \u00e0 la richesse du cacao, cr\u00e9ant une exp\u00e9rience gustative unique. L'ajout sp\u00e9cial de biscuits croustillants rehausse encore le go\u00fbt \u00e0 plusieurs niveaux et le plaisir des papilles.<\/li>\n\n\n\n<li><strong>Des options riches en saveurs : <\/strong>Les diff\u00e9rentes combinaisons d'ar\u00f4mes dans nos barres de chocolat en gros peuvent r\u00e9pondre aux pr\u00e9f\u00e9rences gustatives des diff\u00e9rents consommateurs, qu'ils aiment les ar\u00f4mes de chocolat traditionnels, ou les consommateurs qui aiment essayer de nouveaux ar\u00f4mes ou appr\u00e9cier le th\u00e9, ils peuvent tous trouver leurs ar\u00f4mes pr\u00e9f\u00e9r\u00e9s.<\/li>\n\n\n\n<li><strong>Go\u00fbt \u00e0 plusieurs niveaux : <\/strong>Chaque saveur de barres de chocolat en vrac a ses propres caract\u00e9ristiques gustatives, certaines sont douces et d\u00e9licates, d'autres ont une texture granuleuse et d'autres encore ont une texture croustillante semblable \u00e0 celle d'un biscuit, r\u00e9pondant ainsi \u00e0 des besoins gustatifs diff\u00e9rents. Plusieurs saveurs de chocolat peuvent \u00eatre associ\u00e9es pour cr\u00e9er plus de couches de go\u00fbt et de contraste, augmentant ainsi le plaisir de la consommation.<\/li>\n\n\n\n<li><strong>Sant\u00e9 et nutrition : <\/strong>Le th\u00e9 Yashi Dancong est riche en antioxydants tels que les flavanols, qui peuvent contribuer \u00e0 am\u00e9liorer l'immunit\u00e9 et \u00e0 favoriser la digestion. Notre barre chocolat\u00e9e en vrac, combin\u00e9e aux antioxydants du chocolat noir, renforce encore la valeur sanitaire du produit.<\/li>\n<\/ul>\n<\/div>\n\n\n\n<div class=\"wp-block-column is-layout-flow wp-block-column-is-layout-flow\">\n<figure class=\"wp-block-image size-full\"><img fetchpriority=\"high\" decoding=\"async\" width=\"2000\" height=\"2000\" src=\"https:\/\/jxgchocolate.com\/wp-content\/uploads\/2024\/11\/Wholesales-Chocolate-Bars-Bulk-With-Four-Newest-Flavors-In-China4.webp\" alt=\"Barres de chocolat en vrac avec quatre nouveaux parfums-4\" class=\"wp-image-29188\" srcset=\"https:\/\/jxgchocolate.com\/wp-content\/uploads\/2024\/11\/Wholesales-Chocolate-Bars-Bulk-With-Four-Newest-Flavors-In-China4.webp 2000w, https:\/\/jxgchocolate.com\/wp-content\/uploads\/2024\/11\/Wholesales-Chocolate-Bars-Bulk-With-Four-Newest-Flavors-In-China4-300x300.webp 300w, https:\/\/jxgchocolate.com\/wp-content\/uploads\/2024\/11\/Wholesales-Chocolate-Bars-Bulk-With-Four-Newest-Flavors-In-China4-150x150.webp 150w, https:\/\/jxgchocolate.com\/wp-content\/uploads\/2024\/11\/Wholesales-Chocolate-Bars-Bulk-With-Four-Newest-Flavors-In-China4-768x768.webp 768w, https:\/\/jxgchocolate.com\/wp-content\/uploads\/2024\/11\/Wholesales-Chocolate-Bars-Bulk-With-Four-Newest-Flavors-In-China4-12x12.webp 12w, https:\/\/jxgchocolate.com\/wp-content\/uploads\/2024\/11\/Wholesales-Chocolate-Bars-Bulk-With-Four-Newest-Flavors-In-China4-430x430.webp 430w, https:\/\/jxgchocolate.com\/wp-content\/uploads\/2024\/11\/Wholesales-Chocolate-Bars-Bulk-With-Four-Newest-Flavors-In-China4-700x700.webp 700w\" sizes=\"(max-width: 2000px) 100vw, 2000px\" \/><\/figure>\n<\/div>\n<\/div>\n\n\n\n<p><\/p>","protected":false},"excerpt":{"rendered":"<p>Bienvenue sur le site d'achat de barres chocolat\u00e9es en vrac. Les quatre nouvelles barres chocolat\u00e9es en vrac r\u00e9pondent non seulement \u00e0 la qu\u00eate de gourmandise des consommateurs, mais offrent \u00e9galement un choix vari\u00e9 et des exp\u00e9riences de haute qualit\u00e9. Qu'il s'agisse d'un en-cas quotidien, d'un ingr\u00e9dient de p\u00e2tisserie ou d'un beau cadeau, les quatre saveurs de la nouvelle section chocolat sont toutes un bon choix.<\/p>\n<table style=\"height: 304px;\" width=\"423\">\n<tbody>\n<tr>\n<td width=\"166\">Fabricant<\/td>\n<td width=\"257\">Le fruit de la chance<\/td>\n<\/tr>\n<tr>\n<td>MOD\u00c8LE NO.<\/td>\n<td>JXG52<\/td>\n<\/tr>\n<tr>\n<td>Type<\/td>\n<td>Barres chocolat\u00e9es<\/td>\n<\/tr>\n<tr>\n<td>Emballage<\/td>\n<td>Emballage de la bo\u00eete<\/td>\n<\/tr>\n<tr>\n<td>Sp\u00e9cifications<\/td>\n<td>20 pi\u00e8ces*12 bo\u00eetes<\/td>\n<\/tr>\n<tr>\n<td>Taille du carton<\/td>\n<td>48.5*20*29cm<\/td>\n<\/tr>\n<tr>\n<td>N.W \/SET<\/td>\n<td>20g*20 pi\u00e8ces<\/td>\n<\/tr>\n<tr>\n<td>Couleur<\/td>\n<td>En tant qu'image<\/td>\n<\/tr>\n<tr>\n<td>MOQ<\/td>\n<td>500 cartons<\/td>\n<\/tr>\n<tr>\n<td>Personnalisation<\/td>\n<td>Emballage\/LOGO<\/td>\n<\/tr>\n<\/tbody>\n<\/table>","protected":false},"featured_media":29185,"comment_status":"closed","ping_status":"closed","template":"","meta":[],"product_cat":[91],"product_tag":[],"class_list":{"0":"post-29184","1":"product","2":"type-product","3":"status-publish","4":"has-post-thumbnail","6":"product_cat-bulk-chocolate-bars","8":"first","9":"instock","10":"shipping-taxable","11":"product-type-simple"},"_links":{"self":[{"href":"https:\/\/jxgchocolate.com\/fr\/wp-json\/wp\/v2\/product\/29184","targetHints":{"allow":["GET"]}}],"collection":[{"href":"https:\/\/jxgchocolate.com\/fr\/wp-json\/wp\/v2\/product"}],"about":[{"href":"https:\/\/jxgchocolate.com\/fr\/wp-json\/wp\/v2\/types\/product"}],"replies":[{"embeddable":true,"href":"https:\/\/jxgchocolate.com\/fr\/wp-json\/wp\/v2\/comments?post=29184"}],"version-history":[{"count":7,"href":"https:\/\/jxgchocolate.com\/fr\/wp-json\/wp\/v2\/product\/29184\/revisions"}],"predecessor-version":[{"id":29788,"href":"https:\/\/jxgchocolate.com\/fr\/wp-json\/wp\/v2\/product\/29184\/revisions\/29788"}],"wp:featuredmedia":[{"embeddable":true,"href":"https:\/\/jxgchocolate.com\/fr\/wp-json\/wp\/v2\/media\/29185"}],"wp:attachment":[{"href":"https:\/\/jxgchocolate.com\/fr\/wp-json\/wp\/v2\/media?parent=29184"}],"wp:term":[{"taxonomy":"product_cat","embeddable":true,"href":"https:\/\/jxgchocolate.com\/fr\/wp-json\/wp\/v2\/product_cat?post=29184"},{"taxonomy":"product_tag","embeddable":true,"href":"https:\/\/jxgchocolate.com\/fr\/wp-json\/wp\/v2\/product_tag?post=29184"}],"curies":[{"name":"wp","href":"https:\/\/api.w.org\/{rel}","templated":true}]}}