{"id":29194,"date":"2024-11-23T01:48:27","date_gmt":"2024-11-23T01:48:27","guid":{"rendered":"https:\/\/jxgchocolate.com\/?post_type=product&#038;p=29194"},"modified":"2024-11-23T01:48:30","modified_gmt":"2024-11-23T01:48:30","slug":"buy-chocolate-bars-in-bulk","status":"publish","type":"product","link":"https:\/\/jxgchocolate.com\/fr\/produit\/buy-chocolate-bars-in-bulk\/","title":{"rendered":"Acheter des barres de chocolat en vrac \u00e0 l'ar\u00f4me de th\u00e9 vert de Chine"},"content":{"rendered":"<div class=\"wp-block-columns is-layout-flex wp-container-core-columns-is-layout-9d6595d7 wp-block-columns-is-layout-flex\">\n<div class=\"wp-block-column is-layout-flow wp-block-column-is-layout-flow\">\n<h2 class=\"wp-block-heading\">Premium Buy Chocolate Bars In Bulk Caract\u00e9ristiques :<\/h2>\n\n\n\n<ul class=\"wp-block-list\">\n<li><strong>Go\u00fbt unique de th\u00e9 : <\/strong>Nos tablettes de chocolat en gros au th\u00e9 Yashi Dancong utilisent de la poudre de th\u00e9 v\u00e9ritable provenant de Chaozhou, Guangdong, la principale zone de production de Phoenix Dancong, pour fabriquer la sauce au th\u00e9, ce qui conf\u00e8re au chocolat un parfum unique d'orchid\u00e9e Yashi Dancong. Cet ar\u00f4me s'harmonise avec la richesse du chocolat, rendant le go\u00fbt du chocolat plus riche et tridimensionnel. L'ar\u00f4me du Yashi Dancong et du th\u00e9 est parfaitement pr\u00e9serv\u00e9 dans le chocolat. Il \u00e9met un charmant parfum floral et fruit\u00e9 avec des couches, une riche douceur et un arri\u00e8re-go\u00fbt durable, permettant aux consommateurs de ressentir la fra\u00eecheur et la long\u00e9vit\u00e9 de l'ar\u00f4me du th\u00e9 lors de la d\u00e9gustation.<\/li>\n\n\n\n<li><strong>Une exp\u00e9rience alimentaire diversifi\u00e9e : <\/strong>Achetez des barres chocolat\u00e9es en vrac avec le th\u00e9 Yashi Dancong, qui peut \u00eatre consomm\u00e9 de multiples fa\u00e7ons, ce qui vous permet de profiter directement de son ar\u00f4me de th\u00e9 unique et de son go\u00fbt riche. Il peut \u00e9galement \u00eatre associ\u00e9 \u00e0 d'autres ingr\u00e9dients, tels que le lait, le caf\u00e9 et d'autres boissons, ou \u00eatre utilis\u00e9 comme ingr\u00e9dient de cuisson pour cr\u00e9er des aliments plus d\u00e9licieux.<\/li>\n\n\n\n<li><strong>Une sant\u00e9 et une nutrition riches : <\/strong>Notre th\u00e9 aromatis\u00e9 Yashi Dancong contient d'abondants antioxydants tels que les flavanols, qui contribuent \u00e0 am\u00e9liorer l'immunit\u00e9 et \u00e0 favoriser la digestion. Combin\u00e9es aux antioxydants contenus dans le chocolat noir, nos barres de chocolat en gros renforcent encore la valeur sanitaire du produit.<\/li>\n\n\n\n<li><strong>Conception exquise de l'emballage :<\/strong> Achetez des barres de chocolat en vrac \u00e0 l'ar\u00f4me de th\u00e9 Yashi Dancong, en adoptant un emballage petit et exquis, ce qui les rend faciles \u00e0 transporter et pr\u00e9serve la fra\u00eecheur du chocolat.<\/li>\n<\/ul>\n<\/div>\n\n\n\n<div class=\"wp-block-column is-layout-flow wp-block-column-is-layout-flow\">\n<figure class=\"wp-block-image size-full\"><img fetchpriority=\"high\" decoding=\"async\" width=\"2000\" height=\"2000\" src=\"https:\/\/jxgchocolate.com\/wp-content\/uploads\/2024\/11\/Wholesales-Chocolate-Bars-In-Bulk-With-China-Green-Tea-Flavor2.webp\" alt=\"Acheter des barres de chocolat en vrac avec l&#039;ar\u00f4me de th\u00e9 vert de Chine-1\" class=\"wp-image-29196\" srcset=\"https:\/\/jxgchocolate.com\/wp-content\/uploads\/2024\/11\/Wholesales-Chocolate-Bars-In-Bulk-With-China-Green-Tea-Flavor2.webp 2000w, https:\/\/jxgchocolate.com\/wp-content\/uploads\/2024\/11\/Wholesales-Chocolate-Bars-In-Bulk-With-China-Green-Tea-Flavor2-300x300.webp 300w, https:\/\/jxgchocolate.com\/wp-content\/uploads\/2024\/11\/Wholesales-Chocolate-Bars-In-Bulk-With-China-Green-Tea-Flavor2-150x150.webp 150w, https:\/\/jxgchocolate.com\/wp-content\/uploads\/2024\/11\/Wholesales-Chocolate-Bars-In-Bulk-With-China-Green-Tea-Flavor2-768x768.webp 768w, https:\/\/jxgchocolate.com\/wp-content\/uploads\/2024\/11\/Wholesales-Chocolate-Bars-In-Bulk-With-China-Green-Tea-Flavor2-12x12.webp 12w, https:\/\/jxgchocolate.com\/wp-content\/uploads\/2024\/11\/Wholesales-Chocolate-Bars-In-Bulk-With-China-Green-Tea-Flavor2-430x430.webp 430w, https:\/\/jxgchocolate.com\/wp-content\/uploads\/2024\/11\/Wholesales-Chocolate-Bars-In-Bulk-With-China-Green-Tea-Flavor2-700x700.webp 700w\" sizes=\"(max-width: 2000px) 100vw, 2000px\" \/><\/figure>\n<\/div>\n<\/div>","protected":false},"excerpt":{"rendered":"<p>Bienvenue sur le site d'achat en gros de barres chocolat\u00e9es. Les barres de chocolat en gros Yashi Dancong aromatis\u00e9es au th\u00e9 sont un produit innovant qui associe parfaitement la culture traditionnelle du th\u00e9 \u00e0 l'artisanat moderne du chocolat, avec une saveur et une valeur culturelle uniques. Il s'agit non seulement d'un d\u00e9licieux en-cas, mais aussi d'une transmission culturelle et \u00e9motionnelle, adapt\u00e9e aux consommateurs qui recherchent la qualit\u00e9 de vie et aiment essayer de nouvelles choses. Qu'il s'agisse d'un en-cas quotidien, d'un ingr\u00e9dient de p\u00e2tisserie ou d'un beau cadeau, le chocolat aromatis\u00e9 au th\u00e9 Yashi est un excellent choix.<\/p>\n<table style=\"height: 304px;\" width=\"423\">\n<tbody>\n<tr>\n<td width=\"166\">Fabricant<\/td>\n<td width=\"257\">Le fruit de la chance<\/td>\n<\/tr>\n<tr>\n<td>MOD\u00c8LE NO.<\/td>\n<td>JXG53<\/td>\n<\/tr>\n<tr>\n<td>Type<\/td>\n<td>Barres chocolat\u00e9es<\/td>\n<\/tr>\n<tr>\n<td>Emballage<\/td>\n<td>Emballage de la bo\u00eete<\/td>\n<\/tr>\n<tr>\n<td>Sp\u00e9cifications<\/td>\n<td>20 pi\u00e8ces*12 bo\u00eetes<\/td>\n<\/tr>\n<tr>\n<td>Taille du carton<\/td>\n<td>48.5*20*29cm<\/td>\n<\/tr>\n<tr>\n<td>N.W \/SET<\/td>\n<td>20g*20 pi\u00e8ces<\/td>\n<\/tr>\n<tr>\n<td>Couleur<\/td>\n<td>En tant qu'image<\/td>\n<\/tr>\n<tr>\n<td>MOQ<\/td>\n<td>500 cartons<\/td>\n<\/tr>\n<tr>\n<td>Personnalisation<\/td>\n<td>Emballage\/LOGO<\/td>\n<\/tr>\n<\/tbody>\n<\/table>","protected":false},"featured_media":29195,"comment_status":"closed","ping_status":"closed","template":"","meta":[],"product_cat":[91],"product_tag":[],"class_list":{"0":"post-29194","1":"product","2":"type-product","3":"status-publish","4":"has-post-thumbnail","6":"product_cat-bulk-chocolate-bars","8":"first","9":"instock","10":"shipping-taxable","11":"product-type-simple"},"_links":{"self":[{"href":"https:\/\/jxgchocolate.com\/fr\/wp-json\/wp\/v2\/product\/29194","targetHints":{"allow":["GET"]}}],"collection":[{"href":"https:\/\/jxgchocolate.com\/fr\/wp-json\/wp\/v2\/product"}],"about":[{"href":"https:\/\/jxgchocolate.com\/fr\/wp-json\/wp\/v2\/types\/product"}],"replies":[{"embeddable":true,"href":"https:\/\/jxgchocolate.com\/fr\/wp-json\/wp\/v2\/comments?post=29194"}],"version-history":[{"count":0,"href":"https:\/\/jxgchocolate.com\/fr\/wp-json\/wp\/v2\/product\/29194\/revisions"}],"wp:featuredmedia":[{"embeddable":true,"href":"https:\/\/jxgchocolate.com\/fr\/wp-json\/wp\/v2\/media\/29195"}],"wp:attachment":[{"href":"https:\/\/jxgchocolate.com\/fr\/wp-json\/wp\/v2\/media?parent=29194"}],"wp:term":[{"taxonomy":"product_cat","embeddable":true,"href":"https:\/\/jxgchocolate.com\/fr\/wp-json\/wp\/v2\/product_cat?post=29194"},{"taxonomy":"product_tag","embeddable":true,"href":"https:\/\/jxgchocolate.com\/fr\/wp-json\/wp\/v2\/product_tag?post=29194"}],"curies":[{"name":"wp","href":"https:\/\/api.w.org\/{rel}","templated":true}]}}