{"id":29217,"date":"2024-11-30T10:25:21","date_gmt":"2024-11-30T10:25:21","guid":{"rendered":"https:\/\/jxgchocolate.com\/?post_type=product&#038;p=29217"},"modified":"2024-11-30T10:25:23","modified_gmt":"2024-11-30T10:25:23","slug":"custom-chocolate-bars","status":"publish","type":"product","link":"https:\/\/jxgchocolate.com\/fr\/produit\/custom-chocolate-bars\/","title":{"rendered":"Barres de chocolat personnalis\u00e9es \u00e0 l'ar\u00f4me de th\u00e9 Wholesale With Cookie Chips"},"content":{"rendered":"<div class=\"wp-block-columns is-layout-flex wp-container-core-columns-is-layout-9d6595d7 wp-block-columns-is-layout-flex\">\n<div class=\"wp-block-column is-layout-flow wp-block-column-is-layout-flow\">\n<h2 class=\"wp-block-heading\">Barres de chocolat personnalis\u00e9es de qualit\u00e9 sup\u00e9rieure Caract\u00e9ristiques :<\/h2>\n\n\n\n<ul class=\"wp-block-list\">\n<li><strong>Combinaison unique de saveurs : <\/strong>L'ajout de ce th\u00e9 au chocolat conf\u00e8re \u00e0 ces tablettes de chocolat personnalis\u00e9es une sensation de superposition. La combinaison d'un chocolat de haute qualit\u00e9 et de biscuits croustillants cr\u00e9e un go\u00fbt unique, entre la texture soyeuse et d\u00e9licate du chocolat et la texture croustillante des biscuits.<\/li>\n\n\n\n<li><strong>Patrimoine culturel particulier :<\/strong> Le th\u00e9 Yashi Dacong est l'un des th\u00e9s traditionnels chinois les plus c\u00e9l\u00e8bres, avec un contexte culturel profond et des histoires int\u00e9ressantes. L'int\u00e9gration de ce th\u00e9 dans les desserts modernes n'est pas seulement un h\u00e9ritage de la culture traditionnelle, mais aussi une interpr\u00e9tation innovante de celle-ci.<\/li>\n\n\n\n<li><strong>B\u00e9n\u00e9fique pour la sant\u00e9 :<\/strong> Le th\u00e9 Yashi Dacong est riche en antioxydants, qui peuvent contribuer \u00e0 am\u00e9liorer l'immunit\u00e9 ; les flavanols contenus dans le chocolat noir contribuent \u00e9galement \u00e0 la sant\u00e9 cardiovasculaire ; nos tablettes de chocolat personnalis\u00e9es sont la combinaison des deux, ce qui leur conf\u00e8re des avantages suppl\u00e9mentaires pour la sant\u00e9.<\/li>\n\n\n\n<li><strong>Des sc\u00e9narios de consommation diversifi\u00e9s :<\/strong> Convenant comme en-cas de loisir, elles peuvent apporter un plaisir agr\u00e9able pendant les pauses au travail ou les r\u00e9unions de famille. Nos tablettes de chocolat en gros combinant du chocolat avec des biscuits et du th\u00e9 Yashi Dacong cr\u00e9ent un go\u00fbt et une saveur uniques qui r\u00e9pondent aux besoins novateurs des consommateurs.<\/li>\n<\/ul>\n<\/div>\n\n\n\n<div class=\"wp-block-column is-layout-flow wp-block-column-is-layout-flow\">\n<figure class=\"wp-block-image size-full\"><img fetchpriority=\"high\" decoding=\"async\" width=\"2000\" height=\"2000\" src=\"https:\/\/jxgchocolate.com\/wp-content\/uploads\/2024\/11\/Wholesales-Custom-Chocolate-Bar-With-Cookies-And-Tea-Flavor2.webp\" alt=\"Barres de chocolat personnalis\u00e9es \u00e0 l&#039;ar\u00f4me de th\u00e9 avec p\u00e9pites de biscuits-3\" class=\"wp-image-29220\" srcset=\"https:\/\/jxgchocolate.com\/wp-content\/uploads\/2024\/11\/Wholesales-Custom-Chocolate-Bar-With-Cookies-And-Tea-Flavor2.webp 2000w, https:\/\/jxgchocolate.com\/wp-content\/uploads\/2024\/11\/Wholesales-Custom-Chocolate-Bar-With-Cookies-And-Tea-Flavor2-300x300.webp 300w, https:\/\/jxgchocolate.com\/wp-content\/uploads\/2024\/11\/Wholesales-Custom-Chocolate-Bar-With-Cookies-And-Tea-Flavor2-150x150.webp 150w, https:\/\/jxgchocolate.com\/wp-content\/uploads\/2024\/11\/Wholesales-Custom-Chocolate-Bar-With-Cookies-And-Tea-Flavor2-768x768.webp 768w, https:\/\/jxgchocolate.com\/wp-content\/uploads\/2024\/11\/Wholesales-Custom-Chocolate-Bar-With-Cookies-And-Tea-Flavor2-12x12.webp 12w, https:\/\/jxgchocolate.com\/wp-content\/uploads\/2024\/11\/Wholesales-Custom-Chocolate-Bar-With-Cookies-And-Tea-Flavor2-430x430.webp 430w, https:\/\/jxgchocolate.com\/wp-content\/uploads\/2024\/11\/Wholesales-Custom-Chocolate-Bar-With-Cookies-And-Tea-Flavor2-700x700.webp 700w\" sizes=\"(max-width: 2000px) 100vw, 2000px\" \/><\/figure>\n<\/div>\n<\/div>\n\n\n\n<p><\/p>","protected":false},"excerpt":{"rendered":"<p>Bienvenue aux tablettes de chocolat personnalis\u00e9es en vrac. Nos tablettes de chocolat en gros au go\u00fbt de th\u00e9 sont un produit innovant qui associe la culture traditionnelle du th\u00e9 aux techniques modernes des desserts. Elles m\u00e9langent non seulement l'ar\u00f4me unique du th\u00e9 Yashi Dancong et le go\u00fbt riche du chocolat, mais elles ajoutent \u00e9galement le croquant des biscuits.<\/p>\n<table style=\"height: 304px;\" width=\"423\">\n<tbody>\n<tr>\n<td width=\"166\">Fabricant<\/td>\n<td width=\"257\">Le fruit de la chance<\/td>\n<\/tr>\n<tr>\n<td>MOD\u00c8LE NO.<\/td>\n<td>JXG54<\/td>\n<\/tr>\n<tr>\n<td>Type<\/td>\n<td>Barres chocolat\u00e9es<\/td>\n<\/tr>\n<tr>\n<td>Emballage<\/td>\n<td>Emballage de la bo\u00eete<\/td>\n<\/tr>\n<tr>\n<td>Sp\u00e9cifications<\/td>\n<td>20 pi\u00e8ces*12 bo\u00eetes<\/td>\n<\/tr>\n<tr>\n<td>Taille du carton<\/td>\n<td>48.5*20*29cm<\/td>\n<\/tr>\n<tr>\n<td>N.W \/SET<\/td>\n<td>20g*20 pi\u00e8ces<\/td>\n<\/tr>\n<tr>\n<td>Couleur<\/td>\n<td>En tant qu'image<\/td>\n<\/tr>\n<tr>\n<td>MOQ<\/td>\n<td>500 cartons<\/td>\n<\/tr>\n<tr>\n<td>Personnalisation<\/td>\n<td>Emballage\/LOGO<\/td>\n<\/tr>\n<\/tbody>\n<\/table>","protected":false},"featured_media":29222,"comment_status":"closed","ping_status":"closed","template":"","meta":[],"product_cat":[91],"product_tag":[],"class_list":{"0":"post-29217","1":"product","2":"type-product","3":"status-publish","4":"has-post-thumbnail","6":"product_cat-bulk-chocolate-bars","8":"first","9":"instock","10":"shipping-taxable","11":"product-type-simple"},"_links":{"self":[{"href":"https:\/\/jxgchocolate.com\/fr\/wp-json\/wp\/v2\/product\/29217","targetHints":{"allow":["GET"]}}],"collection":[{"href":"https:\/\/jxgchocolate.com\/fr\/wp-json\/wp\/v2\/product"}],"about":[{"href":"https:\/\/jxgchocolate.com\/fr\/wp-json\/wp\/v2\/types\/product"}],"replies":[{"embeddable":true,"href":"https:\/\/jxgchocolate.com\/fr\/wp-json\/wp\/v2\/comments?post=29217"}],"version-history":[{"count":5,"href":"https:\/\/jxgchocolate.com\/fr\/wp-json\/wp\/v2\/product\/29217\/revisions"}],"predecessor-version":[{"id":29236,"href":"https:\/\/jxgchocolate.com\/fr\/wp-json\/wp\/v2\/product\/29217\/revisions\/29236"}],"wp:featuredmedia":[{"embeddable":true,"href":"https:\/\/jxgchocolate.com\/fr\/wp-json\/wp\/v2\/media\/29222"}],"wp:attachment":[{"href":"https:\/\/jxgchocolate.com\/fr\/wp-json\/wp\/v2\/media?parent=29217"}],"wp:term":[{"taxonomy":"product_cat","embeddable":true,"href":"https:\/\/jxgchocolate.com\/fr\/wp-json\/wp\/v2\/product_cat?post=29217"},{"taxonomy":"product_tag","embeddable":true,"href":"https:\/\/jxgchocolate.com\/fr\/wp-json\/wp\/v2\/product_tag?post=29217"}],"curies":[{"name":"wp","href":"https:\/\/api.w.org\/{rel}","templated":true}]}}