{"id":29225,"date":"2024-11-30T10:35:07","date_gmt":"2024-11-30T10:35:07","guid":{"rendered":"https:\/\/jxgchocolate.com\/?post_type=product&#038;p=29225"},"modified":"2024-11-30T10:35:09","modified_gmt":"2024-11-30T10:35:09","slug":"bulk-dark-chocolate-bars","status":"publish","type":"product","link":"https:\/\/jxgchocolate.com\/fr\/produit\/bulk-dark-chocolate-bars\/","title":{"rendered":"Tablettes de chocolat noir en vrac avec ar\u00f4me classique"},"content":{"rendered":"<div class=\"wp-block-columns is-layout-flex wp-container-core-columns-is-layout-9d6595d7 wp-block-columns-is-layout-flex\">\n<div class=\"wp-block-column is-layout-flow wp-block-column-is-layout-flow\">\n<h2 class=\"wp-block-heading\">Barres de chocolat noir en vrac de qualit\u00e9 sup\u00e9rieure Caract\u00e9ristiques :<\/h2>\n\n\n\n<ul class=\"wp-block-list\">\n<li><strong>Un go\u00fbt riche et des couches riches : <\/strong>Le chocolat noir contient une proportion \u00e9lev\u00e9e de solides de cacao, ce qui lui conf\u00e8re une saveur plus riche et plus complexe - des ar\u00f4mes de fruits subtils \u00e0 l'amertume et \u00e0 la douceur profondes, chaque bouch\u00e9e permet de ressentir diff\u00e9rentes couches. Nos tablettes de chocolat noir en vrac offrent une texture soyeuse lorsqu'elles fondent dans la bouche, accompagn\u00e9es de l'ar\u00f4me unique du cacao.<\/li>\n\n\n\n<li><strong>Valeur nutritionnelle \u00e9lev\u00e9e : <\/strong>La caf\u00e9ine contenue dans le chocolat noir et les ingr\u00e9dients naturels actifs du cacao, tels que la th\u00e9ophylline, la tyrosine, etc., agissent pour rafra\u00eechir l'esprit, augmenter l'attention et influencer positivement l'am\u00e9lioration des fonctions cognitives. Par cons\u00e9quent, les min\u00e9raux riches comme le magn\u00e9sium, le cuivre, le mangan\u00e8se, etc., contenus dans notre barre de chocolat en gros, sont bons pour maintenir la sant\u00e9 des os et promouvoir le m\u00e9tabolisme.<\/li>\n\n\n\n<li><strong>Des sc\u00e9narios et des exp\u00e9riences de consommation diversifi\u00e9s :<\/strong> Nos tablettes de chocolat noir en vrac peuvent \u00eatre consomm\u00e9es directement comme en-cas ou utilis\u00e9es pour la p\u00e2tisserie, la pr\u00e9paration de desserts, etc. L'amertume particuli\u00e8re et la texture soyeuse du chocolat noir cr\u00e9ent une exp\u00e9rience gustative unique. Pour les consommateurs qui aiment essayer de nouvelles saveurs, le chocolat noir est certainement un bon choix.<\/li>\n\n\n\n<li><strong>Conception exquise de l'emballage : <\/strong>Nos barres de chocolat en gros ont un petit emballage unique et ind\u00e9pendant qui est facile \u00e0 transporter ; en outre, le design unique de l'emballage attire les yeux d'un plus grand nombre de consommateurs. Associ\u00e9 \u00e0 une bo\u00eete ext\u00e9rieure sp\u00e9cialement con\u00e7ue, c'est un excellent cadeau.<\/li>\n<\/ul>\n<\/div>\n\n\n\n<div class=\"wp-block-column is-layout-flow wp-block-column-is-layout-flow\">\n<figure class=\"wp-block-image size-full\"><img fetchpriority=\"high\" decoding=\"async\" width=\"2000\" height=\"2000\" src=\"https:\/\/jxgchocolate.com\/wp-content\/uploads\/2024\/11\/Wholesale-In-Bulk-Chocolate-Bars-Custom-With-Classical-Flavor2.webp\" alt=\"Tablettes de chocolat noir en vrac avec ar\u00f4me classique-2\" class=\"wp-image-29227\" srcset=\"https:\/\/jxgchocolate.com\/wp-content\/uploads\/2024\/11\/Wholesale-In-Bulk-Chocolate-Bars-Custom-With-Classical-Flavor2.webp 2000w, https:\/\/jxgchocolate.com\/wp-content\/uploads\/2024\/11\/Wholesale-In-Bulk-Chocolate-Bars-Custom-With-Classical-Flavor2-300x300.webp 300w, https:\/\/jxgchocolate.com\/wp-content\/uploads\/2024\/11\/Wholesale-In-Bulk-Chocolate-Bars-Custom-With-Classical-Flavor2-150x150.webp 150w, https:\/\/jxgchocolate.com\/wp-content\/uploads\/2024\/11\/Wholesale-In-Bulk-Chocolate-Bars-Custom-With-Classical-Flavor2-768x768.webp 768w, https:\/\/jxgchocolate.com\/wp-content\/uploads\/2024\/11\/Wholesale-In-Bulk-Chocolate-Bars-Custom-With-Classical-Flavor2-12x12.webp 12w, https:\/\/jxgchocolate.com\/wp-content\/uploads\/2024\/11\/Wholesale-In-Bulk-Chocolate-Bars-Custom-With-Classical-Flavor2-430x430.webp 430w, https:\/\/jxgchocolate.com\/wp-content\/uploads\/2024\/11\/Wholesale-In-Bulk-Chocolate-Bars-Custom-With-Classical-Flavor2-700x700.webp 700w\" sizes=\"(max-width: 2000px) 100vw, 2000px\" \/><\/figure>\n<\/div>\n<\/div>\n\n\n\n<p><\/p>","protected":false},"excerpt":{"rendered":"<p>Bienvenue \u00e0 l'achat de barres de chocolat noir en vrac. Nos barres de chocolat en gros se distinguent des autres produits chocolat\u00e9s par leur saveur unique, leurs vertus pour la sant\u00e9 et leur processus de production de haute qualit\u00e9, devenant ainsi les pr\u00e9f\u00e9r\u00e9es de nombreux consommateurs. Qu'il s'agisse d'un en-cas quotidien ou d'un cadeau pour des occasions sp\u00e9ciales, le chocolat noir est un bon choix.<\/p>\n<table style=\"height: 304px;\" width=\"423\">\n<tbody>\n<tr>\n<td width=\"166\">Fabricant<\/td>\n<td width=\"257\">Le fruit de la chance<\/td>\n<\/tr>\n<tr>\n<td>MOD\u00c8LE NO.<\/td>\n<td>JXG55<\/td>\n<\/tr>\n<tr>\n<td>Type<\/td>\n<td>Barres chocolat\u00e9es<\/td>\n<\/tr>\n<tr>\n<td>Emballage<\/td>\n<td>Emballage de la bo\u00eete<\/td>\n<\/tr>\n<tr>\n<td>Sp\u00e9cifications<\/td>\n<td>20 pi\u00e8ces*12 bo\u00eetes<\/td>\n<\/tr>\n<tr>\n<td>Taille du carton<\/td>\n<td>48.5*20*29cm<\/td>\n<\/tr>\n<tr>\n<td>N.W \/SET<\/td>\n<td>20g*20 pi\u00e8ces<\/td>\n<\/tr>\n<tr>\n<td>Couleur<\/td>\n<td>En tant qu'image<\/td>\n<\/tr>\n<tr>\n<td>MOQ<\/td>\n<td>500 cartons<\/td>\n<\/tr>\n<tr>\n<td>Personnalisation<\/td>\n<td>Emballage\/LOGO<\/td>\n<\/tr>\n<\/tbody>\n<\/table>","protected":false},"featured_media":29226,"comment_status":"closed","ping_status":"closed","template":"","meta":[],"product_cat":[91],"product_tag":[],"class_list":{"0":"post-29225","1":"product","2":"type-product","3":"status-publish","4":"has-post-thumbnail","6":"product_cat-bulk-chocolate-bars","8":"first","9":"instock","10":"shipping-taxable","11":"product-type-simple"},"_links":{"self":[{"href":"https:\/\/jxgchocolate.com\/fr\/wp-json\/wp\/v2\/product\/29225","targetHints":{"allow":["GET"]}}],"collection":[{"href":"https:\/\/jxgchocolate.com\/fr\/wp-json\/wp\/v2\/product"}],"about":[{"href":"https:\/\/jxgchocolate.com\/fr\/wp-json\/wp\/v2\/types\/product"}],"replies":[{"embeddable":true,"href":"https:\/\/jxgchocolate.com\/fr\/wp-json\/wp\/v2\/comments?post=29225"}],"version-history":[{"count":7,"href":"https:\/\/jxgchocolate.com\/fr\/wp-json\/wp\/v2\/product\/29225\/revisions"}],"predecessor-version":[{"id":29242,"href":"https:\/\/jxgchocolate.com\/fr\/wp-json\/wp\/v2\/product\/29225\/revisions\/29242"}],"wp:featuredmedia":[{"embeddable":true,"href":"https:\/\/jxgchocolate.com\/fr\/wp-json\/wp\/v2\/media\/29226"}],"wp:attachment":[{"href":"https:\/\/jxgchocolate.com\/fr\/wp-json\/wp\/v2\/media?parent=29225"}],"wp:term":[{"taxonomy":"product_cat","embeddable":true,"href":"https:\/\/jxgchocolate.com\/fr\/wp-json\/wp\/v2\/product_cat?post=29225"},{"taxonomy":"product_tag","embeddable":true,"href":"https:\/\/jxgchocolate.com\/fr\/wp-json\/wp\/v2\/product_tag?post=29225"}],"curies":[{"name":"wp","href":"https:\/\/api.w.org\/{rel}","templated":true}]}}