{"id":29241,"date":"2024-12-09T03:57:33","date_gmt":"2024-12-09T03:57:33","guid":{"rendered":"https:\/\/jxgchocolate.com\/?post_type=product&#038;p=29241"},"modified":"2024-12-09T03:57:36","modified_gmt":"2024-12-09T03:57:36","slug":"dark-chocolate-bars-bulk","status":"publish","type":"product","link":"https:\/\/jxgchocolate.com\/fr\/produit\/dark-chocolate-bars-bulk\/","title":{"rendered":"Grosses barres de chocolat noir en vrac avec biscuits croustillants"},"content":{"rendered":"<div class=\"wp-block-columns is-layout-flex wp-container-core-columns-is-layout-9d6595d7 wp-block-columns-is-layout-flex\">\n<div class=\"wp-block-column is-layout-flow wp-block-column-is-layout-flow\">\n<h2 class=\"wp-block-heading\">Barres de chocolat noir de qualit\u00e9 sup\u00e9rieure Caract\u00e9ristiques en vrac :<\/h2>\n\n\n\n<ul class=\"wp-block-list\">\n<li><strong>B\u00e9n\u00e9fique pour la sant\u00e9 :<\/strong> Nos barres de chocolat noir en vrac contiennent une valeur antioxydante \u00e9lev\u00e9e qui r\u00e9siste aux radicaux libres et prot\u00e8ge la sant\u00e9 cardiovasculaire. Outre les avantages apport\u00e9s par le chocolat, la farine de bl\u00e9 complet et d'autres ingr\u00e9dients naturels contenus dans les biscuits augmentent la valeur nutritionnelle du produit.<\/li>\n\n\n\n<li><strong>Combinaison unique de saveurs : <\/strong>Chaque barre de chocolat \u00e0 base de biscuits offre un double go\u00fbt unique, \u00e0 savoir un chocolat riche et soyeux m\u00e9lang\u00e9 \u00e0 des miettes de biscuits croustillants, formant un contraste et une compl\u00e9mentarit\u00e9 parfaits.<\/li>\n\n\n\n<li><strong>Un cadeau id\u00e9al : <\/strong>Nos tablettes de chocolat noir en vrac ont un emballage attrayant qui met en valeur les caract\u00e9ristiques du produit et am\u00e9liore l'image globale. L'emballage exquis en fait un choix id\u00e9al pour les f\u00eates ou les cadeaux quotidiens, convenant \u00e0 diverses occasions.<\/li>\n\n\n\n<li><strong>Convient \u00e0 une vari\u00e9t\u00e9 d'occasions : <\/strong>Les barres chocolat\u00e9es Cookie peuvent \u00eatre accompagn\u00e9es d'une tasse de th\u00e9 ou de caf\u00e9 chaud pour devenir un Dim sum parfait pour le th\u00e9 de l'apr\u00e8s-midi. Convenant comme en-cas pour le temps libre, elles peuvent apporter un plaisir agr\u00e9able pendant les pauses au travail ou les r\u00e9unions de famille. En outre, elles peuvent \u00e9galement \u00eatre utilis\u00e9es pour pr\u00e9parer des desserts plus cr\u00e9atifs, tels que des biscuits sandwichs, des d\u00e9corations pour g\u00e2teaux, etc.<\/li>\n<\/ul>\n<\/div>\n\n\n\n<div class=\"wp-block-column is-layout-flow wp-block-column-is-layout-flow\">\n<figure class=\"wp-block-image size-full\"><img fetchpriority=\"high\" decoding=\"async\" width=\"2000\" height=\"2000\" src=\"https:\/\/jxgchocolate.com\/wp-content\/uploads\/2024\/12\/Wholesales-Dark-Custom-Chocolate-Bars-With-Crispy-Cookies2.webp\" alt=\"Grosses barres de chocolat noir en vrac avec biscuits croustillants-2\" class=\"wp-image-29244\" srcset=\"https:\/\/jxgchocolate.com\/wp-content\/uploads\/2024\/12\/Wholesales-Dark-Custom-Chocolate-Bars-With-Crispy-Cookies2.webp 2000w, https:\/\/jxgchocolate.com\/wp-content\/uploads\/2024\/12\/Wholesales-Dark-Custom-Chocolate-Bars-With-Crispy-Cookies2-300x300.webp 300w, https:\/\/jxgchocolate.com\/wp-content\/uploads\/2024\/12\/Wholesales-Dark-Custom-Chocolate-Bars-With-Crispy-Cookies2-150x150.webp 150w, https:\/\/jxgchocolate.com\/wp-content\/uploads\/2024\/12\/Wholesales-Dark-Custom-Chocolate-Bars-With-Crispy-Cookies2-768x768.webp 768w, https:\/\/jxgchocolate.com\/wp-content\/uploads\/2024\/12\/Wholesales-Dark-Custom-Chocolate-Bars-With-Crispy-Cookies2-12x12.webp 12w, https:\/\/jxgchocolate.com\/wp-content\/uploads\/2024\/12\/Wholesales-Dark-Custom-Chocolate-Bars-With-Crispy-Cookies2-430x430.webp 430w, https:\/\/jxgchocolate.com\/wp-content\/uploads\/2024\/12\/Wholesales-Dark-Custom-Chocolate-Bars-With-Crispy-Cookies2-700x700.webp 700w\" sizes=\"(max-width: 2000px) 100vw, 2000px\" \/><\/figure>\n<\/div>\n<\/div>","protected":false},"excerpt":{"rendered":"<p>Bienvenue sur le site d'achat en gros de tablettes de chocolat noir. Nos tablettes de chocolat Cookie en gros combinent le croquant des biscuits et l'onctuosit\u00e9 du chocolat, cr\u00e9ant ainsi une exp\u00e9rience unique et irr\u00e9sistible. Elles r\u00e9pondent non seulement \u00e0 la qu\u00eate de gourmandise des consommateurs, mais offrent \u00e9galement des choix diversifi\u00e9s et des exp\u00e9riences de haute qualit\u00e9. Qu'il s'agisse d'un en-cas quotidien, d'un ingr\u00e9dient de p\u00e2tisserie ou d'un beau cadeau, les biscuits et les chocolats sont un excellent choix.<\/p>\n<table style=\"height: 304px;\" width=\"420\">\n<tbody>\n<tr>\n<td width=\"166\">Fabricant<\/td>\n<td width=\"257\">Le fruit de la chance<\/td>\n<\/tr>\n<tr>\n<td>MOD\u00c8LE NO.<\/td>\n<td>JXG56<\/td>\n<\/tr>\n<tr>\n<td>Type<\/td>\n<td>Barres chocolat\u00e9es<\/td>\n<\/tr>\n<tr>\n<td>Emballage<\/td>\n<td>Emballage de la bo\u00eete<\/td>\n<\/tr>\n<tr>\n<td>Sp\u00e9cifications<\/td>\n<td>20 pi\u00e8ces*12 bo\u00eetes<\/td>\n<\/tr>\n<tr>\n<td>Taille du carton<\/td>\n<td>48.5*20*29cm<\/td>\n<\/tr>\n<tr>\n<td>N.W \/SET<\/td>\n<td>20g*20 pi\u00e8ces<\/td>\n<\/tr>\n<tr>\n<td>Couleur<\/td>\n<td>En tant qu'image<\/td>\n<\/tr>\n<tr>\n<td>MOQ<\/td>\n<td>500 cartons<\/td>\n<\/tr>\n<tr>\n<td>Personnalisation<\/td>\n<td>Emballage\/LOGO<\/td>\n<\/tr>\n<\/tbody>\n<\/table>","protected":false},"featured_media":29243,"comment_status":"closed","ping_status":"closed","template":"","meta":[],"product_cat":[91],"product_tag":[],"class_list":{"0":"post-29241","1":"product","2":"type-product","3":"status-publish","4":"has-post-thumbnail","6":"product_cat-bulk-chocolate-bars","8":"first","9":"instock","10":"shipping-taxable","11":"product-type-simple"},"_links":{"self":[{"href":"https:\/\/jxgchocolate.com\/fr\/wp-json\/wp\/v2\/product\/29241","targetHints":{"allow":["GET"]}}],"collection":[{"href":"https:\/\/jxgchocolate.com\/fr\/wp-json\/wp\/v2\/product"}],"about":[{"href":"https:\/\/jxgchocolate.com\/fr\/wp-json\/wp\/v2\/types\/product"}],"replies":[{"embeddable":true,"href":"https:\/\/jxgchocolate.com\/fr\/wp-json\/wp\/v2\/comments?post=29241"}],"version-history":[{"count":0,"href":"https:\/\/jxgchocolate.com\/fr\/wp-json\/wp\/v2\/product\/29241\/revisions"}],"wp:featuredmedia":[{"embeddable":true,"href":"https:\/\/jxgchocolate.com\/fr\/wp-json\/wp\/v2\/media\/29243"}],"wp:attachment":[{"href":"https:\/\/jxgchocolate.com\/fr\/wp-json\/wp\/v2\/media?parent=29241"}],"wp:term":[{"taxonomy":"product_cat","embeddable":true,"href":"https:\/\/jxgchocolate.com\/fr\/wp-json\/wp\/v2\/product_cat?post=29241"},{"taxonomy":"product_tag","embeddable":true,"href":"https:\/\/jxgchocolate.com\/fr\/wp-json\/wp\/v2\/product_tag?post=29241"}],"curies":[{"name":"wp","href":"https:\/\/api.w.org\/{rel}","templated":true}]}}