{"id":29252,"date":"2024-12-09T03:50:26","date_gmt":"2024-12-09T03:50:26","guid":{"rendered":"https:\/\/jxgchocolate.com\/?post_type=product&#038;p=29252"},"modified":"2024-12-09T03:50:28","modified_gmt":"2024-12-09T03:50:28","slug":"gummy-choco-bulk","status":"publish","type":"product","link":"https:\/\/jxgchocolate.com\/fr\/produit\/gummy-choco-bulk\/","title":{"rendered":"Yummy Gummy Choco Bulk, Grossiste Chocolat Gummies Candy"},"content":{"rendered":"<div class=\"wp-block-columns is-layout-flex wp-container-core-columns-is-layout-9d6595d7 wp-block-columns-is-layout-flex\">\n<div class=\"wp-block-column is-layout-flow wp-block-column-is-layout-flow\">\n<h2 class=\"wp-block-heading\">Premium Gummy Choco Bulk Caract\u00e9ristiques :<\/h2>\n\n\n\n<ul class=\"wp-block-list\">\n<li><strong>Double go\u00fbt unique :<\/strong> Les caract\u00e9ristiques douces et moelleuses du choco g\u00e9lifi\u00e9, combin\u00e9es \u00e0 la sensation de fusion soyeuse du chocolat, offrent aux consommateurs une toute nouvelle exp\u00e9rience gustative. \u00c0 chaque bouch\u00e9e, le consommateur ressent un gradient entre la couche ext\u00e9rieure de chocolat et l'int\u00e9rieur du bonbon g\u00e9lifi\u00e9, commen\u00e7ant par la douceur puis l'aigreur ou vice versa, ce qui ajoute au plaisir de manger un bonbon.<\/li>\n\n\n\n<li><strong>Convient aux enfants et aux adultes : <\/strong>Gr\u00e2ce \u00e0 leur aspect rond et \u00e0 leur go\u00fbt sucr\u00e9, nos gommes au chocolat en gros sont tr\u00e8s appr\u00e9ci\u00e9es des enfants. Pour les adultes, ce bonbon est \u00e9galement attrayant, en particulier pendant les loisirs ou les pauses au travail, car il peut aider \u00e0 d\u00e9tendre l'humeur.<\/li>\n\n\n\n<li><strong>Emballage pratique : <\/strong>La plupart des gommes choco en vrac sont emball\u00e9es dans de petits sacs s\u00e9par\u00e9s, faciles \u00e0 transporter et \u00e0 partager, ce qui les rend parfaits pour les activit\u00e9s de plein air et les voyages, \u00e0 savourer \u00e0 tout moment. En outre, il existe une version \u00e0 grande contenance pour les particuliers, qui est rentable et permet d'acheter plus de saveurs \u00e0 la fois pour les partager avec tous les membres de la famille.<\/li>\n\n\n\n<li><strong>Des options riches en saveurs : <\/strong>Nos gommes au chocolat en gros sont disponibles dans une vari\u00e9t\u00e9 d'ar\u00f4mes de fruits comme la fraise, le raisin vert, les p\u00eaches, les mangues, etc.<\/li>\n<\/ul>\n<\/div>\n\n\n\n<div class=\"wp-block-column is-layout-flow wp-block-column-is-layout-flow\">\n<figure class=\"wp-block-image size-full\"><img fetchpriority=\"high\" decoding=\"async\" width=\"2000\" height=\"2000\" src=\"https:\/\/jxgchocolate.com\/wp-content\/uploads\/2024\/12\/Wholesales-Chinese-Chocolate-Gummies-Candy-In-Bulk1.webp\" alt=\"Yummy Gummy Choco Bulk, Grossiste Gummies Chocolat Candy-1\" class=\"wp-image-29253\" srcset=\"https:\/\/jxgchocolate.com\/wp-content\/uploads\/2024\/12\/Wholesales-Chinese-Chocolate-Gummies-Candy-In-Bulk1.webp 2000w, https:\/\/jxgchocolate.com\/wp-content\/uploads\/2024\/12\/Wholesales-Chinese-Chocolate-Gummies-Candy-In-Bulk1-300x300.webp 300w, https:\/\/jxgchocolate.com\/wp-content\/uploads\/2024\/12\/Wholesales-Chinese-Chocolate-Gummies-Candy-In-Bulk1-150x150.webp 150w, https:\/\/jxgchocolate.com\/wp-content\/uploads\/2024\/12\/Wholesales-Chinese-Chocolate-Gummies-Candy-In-Bulk1-768x768.webp 768w, https:\/\/jxgchocolate.com\/wp-content\/uploads\/2024\/12\/Wholesales-Chinese-Chocolate-Gummies-Candy-In-Bulk1-12x12.webp 12w, https:\/\/jxgchocolate.com\/wp-content\/uploads\/2024\/12\/Wholesales-Chinese-Chocolate-Gummies-Candy-In-Bulk1-430x430.webp 430w, https:\/\/jxgchocolate.com\/wp-content\/uploads\/2024\/12\/Wholesales-Chinese-Chocolate-Gummies-Candy-In-Bulk1-700x700.webp 700w\" sizes=\"(max-width: 2000px) 100vw, 2000px\" \/><\/figure>\n<\/div>\n<\/div>\n\n\n\n<p><\/p>","protected":false},"excerpt":{"rendered":"<p>Bienvenue \u00e0 l'achat de gummy choco en gros. Nos gommes au chocolat en gros m\u00e9langent la sensation de m\u00e2che des bonbons gommeux avec la riche saveur du chocolat. Il s'agit d'un article populaire sur le march\u00e9. Parmi de nombreux bonbons, les bonbons g\u00e9lifi\u00e9s au chocolat pr\u00e9sentent des caract\u00e9ristiques exceptionnelles \u00e0 tous les \u00e9gards, qu'il s'agisse de leur go\u00fbt particulier, de leur vari\u00e9t\u00e9 d'ar\u00f4mes, de l'utilisation de mati\u00e8res premi\u00e8res de qualit\u00e9 ou de la conception ing\u00e9nieuse de leur emballage. En tant qu'en-cas quotidien ou cadeau pour des occasions sp\u00e9ciales, le chocolat g\u00e9lifi\u00e9 peut apporter une exp\u00e9rience agr\u00e9able aux gens.<\/p>\n<table width=\"275\">\n<tbody>\n<tr>\n<td width=\"108\">Fabricant<\/td>\n<td width=\"167\">Le fruit de la chance<\/td>\n<\/tr>\n<tr>\n<td>MOD\u00c8LE NO.<\/td>\n<td>JXG342<\/td>\n<\/tr>\n<tr>\n<td>Type<\/td>\n<td>Bonbons g\u00e9lifi\u00e9s au chocolat<\/td>\n<\/tr>\n<tr>\n<td>Emballage<\/td>\n<td>Emballage des sacs<\/td>\n<\/tr>\n<tr>\n<td>Sp\u00e9cifications<\/td>\n<td>20 sacs<\/td>\n<\/tr>\n<tr>\n<td>Taille du carton<\/td>\n<td>53*33*37.5cm<\/td>\n<\/tr>\n<tr>\n<td>N.W \/SET<\/td>\n<td>23g*20Pcs*12sacs<\/td>\n<\/tr>\n<tr>\n<td>Couleur<\/td>\n<td>En tant qu'image<\/td>\n<\/tr>\n<tr>\n<td>MOQ<\/td>\n<td>500 cartons<\/td>\n<\/tr>\n<tr>\n<td>Personnalisation<\/td>\n<td>Emballage\/LOGO<\/td>\n<\/tr>\n<\/tbody>\n<\/table>","protected":false},"featured_media":29253,"comment_status":"closed","ping_status":"closed","template":"","meta":[],"product_cat":[75],"product_tag":[],"class_list":{"0":"post-29252","1":"product","2":"type-product","3":"status-publish","4":"has-post-thumbnail","6":"product_cat-wholesale-gummy-chocolate","8":"first","9":"instock","10":"shipping-taxable","11":"product-type-simple"},"_links":{"self":[{"href":"https:\/\/jxgchocolate.com\/fr\/wp-json\/wp\/v2\/product\/29252","targetHints":{"allow":["GET"]}}],"collection":[{"href":"https:\/\/jxgchocolate.com\/fr\/wp-json\/wp\/v2\/product"}],"about":[{"href":"https:\/\/jxgchocolate.com\/fr\/wp-json\/wp\/v2\/types\/product"}],"replies":[{"embeddable":true,"href":"https:\/\/jxgchocolate.com\/fr\/wp-json\/wp\/v2\/comments?post=29252"}],"version-history":[{"count":0,"href":"https:\/\/jxgchocolate.com\/fr\/wp-json\/wp\/v2\/product\/29252\/revisions"}],"wp:featuredmedia":[{"embeddable":true,"href":"https:\/\/jxgchocolate.com\/fr\/wp-json\/wp\/v2\/media\/29253"}],"wp:attachment":[{"href":"https:\/\/jxgchocolate.com\/fr\/wp-json\/wp\/v2\/media?parent=29252"}],"wp:term":[{"taxonomy":"product_cat","embeddable":true,"href":"https:\/\/jxgchocolate.com\/fr\/wp-json\/wp\/v2\/product_cat?post=29252"},{"taxonomy":"product_tag","embeddable":true,"href":"https:\/\/jxgchocolate.com\/fr\/wp-json\/wp\/v2\/product_tag?post=29252"}],"curies":[{"name":"wp","href":"https:\/\/api.w.org\/{rel}","templated":true}]}}