{"id":29270,"date":"2024-12-14T09:00:59","date_gmt":"2024-12-14T09:00:59","guid":{"rendered":"https:\/\/jxgchocolate.com\/?post_type=product&#038;p=29270"},"modified":"2024-12-14T09:01:09","modified_gmt":"2024-12-14T09:01:09","slug":"chocolate-covered-gummy-beans-bulk","status":"publish","type":"product","link":"https:\/\/jxgchocolate.com\/fr\/produit\/chocolate-covered-gummy-beans-bulk\/","title":{"rendered":"F\u00e8ves gommeuses enrob\u00e9es de chocolat en vrac \u00e0 l'ar\u00f4me de th\u00e9 Oolong"},"content":{"rendered":"<div class=\"wp-block-columns is-layout-flex wp-container-core-columns-is-layout-9d6595d7 wp-block-columns-is-layout-flex\">\n<div class=\"wp-block-column is-layout-flow wp-block-column-is-layout-flow\">\n<h2 class=\"wp-block-heading\">F\u00e8ves gommeuses enrob\u00e9es de chocolat de premi\u00e8re qualit\u00e9 Caract\u00e9ristiques en vrac :<\/h2>\n\n\n\n<ul class=\"wp-block-list\">\n<li>U<strong>exp\u00e9rience gustative unique :<\/strong> Ces bonbons g\u00e9lifi\u00e9s enrob\u00e9s de chocolat au go\u00fbt unique de th\u00e9 oolong apportent un go\u00fbt de th\u00e9 frais et unique, qui se combine parfaitement avec la riche saveur du chocolat, apportant un nouveau plaisir aux papilles gustatives.<\/li>\n\n\n\n<li><strong>Nouvelles options de collation :<\/strong> La combinaison innovante de bonbons mous et de chocolat a cr\u00e9\u00e9 une nouvelle cat\u00e9gorie d'en-cas. Ce bonbon gommeux au chocolat en vrac pr\u00e9sente \u00e0 la fois une couche de chocolat sucr\u00e9 et une riche saveur de th\u00e9 oolong, r\u00e9pondant ainsi \u00e0 une vari\u00e9t\u00e9 de besoins gustatifs.<\/li>\n\n\n\n<li><strong>Ingr\u00e9dients naturels : <\/strong>Nos bonbons enrob\u00e9s de chocolat s\u00e9lectionnent en vrac du chocolat de haute qualit\u00e9 et de l'extrait de th\u00e9 oolong afin de garantir que chaque bonbon contient des ingr\u00e9dients naturels et sains, ce qui vous permet d'appr\u00e9cier le go\u00fbt d\u00e9licieux tout en ressentant la puret\u00e9 de la saveur naturelle.<\/li>\n\n\n\n<li><strong>Approvisionnement en vrac, adapt\u00e9 \u00e0 une vari\u00e9t\u00e9 de sc\u00e9narios : <\/strong>Nos bonbons g\u00e9lifi\u00e9s au chocolat en vrac offrent des services de gros, adapt\u00e9s aux d\u00e9taillants, aux traiteurs et aux consommateurs individuels, r\u00e9pondant aux besoins de collation dans diff\u00e9rents sc\u00e9narios, et permettant de partager facilement la gourmandise.<\/li>\n<\/ul>\n<\/div>\n\n\n\n<div class=\"wp-block-column is-layout-flow wp-block-column-is-layout-flow\">\n<figure class=\"wp-block-image size-full\"><img fetchpriority=\"high\" decoding=\"async\" width=\"1280\" height=\"1280\" src=\"https:\/\/jxgchocolate.com\/wp-content\/uploads\/2024\/12\/Wholesale-In-Bulk-Chinese-Gummy-Chocolate-Balls-With-Tea-Flavor2.webp\" alt=\"F\u00e8ves gommeuses enrob\u00e9es de chocolat en vrac \u00e0 l&#039;ar\u00f4me de th\u00e9 Oolong-2\" class=\"wp-image-29273\" srcset=\"https:\/\/jxgchocolate.com\/wp-content\/uploads\/2024\/12\/Wholesale-In-Bulk-Chinese-Gummy-Chocolate-Balls-With-Tea-Flavor2.webp 1280w, https:\/\/jxgchocolate.com\/wp-content\/uploads\/2024\/12\/Wholesale-In-Bulk-Chinese-Gummy-Chocolate-Balls-With-Tea-Flavor2-300x300.webp 300w, https:\/\/jxgchocolate.com\/wp-content\/uploads\/2024\/12\/Wholesale-In-Bulk-Chinese-Gummy-Chocolate-Balls-With-Tea-Flavor2-150x150.webp 150w, https:\/\/jxgchocolate.com\/wp-content\/uploads\/2024\/12\/Wholesale-In-Bulk-Chinese-Gummy-Chocolate-Balls-With-Tea-Flavor2-768x768.webp 768w, https:\/\/jxgchocolate.com\/wp-content\/uploads\/2024\/12\/Wholesale-In-Bulk-Chinese-Gummy-Chocolate-Balls-With-Tea-Flavor2-12x12.webp 12w, https:\/\/jxgchocolate.com\/wp-content\/uploads\/2024\/12\/Wholesale-In-Bulk-Chinese-Gummy-Chocolate-Balls-With-Tea-Flavor2-430x430.webp 430w, https:\/\/jxgchocolate.com\/wp-content\/uploads\/2024\/12\/Wholesale-In-Bulk-Chinese-Gummy-Chocolate-Balls-With-Tea-Flavor2-700x700.webp 700w\" sizes=\"(max-width: 1280px) 100vw, 1280px\" \/><\/figure>\n<\/div>\n<\/div>","protected":false},"excerpt":{"rendered":"<p>Bienvenue sur le site d'achat de bonbons g\u00e9lifi\u00e9s enrob\u00e9s de chocolat en vrac. Notre nouvelle invention, les bonbons g\u00e9lifi\u00e9s au th\u00e9 et au chocolat en vrac, associe un chocolat riche \u00e0 l'ar\u00f4me frais et floral du th\u00e9 oolong pour cr\u00e9er une exp\u00e9rience gustative d\u00e9licieuse que personne d'autre ne propose. Chaque morceau de bonbon g\u00e9lifi\u00e9 sera rempli de saveurs uniques pour ceux qui aiment essayer de nouveaux go\u00fbts.<\/p>\n<table width=\"275\">\n<tbody>\n<tr>\n<td width=\"108\">Fabricant<\/td>\n<td width=\"167\">Le fruit de la chance<\/td>\n<\/tr>\n<tr>\n<td>MOD\u00c8LE NO.<\/td>\n<td>JXG343<\/td>\n<\/tr>\n<tr>\n<td>Type<\/td>\n<td>Bonbons g\u00e9lifi\u00e9s au chocolat<\/td>\n<\/tr>\n<tr>\n<td>Emballage<\/td>\n<td>Emballage des sacs<\/td>\n<\/tr>\n<tr>\n<td>Sp\u00e9cifications<\/td>\n<td>20 sacs<\/td>\n<\/tr>\n<tr>\n<td>Taille du carton<\/td>\n<td>53*33*37.5cm<\/td>\n<\/tr>\n<tr>\n<td>N.W \/SET<\/td>\n<td>23g*20Pcs*12sacs<\/td>\n<\/tr>\n<tr>\n<td>Couleur<\/td>\n<td>En tant qu'image<\/td>\n<\/tr>\n<tr>\n<td>MOQ<\/td>\n<td>500 cartons<\/td>\n<\/tr>\n<tr>\n<td>Personnalisation<\/td>\n<td>Emballage\/LOGO<\/td>\n<\/tr>\n<\/tbody>\n<\/table>\n<p>&nbsp;<\/p>","protected":false},"featured_media":29274,"comment_status":"closed","ping_status":"closed","template":"","meta":[],"product_cat":[75],"product_tag":[],"class_list":{"0":"post-29270","1":"product","2":"type-product","3":"status-publish","4":"has-post-thumbnail","6":"product_cat-wholesale-gummy-chocolate","8":"first","9":"instock","10":"shipping-taxable","11":"product-type-simple"},"_links":{"self":[{"href":"https:\/\/jxgchocolate.com\/fr\/wp-json\/wp\/v2\/product\/29270","targetHints":{"allow":["GET"]}}],"collection":[{"href":"https:\/\/jxgchocolate.com\/fr\/wp-json\/wp\/v2\/product"}],"about":[{"href":"https:\/\/jxgchocolate.com\/fr\/wp-json\/wp\/v2\/types\/product"}],"replies":[{"embeddable":true,"href":"https:\/\/jxgchocolate.com\/fr\/wp-json\/wp\/v2\/comments?post=29270"}],"version-history":[{"count":0,"href":"https:\/\/jxgchocolate.com\/fr\/wp-json\/wp\/v2\/product\/29270\/revisions"}],"wp:featuredmedia":[{"embeddable":true,"href":"https:\/\/jxgchocolate.com\/fr\/wp-json\/wp\/v2\/media\/29274"}],"wp:attachment":[{"href":"https:\/\/jxgchocolate.com\/fr\/wp-json\/wp\/v2\/media?parent=29270"}],"wp:term":[{"taxonomy":"product_cat","embeddable":true,"href":"https:\/\/jxgchocolate.com\/fr\/wp-json\/wp\/v2\/product_cat?post=29270"},{"taxonomy":"product_tag","embeddable":true,"href":"https:\/\/jxgchocolate.com\/fr\/wp-json\/wp\/v2\/product_tag?post=29270"}],"curies":[{"name":"wp","href":"https:\/\/api.w.org\/{rel}","templated":true}]}}