{"id":29277,"date":"2024-12-14T09:20:36","date_gmt":"2024-12-14T09:20:36","guid":{"rendered":"https:\/\/jxgchocolate.com\/?post_type=product&#038;p=29277"},"modified":"2024-12-14T09:20:38","modified_gmt":"2024-12-14T09:20:38","slug":"chocolate-covered-peanuts-in-bulk","status":"publish","type":"product","link":"https:\/\/jxgchocolate.com\/fr\/produit\/chocolate-covered-peanuts-in-bulk\/","title":{"rendered":"Cacahu\u00e8tes enrob\u00e9es de chocolat en vrac pour votre magasin"},"content":{"rendered":"<div class=\"wp-block-columns is-layout-flex wp-container-core-columns-is-layout-9d6595d7 wp-block-columns-is-layout-flex\">\n<div class=\"wp-block-column is-layout-flow wp-block-column-is-layout-flow\">\n<h2 class=\"wp-block-heading\">Cacahu\u00e8tes enrob\u00e9es de chocolat de premi\u00e8re qualit\u00e9 en vrac Caract\u00e9ristiques :<\/h2>\n\n\n\n<ul class=\"wp-block-list\">\n<li>Riche en chocolat c<strong>des cacahu\u00e8tes surmont\u00e9es :<\/strong> Nos cacahu\u00e8tes enrob\u00e9es de chocolat en vrac sont fabriqu\u00e9es \u00e0 partir de cacahu\u00e8tes de premi\u00e8re qualit\u00e9, enrob\u00e9es de riches chocolats qui satisfont non seulement les exigences des amateurs de chocolat, mais aussi le croquant naturel des cacahu\u00e8tes.<\/li>\n\n\n\n<li><strong>Choix d'un en-cas sain et nutritif : <\/strong>Nos cacahu\u00e8tes au chocolat en vrac sont riches en prot\u00e9ines de haute qualit\u00e9, en graisses saines et en divers min\u00e9raux. M\u00e9lang\u00e9es \u00e0 du chocolat, elles constituent non seulement un d\u00e9licieux en-cas, mais aussi un choix sain pour un suppl\u00e9ment d'\u00e9nergie.<\/li>\n\n\n\n<li><strong>Approvisionnement en vrac pour r\u00e9pondre aux besoins du commerce de d\u00e9tail : <\/strong>Nous proposons des cacahu\u00e8tes enrob\u00e9es de chocolat en vrac avec un emballage personnalis\u00e9 adapt\u00e9 aux d\u00e9taillants, aux grands supermarch\u00e9s et aux sites de commerce \u00e9lectronique qui s'approvisionnent en cacahu\u00e8tes pour r\u00e9pondre \u00e0 la demande des consommateurs.<\/li>\n\n\n\n<li>Co\u00fbt \u00e9lev\u00e9<strong>t et une forte comp\u00e9titivit\u00e9 sur le march\u00e9 : <\/strong>Nos cacahu\u00e8tes au chocolat en vrac sont une parfaite int\u00e9gration de chocolat de haute qualit\u00e9 et de cacahu\u00e8tes, \u00e0 des prix raisonnables pour aider les diff\u00e9rents magasins \u00e0 accro\u00eetre leurs ventes et la satisfaction de leurs clients.<\/li>\n<\/ul>\n<\/div>\n\n\n\n<div class=\"wp-block-column is-layout-flow wp-block-column-is-layout-flow\">\n<figure class=\"wp-block-image size-full\"><img fetchpriority=\"high\" decoding=\"async\" width=\"750\" height=\"750\" src=\"https:\/\/jxgchocolate.com\/wp-content\/uploads\/2024\/12\/Hot-Sales-Bulk-Chocolate-Covered-Peanuts-Can-Be-Customized3.webp\" alt=\"Cacahu\u00e8tes enrob\u00e9es de chocolat en vrac pour votre magasin-3\" class=\"wp-image-29282\" srcset=\"https:\/\/jxgchocolate.com\/wp-content\/uploads\/2024\/12\/Hot-Sales-Bulk-Chocolate-Covered-Peanuts-Can-Be-Customized3.webp 750w, https:\/\/jxgchocolate.com\/wp-content\/uploads\/2024\/12\/Hot-Sales-Bulk-Chocolate-Covered-Peanuts-Can-Be-Customized3-300x300.webp 300w, https:\/\/jxgchocolate.com\/wp-content\/uploads\/2024\/12\/Hot-Sales-Bulk-Chocolate-Covered-Peanuts-Can-Be-Customized3-150x150.webp 150w, https:\/\/jxgchocolate.com\/wp-content\/uploads\/2024\/12\/Hot-Sales-Bulk-Chocolate-Covered-Peanuts-Can-Be-Customized3-12x12.webp 12w, https:\/\/jxgchocolate.com\/wp-content\/uploads\/2024\/12\/Hot-Sales-Bulk-Chocolate-Covered-Peanuts-Can-Be-Customized3-430x430.webp 430w, https:\/\/jxgchocolate.com\/wp-content\/uploads\/2024\/12\/Hot-Sales-Bulk-Chocolate-Covered-Peanuts-Can-Be-Customized3-700x700.webp 700w\" sizes=\"(max-width: 750px) 100vw, 750px\" \/><\/figure>\n<\/div>\n<\/div>","protected":false},"excerpt":{"rendered":"<p>Nous vous invitons \u00e0 acheter des cacahu\u00e8tes enrob\u00e9es de chocolat en vrac. Nos cacahu\u00e8tes enrob\u00e9es de chocolat en vrac sont des en-cas tr\u00e8s pris\u00e9s, avec un m\u00e9lange parfait de chocolat riche et de cacahu\u00e8tes croustillantes. Les d\u00e9taillants peuvent tr\u00e8s facilement r\u00e9approvisionner leurs stocks et r\u00e9pondre \u00e0 la demande des clients pour des en-cas sains et d\u00e9licieux. C'est le compl\u00e9ment parfait des produits les plus vendus dans votre magasin.<\/p>\n<table width=\"275\">\n<tbody>\n<tr>\n<td width=\"108\">Fabricant<\/td>\n<td width=\"167\">Le fruit de la chance<\/td>\n<\/tr>\n<tr>\n<td>MOD\u00c8LE NO.<\/td>\n<td>JXG344<\/td>\n<\/tr>\n<tr>\n<td>Type<\/td>\n<td>Cacahu\u00e8tes Chocolat<\/td>\n<\/tr>\n<tr>\n<td>Emballage<\/td>\n<td>Emballage des sacs<\/td>\n<\/tr>\n<tr>\n<td>Sp\u00e9cifications<\/td>\n<td>20 sacs<\/td>\n<\/tr>\n<tr>\n<td>Taille du carton<\/td>\n<td>53*33*37.5cm<\/td>\n<\/tr>\n<tr>\n<td>N.W \/SET<\/td>\n<td>23g*20Pcs*12sacs<\/td>\n<\/tr>\n<tr>\n<td>Couleur<\/td>\n<td>En tant qu'image<\/td>\n<\/tr>\n<tr>\n<td>MOQ<\/td>\n<td>500 cartons<\/td>\n<\/tr>\n<tr>\n<td>Personnalisation<\/td>\n<td>Emballage\/LOGO<\/td>\n<\/tr>\n<\/tbody>\n<\/table>","protected":false},"featured_media":29281,"comment_status":"closed","ping_status":"closed","template":"","meta":[],"product_cat":[73],"product_tag":[],"class_list":{"0":"post-29277","1":"product","2":"type-product","3":"status-publish","4":"has-post-thumbnail","6":"product_cat-wholesale-chocolate-covered-peanuts","8":"first","9":"instock","10":"shipping-taxable","11":"product-type-simple"},"_links":{"self":[{"href":"https:\/\/jxgchocolate.com\/fr\/wp-json\/wp\/v2\/product\/29277","targetHints":{"allow":["GET"]}}],"collection":[{"href":"https:\/\/jxgchocolate.com\/fr\/wp-json\/wp\/v2\/product"}],"about":[{"href":"https:\/\/jxgchocolate.com\/fr\/wp-json\/wp\/v2\/types\/product"}],"replies":[{"embeddable":true,"href":"https:\/\/jxgchocolate.com\/fr\/wp-json\/wp\/v2\/comments?post=29277"}],"version-history":[{"count":0,"href":"https:\/\/jxgchocolate.com\/fr\/wp-json\/wp\/v2\/product\/29277\/revisions"}],"wp:featuredmedia":[{"embeddable":true,"href":"https:\/\/jxgchocolate.com\/fr\/wp-json\/wp\/v2\/media\/29281"}],"wp:attachment":[{"href":"https:\/\/jxgchocolate.com\/fr\/wp-json\/wp\/v2\/media?parent=29277"}],"wp:term":[{"taxonomy":"product_cat","embeddable":true,"href":"https:\/\/jxgchocolate.com\/fr\/wp-json\/wp\/v2\/product_cat?post=29277"},{"taxonomy":"product_tag","embeddable":true,"href":"https:\/\/jxgchocolate.com\/fr\/wp-json\/wp\/v2\/product_tag?post=29277"}],"curies":[{"name":"wp","href":"https:\/\/api.w.org\/{rel}","templated":true}]}}